{"id":90530,"date":"2023-09-22T13:05:24","date_gmt":"2024-05-29T09:09:30","guid":{"rendered":"https:\/\/grontkontor.dk\/shop\/blumentopf-mit-print-mini\/"},"modified":"2024-05-29T11:09:30","modified_gmt":"2024-05-29T09:09:30","slug":"blumentopf-mit-print-mini","status":"publish","type":"product","link":"https:\/\/grontkontor.dk\/de\/shop\/blumentopf-mit-print-mini\/","title":{"rendered":"Bedruckter Blumentopf &#8211; mini"},"content":{"rendered":"<p>Der Terrakotta-Blumentopf wird mit Logodruck auf dem Deckel und dem Topf geliefert. W\u00e4hlen Sie aus verschiedenen Bez\u00fcgen. Hergestellt nur aus nat\u00fcrlichen Materialien: Ton, Papier und Erde.<br \/>\nW\u00e4hlen Sie aus 15 Samen, darunter ein. Chili, Basilikum, Kr\u00e4utermischung, Thymian und Sonnenblume. Kommt mit einem &#8220;Erdpellet&#8221;, das in den Topf passt.<\/p>\n<p>Ein St\u00fcck Natur auf dem Schreibtisch oder der Fensterbank, das den Kunden ein wirklich gutes Signal f\u00fcr ein umweltfreundliches Unternehmen gibt. Gr\u00f6\u00dfe ca. 4,7 x 4,7 x 4 cm.<br \/>\nEin sch\u00f6nes, umweltfreundliches und lebendiges Werbegeschenk.<br \/>\n[oeko_emo]<\/p>\n","protected":false},"excerpt":{"rendered":"<p>Der Terrakotta-Blumentopf wird mit Logodruck auf dem Deckel und dem Topf geliefert. W\u00e4hlen Sie aus verschiedenen Bez\u00fcgen. Hergestellt nur aus nat\u00fcrlichen Materialien: Ton, Papier und Erde. W\u00e4hlen Sie aus 15 Samen, darunter ein. Chili, Basilikum, Kr\u00e4utermischung, Thymian und Sonnenblume. Kommt mit einem &#8220;Erdpellet&#8221;, das in den Topf passt. Ein St\u00fcck Natur auf dem Schreibtisch oder [&hellip;]<\/p>\n","protected":false},"featured_media":110916,"comment_status":"closed","ping_status":"closed","template":"","meta":{"_acf_changed":false},"product_cat":[3644,3321,3323],"product_tag":[3940,3646],"class_list":{"0":"post-90530","1":"product","2":"type-product","3":"status-publish","4":"has-post-thumbnail","6":"product_cat-geschenke-pflanzen","7":"product_cat-klimafreundliche-werbegeschenke","8":"product_cat-produktserien","9":"product_tag-blumentopf","10":"product_tag-pflanzen-geschenk","11":"tm-has-options","13":"first","14":"instock","15":"taxable","16":"shipping-taxable","17":"purchasable","18":"product-type-variable"},"acf":[],"yoast_head":"<!-- This site is optimized with the Yoast SEO Premium plugin v21.2 (Yoast SEO v21.2) - https:\/\/yoast.com\/wordpress\/plugins\/seo\/ -->\n<title>Bedruckter Blumentopf - mini - Gr\u00f8nt Kontor<\/title>\n<meta name=\"robots\" content=\"index, follow, max-snippet:-1, max-image-preview:large, max-video-preview:-1\" \/>\n<link rel=\"canonical\" href=\"https:\/\/grontkontor.dk\/de\/shop\/blumentopf-mit-print-mini\/\" \/>\n<meta property=\"og:locale\" content=\"de_DE\" \/>\n<meta property=\"og:type\" content=\"article\" \/>\n<meta property=\"og:title\" content=\"Bedruckter Blumentopf - mini\" \/>\n<meta property=\"og:description\" content=\"Der Terrakotta-Blumentopf wird mit Logodruck auf dem Deckel und dem Topf geliefert. W\u00e4hlen Sie aus verschiedenen Bez\u00fcgen. Hergestellt nur aus nat\u00fcrlichen Materialien: Ton, Papier und Erde. W\u00e4hlen Sie aus 15 Samen, darunter ein. Chili, Basilikum, Kr\u00e4utermischung, Thymian und Sonnenblume. Kommt mit einem &#8220;Erdpellet&#8221;, das in den Topf passt. Ein St\u00fcck Natur auf dem Schreibtisch oder [&hellip;]\" \/>\n<meta property=\"og:url\" content=\"https:\/\/grontkontor.dk\/de\/shop\/blumentopf-mit-print-mini\/\" \/>\n<meta property=\"og:site_name\" content=\"Gr\u00f8nt Kontor\" \/>\n<meta property=\"article:publisher\" content=\"https:\/\/www.facebook.com\/grontkontor.dk\/\" \/>\n<meta property=\"og:image\" content=\"https:\/\/grontkontor.dk\/wp-content\/uploads\/2019\/09\/urtepotte-med-logotryk-small-001.jpg\" \/>\n\t<meta property=\"og:image:width\" content=\"800\" \/>\n\t<meta property=\"og:image:height\" content=\"568\" \/>\n\t<meta property=\"og:image:type\" content=\"image\/jpeg\" \/>\n<meta name=\"twitter:card\" content=\"summary_large_image\" \/>\n<script type=\"application\/ld+json\" class=\"yoast-schema-graph\">{\"@context\":\"https:\/\/schema.org\",\"@graph\":[{\"@type\":\"WebPage\",\"@id\":\"https:\/\/grontkontor.dk\/de\/shop\/blumentopf-mit-print-mini\/\",\"url\":\"https:\/\/grontkontor.dk\/de\/shop\/blumentopf-mit-print-mini\/\",\"name\":\"Bedruckter Blumentopf - mini - Gr\u00f8nt Kontor\",\"isPartOf\":{\"@id\":\"https:\/\/grontkontor.dk\/#website\"},\"datePublished\":\"2024-05-29T09:09:30+00:00\",\"dateModified\":\"2024-05-29T09:09:30+00:00\",\"breadcrumb\":{\"@id\":\"https:\/\/grontkontor.dk\/de\/shop\/blumentopf-mit-print-mini\/#breadcrumb\"},\"inLanguage\":\"de\",\"potentialAction\":[{\"@type\":\"ReadAction\",\"target\":[\"https:\/\/grontkontor.dk\/de\/shop\/blumentopf-mit-print-mini\/\"]}]},{\"@type\":\"BreadcrumbList\",\"@id\":\"https:\/\/grontkontor.dk\/de\/shop\/blumentopf-mit-print-mini\/#breadcrumb\",\"itemListElement\":[{\"@type\":\"ListItem\",\"position\":1,\"name\":\"Forside\",\"item\":\"https:\/\/grontkontor.dk\/de\/\"},{\"@type\":\"ListItem\",\"position\":2,\"name\":\"Laden\",\"item\":\"https:\/\/grontkontor.dk\/de\/laden\/\"},{\"@type\":\"ListItem\",\"position\":3,\"name\":\"Produktserien\",\"item\":\"https:\/\/grontkontor.dk\/de\/produkt-kategori\/produktserien\/\"},{\"@type\":\"ListItem\",\"position\":4,\"name\":\"Geschenke pflanzen\",\"item\":\"https:\/\/grontkontor.dk\/de\/produkt-kategori\/produktserien\/geschenke-pflanzen\/\"},{\"@type\":\"ListItem\",\"position\":5,\"name\":\"Bedruckter Blumentopf &#8211; mini\"}]},{\"@type\":\"WebSite\",\"@id\":\"https:\/\/grontkontor.dk\/#website\",\"url\":\"https:\/\/grontkontor.dk\/\",\"name\":\"Gr\u00f8nt Kontor\",\"description\":\"Milj\u00f8venlige produkter til kontor og erhverv med fokus p\u00e5 b\u00e6redygtighed, design og fair trade.\",\"publisher\":{\"@id\":\"https:\/\/grontkontor.dk\/#organization\"},\"potentialAction\":[{\"@type\":\"SearchAction\",\"target\":{\"@type\":\"EntryPoint\",\"urlTemplate\":\"https:\/\/grontkontor.dk\/?s={search_term_string}\"},\"query-input\":\"required name=search_term_string\"}],\"inLanguage\":\"de\"},{\"@type\":\"Organization\",\"@id\":\"https:\/\/grontkontor.dk\/#organization\",\"name\":\"Gr\u00f8nt Kontor\",\"url\":\"https:\/\/grontkontor.dk\/\",\"logo\":{\"@type\":\"ImageObject\",\"inLanguage\":\"de\",\"@id\":\"https:\/\/grontkontor.dk\/#\/schema\/logo\/image\/\",\"url\":\"https:\/\/grontkontor.dk\/wp-content\/uploads\/2014\/02\/Logo_groent_kontor_300x80.png\",\"contentUrl\":\"https:\/\/grontkontor.dk\/wp-content\/uploads\/2014\/02\/Logo_groent_kontor_300x80.png\",\"width\":300,\"height\":80,\"caption\":\"Gr\u00f8nt Kontor\"},\"image\":{\"@id\":\"https:\/\/grontkontor.dk\/#\/schema\/logo\/image\/\"},\"sameAs\":[\"https:\/\/www.facebook.com\/grontkontor.dk\/\"]}]}<\/script>\n<!-- \/ Yoast SEO Premium plugin. -->","yoast_head_json":{"title":"Bedruckter Blumentopf - mini - Gr\u00f8nt Kontor","robots":{"index":"index","follow":"follow","max-snippet":"max-snippet:-1","max-image-preview":"max-image-preview:large","max-video-preview":"max-video-preview:-1"},"canonical":"https:\/\/grontkontor.dk\/de\/shop\/blumentopf-mit-print-mini\/","og_locale":"de_DE","og_type":"article","og_title":"Bedruckter Blumentopf - mini","og_description":"Der Terrakotta-Blumentopf wird mit Logodruck auf dem Deckel und dem Topf geliefert. W\u00e4hlen Sie aus verschiedenen Bez\u00fcgen. Hergestellt nur aus nat\u00fcrlichen Materialien: Ton, Papier und Erde. W\u00e4hlen Sie aus 15 Samen, darunter ein. Chili, Basilikum, Kr\u00e4utermischung, Thymian und Sonnenblume. Kommt mit einem &#8220;Erdpellet&#8221;, das in den Topf passt. Ein St\u00fcck Natur auf dem Schreibtisch oder [&hellip;]","og_url":"https:\/\/grontkontor.dk\/de\/shop\/blumentopf-mit-print-mini\/","og_site_name":"Gr\u00f8nt Kontor","article_publisher":"https:\/\/www.facebook.com\/grontkontor.dk\/","og_image":[{"width":800,"height":568,"url":"https:\/\/grontkontor.dk\/wp-content\/uploads\/2019\/09\/urtepotte-med-logotryk-small-001.jpg","type":"image\/jpeg"}],"twitter_card":"summary_large_image","schema":{"@context":"https:\/\/schema.org","@graph":[{"@type":"WebPage","@id":"https:\/\/grontkontor.dk\/de\/shop\/blumentopf-mit-print-mini\/","url":"https:\/\/grontkontor.dk\/de\/shop\/blumentopf-mit-print-mini\/","name":"Bedruckter Blumentopf - mini - Gr\u00f8nt Kontor","isPartOf":{"@id":"https:\/\/grontkontor.dk\/#website"},"datePublished":"2024-05-29T09:09:30+00:00","dateModified":"2024-05-29T09:09:30+00:00","breadcrumb":{"@id":"https:\/\/grontkontor.dk\/de\/shop\/blumentopf-mit-print-mini\/#breadcrumb"},"inLanguage":"de","potentialAction":[{"@type":"ReadAction","target":["https:\/\/grontkontor.dk\/de\/shop\/blumentopf-mit-print-mini\/"]}]},{"@type":"BreadcrumbList","@id":"https:\/\/grontkontor.dk\/de\/shop\/blumentopf-mit-print-mini\/#breadcrumb","itemListElement":[{"@type":"ListItem","position":1,"name":"Forside","item":"https:\/\/grontkontor.dk\/de\/"},{"@type":"ListItem","position":2,"name":"Laden","item":"https:\/\/grontkontor.dk\/de\/laden\/"},{"@type":"ListItem","position":3,"name":"Produktserien","item":"https:\/\/grontkontor.dk\/de\/produkt-kategori\/produktserien\/"},{"@type":"ListItem","position":4,"name":"Geschenke pflanzen","item":"https:\/\/grontkontor.dk\/de\/produkt-kategori\/produktserien\/geschenke-pflanzen\/"},{"@type":"ListItem","position":5,"name":"Bedruckter Blumentopf &#8211; mini"}]},{"@type":"WebSite","@id":"https:\/\/grontkontor.dk\/#website","url":"https:\/\/grontkontor.dk\/","name":"Gr\u00f8nt Kontor","description":"Milj\u00f8venlige produkter til kontor og erhverv med fokus p\u00e5 b\u00e6redygtighed, design og fair trade.","publisher":{"@id":"https:\/\/grontkontor.dk\/#organization"},"potentialAction":[{"@type":"SearchAction","target":{"@type":"EntryPoint","urlTemplate":"https:\/\/grontkontor.dk\/?s={search_term_string}"},"query-input":"required name=search_term_string"}],"inLanguage":"de"},{"@type":"Organization","@id":"https:\/\/grontkontor.dk\/#organization","name":"Gr\u00f8nt Kontor","url":"https:\/\/grontkontor.dk\/","logo":{"@type":"ImageObject","inLanguage":"de","@id":"https:\/\/grontkontor.dk\/#\/schema\/logo\/image\/","url":"https:\/\/grontkontor.dk\/wp-content\/uploads\/2014\/02\/Logo_groent_kontor_300x80.png","contentUrl":"https:\/\/grontkontor.dk\/wp-content\/uploads\/2014\/02\/Logo_groent_kontor_300x80.png","width":300,"height":80,"caption":"Gr\u00f8nt Kontor"},"image":{"@id":"https:\/\/grontkontor.dk\/#\/schema\/logo\/image\/"},"sameAs":["https:\/\/www.facebook.com\/grontkontor.dk\/"]}]}},"_links":{"self":[{"href":"https:\/\/grontkontor.dk\/de\/wp-json\/wp\/v2\/product\/90530"}],"collection":[{"href":"https:\/\/grontkontor.dk\/de\/wp-json\/wp\/v2\/product"}],"about":[{"href":"https:\/\/grontkontor.dk\/de\/wp-json\/wp\/v2\/types\/product"}],"replies":[{"embeddable":true,"href":"https:\/\/grontkontor.dk\/de\/wp-json\/wp\/v2\/comments?post=90530"}],"wp:featuredmedia":[{"embeddable":true,"href":"https:\/\/grontkontor.dk\/de\/wp-json\/wp\/v2\/media\/110916"}],"wp:attachment":[{"href":"https:\/\/grontkontor.dk\/de\/wp-json\/wp\/v2\/media?parent=90530"}],"wp:term":[{"taxonomy":"product_cat","embeddable":true,"href":"https:\/\/grontkontor.dk\/de\/wp-json\/wp\/v2\/product_cat?post=90530"},{"taxonomy":"product_tag","embeddable":true,"href":"https:\/\/grontkontor.dk\/de\/wp-json\/wp\/v2\/product_tag?post=90530"}],"curies":[{"name":"wp","href":"https:\/\/api.w.org\/{rel}","templated":true}]}}