{"id":90575,"date":"2023-09-22T13:05:07","date_gmt":"2024-05-29T09:09:50","guid":{"rendered":"https:\/\/grontkontor.dk\/shop\/pflanzengeschenk-aus-ahornholz\/"},"modified":"2024-05-29T11:09:50","modified_gmt":"2024-05-29T09:09:50","slug":"pflanzengeschenk-aus-ahornholz","status":"publish","type":"product","link":"https:\/\/grontkontor.dk\/de\/shop\/pflanzengeschenk-aus-ahornholz\/","title":{"rendered":"Pflanzengeschenk aus Ahornholz"},"content":{"rendered":"<p>Blumentopf-Set aus klimafreundlichem Ahorn. Hergestellt aus nat\u00fcrlichen Materialien: Ahornholz, Papier und Erde mit gewachstem Sockel.<br \/>\nW\u00e4hlen Sie aus 15 Samen, darunter ein. Chili, Basilikum, Kr\u00e4utermischung, Thymian und Sonnenblume. Kommt mit einem &#8220;gemahlenen Pellet&#8221;, das zum W\u00fcrfel passt.<\/p>\n<p>Ein St\u00fcck Natur auf dem Schreibtisch oder der Fensterbank, das den Kunden ein wirklich gutes Signal f\u00fcr ein umweltfreundliches Unternehmen gibt. W\u00e4hlen Sie zwischen den Formaten 4x4x4cm und 6x6x6cm. Der Preis ist inkl. 4-farbiger Druck auf dem Papiereinband. Erh\u00e4ltlich mit Lasergravur auf dem W\u00fcrfel<br \/>\nEin buchst\u00e4blich unkonventionelles, sch\u00f6nes, umweltfreundliches und lebendiges Werbegeschenk.<br \/>\n[oeko_emo]<\/p>\n","protected":false},"excerpt":{"rendered":"<p>Blumentopf-Set aus klimafreundlichem Ahorn. Hergestellt aus nat\u00fcrlichen Materialien: Ahornholz, Papier und Erde mit gewachstem Sockel. W\u00e4hlen Sie aus 15 Samen, darunter ein. Chili, Basilikum, Kr\u00e4utermischung, Thymian und Sonnenblume. Kommt mit einem &#8220;gemahlenen Pellet&#8221;, das zum W\u00fcrfel passt. Ein St\u00fcck Natur auf dem Schreibtisch oder der Fensterbank, das den Kunden ein wirklich gutes Signal f\u00fcr ein [&hellip;]<\/p>\n","protected":false},"featured_media":110899,"comment_status":"closed","ping_status":"closed","template":"","meta":{"_acf_changed":false},"product_cat":[3705,3644,3321,3323],"product_tag":[3940,3646],"class_list":{"0":"post-90575","1":"product","2":"type-product","3":"status-publish","4":"has-post-thumbnail","6":"product_cat-dummy-moq-250-de","7":"product_cat-geschenke-pflanzen","8":"product_cat-klimafreundliche-werbegeschenke","9":"product_cat-produktserien","10":"product_tag-blumentopf","11":"product_tag-pflanzen-geschenk","12":"tm-has-options","14":"first","15":"instock","16":"taxable","17":"shipping-taxable","18":"product-type-variable"},"acf":[],"yoast_head":"<!-- This site is optimized with the Yoast SEO Premium plugin v21.2 (Yoast SEO v21.2) - https:\/\/yoast.com\/wordpress\/plugins\/seo\/ -->\n<title>Pflanzengeschenk aus Ahornholz - Gr\u00f8nt Kontor<\/title>\n<meta name=\"robots\" content=\"index, follow, max-snippet:-1, max-image-preview:large, max-video-preview:-1\" \/>\n<link rel=\"canonical\" href=\"https:\/\/grontkontor.dk\/de\/shop\/pflanzengeschenk-aus-ahornholz\/\" \/>\n<meta property=\"og:locale\" content=\"de_DE\" \/>\n<meta property=\"og:type\" content=\"article\" \/>\n<meta property=\"og:title\" content=\"Pflanzengeschenk aus Ahornholz\" \/>\n<meta property=\"og:description\" content=\"Blumentopf-Set aus klimafreundlichem Ahorn. Hergestellt aus nat\u00fcrlichen Materialien: Ahornholz, Papier und Erde mit gewachstem Sockel. W\u00e4hlen Sie aus 15 Samen, darunter ein. Chili, Basilikum, Kr\u00e4utermischung, Thymian und Sonnenblume. Kommt mit einem &#8220;gemahlenen Pellet&#8221;, das zum W\u00fcrfel passt. Ein St\u00fcck Natur auf dem Schreibtisch oder der Fensterbank, das den Kunden ein wirklich gutes Signal f\u00fcr ein [&hellip;]\" \/>\n<meta property=\"og:url\" content=\"https:\/\/grontkontor.dk\/de\/shop\/pflanzengeschenk-aus-ahornholz\/\" \/>\n<meta property=\"og:site_name\" content=\"Gr\u00f8nt Kontor\" \/>\n<meta property=\"article:publisher\" content=\"https:\/\/www.facebook.com\/grontkontor.dk\/\" \/>\n<meta property=\"og:image\" content=\"https:\/\/grontkontor.dk\/wp-content\/uploads\/2019\/08\/plantegave-ahorn-001.jpg\" \/>\n\t<meta property=\"og:image:width\" content=\"800\" \/>\n\t<meta property=\"og:image:height\" content=\"568\" \/>\n\t<meta property=\"og:image:type\" content=\"image\/jpeg\" \/>\n<meta name=\"twitter:card\" content=\"summary_large_image\" \/>\n<meta name=\"twitter:label1\" content=\"Gesch\u00e4tzte Lesezeit\" \/>\n\t<meta name=\"twitter:data1\" content=\"1\u00a0Minute\" \/>\n<script type=\"application\/ld+json\" class=\"yoast-schema-graph\">{\"@context\":\"https:\/\/schema.org\",\"@graph\":[{\"@type\":\"WebPage\",\"@id\":\"https:\/\/grontkontor.dk\/de\/shop\/pflanzengeschenk-aus-ahornholz\/\",\"url\":\"https:\/\/grontkontor.dk\/de\/shop\/pflanzengeschenk-aus-ahornholz\/\",\"name\":\"Pflanzengeschenk aus Ahornholz - Gr\u00f8nt Kontor\",\"isPartOf\":{\"@id\":\"https:\/\/grontkontor.dk\/#website\"},\"datePublished\":\"2024-05-29T09:09:50+00:00\",\"dateModified\":\"2024-05-29T09:09:50+00:00\",\"breadcrumb\":{\"@id\":\"https:\/\/grontkontor.dk\/de\/shop\/pflanzengeschenk-aus-ahornholz\/#breadcrumb\"},\"inLanguage\":\"de\",\"potentialAction\":[{\"@type\":\"ReadAction\",\"target\":[\"https:\/\/grontkontor.dk\/de\/shop\/pflanzengeschenk-aus-ahornholz\/\"]}]},{\"@type\":\"BreadcrumbList\",\"@id\":\"https:\/\/grontkontor.dk\/de\/shop\/pflanzengeschenk-aus-ahornholz\/#breadcrumb\",\"itemListElement\":[{\"@type\":\"ListItem\",\"position\":1,\"name\":\"Forside\",\"item\":\"https:\/\/grontkontor.dk\/de\/\"},{\"@type\":\"ListItem\",\"position\":2,\"name\":\"Laden\",\"item\":\"https:\/\/grontkontor.dk\/de\/laden\/\"},{\"@type\":\"ListItem\",\"position\":3,\"name\":\"Produktserier\",\"item\":\"https:\/\/grontkontor.dk\/produkt-kategori\/produktserier-da\/\"},{\"@type\":\"ListItem\",\"position\":4,\"name\":\"Plantegaver\",\"item\":\"https:\/\/grontkontor.dk\/produkt-kategori\/produktserier-da\/plantegaver\/\"},{\"@type\":\"ListItem\",\"position\":5,\"name\":\"Pflanzengeschenk aus Ahornholz\"}]},{\"@type\":\"WebSite\",\"@id\":\"https:\/\/grontkontor.dk\/#website\",\"url\":\"https:\/\/grontkontor.dk\/\",\"name\":\"Gr\u00f8nt Kontor\",\"description\":\"Milj\u00f8venlige produkter til kontor og erhverv med fokus p\u00e5 b\u00e6redygtighed, design og fair trade.\",\"publisher\":{\"@id\":\"https:\/\/grontkontor.dk\/#organization\"},\"potentialAction\":[{\"@type\":\"SearchAction\",\"target\":{\"@type\":\"EntryPoint\",\"urlTemplate\":\"https:\/\/grontkontor.dk\/?s={search_term_string}\"},\"query-input\":\"required name=search_term_string\"}],\"inLanguage\":\"de\"},{\"@type\":\"Organization\",\"@id\":\"https:\/\/grontkontor.dk\/#organization\",\"name\":\"Gr\u00f8nt Kontor\",\"url\":\"https:\/\/grontkontor.dk\/\",\"logo\":{\"@type\":\"ImageObject\",\"inLanguage\":\"de\",\"@id\":\"https:\/\/grontkontor.dk\/#\/schema\/logo\/image\/\",\"url\":\"https:\/\/grontkontor.dk\/wp-content\/uploads\/2014\/02\/Logo_groent_kontor_300x80.png\",\"contentUrl\":\"https:\/\/grontkontor.dk\/wp-content\/uploads\/2014\/02\/Logo_groent_kontor_300x80.png\",\"width\":300,\"height\":80,\"caption\":\"Gr\u00f8nt Kontor\"},\"image\":{\"@id\":\"https:\/\/grontkontor.dk\/#\/schema\/logo\/image\/\"},\"sameAs\":[\"https:\/\/www.facebook.com\/grontkontor.dk\/\"]}]}<\/script>\n<!-- \/ Yoast SEO Premium plugin. -->","yoast_head_json":{"title":"Pflanzengeschenk aus Ahornholz - Gr\u00f8nt Kontor","robots":{"index":"index","follow":"follow","max-snippet":"max-snippet:-1","max-image-preview":"max-image-preview:large","max-video-preview":"max-video-preview:-1"},"canonical":"https:\/\/grontkontor.dk\/de\/shop\/pflanzengeschenk-aus-ahornholz\/","og_locale":"de_DE","og_type":"article","og_title":"Pflanzengeschenk aus Ahornholz","og_description":"Blumentopf-Set aus klimafreundlichem Ahorn. Hergestellt aus nat\u00fcrlichen Materialien: Ahornholz, Papier und Erde mit gewachstem Sockel. W\u00e4hlen Sie aus 15 Samen, darunter ein. Chili, Basilikum, Kr\u00e4utermischung, Thymian und Sonnenblume. Kommt mit einem &#8220;gemahlenen Pellet&#8221;, das zum W\u00fcrfel passt. Ein St\u00fcck Natur auf dem Schreibtisch oder der Fensterbank, das den Kunden ein wirklich gutes Signal f\u00fcr ein [&hellip;]","og_url":"https:\/\/grontkontor.dk\/de\/shop\/pflanzengeschenk-aus-ahornholz\/","og_site_name":"Gr\u00f8nt Kontor","article_publisher":"https:\/\/www.facebook.com\/grontkontor.dk\/","og_image":[{"width":800,"height":568,"url":"https:\/\/grontkontor.dk\/wp-content\/uploads\/2019\/08\/plantegave-ahorn-001.jpg","type":"image\/jpeg"}],"twitter_card":"summary_large_image","twitter_misc":{"Gesch\u00e4tzte Lesezeit":"1\u00a0Minute"},"schema":{"@context":"https:\/\/schema.org","@graph":[{"@type":"WebPage","@id":"https:\/\/grontkontor.dk\/de\/shop\/pflanzengeschenk-aus-ahornholz\/","url":"https:\/\/grontkontor.dk\/de\/shop\/pflanzengeschenk-aus-ahornholz\/","name":"Pflanzengeschenk aus Ahornholz - Gr\u00f8nt Kontor","isPartOf":{"@id":"https:\/\/grontkontor.dk\/#website"},"datePublished":"2024-05-29T09:09:50+00:00","dateModified":"2024-05-29T09:09:50+00:00","breadcrumb":{"@id":"https:\/\/grontkontor.dk\/de\/shop\/pflanzengeschenk-aus-ahornholz\/#breadcrumb"},"inLanguage":"de","potentialAction":[{"@type":"ReadAction","target":["https:\/\/grontkontor.dk\/de\/shop\/pflanzengeschenk-aus-ahornholz\/"]}]},{"@type":"BreadcrumbList","@id":"https:\/\/grontkontor.dk\/de\/shop\/pflanzengeschenk-aus-ahornholz\/#breadcrumb","itemListElement":[{"@type":"ListItem","position":1,"name":"Forside","item":"https:\/\/grontkontor.dk\/de\/"},{"@type":"ListItem","position":2,"name":"Laden","item":"https:\/\/grontkontor.dk\/de\/laden\/"},{"@type":"ListItem","position":3,"name":"Produktserier","item":"https:\/\/grontkontor.dk\/produkt-kategori\/produktserier-da\/"},{"@type":"ListItem","position":4,"name":"Plantegaver","item":"https:\/\/grontkontor.dk\/produkt-kategori\/produktserier-da\/plantegaver\/"},{"@type":"ListItem","position":5,"name":"Pflanzengeschenk aus Ahornholz"}]},{"@type":"WebSite","@id":"https:\/\/grontkontor.dk\/#website","url":"https:\/\/grontkontor.dk\/","name":"Gr\u00f8nt Kontor","description":"Milj\u00f8venlige produkter til kontor og erhverv med fokus p\u00e5 b\u00e6redygtighed, design og fair trade.","publisher":{"@id":"https:\/\/grontkontor.dk\/#organization"},"potentialAction":[{"@type":"SearchAction","target":{"@type":"EntryPoint","urlTemplate":"https:\/\/grontkontor.dk\/?s={search_term_string}"},"query-input":"required name=search_term_string"}],"inLanguage":"de"},{"@type":"Organization","@id":"https:\/\/grontkontor.dk\/#organization","name":"Gr\u00f8nt Kontor","url":"https:\/\/grontkontor.dk\/","logo":{"@type":"ImageObject","inLanguage":"de","@id":"https:\/\/grontkontor.dk\/#\/schema\/logo\/image\/","url":"https:\/\/grontkontor.dk\/wp-content\/uploads\/2014\/02\/Logo_groent_kontor_300x80.png","contentUrl":"https:\/\/grontkontor.dk\/wp-content\/uploads\/2014\/02\/Logo_groent_kontor_300x80.png","width":300,"height":80,"caption":"Gr\u00f8nt Kontor"},"image":{"@id":"https:\/\/grontkontor.dk\/#\/schema\/logo\/image\/"},"sameAs":["https:\/\/www.facebook.com\/grontkontor.dk\/"]}]}},"_links":{"self":[{"href":"https:\/\/grontkontor.dk\/de\/wp-json\/wp\/v2\/product\/90575"}],"collection":[{"href":"https:\/\/grontkontor.dk\/de\/wp-json\/wp\/v2\/product"}],"about":[{"href":"https:\/\/grontkontor.dk\/de\/wp-json\/wp\/v2\/types\/product"}],"replies":[{"embeddable":true,"href":"https:\/\/grontkontor.dk\/de\/wp-json\/wp\/v2\/comments?post=90575"}],"wp:featuredmedia":[{"embeddable":true,"href":"https:\/\/grontkontor.dk\/de\/wp-json\/wp\/v2\/media\/110899"}],"wp:attachment":[{"href":"https:\/\/grontkontor.dk\/de\/wp-json\/wp\/v2\/media?parent=90575"}],"wp:term":[{"taxonomy":"product_cat","embeddable":true,"href":"https:\/\/grontkontor.dk\/de\/wp-json\/wp\/v2\/product_cat?post=90575"},{"taxonomy":"product_tag","embeddable":true,"href":"https:\/\/grontkontor.dk\/de\/wp-json\/wp\/v2\/product_tag?post=90575"}],"curies":[{"name":"wp","href":"https:\/\/api.w.org\/{rel}","templated":true}]}}