{"id":90624,"date":"2023-09-22T13:04:54","date_gmt":"2024-05-29T09:10:41","guid":{"rendered":"https:\/\/grontkontor.dk\/shop\/schubladenmobel-aus-recyceltem-kunststoff-schwarz\/"},"modified":"2024-05-29T11:10:41","modified_gmt":"2024-05-29T09:10:41","slug":"schubladenmobel-aus-recyceltem-kunststoff-schwarz","status":"publish","type":"product","link":"https:\/\/grontkontor.dk\/de\/shop\/schubladenmobel-aus-recyceltem-kunststoff-schwarz\/","title":{"rendered":"Schubladenm\u00f6bel aus recyceltem Kunststoff"},"content":{"rendered":"<p>Praktische Schubladenm\u00f6bel aus umweltfreundlichem Recycling-Kunststoff f\u00fcr den Schreibtisch mit 4 geschlossenen Schubladen. Mit 2 rutschfesten Gummif\u00fc\u00dfen, Griffen an der Vorderseite der Schublade, Schubladenanschlag und \u00d6ffnung zum Einziehen von Papier nach oben.<br \/>\nEin klima- und umweltfreundliches Produkt, das f\u00fcr A4-Dokumente und Dokumente mit einer Gr\u00f6\u00dfe von bis zu 260 x 350 mm geeignet ist.<br \/>\nAu\u00dfenma\u00dfe: LxBxH 375 x 300 x 216 mm. Blauer Engel zertifiziert. Hergestellt in der EU.<br \/>\nAuch in Blau und Grau erh\u00e4ltlich.<\/p>\n<p>Recycelter Kunststoff ist \u2013 trotz seines fossilen Ursprungs \u2013 ein klimafreundlicher Werkstoff. Kunststoff hat einen extrem hohen Kohlenstoffgehalt, daher wirkt recycelter Kunststoff als Kohlenstoffsenke. Wenn Kunststoff nicht recycelt wird, zerf\u00e4llt er entweder in CO2 und tr\u00e4gt so zum Treibhauseffekt bei oder endet als umweltsch\u00e4dlicher Abfall.<br \/>\nF\u00fcr jede Tonne recycelten Kunststoffs werden 3,8 Barrel \u00d6l eingespart.<\/p>\n<p>[blaue_engel_s]<\/p>\n<p>&nbsp;<\/p>\n<p><img loading=\"lazy\" decoding=\"async\" class=\"size-medium wp-image-21008\" src=\"https:\/\/grontkontor.dk\/wp-content\/uploads\/2020\/11\/eu-flag_1-300x199.jpg\" alt=\"Fremstillet i EU\" width=\"76\" height=\"50\" srcset=\"https:\/\/grontkontor.dk\/wp-content\/uploads\/2020\/11\/eu-flag_1-300x199.jpg 300w, https:\/\/grontkontor.dk\/wp-content\/uploads\/2020\/11\/eu-flag_1.jpg 530w\" sizes=\"(max-width: 76px) 100vw, 76px\" \/><img loading=\"lazy\" decoding=\"async\" src=\"https:\/\/grontkontor.dk\/wp-content\/uploads\/2021\/02\/genbrug.jpg\" alt=\"Fremstillet af genbrugsmaterialer\" width=\"50\" height=\"50\" class=\"size-full wp-image-23031\" srcset=\"https:\/\/grontkontor.dk\/wp-content\/uploads\/2021\/02\/genbrug.jpg 199w, https:\/\/grontkontor.dk\/wp-content\/uploads\/2021\/02\/genbrug-100x100.jpg 100w\" sizes=\"(max-width: 50px) 100vw, 50px\" \/> <a href=\"https:\/\/en.wikipedia.org\/wiki\/Blue_Angel_(certification)\" rel=\"noopener\" target=\"_blank\"><img loading=\"lazy\" decoding=\"async\" class=\"size-full wp-image-12701\" src=\"https:\/\/grontkontor.dk\/wp-content\/uploads\/2019\/04\/blaa-engel.png\" \n\t\t alt=\"Bl? engel certificeret\" title=\"Bl? engel certificeret\" width=\"57\" height=\"62\" border=0 \/><\/a><\/p>\n","protected":false},"excerpt":{"rendered":"<p>Praktische Schubladenm\u00f6bel aus umweltfreundlichem Recycling-Kunststoff f\u00fcr den Schreibtisch mit 4 geschlossenen Schubladen. Mit 2 rutschfesten Gummif\u00fc\u00dfen, Griffen an der Vorderseite der Schublade, Schubladenanschlag und \u00d6ffnung zum Einziehen von Papier nach oben. Ein klima- und umweltfreundliches Produkt, das f\u00fcr A4-Dokumente und Dokumente mit einer Gr\u00f6\u00dfe von bis zu 260 x 350 mm geeignet ist. Au\u00dfenma\u00dfe: LxBxH [&hellip;]<\/p>\n","protected":false},"featured_media":90626,"comment_status":"closed","ping_status":"open","template":"","meta":{"_acf_changed":false},"product_cat":[4014,3325,3528,3323,3546,3088],"product_tag":[4262,4261],"class_list":{"0":"post-90624","1":"product","2":"type-product","3":"status-publish","4":"has-post-thumbnail","6":"product_cat-dokumentenspeicherung","7":"product_cat-dummy-moq-1-de","8":"product_cat-moebel-und-einrichtungsgegenstaende","9":"product_cat-produktserien","10":"product_cat-recycelter-kunststoff-schwarz","11":"product_cat-arkivering-de","12":"product_tag-aktenschubladen","13":"product_tag-schubladen-moebel","14":"pa_farve-blau","15":"pa_farve-grau-de","16":"pa_farve-schwarz","17":"tm-has-options","19":"first","20":"instock","21":"taxable","22":"shipping-taxable","23":"purchasable","24":"product-type-simple"},"acf":[],"yoast_head":"<!-- This site is optimized with the Yoast SEO Premium plugin v21.2 (Yoast SEO v21.2) - https:\/\/yoast.com\/wordpress\/plugins\/seo\/ -->\n<title>Schubladenm\u00f6bel aus recyceltem Kunststoff - Gr\u00f8nt Kontor<\/title>\n<meta name=\"robots\" content=\"index, follow, max-snippet:-1, max-image-preview:large, max-video-preview:-1\" \/>\n<link rel=\"canonical\" href=\"https:\/\/grontkontor.dk\/de\/shop\/schubladenmobel-aus-recyceltem-kunststoff-schwarz\/\" \/>\n<meta property=\"og:locale\" content=\"de_DE\" \/>\n<meta property=\"og:type\" content=\"article\" \/>\n<meta property=\"og:title\" content=\"Schubladenm\u00f6bel aus recyceltem Kunststoff\" \/>\n<meta property=\"og:description\" content=\"Praktische Schubladenm\u00f6bel aus umweltfreundlichem Recycling-Kunststoff f\u00fcr den Schreibtisch mit 4 geschlossenen Schubladen. Mit 2 rutschfesten Gummif\u00fc\u00dfen, Griffen an der Vorderseite der Schublade, Schubladenanschlag und \u00d6ffnung zum Einziehen von Papier nach oben. Ein klima- und umweltfreundliches Produkt, das f\u00fcr A4-Dokumente und Dokumente mit einer Gr\u00f6\u00dfe von bis zu 260 x 350 mm geeignet ist. Au\u00dfenma\u00dfe: LxBxH [&hellip;]\" \/>\n<meta property=\"og:url\" content=\"https:\/\/grontkontor.dk\/de\/shop\/schubladenmobel-aus-recyceltem-kunststoff-schwarz\/\" \/>\n<meta property=\"og:site_name\" content=\"Gr\u00f8nt Kontor\" \/>\n<meta property=\"article:publisher\" content=\"https:\/\/www.facebook.com\/grontkontor.dk\/\" \/>\n<meta name=\"twitter:card\" content=\"summary_large_image\" \/>\n<meta name=\"twitter:label1\" content=\"Gesch\u00e4tzte Lesezeit\" \/>\n\t<meta name=\"twitter:data1\" content=\"1\u00a0Minute\" \/>\n<script type=\"application\/ld+json\" class=\"yoast-schema-graph\">{\"@context\":\"https:\/\/schema.org\",\"@graph\":[{\"@type\":\"WebPage\",\"@id\":\"https:\/\/grontkontor.dk\/de\/shop\/schubladenmobel-aus-recyceltem-kunststoff-schwarz\/\",\"url\":\"https:\/\/grontkontor.dk\/de\/shop\/schubladenmobel-aus-recyceltem-kunststoff-schwarz\/\",\"name\":\"Schubladenm\u00f6bel aus recyceltem Kunststoff - Gr\u00f8nt Kontor\",\"isPartOf\":{\"@id\":\"https:\/\/grontkontor.dk\/#website\"},\"datePublished\":\"2024-05-29T09:10:41+00:00\",\"dateModified\":\"2024-05-29T09:10:41+00:00\",\"breadcrumb\":{\"@id\":\"https:\/\/grontkontor.dk\/de\/shop\/schubladenmobel-aus-recyceltem-kunststoff-schwarz\/#breadcrumb\"},\"inLanguage\":\"de\",\"potentialAction\":[{\"@type\":\"ReadAction\",\"target\":[\"https:\/\/grontkontor.dk\/de\/shop\/schubladenmobel-aus-recyceltem-kunststoff-schwarz\/\"]}]},{\"@type\":\"BreadcrumbList\",\"@id\":\"https:\/\/grontkontor.dk\/de\/shop\/schubladenmobel-aus-recyceltem-kunststoff-schwarz\/#breadcrumb\",\"itemListElement\":[{\"@type\":\"ListItem\",\"position\":1,\"name\":\"Forside\",\"item\":\"https:\/\/grontkontor.dk\/de\/\"},{\"@type\":\"ListItem\",\"position\":2,\"name\":\"Laden\",\"item\":\"https:\/\/grontkontor.dk\/de\/laden\/\"},{\"@type\":\"ListItem\",\"position\":3,\"name\":\"Archivierung\",\"item\":\"https:\/\/grontkontor.dk\/de\/produkt-kategori\/arkivering-de\/\"},{\"@type\":\"ListItem\",\"position\":4,\"name\":\"Dokumentenspeicherung\",\"item\":\"https:\/\/grontkontor.dk\/de\/produkt-kategori\/arkivering-de\/dokumentenspeicherung\/\"},{\"@type\":\"ListItem\",\"position\":5,\"name\":\"Schubladenm\u00f6bel aus recyceltem Kunststoff\"}]},{\"@type\":\"WebSite\",\"@id\":\"https:\/\/grontkontor.dk\/#website\",\"url\":\"https:\/\/grontkontor.dk\/\",\"name\":\"Gr\u00f8nt Kontor\",\"description\":\"Milj\u00f8venlige produkter til kontor og erhverv med fokus p\u00e5 b\u00e6redygtighed, design og fair trade.\",\"publisher\":{\"@id\":\"https:\/\/grontkontor.dk\/#organization\"},\"potentialAction\":[{\"@type\":\"SearchAction\",\"target\":{\"@type\":\"EntryPoint\",\"urlTemplate\":\"https:\/\/grontkontor.dk\/?s={search_term_string}\"},\"query-input\":\"required name=search_term_string\"}],\"inLanguage\":\"de\"},{\"@type\":\"Organization\",\"@id\":\"https:\/\/grontkontor.dk\/#organization\",\"name\":\"Gr\u00f8nt Kontor\",\"url\":\"https:\/\/grontkontor.dk\/\",\"logo\":{\"@type\":\"ImageObject\",\"inLanguage\":\"de\",\"@id\":\"https:\/\/grontkontor.dk\/#\/schema\/logo\/image\/\",\"url\":\"https:\/\/grontkontor.dk\/wp-content\/uploads\/2014\/02\/Logo_groent_kontor_300x80.png\",\"contentUrl\":\"https:\/\/grontkontor.dk\/wp-content\/uploads\/2014\/02\/Logo_groent_kontor_300x80.png\",\"width\":300,\"height\":80,\"caption\":\"Gr\u00f8nt Kontor\"},\"image\":{\"@id\":\"https:\/\/grontkontor.dk\/#\/schema\/logo\/image\/\"},\"sameAs\":[\"https:\/\/www.facebook.com\/grontkontor.dk\/\"]}]}<\/script>\n<!-- \/ Yoast SEO Premium plugin. -->","yoast_head_json":{"title":"Schubladenm\u00f6bel aus recyceltem Kunststoff - Gr\u00f8nt Kontor","robots":{"index":"index","follow":"follow","max-snippet":"max-snippet:-1","max-image-preview":"max-image-preview:large","max-video-preview":"max-video-preview:-1"},"canonical":"https:\/\/grontkontor.dk\/de\/shop\/schubladenmobel-aus-recyceltem-kunststoff-schwarz\/","og_locale":"de_DE","og_type":"article","og_title":"Schubladenm\u00f6bel aus recyceltem Kunststoff","og_description":"Praktische Schubladenm\u00f6bel aus umweltfreundlichem Recycling-Kunststoff f\u00fcr den Schreibtisch mit 4 geschlossenen Schubladen. Mit 2 rutschfesten Gummif\u00fc\u00dfen, Griffen an der Vorderseite der Schublade, Schubladenanschlag und \u00d6ffnung zum Einziehen von Papier nach oben. Ein klima- und umweltfreundliches Produkt, das f\u00fcr A4-Dokumente und Dokumente mit einer Gr\u00f6\u00dfe von bis zu 260 x 350 mm geeignet ist. Au\u00dfenma\u00dfe: LxBxH [&hellip;]","og_url":"https:\/\/grontkontor.dk\/de\/shop\/schubladenmobel-aus-recyceltem-kunststoff-schwarz\/","og_site_name":"Gr\u00f8nt Kontor","article_publisher":"https:\/\/www.facebook.com\/grontkontor.dk\/","twitter_card":"summary_large_image","twitter_misc":{"Gesch\u00e4tzte Lesezeit":"1\u00a0Minute"},"schema":{"@context":"https:\/\/schema.org","@graph":[{"@type":"WebPage","@id":"https:\/\/grontkontor.dk\/de\/shop\/schubladenmobel-aus-recyceltem-kunststoff-schwarz\/","url":"https:\/\/grontkontor.dk\/de\/shop\/schubladenmobel-aus-recyceltem-kunststoff-schwarz\/","name":"Schubladenm\u00f6bel aus recyceltem Kunststoff - Gr\u00f8nt Kontor","isPartOf":{"@id":"https:\/\/grontkontor.dk\/#website"},"datePublished":"2024-05-29T09:10:41+00:00","dateModified":"2024-05-29T09:10:41+00:00","breadcrumb":{"@id":"https:\/\/grontkontor.dk\/de\/shop\/schubladenmobel-aus-recyceltem-kunststoff-schwarz\/#breadcrumb"},"inLanguage":"de","potentialAction":[{"@type":"ReadAction","target":["https:\/\/grontkontor.dk\/de\/shop\/schubladenmobel-aus-recyceltem-kunststoff-schwarz\/"]}]},{"@type":"BreadcrumbList","@id":"https:\/\/grontkontor.dk\/de\/shop\/schubladenmobel-aus-recyceltem-kunststoff-schwarz\/#breadcrumb","itemListElement":[{"@type":"ListItem","position":1,"name":"Forside","item":"https:\/\/grontkontor.dk\/de\/"},{"@type":"ListItem","position":2,"name":"Laden","item":"https:\/\/grontkontor.dk\/de\/laden\/"},{"@type":"ListItem","position":3,"name":"Archivierung","item":"https:\/\/grontkontor.dk\/de\/produkt-kategori\/arkivering-de\/"},{"@type":"ListItem","position":4,"name":"Dokumentenspeicherung","item":"https:\/\/grontkontor.dk\/de\/produkt-kategori\/arkivering-de\/dokumentenspeicherung\/"},{"@type":"ListItem","position":5,"name":"Schubladenm\u00f6bel aus recyceltem Kunststoff"}]},{"@type":"WebSite","@id":"https:\/\/grontkontor.dk\/#website","url":"https:\/\/grontkontor.dk\/","name":"Gr\u00f8nt Kontor","description":"Milj\u00f8venlige produkter til kontor og erhverv med fokus p\u00e5 b\u00e6redygtighed, design og fair trade.","publisher":{"@id":"https:\/\/grontkontor.dk\/#organization"},"potentialAction":[{"@type":"SearchAction","target":{"@type":"EntryPoint","urlTemplate":"https:\/\/grontkontor.dk\/?s={search_term_string}"},"query-input":"required name=search_term_string"}],"inLanguage":"de"},{"@type":"Organization","@id":"https:\/\/grontkontor.dk\/#organization","name":"Gr\u00f8nt Kontor","url":"https:\/\/grontkontor.dk\/","logo":{"@type":"ImageObject","inLanguage":"de","@id":"https:\/\/grontkontor.dk\/#\/schema\/logo\/image\/","url":"https:\/\/grontkontor.dk\/wp-content\/uploads\/2014\/02\/Logo_groent_kontor_300x80.png","contentUrl":"https:\/\/grontkontor.dk\/wp-content\/uploads\/2014\/02\/Logo_groent_kontor_300x80.png","width":300,"height":80,"caption":"Gr\u00f8nt Kontor"},"image":{"@id":"https:\/\/grontkontor.dk\/#\/schema\/logo\/image\/"},"sameAs":["https:\/\/www.facebook.com\/grontkontor.dk\/"]}]}},"_links":{"self":[{"href":"https:\/\/grontkontor.dk\/de\/wp-json\/wp\/v2\/product\/90624"}],"collection":[{"href":"https:\/\/grontkontor.dk\/de\/wp-json\/wp\/v2\/product"}],"about":[{"href":"https:\/\/grontkontor.dk\/de\/wp-json\/wp\/v2\/types\/product"}],"replies":[{"embeddable":true,"href":"https:\/\/grontkontor.dk\/de\/wp-json\/wp\/v2\/comments?post=90624"}],"wp:featuredmedia":[{"embeddable":true,"href":"https:\/\/grontkontor.dk\/de\/wp-json\/wp\/v2\/media\/90626"}],"wp:attachment":[{"href":"https:\/\/grontkontor.dk\/de\/wp-json\/wp\/v2\/media?parent=90624"}],"wp:term":[{"taxonomy":"product_cat","embeddable":true,"href":"https:\/\/grontkontor.dk\/de\/wp-json\/wp\/v2\/product_cat?post=90624"},{"taxonomy":"product_tag","embeddable":true,"href":"https:\/\/grontkontor.dk\/de\/wp-json\/wp\/v2\/product_tag?post=90624"}],"curies":[{"name":"wp","href":"https:\/\/api.w.org\/{rel}","templated":true}]}}