{"id":90639,"date":"2023-09-22T13:04:54","date_gmt":"2024-05-29T09:11:23","guid":{"rendered":"https:\/\/grontkontor.dk\/shop\/stifthalter-und-organizer-recycling-grau\/"},"modified":"2024-05-29T11:11:23","modified_gmt":"2024-05-29T09:11:23","slug":"stifthalter-und-organizer-recycling-grau","status":"publish","type":"product","link":"https:\/\/grontkontor.dk\/de\/shop\/stifthalter-und-organizer-recycling-grau\/","title":{"rendered":"Recycling von Stifthaltern und Organizern"},"content":{"rendered":"<p>Praktischer Schreibtisch-Organizer mit f\u00fcnf F\u00e4chern. Ein klimafreundliches Produkt, das sich perfekt eignet, um den \u00dcberblick \u00fcber Schreibutensilien, B\u00fcroklammern und Co. zu behalten.<br \/>\nMa\u00dfe: LxBxH 90 x 143 x 125 mm. Blauer Engel zertifiziert. Hergestellt in der EU.<br \/>\nAuch in Schwarz und Blau erh\u00e4ltlich.<\/p>\n<p>Recycelter Kunststoff ist \u2013 trotz seines fossilen Ursprungs \u2013 ein umweltfreundliches Material. Kunststoff hat einen extrem hohen Kohlenstoffgehalt, daher wirkt recycelter Kunststoff als Kohlenstoffsenke. Wenn Kunststoff nicht recycelt wird, zerf\u00e4llt er entweder in CO2 und tr\u00e4gt so zum Treibhauseffekt bei oder endet als umweltsch\u00e4dlicher Abfall.<br \/>\nF\u00fcr jede Tonne recycelten Kunststoffs werden 3,8 Barrel \u00d6l eingespart.<\/p>\n<p>[blaue_engel_s]<\/p>\n<p>&nbsp;<\/p>\n<p><img loading=\"lazy\" decoding=\"async\" src=\"https:\/\/grontkontor.dk\/wp-content\/uploads\/2021\/02\/genbrug.jpg\" alt=\"Fremstillet af genbrugsmaterialer\" width=\"50\" height=\"50\" class=\"size-full wp-image-23031\" srcset=\"https:\/\/grontkontor.dk\/wp-content\/uploads\/2021\/02\/genbrug.jpg 199w, https:\/\/grontkontor.dk\/wp-content\/uploads\/2021\/02\/genbrug-100x100.jpg 100w\" sizes=\"(max-width: 50px) 100vw, 50px\" \/> <img loading=\"lazy\" decoding=\"async\" class=\"size-medium wp-image-21008\" src=\"https:\/\/grontkontor.dk\/wp-content\/uploads\/2020\/11\/eu-flag_1-300x199.jpg\" alt=\"Fremstillet i EU\" width=\"76\" height=\"50\" srcset=\"https:\/\/grontkontor.dk\/wp-content\/uploads\/2020\/11\/eu-flag_1-300x199.jpg 300w, https:\/\/grontkontor.dk\/wp-content\/uploads\/2020\/11\/eu-flag_1.jpg 530w\" sizes=\"(max-width: 76px) 100vw, 76px\" \/><a href=\"https:\/\/en.wikipedia.org\/wiki\/Blue_Angel_(certification)\" rel=\"noopener\" target=\"_blank\"><img loading=\"lazy\" decoding=\"async\" class=\"size-full wp-image-12701\" src=\"https:\/\/grontkontor.dk\/wp-content\/uploads\/2019\/04\/blaa-engel.png\" \n\t\t alt=\"Bl? engel certificeret\" title=\"Bl? engel certificeret\" width=\"57\" height=\"62\" border=0 \/><\/a><\/p>\n","protected":false},"excerpt":{"rendered":"<p>Praktischer Schreibtisch-Organizer mit f\u00fcnf F\u00e4chern. Ein klimafreundliches Produkt, das sich perfekt eignet, um den \u00dcberblick \u00fcber Schreibutensilien, B\u00fcroklammern und Co. zu behalten. Ma\u00dfe: LxBxH 90 x 143 x 125 mm. Blauer Engel zertifiziert. Hergestellt in der EU. Auch in Schwarz und Blau erh\u00e4ltlich. Recycelter Kunststoff ist \u2013 trotz seines fossilen Ursprungs \u2013 ein umweltfreundliches Material. [&hellip;]<\/p>\n","protected":false},"featured_media":90648,"comment_status":"closed","ping_status":"closed","template":"","meta":{"_acf_changed":false},"product_cat":[3325,3738,3323,3565,3956],"product_tag":[3756,3844],"class_list":{"0":"post-90639","1":"product","2":"type-product","3":"status-publish","4":"has-post-thumbnail","6":"product_cat-dummy-moq-1-de","7":"product_cat-organisatoren","8":"product_cat-produktserien","9":"product_cat-recycelter-kunststoff-grau","10":"product_cat-stiftehalter-de","11":"product_tag-organisator","12":"product_tag-stifthalter","13":"pa_farve-blau","14":"pa_farve-grau-de","15":"pa_farve-schwarz","16":"tm-has-options","18":"first","19":"instock","20":"taxable","21":"shipping-taxable","22":"purchasable","23":"product-type-simple"},"acf":[],"yoast_head":"<!-- This site is optimized with the Yoast SEO Premium plugin v21.2 (Yoast SEO v21.2) - https:\/\/yoast.com\/wordpress\/plugins\/seo\/ -->\n<title>Recycling von Stifthaltern und Organizern - Gr\u00f8nt Kontor<\/title>\n<meta name=\"robots\" content=\"index, follow, max-snippet:-1, max-image-preview:large, max-video-preview:-1\" \/>\n<link rel=\"canonical\" href=\"https:\/\/grontkontor.dk\/de\/shop\/stifthalter-und-organizer-recycling-grau\/\" \/>\n<meta property=\"og:locale\" content=\"de_DE\" \/>\n<meta property=\"og:type\" content=\"article\" \/>\n<meta property=\"og:title\" content=\"Recycling von Stifthaltern und Organizern\" \/>\n<meta property=\"og:description\" content=\"Praktischer Schreibtisch-Organizer mit f\u00fcnf F\u00e4chern. Ein klimafreundliches Produkt, das sich perfekt eignet, um den \u00dcberblick \u00fcber Schreibutensilien, B\u00fcroklammern und Co. zu behalten. Ma\u00dfe: LxBxH 90 x 143 x 125 mm. Blauer Engel zertifiziert. Hergestellt in der EU. Auch in Schwarz und Blau erh\u00e4ltlich. Recycelter Kunststoff ist \u2013 trotz seines fossilen Ursprungs \u2013 ein umweltfreundliches Material. [&hellip;]\" \/>\n<meta property=\"og:url\" content=\"https:\/\/grontkontor.dk\/de\/shop\/stifthalter-und-organizer-recycling-grau\/\" \/>\n<meta property=\"og:site_name\" content=\"Gr\u00f8nt Kontor\" \/>\n<meta property=\"article:publisher\" content=\"https:\/\/www.facebook.com\/grontkontor.dk\/\" \/>\n<meta property=\"og:image\" content=\"https:\/\/grontkontor.dk\/wp-content\/uploads\/2019\/04\/penneholder-organizer-graa-02.jpg\" \/>\n\t<meta property=\"og:image:width\" content=\"800\" \/>\n\t<meta property=\"og:image:height\" content=\"568\" \/>\n\t<meta property=\"og:image:type\" content=\"image\/jpeg\" \/>\n<meta name=\"twitter:card\" content=\"summary_large_image\" \/>\n<meta name=\"twitter:label1\" content=\"Gesch\u00e4tzte Lesezeit\" \/>\n\t<meta name=\"twitter:data1\" content=\"1\u00a0Minute\" \/>\n<script type=\"application\/ld+json\" class=\"yoast-schema-graph\">{\"@context\":\"https:\/\/schema.org\",\"@graph\":[{\"@type\":\"WebPage\",\"@id\":\"https:\/\/grontkontor.dk\/de\/shop\/stifthalter-und-organizer-recycling-grau\/\",\"url\":\"https:\/\/grontkontor.dk\/de\/shop\/stifthalter-und-organizer-recycling-grau\/\",\"name\":\"Recycling von Stifthaltern und Organizern - Gr\u00f8nt Kontor\",\"isPartOf\":{\"@id\":\"https:\/\/grontkontor.dk\/#website\"},\"datePublished\":\"2024-05-29T09:11:23+00:00\",\"dateModified\":\"2024-05-29T09:11:23+00:00\",\"breadcrumb\":{\"@id\":\"https:\/\/grontkontor.dk\/de\/shop\/stifthalter-und-organizer-recycling-grau\/#breadcrumb\"},\"inLanguage\":\"de\",\"potentialAction\":[{\"@type\":\"ReadAction\",\"target\":[\"https:\/\/grontkontor.dk\/de\/shop\/stifthalter-und-organizer-recycling-grau\/\"]}]},{\"@type\":\"BreadcrumbList\",\"@id\":\"https:\/\/grontkontor.dk\/de\/shop\/stifthalter-und-organizer-recycling-grau\/#breadcrumb\",\"itemListElement\":[{\"@type\":\"ListItem\",\"position\":1,\"name\":\"Forside\",\"item\":\"https:\/\/grontkontor.dk\/de\/\"},{\"@type\":\"ListItem\",\"position\":2,\"name\":\"Laden\",\"item\":\"https:\/\/grontkontor.dk\/de\/laden\/\"},{\"@type\":\"ListItem\",\"position\":3,\"name\":\"Skrivebordsudstyr\",\"item\":\"https:\/\/grontkontor.dk\/produkt-kategori\/skrivebordsudstyr\/\"},{\"@type\":\"ListItem\",\"position\":4,\"name\":\"Penneholdere\",\"item\":\"https:\/\/grontkontor.dk\/produkt-kategori\/skrivebordsudstyr\/penneholdere-skrivebordsudstyr\/\"},{\"@type\":\"ListItem\",\"position\":5,\"name\":\"Recycling von Stifthaltern und Organizern\"}]},{\"@type\":\"WebSite\",\"@id\":\"https:\/\/grontkontor.dk\/#website\",\"url\":\"https:\/\/grontkontor.dk\/\",\"name\":\"Gr\u00f8nt Kontor\",\"description\":\"Milj\u00f8venlige produkter til kontor og erhverv med fokus p\u00e5 b\u00e6redygtighed, design og fair trade.\",\"publisher\":{\"@id\":\"https:\/\/grontkontor.dk\/#organization\"},\"potentialAction\":[{\"@type\":\"SearchAction\",\"target\":{\"@type\":\"EntryPoint\",\"urlTemplate\":\"https:\/\/grontkontor.dk\/?s={search_term_string}\"},\"query-input\":\"required name=search_term_string\"}],\"inLanguage\":\"de\"},{\"@type\":\"Organization\",\"@id\":\"https:\/\/grontkontor.dk\/#organization\",\"name\":\"Gr\u00f8nt Kontor\",\"url\":\"https:\/\/grontkontor.dk\/\",\"logo\":{\"@type\":\"ImageObject\",\"inLanguage\":\"de\",\"@id\":\"https:\/\/grontkontor.dk\/#\/schema\/logo\/image\/\",\"url\":\"https:\/\/grontkontor.dk\/wp-content\/uploads\/2014\/02\/Logo_groent_kontor_300x80.png\",\"contentUrl\":\"https:\/\/grontkontor.dk\/wp-content\/uploads\/2014\/02\/Logo_groent_kontor_300x80.png\",\"width\":300,\"height\":80,\"caption\":\"Gr\u00f8nt Kontor\"},\"image\":{\"@id\":\"https:\/\/grontkontor.dk\/#\/schema\/logo\/image\/\"},\"sameAs\":[\"https:\/\/www.facebook.com\/grontkontor.dk\/\"]}]}<\/script>\n<!-- \/ Yoast SEO Premium plugin. -->","yoast_head_json":{"title":"Recycling von Stifthaltern und Organizern - Gr\u00f8nt Kontor","robots":{"index":"index","follow":"follow","max-snippet":"max-snippet:-1","max-image-preview":"max-image-preview:large","max-video-preview":"max-video-preview:-1"},"canonical":"https:\/\/grontkontor.dk\/de\/shop\/stifthalter-und-organizer-recycling-grau\/","og_locale":"de_DE","og_type":"article","og_title":"Recycling von Stifthaltern und Organizern","og_description":"Praktischer Schreibtisch-Organizer mit f\u00fcnf F\u00e4chern. Ein klimafreundliches Produkt, das sich perfekt eignet, um den \u00dcberblick \u00fcber Schreibutensilien, B\u00fcroklammern und Co. zu behalten. Ma\u00dfe: LxBxH 90 x 143 x 125 mm. Blauer Engel zertifiziert. Hergestellt in der EU. Auch in Schwarz und Blau erh\u00e4ltlich. Recycelter Kunststoff ist \u2013 trotz seines fossilen Ursprungs \u2013 ein umweltfreundliches Material. [&hellip;]","og_url":"https:\/\/grontkontor.dk\/de\/shop\/stifthalter-und-organizer-recycling-grau\/","og_site_name":"Gr\u00f8nt Kontor","article_publisher":"https:\/\/www.facebook.com\/grontkontor.dk\/","og_image":[{"width":800,"height":568,"url":"https:\/\/grontkontor.dk\/wp-content\/uploads\/2019\/04\/penneholder-organizer-graa-02.jpg","type":"image\/jpeg"}],"twitter_card":"summary_large_image","twitter_misc":{"Gesch\u00e4tzte Lesezeit":"1\u00a0Minute"},"schema":{"@context":"https:\/\/schema.org","@graph":[{"@type":"WebPage","@id":"https:\/\/grontkontor.dk\/de\/shop\/stifthalter-und-organizer-recycling-grau\/","url":"https:\/\/grontkontor.dk\/de\/shop\/stifthalter-und-organizer-recycling-grau\/","name":"Recycling von Stifthaltern und Organizern - Gr\u00f8nt Kontor","isPartOf":{"@id":"https:\/\/grontkontor.dk\/#website"},"datePublished":"2024-05-29T09:11:23+00:00","dateModified":"2024-05-29T09:11:23+00:00","breadcrumb":{"@id":"https:\/\/grontkontor.dk\/de\/shop\/stifthalter-und-organizer-recycling-grau\/#breadcrumb"},"inLanguage":"de","potentialAction":[{"@type":"ReadAction","target":["https:\/\/grontkontor.dk\/de\/shop\/stifthalter-und-organizer-recycling-grau\/"]}]},{"@type":"BreadcrumbList","@id":"https:\/\/grontkontor.dk\/de\/shop\/stifthalter-und-organizer-recycling-grau\/#breadcrumb","itemListElement":[{"@type":"ListItem","position":1,"name":"Forside","item":"https:\/\/grontkontor.dk\/de\/"},{"@type":"ListItem","position":2,"name":"Laden","item":"https:\/\/grontkontor.dk\/de\/laden\/"},{"@type":"ListItem","position":3,"name":"Skrivebordsudstyr","item":"https:\/\/grontkontor.dk\/produkt-kategori\/skrivebordsudstyr\/"},{"@type":"ListItem","position":4,"name":"Penneholdere","item":"https:\/\/grontkontor.dk\/produkt-kategori\/skrivebordsudstyr\/penneholdere-skrivebordsudstyr\/"},{"@type":"ListItem","position":5,"name":"Recycling von Stifthaltern und Organizern"}]},{"@type":"WebSite","@id":"https:\/\/grontkontor.dk\/#website","url":"https:\/\/grontkontor.dk\/","name":"Gr\u00f8nt Kontor","description":"Milj\u00f8venlige produkter til kontor og erhverv med fokus p\u00e5 b\u00e6redygtighed, design og fair trade.","publisher":{"@id":"https:\/\/grontkontor.dk\/#organization"},"potentialAction":[{"@type":"SearchAction","target":{"@type":"EntryPoint","urlTemplate":"https:\/\/grontkontor.dk\/?s={search_term_string}"},"query-input":"required name=search_term_string"}],"inLanguage":"de"},{"@type":"Organization","@id":"https:\/\/grontkontor.dk\/#organization","name":"Gr\u00f8nt Kontor","url":"https:\/\/grontkontor.dk\/","logo":{"@type":"ImageObject","inLanguage":"de","@id":"https:\/\/grontkontor.dk\/#\/schema\/logo\/image\/","url":"https:\/\/grontkontor.dk\/wp-content\/uploads\/2014\/02\/Logo_groent_kontor_300x80.png","contentUrl":"https:\/\/grontkontor.dk\/wp-content\/uploads\/2014\/02\/Logo_groent_kontor_300x80.png","width":300,"height":80,"caption":"Gr\u00f8nt Kontor"},"image":{"@id":"https:\/\/grontkontor.dk\/#\/schema\/logo\/image\/"},"sameAs":["https:\/\/www.facebook.com\/grontkontor.dk\/"]}]}},"_links":{"self":[{"href":"https:\/\/grontkontor.dk\/de\/wp-json\/wp\/v2\/product\/90639"}],"collection":[{"href":"https:\/\/grontkontor.dk\/de\/wp-json\/wp\/v2\/product"}],"about":[{"href":"https:\/\/grontkontor.dk\/de\/wp-json\/wp\/v2\/types\/product"}],"replies":[{"embeddable":true,"href":"https:\/\/grontkontor.dk\/de\/wp-json\/wp\/v2\/comments?post=90639"}],"wp:featuredmedia":[{"embeddable":true,"href":"https:\/\/grontkontor.dk\/de\/wp-json\/wp\/v2\/media\/90648"}],"wp:attachment":[{"href":"https:\/\/grontkontor.dk\/de\/wp-json\/wp\/v2\/media?parent=90639"}],"wp:term":[{"taxonomy":"product_cat","embeddable":true,"href":"https:\/\/grontkontor.dk\/de\/wp-json\/wp\/v2\/product_cat?post=90639"},{"taxonomy":"product_tag","embeddable":true,"href":"https:\/\/grontkontor.dk\/de\/wp-json\/wp\/v2\/product_tag?post=90639"}],"curies":[{"name":"wp","href":"https:\/\/api.w.org\/{rel}","templated":true}]}}