{"id":90666,"date":"2023-09-22T13:04:40","date_gmt":"2024-05-29T09:11:28","guid":{"rendered":"https:\/\/grontkontor.dk\/shop\/tabs-1-31-a4-recycling\/"},"modified":"2024-05-29T11:11:28","modified_gmt":"2024-05-29T09:11:28","slug":"tabs-1-31-a4-recycling","status":"publish","type":"product","link":"https:\/\/grontkontor.dk\/de\/shop\/tabs-1-31-a4-recycling\/","title":{"rendered":"Registerkarten 1-31 A4 Recycling"},"content":{"rendered":"<p>Klimafreundliche recycelte A4-Tabs mit 31 Tabs, hergestellt aus 100% Recyclingpapier. Passend f\u00fcr 2 oder 4 L\u00f6cher nach europ\u00e4ischem und schwedischem Standard. Das strapazierf\u00e4hige 150g Kraftpapier verleiht Ihrer Pr\u00e4sentationsmappe ein sch\u00f6nes rustikales Aussehen. Ein klima- und umweltfreundliches Produkt.<\/p>\n<img loading=\"lazy\" decoding=\"async\" src=\"https:\/\/grontkontor.dk\/wp-content\/uploads\/2021\/02\/genbrug.jpg\" alt=\"Fremstillet af genbrugsmaterialer\" width=\"50\" height=\"50\" class=\"size-full wp-image-23031\" srcset=\"https:\/\/grontkontor.dk\/wp-content\/uploads\/2021\/02\/genbrug.jpg 199w, https:\/\/grontkontor.dk\/wp-content\/uploads\/2021\/02\/genbrug-100x100.jpg 100w\" sizes=\"(max-width: 50px) 100vw, 50px\" \/>\n","protected":false},"excerpt":{"rendered":"<p>Klimafreundliche recycelte A4-Tabs mit 31 Tabs, hergestellt aus 100% Recyclingpapier. Passend f\u00fcr 2 oder 4 L\u00f6cher nach europ\u00e4ischem und schwedischem Standard. Das strapazierf\u00e4hige 150g Kraftpapier verleiht Ihrer Pr\u00e4sentationsmappe ein sch\u00f6nes rustikales Aussehen. Ein klima- und umweltfreundliches Produkt.<\/p>\n","protected":false},"featured_media":90659,"comment_status":"closed","ping_status":"closed","template":"","meta":{"_acf_changed":false},"product_cat":[3525,3325,3088],"product_tag":[3532,4269,4270,4268],"class_list":{"0":"post-90666","1":"product","2":"type-product","3":"status-publish","4":"has-post-thumbnail","6":"product_cat-bindemittel","7":"product_cat-dummy-moq-1-de","8":"product_cat-arkivering-de","9":"product_tag-bindemittel","10":"product_tag-index-de","11":"product_tag-index-de-2","12":"product_tag-tabulatoren","13":"tm-has-options","15":"first","16":"instock","17":"taxable","18":"shipping-taxable","19":"purchasable","20":"product-type-simple"},"acf":[],"yoast_head":"<!-- This site is optimized with the Yoast SEO Premium plugin v21.2 (Yoast SEO v21.2) - https:\/\/yoast.com\/wordpress\/plugins\/seo\/ -->\n<title>Registerkarten 1-31 A4 Recycling - Gr\u00f8nt Kontor<\/title>\n<meta name=\"robots\" content=\"index, follow, max-snippet:-1, max-image-preview:large, max-video-preview:-1\" \/>\n<link rel=\"canonical\" href=\"https:\/\/grontkontor.dk\/de\/shop\/tabs-1-31-a4-recycling\/\" \/>\n<meta property=\"og:locale\" content=\"de_DE\" \/>\n<meta property=\"og:type\" content=\"article\" \/>\n<meta property=\"og:title\" content=\"Registerkarten 1-31 A4 Recycling\" \/>\n<meta property=\"og:description\" content=\"Klimafreundliche recycelte A4-Tabs mit 31 Tabs, hergestellt aus 100% Recyclingpapier. Passend f\u00fcr 2 oder 4 L\u00f6cher nach europ\u00e4ischem und schwedischem Standard. Das strapazierf\u00e4hige 150g Kraftpapier verleiht Ihrer Pr\u00e4sentationsmappe ein sch\u00f6nes rustikales Aussehen. Ein klima- und umweltfreundliches Produkt.\" \/>\n<meta property=\"og:url\" content=\"https:\/\/grontkontor.dk\/de\/shop\/tabs-1-31-a4-recycling\/\" \/>\n<meta property=\"og:site_name\" content=\"Gr\u00f8nt Kontor\" \/>\n<meta property=\"article:publisher\" content=\"https:\/\/www.facebook.com\/grontkontor.dk\/\" \/>\n<meta property=\"og:image\" content=\"https:\/\/grontkontor.dk\/wp-content\/uploads\/2019\/03\/faneblade-1-31-a4-genbrug.jpg\" \/>\n\t<meta property=\"og:image:width\" content=\"800\" \/>\n\t<meta property=\"og:image:height\" content=\"538\" \/>\n\t<meta property=\"og:image:type\" content=\"image\/jpeg\" \/>\n<meta name=\"twitter:card\" content=\"summary_large_image\" \/>\n<script type=\"application\/ld+json\" class=\"yoast-schema-graph\">{\"@context\":\"https:\/\/schema.org\",\"@graph\":[{\"@type\":\"WebPage\",\"@id\":\"https:\/\/grontkontor.dk\/de\/shop\/tabs-1-31-a4-recycling\/\",\"url\":\"https:\/\/grontkontor.dk\/de\/shop\/tabs-1-31-a4-recycling\/\",\"name\":\"Registerkarten 1-31 A4 Recycling - Gr\u00f8nt Kontor\",\"isPartOf\":{\"@id\":\"https:\/\/grontkontor.dk\/#website\"},\"datePublished\":\"2024-05-29T09:11:28+00:00\",\"dateModified\":\"2024-05-29T09:11:28+00:00\",\"breadcrumb\":{\"@id\":\"https:\/\/grontkontor.dk\/de\/shop\/tabs-1-31-a4-recycling\/#breadcrumb\"},\"inLanguage\":\"de\",\"potentialAction\":[{\"@type\":\"ReadAction\",\"target\":[\"https:\/\/grontkontor.dk\/de\/shop\/tabs-1-31-a4-recycling\/\"]}]},{\"@type\":\"BreadcrumbList\",\"@id\":\"https:\/\/grontkontor.dk\/de\/shop\/tabs-1-31-a4-recycling\/#breadcrumb\",\"itemListElement\":[{\"@type\":\"ListItem\",\"position\":1,\"name\":\"Forside\",\"item\":\"https:\/\/grontkontor.dk\/de\/\"},{\"@type\":\"ListItem\",\"position\":2,\"name\":\"Laden\",\"item\":\"https:\/\/grontkontor.dk\/de\/laden\/\"},{\"@type\":\"ListItem\",\"position\":3,\"name\":\"Archivierung\",\"item\":\"https:\/\/grontkontor.dk\/de\/produkt-kategori\/arkivering-de\/\"},{\"@type\":\"ListItem\",\"position\":4,\"name\":\"Bindemittel\",\"item\":\"https:\/\/grontkontor.dk\/de\/produkt-kategori\/arkivering-de\/bindemittel\/\"},{\"@type\":\"ListItem\",\"position\":5,\"name\":\"Registerkarten 1-31 A4 Recycling\"}]},{\"@type\":\"WebSite\",\"@id\":\"https:\/\/grontkontor.dk\/#website\",\"url\":\"https:\/\/grontkontor.dk\/\",\"name\":\"Gr\u00f8nt Kontor\",\"description\":\"Milj\u00f8venlige produkter til kontor og erhverv med fokus p\u00e5 b\u00e6redygtighed, design og fair trade.\",\"publisher\":{\"@id\":\"https:\/\/grontkontor.dk\/#organization\"},\"potentialAction\":[{\"@type\":\"SearchAction\",\"target\":{\"@type\":\"EntryPoint\",\"urlTemplate\":\"https:\/\/grontkontor.dk\/?s={search_term_string}\"},\"query-input\":\"required name=search_term_string\"}],\"inLanguage\":\"de\"},{\"@type\":\"Organization\",\"@id\":\"https:\/\/grontkontor.dk\/#organization\",\"name\":\"Gr\u00f8nt Kontor\",\"url\":\"https:\/\/grontkontor.dk\/\",\"logo\":{\"@type\":\"ImageObject\",\"inLanguage\":\"de\",\"@id\":\"https:\/\/grontkontor.dk\/#\/schema\/logo\/image\/\",\"url\":\"https:\/\/grontkontor.dk\/wp-content\/uploads\/2014\/02\/Logo_groent_kontor_300x80.png\",\"contentUrl\":\"https:\/\/grontkontor.dk\/wp-content\/uploads\/2014\/02\/Logo_groent_kontor_300x80.png\",\"width\":300,\"height\":80,\"caption\":\"Gr\u00f8nt Kontor\"},\"image\":{\"@id\":\"https:\/\/grontkontor.dk\/#\/schema\/logo\/image\/\"},\"sameAs\":[\"https:\/\/www.facebook.com\/grontkontor.dk\/\"]}]}<\/script>\n<!-- \/ Yoast SEO Premium plugin. -->","yoast_head_json":{"title":"Registerkarten 1-31 A4 Recycling - Gr\u00f8nt Kontor","robots":{"index":"index","follow":"follow","max-snippet":"max-snippet:-1","max-image-preview":"max-image-preview:large","max-video-preview":"max-video-preview:-1"},"canonical":"https:\/\/grontkontor.dk\/de\/shop\/tabs-1-31-a4-recycling\/","og_locale":"de_DE","og_type":"article","og_title":"Registerkarten 1-31 A4 Recycling","og_description":"Klimafreundliche recycelte A4-Tabs mit 31 Tabs, hergestellt aus 100% Recyclingpapier. Passend f\u00fcr 2 oder 4 L\u00f6cher nach europ\u00e4ischem und schwedischem Standard. Das strapazierf\u00e4hige 150g Kraftpapier verleiht Ihrer Pr\u00e4sentationsmappe ein sch\u00f6nes rustikales Aussehen. Ein klima- und umweltfreundliches Produkt.","og_url":"https:\/\/grontkontor.dk\/de\/shop\/tabs-1-31-a4-recycling\/","og_site_name":"Gr\u00f8nt Kontor","article_publisher":"https:\/\/www.facebook.com\/grontkontor.dk\/","og_image":[{"width":800,"height":538,"url":"https:\/\/grontkontor.dk\/wp-content\/uploads\/2019\/03\/faneblade-1-31-a4-genbrug.jpg","type":"image\/jpeg"}],"twitter_card":"summary_large_image","schema":{"@context":"https:\/\/schema.org","@graph":[{"@type":"WebPage","@id":"https:\/\/grontkontor.dk\/de\/shop\/tabs-1-31-a4-recycling\/","url":"https:\/\/grontkontor.dk\/de\/shop\/tabs-1-31-a4-recycling\/","name":"Registerkarten 1-31 A4 Recycling - Gr\u00f8nt Kontor","isPartOf":{"@id":"https:\/\/grontkontor.dk\/#website"},"datePublished":"2024-05-29T09:11:28+00:00","dateModified":"2024-05-29T09:11:28+00:00","breadcrumb":{"@id":"https:\/\/grontkontor.dk\/de\/shop\/tabs-1-31-a4-recycling\/#breadcrumb"},"inLanguage":"de","potentialAction":[{"@type":"ReadAction","target":["https:\/\/grontkontor.dk\/de\/shop\/tabs-1-31-a4-recycling\/"]}]},{"@type":"BreadcrumbList","@id":"https:\/\/grontkontor.dk\/de\/shop\/tabs-1-31-a4-recycling\/#breadcrumb","itemListElement":[{"@type":"ListItem","position":1,"name":"Forside","item":"https:\/\/grontkontor.dk\/de\/"},{"@type":"ListItem","position":2,"name":"Laden","item":"https:\/\/grontkontor.dk\/de\/laden\/"},{"@type":"ListItem","position":3,"name":"Archivierung","item":"https:\/\/grontkontor.dk\/de\/produkt-kategori\/arkivering-de\/"},{"@type":"ListItem","position":4,"name":"Bindemittel","item":"https:\/\/grontkontor.dk\/de\/produkt-kategori\/arkivering-de\/bindemittel\/"},{"@type":"ListItem","position":5,"name":"Registerkarten 1-31 A4 Recycling"}]},{"@type":"WebSite","@id":"https:\/\/grontkontor.dk\/#website","url":"https:\/\/grontkontor.dk\/","name":"Gr\u00f8nt Kontor","description":"Milj\u00f8venlige produkter til kontor og erhverv med fokus p\u00e5 b\u00e6redygtighed, design og fair trade.","publisher":{"@id":"https:\/\/grontkontor.dk\/#organization"},"potentialAction":[{"@type":"SearchAction","target":{"@type":"EntryPoint","urlTemplate":"https:\/\/grontkontor.dk\/?s={search_term_string}"},"query-input":"required name=search_term_string"}],"inLanguage":"de"},{"@type":"Organization","@id":"https:\/\/grontkontor.dk\/#organization","name":"Gr\u00f8nt Kontor","url":"https:\/\/grontkontor.dk\/","logo":{"@type":"ImageObject","inLanguage":"de","@id":"https:\/\/grontkontor.dk\/#\/schema\/logo\/image\/","url":"https:\/\/grontkontor.dk\/wp-content\/uploads\/2014\/02\/Logo_groent_kontor_300x80.png","contentUrl":"https:\/\/grontkontor.dk\/wp-content\/uploads\/2014\/02\/Logo_groent_kontor_300x80.png","width":300,"height":80,"caption":"Gr\u00f8nt Kontor"},"image":{"@id":"https:\/\/grontkontor.dk\/#\/schema\/logo\/image\/"},"sameAs":["https:\/\/www.facebook.com\/grontkontor.dk\/"]}]}},"_links":{"self":[{"href":"https:\/\/grontkontor.dk\/de\/wp-json\/wp\/v2\/product\/90666"}],"collection":[{"href":"https:\/\/grontkontor.dk\/de\/wp-json\/wp\/v2\/product"}],"about":[{"href":"https:\/\/grontkontor.dk\/de\/wp-json\/wp\/v2\/types\/product"}],"replies":[{"embeddable":true,"href":"https:\/\/grontkontor.dk\/de\/wp-json\/wp\/v2\/comments?post=90666"}],"wp:featuredmedia":[{"embeddable":true,"href":"https:\/\/grontkontor.dk\/de\/wp-json\/wp\/v2\/media\/90659"}],"wp:attachment":[{"href":"https:\/\/grontkontor.dk\/de\/wp-json\/wp\/v2\/media?parent=90666"}],"wp:term":[{"taxonomy":"product_cat","embeddable":true,"href":"https:\/\/grontkontor.dk\/de\/wp-json\/wp\/v2\/product_cat?post=90666"},{"taxonomy":"product_tag","embeddable":true,"href":"https:\/\/grontkontor.dk\/de\/wp-json\/wp\/v2\/product_tag?post=90666"}],"curies":[{"name":"wp","href":"https:\/\/api.w.org\/{rel}","templated":true}]}}