{"id":90682,"date":"2023-09-22T13:04:40","date_gmt":"2024-05-29T09:11:30","guid":{"rendered":"https:\/\/grontkontor.dk\/shop\/mull-in-schwarz-staal-gross\/"},"modified":"2024-05-29T11:11:30","modified_gmt":"2024-05-29T09:11:30","slug":"mull-in-schwarz-staal-gross","status":"publish","type":"product","link":"https:\/\/grontkontor.dk\/de\/shop\/mull-in-schwarz-staal-gross\/","title":{"rendered":"Papierkorb &#8211; Gro\u00df"},"content":{"rendered":"<p>Gro\u00dfer Papierkorb aus schwarzem Stahl. Ein klima- und umweltfreundliches Produkt.<br \/>\n335x280x235 mm (H\u00f6he x Durchmesser &#8211; oberer Ring x Durchmesser &#8211; unterer Ring). Fasst 18 Liter.<\/p>\n<p>[staal]<\/p>\n","protected":false},"excerpt":{"rendered":"<p>Gro\u00dfer Papierkorb aus schwarzem Stahl. Ein klima- und umweltfreundliches Produkt. 335x280x235 mm (H\u00f6he x Durchmesser &#8211; oberer Ring x Durchmesser &#8211; unterer Ring). Fasst 18 Liter. [staal]<\/p>\n","protected":false},"featured_media":90689,"comment_status":"closed","ping_status":"closed","template":"","meta":{"_acf_changed":false},"product_cat":[3433,3325,3323,3540],"product_tag":[4108,3954,3955],"class_list":{"0":"post-90682","1":"product","2":"type-product","3":"status-publish","4":"has-post-thumbnail","6":"product_cat-abfallwirtschaft","7":"product_cat-dummy-moq-1-de","8":"product_cat-produktserien","9":"product_cat-schwarzer-stahl","10":"product_tag-abfallbehaelter","11":"product_tag-muell","12":"product_tag-papierkorb","13":"tm-has-options","15":"first","16":"instock","17":"taxable","18":"shipping-taxable","19":"purchasable","20":"product-type-simple"},"acf":[],"yoast_head":"<!-- This site is optimized with the Yoast SEO Premium plugin v21.2 (Yoast SEO v21.2) - https:\/\/yoast.com\/wordpress\/plugins\/seo\/ -->\n<title>Papierkorb - Gro\u00df - Gr\u00f8nt Kontor<\/title>\n<meta name=\"robots\" content=\"index, follow, max-snippet:-1, max-image-preview:large, max-video-preview:-1\" \/>\n<link rel=\"canonical\" href=\"https:\/\/grontkontor.dk\/de\/shop\/mull-in-schwarz-staal-gross\/\" \/>\n<meta property=\"og:locale\" content=\"de_DE\" \/>\n<meta property=\"og:type\" content=\"article\" \/>\n<meta property=\"og:title\" content=\"Papierkorb - Gro\u00df\" \/>\n<meta property=\"og:description\" content=\"Gro\u00dfer Papierkorb aus schwarzem Stahl. Ein klima- und umweltfreundliches Produkt. 335x280x235 mm (H\u00f6he x Durchmesser &#8211; oberer Ring x Durchmesser &#8211; unterer Ring). Fasst 18 Liter. [staal]\" \/>\n<meta property=\"og:url\" content=\"https:\/\/grontkontor.dk\/de\/shop\/mull-in-schwarz-staal-gross\/\" \/>\n<meta property=\"og:site_name\" content=\"Gr\u00f8nt Kontor\" \/>\n<meta property=\"article:publisher\" content=\"https:\/\/www.facebook.com\/grontkontor.dk\/\" \/>\n<meta name=\"twitter:card\" content=\"summary_large_image\" \/>\n<script type=\"application\/ld+json\" class=\"yoast-schema-graph\">{\"@context\":\"https:\/\/schema.org\",\"@graph\":[{\"@type\":\"WebPage\",\"@id\":\"https:\/\/grontkontor.dk\/de\/shop\/mull-in-schwarz-staal-gross\/\",\"url\":\"https:\/\/grontkontor.dk\/de\/shop\/mull-in-schwarz-staal-gross\/\",\"name\":\"Papierkorb - Gro\u00df - Gr\u00f8nt Kontor\",\"isPartOf\":{\"@id\":\"https:\/\/grontkontor.dk\/#website\"},\"datePublished\":\"2024-05-29T09:11:30+00:00\",\"dateModified\":\"2024-05-29T09:11:30+00:00\",\"breadcrumb\":{\"@id\":\"https:\/\/grontkontor.dk\/de\/shop\/mull-in-schwarz-staal-gross\/#breadcrumb\"},\"inLanguage\":\"de\",\"potentialAction\":[{\"@type\":\"ReadAction\",\"target\":[\"https:\/\/grontkontor.dk\/de\/shop\/mull-in-schwarz-staal-gross\/\"]}]},{\"@type\":\"BreadcrumbList\",\"@id\":\"https:\/\/grontkontor.dk\/de\/shop\/mull-in-schwarz-staal-gross\/#breadcrumb\",\"itemListElement\":[{\"@type\":\"ListItem\",\"position\":1,\"name\":\"Forside\",\"item\":\"https:\/\/grontkontor.dk\/de\/\"},{\"@type\":\"ListItem\",\"position\":2,\"name\":\"Laden\",\"item\":\"https:\/\/grontkontor.dk\/de\/laden\/\"},{\"@type\":\"ListItem\",\"position\":3,\"name\":\"M\u00f6bel und Einrichtungsgegenst\u00e4nde\",\"item\":\"https:\/\/grontkontor.dk\/de\/produkt-kategori\/moebel-und-einrichtungsgegenstaende\/\"},{\"@type\":\"ListItem\",\"position\":4,\"name\":\"Abfallwirtschaft\",\"item\":\"https:\/\/grontkontor.dk\/de\/produkt-kategori\/moebel-und-einrichtungsgegenstaende\/abfallwirtschaft\/\"},{\"@type\":\"ListItem\",\"position\":5,\"name\":\"Papierkorb &#8211; Gro\u00df\"}]},{\"@type\":\"WebSite\",\"@id\":\"https:\/\/grontkontor.dk\/#website\",\"url\":\"https:\/\/grontkontor.dk\/\",\"name\":\"Gr\u00f8nt Kontor\",\"description\":\"Milj\u00f8venlige produkter til kontor og erhverv med fokus p\u00e5 b\u00e6redygtighed, design og fair trade.\",\"publisher\":{\"@id\":\"https:\/\/grontkontor.dk\/#organization\"},\"potentialAction\":[{\"@type\":\"SearchAction\",\"target\":{\"@type\":\"EntryPoint\",\"urlTemplate\":\"https:\/\/grontkontor.dk\/?s={search_term_string}\"},\"query-input\":\"required name=search_term_string\"}],\"inLanguage\":\"de\"},{\"@type\":\"Organization\",\"@id\":\"https:\/\/grontkontor.dk\/#organization\",\"name\":\"Gr\u00f8nt Kontor\",\"url\":\"https:\/\/grontkontor.dk\/\",\"logo\":{\"@type\":\"ImageObject\",\"inLanguage\":\"de\",\"@id\":\"https:\/\/grontkontor.dk\/#\/schema\/logo\/image\/\",\"url\":\"https:\/\/grontkontor.dk\/wp-content\/uploads\/2014\/02\/Logo_groent_kontor_300x80.png\",\"contentUrl\":\"https:\/\/grontkontor.dk\/wp-content\/uploads\/2014\/02\/Logo_groent_kontor_300x80.png\",\"width\":300,\"height\":80,\"caption\":\"Gr\u00f8nt Kontor\"},\"image\":{\"@id\":\"https:\/\/grontkontor.dk\/#\/schema\/logo\/image\/\"},\"sameAs\":[\"https:\/\/www.facebook.com\/grontkontor.dk\/\"]}]}<\/script>\n<!-- \/ Yoast SEO Premium plugin. -->","yoast_head_json":{"title":"Papierkorb - Gro\u00df - Gr\u00f8nt Kontor","robots":{"index":"index","follow":"follow","max-snippet":"max-snippet:-1","max-image-preview":"max-image-preview:large","max-video-preview":"max-video-preview:-1"},"canonical":"https:\/\/grontkontor.dk\/de\/shop\/mull-in-schwarz-staal-gross\/","og_locale":"de_DE","og_type":"article","og_title":"Papierkorb - Gro\u00df","og_description":"Gro\u00dfer Papierkorb aus schwarzem Stahl. Ein klima- und umweltfreundliches Produkt. 335x280x235 mm (H\u00f6he x Durchmesser &#8211; oberer Ring x Durchmesser &#8211; unterer Ring). Fasst 18 Liter. [staal]","og_url":"https:\/\/grontkontor.dk\/de\/shop\/mull-in-schwarz-staal-gross\/","og_site_name":"Gr\u00f8nt Kontor","article_publisher":"https:\/\/www.facebook.com\/grontkontor.dk\/","twitter_card":"summary_large_image","schema":{"@context":"https:\/\/schema.org","@graph":[{"@type":"WebPage","@id":"https:\/\/grontkontor.dk\/de\/shop\/mull-in-schwarz-staal-gross\/","url":"https:\/\/grontkontor.dk\/de\/shop\/mull-in-schwarz-staal-gross\/","name":"Papierkorb - Gro\u00df - Gr\u00f8nt Kontor","isPartOf":{"@id":"https:\/\/grontkontor.dk\/#website"},"datePublished":"2024-05-29T09:11:30+00:00","dateModified":"2024-05-29T09:11:30+00:00","breadcrumb":{"@id":"https:\/\/grontkontor.dk\/de\/shop\/mull-in-schwarz-staal-gross\/#breadcrumb"},"inLanguage":"de","potentialAction":[{"@type":"ReadAction","target":["https:\/\/grontkontor.dk\/de\/shop\/mull-in-schwarz-staal-gross\/"]}]},{"@type":"BreadcrumbList","@id":"https:\/\/grontkontor.dk\/de\/shop\/mull-in-schwarz-staal-gross\/#breadcrumb","itemListElement":[{"@type":"ListItem","position":1,"name":"Forside","item":"https:\/\/grontkontor.dk\/de\/"},{"@type":"ListItem","position":2,"name":"Laden","item":"https:\/\/grontkontor.dk\/de\/laden\/"},{"@type":"ListItem","position":3,"name":"M\u00f6bel und Einrichtungsgegenst\u00e4nde","item":"https:\/\/grontkontor.dk\/de\/produkt-kategori\/moebel-und-einrichtungsgegenstaende\/"},{"@type":"ListItem","position":4,"name":"Abfallwirtschaft","item":"https:\/\/grontkontor.dk\/de\/produkt-kategori\/moebel-und-einrichtungsgegenstaende\/abfallwirtschaft\/"},{"@type":"ListItem","position":5,"name":"Papierkorb &#8211; Gro\u00df"}]},{"@type":"WebSite","@id":"https:\/\/grontkontor.dk\/#website","url":"https:\/\/grontkontor.dk\/","name":"Gr\u00f8nt Kontor","description":"Milj\u00f8venlige produkter til kontor og erhverv med fokus p\u00e5 b\u00e6redygtighed, design og fair trade.","publisher":{"@id":"https:\/\/grontkontor.dk\/#organization"},"potentialAction":[{"@type":"SearchAction","target":{"@type":"EntryPoint","urlTemplate":"https:\/\/grontkontor.dk\/?s={search_term_string}"},"query-input":"required name=search_term_string"}],"inLanguage":"de"},{"@type":"Organization","@id":"https:\/\/grontkontor.dk\/#organization","name":"Gr\u00f8nt Kontor","url":"https:\/\/grontkontor.dk\/","logo":{"@type":"ImageObject","inLanguage":"de","@id":"https:\/\/grontkontor.dk\/#\/schema\/logo\/image\/","url":"https:\/\/grontkontor.dk\/wp-content\/uploads\/2014\/02\/Logo_groent_kontor_300x80.png","contentUrl":"https:\/\/grontkontor.dk\/wp-content\/uploads\/2014\/02\/Logo_groent_kontor_300x80.png","width":300,"height":80,"caption":"Gr\u00f8nt Kontor"},"image":{"@id":"https:\/\/grontkontor.dk\/#\/schema\/logo\/image\/"},"sameAs":["https:\/\/www.facebook.com\/grontkontor.dk\/"]}]}},"_links":{"self":[{"href":"https:\/\/grontkontor.dk\/de\/wp-json\/wp\/v2\/product\/90682"}],"collection":[{"href":"https:\/\/grontkontor.dk\/de\/wp-json\/wp\/v2\/product"}],"about":[{"href":"https:\/\/grontkontor.dk\/de\/wp-json\/wp\/v2\/types\/product"}],"replies":[{"embeddable":true,"href":"https:\/\/grontkontor.dk\/de\/wp-json\/wp\/v2\/comments?post=90682"}],"wp:featuredmedia":[{"embeddable":true,"href":"https:\/\/grontkontor.dk\/de\/wp-json\/wp\/v2\/media\/90689"}],"wp:attachment":[{"href":"https:\/\/grontkontor.dk\/de\/wp-json\/wp\/v2\/media?parent=90682"}],"wp:term":[{"taxonomy":"product_cat","embeddable":true,"href":"https:\/\/grontkontor.dk\/de\/wp-json\/wp\/v2\/product_cat?post=90682"},{"taxonomy":"product_tag","embeddable":true,"href":"https:\/\/grontkontor.dk\/de\/wp-json\/wp\/v2\/product_tag?post=90682"}],"curies":[{"name":"wp","href":"https:\/\/api.w.org\/{rel}","templated":true}]}}