{"id":90757,"date":"2023-09-22T13:04:04","date_gmt":"2024-05-29T09:12:17","guid":{"rendered":"https:\/\/grontkontor.dk\/shop\/tragetasche-oko-baumwolle\/"},"modified":"2024-05-29T11:12:17","modified_gmt":"2024-05-29T09:12:17","slug":"tragetasche-oko-baumwolle","status":"publish","type":"product","link":"https:\/\/grontkontor.dk\/de\/shop\/tragetasche-oko-baumwolle\/","title":{"rendered":"Tragetasche Bio-Baumwolle 140 g\/m\u00b2"},"content":{"rendered":"<p>Klimafreundliche Tragetaschen 38x42cm aus naturfarbener Bio-Baumwolle, mittlere Qualit\u00e4t.<\/p>\n<p>Ein klima- und umweltfreundliches Produkt, das in der EU von Erwachsenen hergestellt wird.  <a class=\"product-link\" style=\"color: #c8eade;\" href=\"https:\/\/grontkontor.dk\/produkt\/mulepose-oekologisk-bomuld-kraftig\/\">Erh\u00e4ltlich in einer extra schweren Version, f\u00fcr Preise klicken Sie hier.<\/a><\/p>\n<p>[oekobomuld] [ocs100_s]<\/p>\n<p>&nbsp;<\/p>\n<p><a href=\"http:\/\/www.okotex.dk\/om-oeko-tex\/\" target=\"window\" rel=\"noopener noreferrer\"><img loading=\"lazy\" decoding=\"async\" class=\"alignnone size-full wp-image-10567\" src=\"https:\/\/grontkontor.dk\/wp-content\/uploads\/2018\/08\/Oeko-Tex-Certificate-e1535546532803.jpg\" alt=\"OEKO-TEX-zertifizierte\u00ae Textilien sind sichere Textilien, die dem K\u00f6rper nicht schaden. Klicken Sie auf das Logo, um weitere Informationen zu erhalten.\" width=\"77\" height=\"50\"><\/a>  <a href=\"https:\/\/www.bsci-intl.org\/content\/what-we-do-0\" target=\"window\" rel=\"noopener noreferrer\"><img loading=\"lazy\" decoding=\"async\" class=\"alignnone size-full wp-image-10564\" src=\"https:\/\/grontkontor.dk\/wp-content\/uploads\/2018\/08\/BSCI-certificate.jpg\" alt=\"Die Business Social Compliance Initiative (BSCI) ist ein f\u00fchrendes Supply-Chain-Management-System zur Sicherstellung der Arbeits- und Sozialbedingungen in Unternehmen. Klicken Sie auf das Logo, um weitere Informationen zu erhalten.\" width=\"137\" height=\"50\"><\/a>  <a href=\"https:\/\/certifications.controlunion.com\/en\/certification-programs\/certification-programs\/ocs-100-organic-content-standard\" target=\"window\" rel=\"noopener noreferrer\"><img loading=\"lazy\" decoding=\"async\" class=\"alignnone size-full wp-image-10561\" src=\"https:\/\/grontkontor.dk\/wp-content\/uploads\/2018\/08\/organic-100-certificate-e1535555002835.jpg\" alt=\"Die Organic-100-Zertifizierung ist Ihre Garantie, dass alle Bestandteile eines Markenprodukts auf Schadstoffe gepr\u00fcft wurden\" width=\"50\" height=\"50\"><\/a><\/p>\n","protected":false},"excerpt":{"rendered":"<p>Klimafreundliche Tragetaschen 38x42cm aus naturfarbener Bio-Baumwolle, mittlere Qualit\u00e4t. Ein klima- und umweltfreundliches Produkt, das in der EU von Erwachsenen hergestellt wird. Erh\u00e4ltlich in einer extra schweren Version, f\u00fcr Preise klicken Sie hier. [oekobomuld] [ocs100_s] &nbsp;<\/p>\n","protected":false},"featured_media":90733,"comment_status":"closed","ping_status":"closed","template":"","meta":{"_acf_changed":false},"product_cat":[3517,4449,3512,3341],"product_tag":[3518,3957,4683,3345,3342,4685,4684],"class_list":{"0":"post-90757","1":"product","2":"type-product","3":"status-publish","4":"has-post-thumbnail","6":"product_cat-dummy-moq-50-100-de","7":"product_cat-geschenktueten-und-geschenkboxen","8":"product_cat-taschen-tueten-und-huellen","9":"product_cat-stofftaschen","10":"product_tag-baumwolltasche","11":"product_tag-tasche-aus-bio-baumwolle","12":"product_tag-taschen-aus-baumwolle","13":"product_tag-tragetasche-de","14":"product_tag-tragetasche","15":"product_tag-tragetaschen-de","16":"product_tag-tragetaschen","17":"tm-has-options","19":"first","20":"instock","21":"taxable","22":"shipping-taxable","23":"purchasable","24":"product-type-simple"},"acf":[],"yoast_head":"<!-- This site is optimized with the Yoast SEO Premium plugin v21.2 (Yoast SEO v21.2) - https:\/\/yoast.com\/wordpress\/plugins\/seo\/ -->\n<title>Tragetasche Bio-Baumwolle 140 g\/m\u00b2 - Gr\u00f8nt Kontor<\/title>\n<meta name=\"robots\" content=\"index, follow, max-snippet:-1, max-image-preview:large, max-video-preview:-1\" \/>\n<link rel=\"canonical\" href=\"https:\/\/grontkontor.dk\/de\/shop\/tragetasche-oko-baumwolle\/\" \/>\n<meta property=\"og:locale\" content=\"de_DE\" \/>\n<meta property=\"og:type\" content=\"article\" \/>\n<meta property=\"og:title\" content=\"Tragetasche Bio-Baumwolle 140 g\/m\u00b2\" \/>\n<meta property=\"og:description\" content=\"Klimafreundliche Tragetaschen 38x42cm aus naturfarbener Bio-Baumwolle, mittlere Qualit\u00e4t. Ein klima- und umweltfreundliches Produkt, das in der EU von Erwachsenen hergestellt wird. Erh\u00e4ltlich in einer extra schweren Version, f\u00fcr Preise klicken Sie hier. [oekobomuld] [ocs100_s] &nbsp;\" \/>\n<meta property=\"og:url\" content=\"https:\/\/grontkontor.dk\/de\/shop\/tragetasche-oko-baumwolle\/\" \/>\n<meta property=\"og:site_name\" content=\"Gr\u00f8nt Kontor\" \/>\n<meta property=\"article:publisher\" content=\"https:\/\/www.facebook.com\/grontkontor.dk\/\" \/>\n<meta property=\"og:image\" content=\"https:\/\/grontkontor.dk\/wp-content\/uploads\/2018\/08\/Oeko-Tex-Certificate.jpg\" \/>\n<meta name=\"twitter:card\" content=\"summary_large_image\" \/>\n<script type=\"application\/ld+json\" class=\"yoast-schema-graph\">{\"@context\":\"https:\/\/schema.org\",\"@graph\":[{\"@type\":\"WebPage\",\"@id\":\"https:\/\/grontkontor.dk\/de\/shop\/tragetasche-oko-baumwolle\/\",\"url\":\"https:\/\/grontkontor.dk\/de\/shop\/tragetasche-oko-baumwolle\/\",\"name\":\"Tragetasche Bio-Baumwolle 140 g\/m\u00b2 - Gr\u00f8nt Kontor\",\"isPartOf\":{\"@id\":\"https:\/\/grontkontor.dk\/#website\"},\"datePublished\":\"2024-05-29T09:12:17+00:00\",\"dateModified\":\"2024-05-29T09:12:17+00:00\",\"breadcrumb\":{\"@id\":\"https:\/\/grontkontor.dk\/de\/shop\/tragetasche-oko-baumwolle\/#breadcrumb\"},\"inLanguage\":\"de\",\"potentialAction\":[{\"@type\":\"ReadAction\",\"target\":[\"https:\/\/grontkontor.dk\/de\/shop\/tragetasche-oko-baumwolle\/\"]}]},{\"@type\":\"BreadcrumbList\",\"@id\":\"https:\/\/grontkontor.dk\/de\/shop\/tragetasche-oko-baumwolle\/#breadcrumb\",\"itemListElement\":[{\"@type\":\"ListItem\",\"position\":1,\"name\":\"Forside\",\"item\":\"https:\/\/grontkontor.dk\/de\/\"},{\"@type\":\"ListItem\",\"position\":2,\"name\":\"Laden\",\"item\":\"https:\/\/grontkontor.dk\/de\/laden\/\"},{\"@type\":\"ListItem\",\"position\":3,\"name\":\"Klimafreundliche Werbegeschenke\",\"item\":\"https:\/\/grontkontor.dk\/de\/produkt-kategori\/klimafreundliche-werbegeschenke\/\"},{\"@type\":\"ListItem\",\"position\":4,\"name\":\"Geschenkt\u00fcten und Geschenkboxen\",\"item\":\"https:\/\/grontkontor.dk\/de\/produkt-kategori\/klimafreundliche-werbegeschenke\/geschenktueten-und-geschenkboxen\/\"},{\"@type\":\"ListItem\",\"position\":5,\"name\":\"Tragetasche Bio-Baumwolle 140 g\/m\u00b2\"}]},{\"@type\":\"WebSite\",\"@id\":\"https:\/\/grontkontor.dk\/#website\",\"url\":\"https:\/\/grontkontor.dk\/\",\"name\":\"Gr\u00f8nt Kontor\",\"description\":\"Milj\u00f8venlige produkter til kontor og erhverv med fokus p\u00e5 b\u00e6redygtighed, design og fair trade.\",\"publisher\":{\"@id\":\"https:\/\/grontkontor.dk\/#organization\"},\"potentialAction\":[{\"@type\":\"SearchAction\",\"target\":{\"@type\":\"EntryPoint\",\"urlTemplate\":\"https:\/\/grontkontor.dk\/?s={search_term_string}\"},\"query-input\":\"required name=search_term_string\"}],\"inLanguage\":\"de\"},{\"@type\":\"Organization\",\"@id\":\"https:\/\/grontkontor.dk\/#organization\",\"name\":\"Gr\u00f8nt Kontor\",\"url\":\"https:\/\/grontkontor.dk\/\",\"logo\":{\"@type\":\"ImageObject\",\"inLanguage\":\"de\",\"@id\":\"https:\/\/grontkontor.dk\/#\/schema\/logo\/image\/\",\"url\":\"https:\/\/grontkontor.dk\/wp-content\/uploads\/2014\/02\/Logo_groent_kontor_300x80.png\",\"contentUrl\":\"https:\/\/grontkontor.dk\/wp-content\/uploads\/2014\/02\/Logo_groent_kontor_300x80.png\",\"width\":300,\"height\":80,\"caption\":\"Gr\u00f8nt Kontor\"},\"image\":{\"@id\":\"https:\/\/grontkontor.dk\/#\/schema\/logo\/image\/\"},\"sameAs\":[\"https:\/\/www.facebook.com\/grontkontor.dk\/\"]}]}<\/script>\n<!-- \/ Yoast SEO Premium plugin. -->","yoast_head_json":{"title":"Tragetasche Bio-Baumwolle 140 g\/m\u00b2 - Gr\u00f8nt Kontor","robots":{"index":"index","follow":"follow","max-snippet":"max-snippet:-1","max-image-preview":"max-image-preview:large","max-video-preview":"max-video-preview:-1"},"canonical":"https:\/\/grontkontor.dk\/de\/shop\/tragetasche-oko-baumwolle\/","og_locale":"de_DE","og_type":"article","og_title":"Tragetasche Bio-Baumwolle 140 g\/m\u00b2","og_description":"Klimafreundliche Tragetaschen 38x42cm aus naturfarbener Bio-Baumwolle, mittlere Qualit\u00e4t. Ein klima- und umweltfreundliches Produkt, das in der EU von Erwachsenen hergestellt wird. Erh\u00e4ltlich in einer extra schweren Version, f\u00fcr Preise klicken Sie hier. [oekobomuld] [ocs100_s] &nbsp;","og_url":"https:\/\/grontkontor.dk\/de\/shop\/tragetasche-oko-baumwolle\/","og_site_name":"Gr\u00f8nt Kontor","article_publisher":"https:\/\/www.facebook.com\/grontkontor.dk\/","og_image":[{"url":"https:\/\/grontkontor.dk\/wp-content\/uploads\/2018\/08\/Oeko-Tex-Certificate.jpg"}],"twitter_card":"summary_large_image","schema":{"@context":"https:\/\/schema.org","@graph":[{"@type":"WebPage","@id":"https:\/\/grontkontor.dk\/de\/shop\/tragetasche-oko-baumwolle\/","url":"https:\/\/grontkontor.dk\/de\/shop\/tragetasche-oko-baumwolle\/","name":"Tragetasche Bio-Baumwolle 140 g\/m\u00b2 - Gr\u00f8nt Kontor","isPartOf":{"@id":"https:\/\/grontkontor.dk\/#website"},"datePublished":"2024-05-29T09:12:17+00:00","dateModified":"2024-05-29T09:12:17+00:00","breadcrumb":{"@id":"https:\/\/grontkontor.dk\/de\/shop\/tragetasche-oko-baumwolle\/#breadcrumb"},"inLanguage":"de","potentialAction":[{"@type":"ReadAction","target":["https:\/\/grontkontor.dk\/de\/shop\/tragetasche-oko-baumwolle\/"]}]},{"@type":"BreadcrumbList","@id":"https:\/\/grontkontor.dk\/de\/shop\/tragetasche-oko-baumwolle\/#breadcrumb","itemListElement":[{"@type":"ListItem","position":1,"name":"Forside","item":"https:\/\/grontkontor.dk\/de\/"},{"@type":"ListItem","position":2,"name":"Laden","item":"https:\/\/grontkontor.dk\/de\/laden\/"},{"@type":"ListItem","position":3,"name":"Klimafreundliche Werbegeschenke","item":"https:\/\/grontkontor.dk\/de\/produkt-kategori\/klimafreundliche-werbegeschenke\/"},{"@type":"ListItem","position":4,"name":"Geschenkt\u00fcten und Geschenkboxen","item":"https:\/\/grontkontor.dk\/de\/produkt-kategori\/klimafreundliche-werbegeschenke\/geschenktueten-und-geschenkboxen\/"},{"@type":"ListItem","position":5,"name":"Tragetasche Bio-Baumwolle 140 g\/m\u00b2"}]},{"@type":"WebSite","@id":"https:\/\/grontkontor.dk\/#website","url":"https:\/\/grontkontor.dk\/","name":"Gr\u00f8nt Kontor","description":"Milj\u00f8venlige produkter til kontor og erhverv med fokus p\u00e5 b\u00e6redygtighed, design og fair trade.","publisher":{"@id":"https:\/\/grontkontor.dk\/#organization"},"potentialAction":[{"@type":"SearchAction","target":{"@type":"EntryPoint","urlTemplate":"https:\/\/grontkontor.dk\/?s={search_term_string}"},"query-input":"required name=search_term_string"}],"inLanguage":"de"},{"@type":"Organization","@id":"https:\/\/grontkontor.dk\/#organization","name":"Gr\u00f8nt Kontor","url":"https:\/\/grontkontor.dk\/","logo":{"@type":"ImageObject","inLanguage":"de","@id":"https:\/\/grontkontor.dk\/#\/schema\/logo\/image\/","url":"https:\/\/grontkontor.dk\/wp-content\/uploads\/2014\/02\/Logo_groent_kontor_300x80.png","contentUrl":"https:\/\/grontkontor.dk\/wp-content\/uploads\/2014\/02\/Logo_groent_kontor_300x80.png","width":300,"height":80,"caption":"Gr\u00f8nt Kontor"},"image":{"@id":"https:\/\/grontkontor.dk\/#\/schema\/logo\/image\/"},"sameAs":["https:\/\/www.facebook.com\/grontkontor.dk\/"]}]}},"_links":{"self":[{"href":"https:\/\/grontkontor.dk\/de\/wp-json\/wp\/v2\/product\/90757"}],"collection":[{"href":"https:\/\/grontkontor.dk\/de\/wp-json\/wp\/v2\/product"}],"about":[{"href":"https:\/\/grontkontor.dk\/de\/wp-json\/wp\/v2\/types\/product"}],"replies":[{"embeddable":true,"href":"https:\/\/grontkontor.dk\/de\/wp-json\/wp\/v2\/comments?post=90757"}],"wp:featuredmedia":[{"embeddable":true,"href":"https:\/\/grontkontor.dk\/de\/wp-json\/wp\/v2\/media\/90733"}],"wp:attachment":[{"href":"https:\/\/grontkontor.dk\/de\/wp-json\/wp\/v2\/media?parent=90757"}],"wp:term":[{"taxonomy":"product_cat","embeddable":true,"href":"https:\/\/grontkontor.dk\/de\/wp-json\/wp\/v2\/product_cat?post=90757"},{"taxonomy":"product_tag","embeddable":true,"href":"https:\/\/grontkontor.dk\/de\/wp-json\/wp\/v2\/product_tag?post=90757"}],"curies":[{"name":"wp","href":"https:\/\/api.w.org\/{rel}","templated":true}]}}