{"id":90765,"date":"2023-09-22T13:04:04","date_gmt":"2024-05-29T09:12:17","guid":{"rendered":"https:\/\/grontkontor.dk\/shop\/notizbuch-mit-stift-recycelten-materialien\/"},"modified":"2024-05-29T11:12:17","modified_gmt":"2024-05-29T09:12:17","slug":"notizbuch-mit-stift-recycelten-materialien","status":"publish","type":"product","link":"https:\/\/grontkontor.dk\/de\/shop\/notizbuch-mit-stift-recycelten-materialien\/","title":{"rendered":"Kugelschreiber Notizbuch Recycling"},"content":{"rendered":"<p>Praktisches kleines und klimafreundliches Notizbuch im A7-Taschenformat mit passendem Stift aus recycelten Materialien.<br \/>\nDas Notizbuch enth\u00e4lt 79 Blatt lineares Papier mit einem Umschlag und Inhaltsseiten aus Recyclingpapier.<br \/>\nDer Stift besteht aus recyceltem Kunststoff und Recyclingpapier und hat eine schwarze Schrift. Ein klima- und umweltfreundliches Produkt.<br \/>\nErh\u00e4ltlich mit Stift in 4 verschiedenen Farben: Gr\u00fcn, Blau, Schwarz und Rot. Lieferbar mit Druck ab 120 St\u00fcck, Druckbereich 50x20mm<\/p>\n","protected":false},"excerpt":{"rendered":"<p>Praktisches kleines und klimafreundliches Notizbuch im A7-Taschenformat mit passendem Stift aus recycelten Materialien. Das Notizbuch enth\u00e4lt 79 Blatt lineares Papier mit einem Umschlag und Inhaltsseiten aus Recyclingpapier. Der Stift besteht aus recyceltem Kunststoff und Recyclingpapier und hat eine schwarze Schrift. Ein klima- und umweltfreundliches Produkt. Erh\u00e4ltlich mit Stift in 4 verschiedenen Farben: Gr\u00fcn, Blau, Schwarz [&hellip;]<\/p>\n","protected":false},"featured_media":90770,"comment_status":"closed","ping_status":"closed","template":"","meta":{"_acf_changed":false},"product_cat":[3325,3321,3606,3604],"product_tag":[3729,3608],"class_list":{"0":"post-90765","1":"product","2":"type-product","3":"status-publish","4":"has-post-thumbnail","6":"product_cat-dummy-moq-1-de","7":"product_cat-klimafreundliche-werbegeschenke","8":"product_cat-notizbuecher","9":"product_cat-papier-und-bloecke","10":"product_tag-notizblock","11":"product_tag-notizbuch","12":"tm-has-options","14":"first","15":"instock","16":"taxable","17":"shipping-taxable","18":"purchasable","19":"product-type-variable","20":"has-default-attributes"},"acf":[],"yoast_head":"<!-- This site is optimized with the Yoast SEO Premium plugin v21.2 (Yoast SEO v21.2) - https:\/\/yoast.com\/wordpress\/plugins\/seo\/ -->\n<title>Kugelschreiber Notizbuch Recycling - Gr\u00f8nt Kontor<\/title>\n<meta name=\"robots\" content=\"index, follow, max-snippet:-1, max-image-preview:large, max-video-preview:-1\" \/>\n<link rel=\"canonical\" href=\"https:\/\/grontkontor.dk\/de\/shop\/notizbuch-mit-stift-recycelten-materialien\/\" \/>\n<meta property=\"og:locale\" content=\"de_DE\" \/>\n<meta property=\"og:type\" content=\"article\" \/>\n<meta property=\"og:title\" content=\"Kugelschreiber Notizbuch Recycling\" \/>\n<meta property=\"og:description\" content=\"Praktisches kleines und klimafreundliches Notizbuch im A7-Taschenformat mit passendem Stift aus recycelten Materialien. Das Notizbuch enth\u00e4lt 79 Blatt lineares Papier mit einem Umschlag und Inhaltsseiten aus Recyclingpapier. Der Stift besteht aus recyceltem Kunststoff und Recyclingpapier und hat eine schwarze Schrift. Ein klima- und umweltfreundliches Produkt. Erh\u00e4ltlich mit Stift in 4 verschiedenen Farben: Gr\u00fcn, Blau, Schwarz [&hellip;]\" \/>\n<meta property=\"og:url\" content=\"https:\/\/grontkontor.dk\/de\/shop\/notizbuch-mit-stift-recycelten-materialien\/\" \/>\n<meta property=\"og:site_name\" content=\"Gr\u00f8nt Kontor\" \/>\n<meta property=\"article:publisher\" content=\"https:\/\/www.facebook.com\/grontkontor.dk\/\" \/>\n<meta property=\"og:image\" content=\"https:\/\/grontkontor.dk\/wp-content\/uploads\/2018\/11\/notesbog-genbrug-med-kuglepen-02-2.jpg\" \/>\n\t<meta property=\"og:image:width\" content=\"800\" \/>\n\t<meta property=\"og:image:height\" content=\"568\" \/>\n\t<meta property=\"og:image:type\" content=\"image\/jpeg\" \/>\n<meta name=\"twitter:card\" content=\"summary_large_image\" \/>\n<script type=\"application\/ld+json\" class=\"yoast-schema-graph\">{\"@context\":\"https:\/\/schema.org\",\"@graph\":[{\"@type\":\"WebPage\",\"@id\":\"https:\/\/grontkontor.dk\/de\/shop\/notizbuch-mit-stift-recycelten-materialien\/\",\"url\":\"https:\/\/grontkontor.dk\/de\/shop\/notizbuch-mit-stift-recycelten-materialien\/\",\"name\":\"Kugelschreiber Notizbuch Recycling - Gr\u00f8nt Kontor\",\"isPartOf\":{\"@id\":\"https:\/\/grontkontor.dk\/#website\"},\"datePublished\":\"2024-05-29T09:12:17+00:00\",\"dateModified\":\"2024-05-29T09:12:17+00:00\",\"breadcrumb\":{\"@id\":\"https:\/\/grontkontor.dk\/de\/shop\/notizbuch-mit-stift-recycelten-materialien\/#breadcrumb\"},\"inLanguage\":\"de\",\"potentialAction\":[{\"@type\":\"ReadAction\",\"target\":[\"https:\/\/grontkontor.dk\/de\/shop\/notizbuch-mit-stift-recycelten-materialien\/\"]}]},{\"@type\":\"BreadcrumbList\",\"@id\":\"https:\/\/grontkontor.dk\/de\/shop\/notizbuch-mit-stift-recycelten-materialien\/#breadcrumb\",\"itemListElement\":[{\"@type\":\"ListItem\",\"position\":1,\"name\":\"Forside\",\"item\":\"https:\/\/grontkontor.dk\/de\/\"},{\"@type\":\"ListItem\",\"position\":2,\"name\":\"Laden\",\"item\":\"https:\/\/grontkontor.dk\/de\/laden\/\"},{\"@type\":\"ListItem\",\"position\":3,\"name\":\"Papier und Bl\u00f6cke\",\"item\":\"https:\/\/grontkontor.dk\/de\/produkt-kategori\/papier-und-bloecke\/\"},{\"@type\":\"ListItem\",\"position\":4,\"name\":\"Notizb\u00fccher\",\"item\":\"https:\/\/grontkontor.dk\/de\/produkt-kategori\/papier-und-bloecke\/notizbuecher\/\"},{\"@type\":\"ListItem\",\"position\":5,\"name\":\"Kugelschreiber Notizbuch Recycling\"}]},{\"@type\":\"WebSite\",\"@id\":\"https:\/\/grontkontor.dk\/#website\",\"url\":\"https:\/\/grontkontor.dk\/\",\"name\":\"Gr\u00f8nt Kontor\",\"description\":\"Milj\u00f8venlige produkter til kontor og erhverv med fokus p\u00e5 b\u00e6redygtighed, design og fair trade.\",\"publisher\":{\"@id\":\"https:\/\/grontkontor.dk\/#organization\"},\"potentialAction\":[{\"@type\":\"SearchAction\",\"target\":{\"@type\":\"EntryPoint\",\"urlTemplate\":\"https:\/\/grontkontor.dk\/?s={search_term_string}\"},\"query-input\":\"required name=search_term_string\"}],\"inLanguage\":\"de\"},{\"@type\":\"Organization\",\"@id\":\"https:\/\/grontkontor.dk\/#organization\",\"name\":\"Gr\u00f8nt Kontor\",\"url\":\"https:\/\/grontkontor.dk\/\",\"logo\":{\"@type\":\"ImageObject\",\"inLanguage\":\"de\",\"@id\":\"https:\/\/grontkontor.dk\/#\/schema\/logo\/image\/\",\"url\":\"https:\/\/grontkontor.dk\/wp-content\/uploads\/2014\/02\/Logo_groent_kontor_300x80.png\",\"contentUrl\":\"https:\/\/grontkontor.dk\/wp-content\/uploads\/2014\/02\/Logo_groent_kontor_300x80.png\",\"width\":300,\"height\":80,\"caption\":\"Gr\u00f8nt Kontor\"},\"image\":{\"@id\":\"https:\/\/grontkontor.dk\/#\/schema\/logo\/image\/\"},\"sameAs\":[\"https:\/\/www.facebook.com\/grontkontor.dk\/\"]}]}<\/script>\n<!-- \/ Yoast SEO Premium plugin. -->","yoast_head_json":{"title":"Kugelschreiber Notizbuch Recycling - Gr\u00f8nt Kontor","robots":{"index":"index","follow":"follow","max-snippet":"max-snippet:-1","max-image-preview":"max-image-preview:large","max-video-preview":"max-video-preview:-1"},"canonical":"https:\/\/grontkontor.dk\/de\/shop\/notizbuch-mit-stift-recycelten-materialien\/","og_locale":"de_DE","og_type":"article","og_title":"Kugelschreiber Notizbuch Recycling","og_description":"Praktisches kleines und klimafreundliches Notizbuch im A7-Taschenformat mit passendem Stift aus recycelten Materialien. Das Notizbuch enth\u00e4lt 79 Blatt lineares Papier mit einem Umschlag und Inhaltsseiten aus Recyclingpapier. Der Stift besteht aus recyceltem Kunststoff und Recyclingpapier und hat eine schwarze Schrift. Ein klima- und umweltfreundliches Produkt. Erh\u00e4ltlich mit Stift in 4 verschiedenen Farben: Gr\u00fcn, Blau, Schwarz [&hellip;]","og_url":"https:\/\/grontkontor.dk\/de\/shop\/notizbuch-mit-stift-recycelten-materialien\/","og_site_name":"Gr\u00f8nt Kontor","article_publisher":"https:\/\/www.facebook.com\/grontkontor.dk\/","og_image":[{"width":800,"height":568,"url":"https:\/\/grontkontor.dk\/wp-content\/uploads\/2018\/11\/notesbog-genbrug-med-kuglepen-02-2.jpg","type":"image\/jpeg"}],"twitter_card":"summary_large_image","schema":{"@context":"https:\/\/schema.org","@graph":[{"@type":"WebPage","@id":"https:\/\/grontkontor.dk\/de\/shop\/notizbuch-mit-stift-recycelten-materialien\/","url":"https:\/\/grontkontor.dk\/de\/shop\/notizbuch-mit-stift-recycelten-materialien\/","name":"Kugelschreiber Notizbuch Recycling - Gr\u00f8nt Kontor","isPartOf":{"@id":"https:\/\/grontkontor.dk\/#website"},"datePublished":"2024-05-29T09:12:17+00:00","dateModified":"2024-05-29T09:12:17+00:00","breadcrumb":{"@id":"https:\/\/grontkontor.dk\/de\/shop\/notizbuch-mit-stift-recycelten-materialien\/#breadcrumb"},"inLanguage":"de","potentialAction":[{"@type":"ReadAction","target":["https:\/\/grontkontor.dk\/de\/shop\/notizbuch-mit-stift-recycelten-materialien\/"]}]},{"@type":"BreadcrumbList","@id":"https:\/\/grontkontor.dk\/de\/shop\/notizbuch-mit-stift-recycelten-materialien\/#breadcrumb","itemListElement":[{"@type":"ListItem","position":1,"name":"Forside","item":"https:\/\/grontkontor.dk\/de\/"},{"@type":"ListItem","position":2,"name":"Laden","item":"https:\/\/grontkontor.dk\/de\/laden\/"},{"@type":"ListItem","position":3,"name":"Papier und Bl\u00f6cke","item":"https:\/\/grontkontor.dk\/de\/produkt-kategori\/papier-und-bloecke\/"},{"@type":"ListItem","position":4,"name":"Notizb\u00fccher","item":"https:\/\/grontkontor.dk\/de\/produkt-kategori\/papier-und-bloecke\/notizbuecher\/"},{"@type":"ListItem","position":5,"name":"Kugelschreiber Notizbuch Recycling"}]},{"@type":"WebSite","@id":"https:\/\/grontkontor.dk\/#website","url":"https:\/\/grontkontor.dk\/","name":"Gr\u00f8nt Kontor","description":"Milj\u00f8venlige produkter til kontor og erhverv med fokus p\u00e5 b\u00e6redygtighed, design og fair trade.","publisher":{"@id":"https:\/\/grontkontor.dk\/#organization"},"potentialAction":[{"@type":"SearchAction","target":{"@type":"EntryPoint","urlTemplate":"https:\/\/grontkontor.dk\/?s={search_term_string}"},"query-input":"required name=search_term_string"}],"inLanguage":"de"},{"@type":"Organization","@id":"https:\/\/grontkontor.dk\/#organization","name":"Gr\u00f8nt Kontor","url":"https:\/\/grontkontor.dk\/","logo":{"@type":"ImageObject","inLanguage":"de","@id":"https:\/\/grontkontor.dk\/#\/schema\/logo\/image\/","url":"https:\/\/grontkontor.dk\/wp-content\/uploads\/2014\/02\/Logo_groent_kontor_300x80.png","contentUrl":"https:\/\/grontkontor.dk\/wp-content\/uploads\/2014\/02\/Logo_groent_kontor_300x80.png","width":300,"height":80,"caption":"Gr\u00f8nt Kontor"},"image":{"@id":"https:\/\/grontkontor.dk\/#\/schema\/logo\/image\/"},"sameAs":["https:\/\/www.facebook.com\/grontkontor.dk\/"]}]}},"_links":{"self":[{"href":"https:\/\/grontkontor.dk\/de\/wp-json\/wp\/v2\/product\/90765"}],"collection":[{"href":"https:\/\/grontkontor.dk\/de\/wp-json\/wp\/v2\/product"}],"about":[{"href":"https:\/\/grontkontor.dk\/de\/wp-json\/wp\/v2\/types\/product"}],"replies":[{"embeddable":true,"href":"https:\/\/grontkontor.dk\/de\/wp-json\/wp\/v2\/comments?post=90765"}],"wp:featuredmedia":[{"embeddable":true,"href":"https:\/\/grontkontor.dk\/de\/wp-json\/wp\/v2\/media\/90770"}],"wp:attachment":[{"href":"https:\/\/grontkontor.dk\/de\/wp-json\/wp\/v2\/media?parent=90765"}],"wp:term":[{"taxonomy":"product_cat","embeddable":true,"href":"https:\/\/grontkontor.dk\/de\/wp-json\/wp\/v2\/product_cat?post=90765"},{"taxonomy":"product_tag","embeddable":true,"href":"https:\/\/grontkontor.dk\/de\/wp-json\/wp\/v2\/product_tag?post=90765"}],"curies":[{"name":"wp","href":"https:\/\/api.w.org\/{rel}","templated":true}]}}