{"id":90769,"date":"2023-09-22T13:04:26","date_gmt":"2024-05-29T09:12:18","guid":{"rendered":"https:\/\/grontkontor.dk\/shop\/stift-im-bogen-mit-metallclip\/"},"modified":"2024-05-29T11:12:18","modified_gmt":"2024-05-29T09:12:18","slug":"stift-im-bogen-mit-metallclip","status":"publish","type":"product","link":"https:\/\/grontkontor.dk\/de\/shop\/stift-im-bogen-mit-metallclip\/","title":{"rendered":"Kugelschreiber aus FSC-Buche mit Metallclip"},"content":{"rendered":"<p>Qualit\u00e4tskugelschreiber aus umweltfreundlichem, FSC-zertifiziertem Buchenholz mit Metallsockel und Clip. Erh\u00e4ltlich mit oder ohne Logodruck. Eine umwelt- und klimafreundliche Alternative zu umweltsch\u00e4dlichen PVC-Stiften.<\/p>\n<p>[FSC_s]<br \/>\n<a href=\"https:\/\/ic.fsc.org\/en\/\" target=\"window\"><img loading=\"lazy\" decoding=\"async\" class=\"size-full wp-image-12735\" src=\"https:\/\/grontkontor.dk\/wp-content\/uploads\/2019\/04\/fsc-certificeret.png\" \n\t\t alt=\"FSC-certificeret\" title=\"FSC-certificeret\" width=\"44\" height=\"51\" border=0\/><\/a><img loading=\"lazy\" decoding=\"async\" class=\"size-medium wp-image-21008\" src=\"https:\/\/grontkontor.dk\/wp-content\/uploads\/2020\/11\/eu-flag_1-300x199.jpg\" alt=\"Fremstillet i EU\" width=\"76\" height=\"50\" srcset=\"https:\/\/grontkontor.dk\/wp-content\/uploads\/2020\/11\/eu-flag_1-300x199.jpg 300w, https:\/\/grontkontor.dk\/wp-content\/uploads\/2020\/11\/eu-flag_1.jpg 530w\" sizes=\"(max-width: 76px) 100vw, 76px\" \/><\/p>\n","protected":false},"excerpt":{"rendered":"<p>Qualit\u00e4tskugelschreiber aus umweltfreundlichem, FSC-zertifiziertem Buchenholz mit Metallsockel und Clip. Erh\u00e4ltlich mit oder ohne Logodruck. Eine umwelt- und klimafreundliche Alternative zu umweltsch\u00e4dlichen PVC-Stiften. [FSC_s]<\/p>\n","protected":false},"featured_media":90798,"comment_status":"closed","ping_status":"closed","template":"","meta":{"_acf_changed":false},"product_cat":[3431,3325,4403,3423],"product_tag":[3427],"class_list":{"0":"post-90769","1":"product","2":"type-product","3":"status-publish","4":"has-post-thumbnail","6":"product_cat-bedruckte-stifte","7":"product_cat-dummy-moq-1-de","8":"product_cat-kugelschreiber-und-bleistifte","9":"product_cat-schreib-und-zeigegeraete","10":"product_tag-kugelschreiber","11":"pa_farve-azurblau","12":"pa_farve-beige-de","13":"pa_farve-blau-de","14":"pa_farve-blau","15":"pa_farve-blau-min-15","16":"pa_farve-blau-min-100-stk","17":"pa_farve-blau-min-15-stueck","18":"pa_farve-blau-gelb","19":"pa_farve-blau-gruen-gelb","20":"pa_farve-braun","21":"pa_farve-braun-de","22":"pa_farve-browne-de","23":"pa_farve-dunkelblau","24":"pa_farve-dunkelgrau","25":"pa_farve-dunkelgrau-de","26":"pa_farve-dunkelgruen","27":"pa_farve-ed-de","28":"pa_farve-fuchsia-min-100-stk-de","29":"pa_farve-gelb","30":"pa_farve-gelb-de","31":"pa_farve-gemischt","32":"pa_farve-gold-de","33":"pa_farve-graphit","34":"pa_farve-grau-de","35":"pa_farve-grau","36":"pa_farve-grau-min-100-stk","37":"pa_farve-gruen","38":"pa_farve-gruen-de","39":"pa_farve-hellblau","40":"pa_farve-karmesinrot","41":"pa_farve-kastanienbraun","42":"pa_farve-khaki-de","43":"pa_farve-kriegsmarine","44":"pa_farve-koenigsblau","45":"pa_farve-lichtgrau","46":"pa_farve-lichtgruen","47":"pa_farve-lila","48":"pa_farve-limone","49":"pa_farve-minze","50":"pa_farve-mischen","51":"pa_farve-natur-de","52":"pa_farve-natur-min-100-stk-de","53":"pa_farve-olive","54":"pa_farve-orange-de","55":"pa_farve-ozeanblau","56":"pa_farve-rahm","57":"pa_farve-rahm-de","58":"pa_farve-rosa-de","59":"pa_farve-rot","60":"pa_farve-rot-min-15","61":"pa_farve-rot-min-100-stk","62":"pa_farve-rot-min-15-stueck","63":"pa_farve-schwarz-de","64":"pa_farve-schwarz","65":"pa_farve-schwarz-min-100-stk","66":"pa_farve-schwarz-gold-silber","67":"pa_farve-senf","68":"pa_farve-silber","69":"pa_farve-silber-de","70":"pa_farve-silber-de-2","71":"pa_farve-struktur-de","72":"pa_farve-tiefgruen","73":"pa_farve-tuerkis-de","74":"pa_farve-tuerkis","75":"pa_farve-verletzen","76":"pa_farve-viele","77":"pa_farve-violett","78":"pa_farve-weinrot","79":"pa_farve-weiss-de","80":"pa_farve-weiss","81":"tm-has-options","83":"first","84":"instock","85":"taxable","86":"shipping-taxable","87":"purchasable","88":"product-type-simple"},"acf":[],"yoast_head":"<!-- This site is optimized with the Yoast SEO Premium plugin v21.2 (Yoast SEO v21.2) - https:\/\/yoast.com\/wordpress\/plugins\/seo\/ -->\n<title>Kugelschreiber aus FSC-Buche mit Metallclip - Gr\u00f8nt Kontor<\/title>\n<meta name=\"robots\" content=\"index, follow, max-snippet:-1, max-image-preview:large, max-video-preview:-1\" \/>\n<link rel=\"canonical\" href=\"https:\/\/grontkontor.dk\/de\/shop\/stift-im-bogen-mit-metallclip\/\" \/>\n<meta property=\"og:locale\" content=\"de_DE\" \/>\n<meta property=\"og:type\" content=\"article\" \/>\n<meta property=\"og:title\" content=\"Kugelschreiber aus FSC-Buche mit Metallclip\" \/>\n<meta property=\"og:description\" content=\"Qualit\u00e4tskugelschreiber aus umweltfreundlichem, FSC-zertifiziertem Buchenholz mit Metallsockel und Clip. Erh\u00e4ltlich mit oder ohne Logodruck. Eine umwelt- und klimafreundliche Alternative zu umweltsch\u00e4dlichen PVC-Stiften. [FSC_s]\" \/>\n<meta property=\"og:url\" content=\"https:\/\/grontkontor.dk\/de\/shop\/stift-im-bogen-mit-metallclip\/\" \/>\n<meta property=\"og:site_name\" content=\"Gr\u00f8nt Kontor\" \/>\n<meta property=\"article:publisher\" content=\"https:\/\/www.facebook.com\/grontkontor.dk\/\" \/>\n<meta name=\"twitter:card\" content=\"summary_large_image\" \/>\n<script type=\"application\/ld+json\" class=\"yoast-schema-graph\">{\"@context\":\"https:\/\/schema.org\",\"@graph\":[{\"@type\":\"WebPage\",\"@id\":\"https:\/\/grontkontor.dk\/de\/shop\/stift-im-bogen-mit-metallclip\/\",\"url\":\"https:\/\/grontkontor.dk\/de\/shop\/stift-im-bogen-mit-metallclip\/\",\"name\":\"Kugelschreiber aus FSC-Buche mit Metallclip - Gr\u00f8nt Kontor\",\"isPartOf\":{\"@id\":\"https:\/\/grontkontor.dk\/#website\"},\"datePublished\":\"2024-05-29T09:12:18+00:00\",\"dateModified\":\"2024-05-29T09:12:18+00:00\",\"breadcrumb\":{\"@id\":\"https:\/\/grontkontor.dk\/de\/shop\/stift-im-bogen-mit-metallclip\/#breadcrumb\"},\"inLanguage\":\"de\",\"potentialAction\":[{\"@type\":\"ReadAction\",\"target\":[\"https:\/\/grontkontor.dk\/de\/shop\/stift-im-bogen-mit-metallclip\/\"]}]},{\"@type\":\"BreadcrumbList\",\"@id\":\"https:\/\/grontkontor.dk\/de\/shop\/stift-im-bogen-mit-metallclip\/#breadcrumb\",\"itemListElement\":[{\"@type\":\"ListItem\",\"position\":1,\"name\":\"Forside\",\"item\":\"https:\/\/grontkontor.dk\/de\/\"},{\"@type\":\"ListItem\",\"position\":2,\"name\":\"Laden\",\"item\":\"https:\/\/grontkontor.dk\/de\/laden\/\"},{\"@type\":\"ListItem\",\"position\":3,\"name\":\"Schreib- und Zeigeger\u00e4te\",\"item\":\"https:\/\/grontkontor.dk\/de\/produkt-kategori\/schreib-und-zeigegeraete\/\"},{\"@type\":\"ListItem\",\"position\":4,\"name\":\"Bedruckte Stifte\",\"item\":\"https:\/\/grontkontor.dk\/de\/produkt-kategori\/schreib-und-zeigegeraete\/bedruckte-stifte\/\"},{\"@type\":\"ListItem\",\"position\":5,\"name\":\"Kugelschreiber aus FSC-Buche mit Metallclip\"}]},{\"@type\":\"WebSite\",\"@id\":\"https:\/\/grontkontor.dk\/#website\",\"url\":\"https:\/\/grontkontor.dk\/\",\"name\":\"Gr\u00f8nt Kontor\",\"description\":\"Milj\u00f8venlige produkter til kontor og erhverv med fokus p\u00e5 b\u00e6redygtighed, design og fair trade.\",\"publisher\":{\"@id\":\"https:\/\/grontkontor.dk\/#organization\"},\"potentialAction\":[{\"@type\":\"SearchAction\",\"target\":{\"@type\":\"EntryPoint\",\"urlTemplate\":\"https:\/\/grontkontor.dk\/?s={search_term_string}\"},\"query-input\":\"required name=search_term_string\"}],\"inLanguage\":\"de\"},{\"@type\":\"Organization\",\"@id\":\"https:\/\/grontkontor.dk\/#organization\",\"name\":\"Gr\u00f8nt Kontor\",\"url\":\"https:\/\/grontkontor.dk\/\",\"logo\":{\"@type\":\"ImageObject\",\"inLanguage\":\"de\",\"@id\":\"https:\/\/grontkontor.dk\/#\/schema\/logo\/image\/\",\"url\":\"https:\/\/grontkontor.dk\/wp-content\/uploads\/2014\/02\/Logo_groent_kontor_300x80.png\",\"contentUrl\":\"https:\/\/grontkontor.dk\/wp-content\/uploads\/2014\/02\/Logo_groent_kontor_300x80.png\",\"width\":300,\"height\":80,\"caption\":\"Gr\u00f8nt Kontor\"},\"image\":{\"@id\":\"https:\/\/grontkontor.dk\/#\/schema\/logo\/image\/\"},\"sameAs\":[\"https:\/\/www.facebook.com\/grontkontor.dk\/\"]}]}<\/script>\n<!-- \/ Yoast SEO Premium plugin. -->","yoast_head_json":{"title":"Kugelschreiber aus FSC-Buche mit Metallclip - Gr\u00f8nt Kontor","robots":{"index":"index","follow":"follow","max-snippet":"max-snippet:-1","max-image-preview":"max-image-preview:large","max-video-preview":"max-video-preview:-1"},"canonical":"https:\/\/grontkontor.dk\/de\/shop\/stift-im-bogen-mit-metallclip\/","og_locale":"de_DE","og_type":"article","og_title":"Kugelschreiber aus FSC-Buche mit Metallclip","og_description":"Qualit\u00e4tskugelschreiber aus umweltfreundlichem, FSC-zertifiziertem Buchenholz mit Metallsockel und Clip. Erh\u00e4ltlich mit oder ohne Logodruck. Eine umwelt- und klimafreundliche Alternative zu umweltsch\u00e4dlichen PVC-Stiften. [FSC_s]","og_url":"https:\/\/grontkontor.dk\/de\/shop\/stift-im-bogen-mit-metallclip\/","og_site_name":"Gr\u00f8nt Kontor","article_publisher":"https:\/\/www.facebook.com\/grontkontor.dk\/","twitter_card":"summary_large_image","schema":{"@context":"https:\/\/schema.org","@graph":[{"@type":"WebPage","@id":"https:\/\/grontkontor.dk\/de\/shop\/stift-im-bogen-mit-metallclip\/","url":"https:\/\/grontkontor.dk\/de\/shop\/stift-im-bogen-mit-metallclip\/","name":"Kugelschreiber aus FSC-Buche mit Metallclip - Gr\u00f8nt Kontor","isPartOf":{"@id":"https:\/\/grontkontor.dk\/#website"},"datePublished":"2024-05-29T09:12:18+00:00","dateModified":"2024-05-29T09:12:18+00:00","breadcrumb":{"@id":"https:\/\/grontkontor.dk\/de\/shop\/stift-im-bogen-mit-metallclip\/#breadcrumb"},"inLanguage":"de","potentialAction":[{"@type":"ReadAction","target":["https:\/\/grontkontor.dk\/de\/shop\/stift-im-bogen-mit-metallclip\/"]}]},{"@type":"BreadcrumbList","@id":"https:\/\/grontkontor.dk\/de\/shop\/stift-im-bogen-mit-metallclip\/#breadcrumb","itemListElement":[{"@type":"ListItem","position":1,"name":"Forside","item":"https:\/\/grontkontor.dk\/de\/"},{"@type":"ListItem","position":2,"name":"Laden","item":"https:\/\/grontkontor.dk\/de\/laden\/"},{"@type":"ListItem","position":3,"name":"Schreib- und Zeigeger\u00e4te","item":"https:\/\/grontkontor.dk\/de\/produkt-kategori\/schreib-und-zeigegeraete\/"},{"@type":"ListItem","position":4,"name":"Bedruckte Stifte","item":"https:\/\/grontkontor.dk\/de\/produkt-kategori\/schreib-und-zeigegeraete\/bedruckte-stifte\/"},{"@type":"ListItem","position":5,"name":"Kugelschreiber aus FSC-Buche mit Metallclip"}]},{"@type":"WebSite","@id":"https:\/\/grontkontor.dk\/#website","url":"https:\/\/grontkontor.dk\/","name":"Gr\u00f8nt Kontor","description":"Milj\u00f8venlige produkter til kontor og erhverv med fokus p\u00e5 b\u00e6redygtighed, design og fair trade.","publisher":{"@id":"https:\/\/grontkontor.dk\/#organization"},"potentialAction":[{"@type":"SearchAction","target":{"@type":"EntryPoint","urlTemplate":"https:\/\/grontkontor.dk\/?s={search_term_string}"},"query-input":"required name=search_term_string"}],"inLanguage":"de"},{"@type":"Organization","@id":"https:\/\/grontkontor.dk\/#organization","name":"Gr\u00f8nt Kontor","url":"https:\/\/grontkontor.dk\/","logo":{"@type":"ImageObject","inLanguage":"de","@id":"https:\/\/grontkontor.dk\/#\/schema\/logo\/image\/","url":"https:\/\/grontkontor.dk\/wp-content\/uploads\/2014\/02\/Logo_groent_kontor_300x80.png","contentUrl":"https:\/\/grontkontor.dk\/wp-content\/uploads\/2014\/02\/Logo_groent_kontor_300x80.png","width":300,"height":80,"caption":"Gr\u00f8nt Kontor"},"image":{"@id":"https:\/\/grontkontor.dk\/#\/schema\/logo\/image\/"},"sameAs":["https:\/\/www.facebook.com\/grontkontor.dk\/"]}]}},"_links":{"self":[{"href":"https:\/\/grontkontor.dk\/de\/wp-json\/wp\/v2\/product\/90769"}],"collection":[{"href":"https:\/\/grontkontor.dk\/de\/wp-json\/wp\/v2\/product"}],"about":[{"href":"https:\/\/grontkontor.dk\/de\/wp-json\/wp\/v2\/types\/product"}],"replies":[{"embeddable":true,"href":"https:\/\/grontkontor.dk\/de\/wp-json\/wp\/v2\/comments?post=90769"}],"wp:featuredmedia":[{"embeddable":true,"href":"https:\/\/grontkontor.dk\/de\/wp-json\/wp\/v2\/media\/90798"}],"wp:attachment":[{"href":"https:\/\/grontkontor.dk\/de\/wp-json\/wp\/v2\/media?parent=90769"}],"wp:term":[{"taxonomy":"product_cat","embeddable":true,"href":"https:\/\/grontkontor.dk\/de\/wp-json\/wp\/v2\/product_cat?post=90769"},{"taxonomy":"product_tag","embeddable":true,"href":"https:\/\/grontkontor.dk\/de\/wp-json\/wp\/v2\/product_tag?post=90769"}],"curies":[{"name":"wp","href":"https:\/\/api.w.org\/{rel}","templated":true}]}}