{"id":91006,"date":"2023-09-22T12:59:46","date_gmt":"2024-05-29T09:14:10","guid":{"rendered":"https:\/\/grontkontor.dk\/shop\/keramik-lautsprecher-fur-smartphone-gelbwal\/"},"modified":"2024-05-29T11:14:10","modified_gmt":"2024-05-29T09:14:10","slug":"keramik-lautsprecher-fur-smartphone-gelbwal","status":"publish","type":"product","link":"https:\/\/grontkontor.dk\/de\/shop\/keramik-lautsprecher-fur-smartphone-gelbwal\/","title":{"rendered":"Keramiklautsprecher f\u00fcr Smartphone"},"content":{"rendered":"<p>Exklusiver, klimafreundlicher und origineller &#8220;Moby Dick&#8221; Lautsprecher f\u00fcr Smartphone aus Keramik. Der passive Verst\u00e4rker enth\u00e4lt keine elektrischen Teile und funktioniert ausschlie\u00dflich durch mechanische Streuung des Klangs, Verwendung der Geometrie zur Optimierung der Leistung und sp\u00fcrbare Verbesserung des H\u00f6rerlebnisses. Ein klima- und umweltfreundliches Produkt.<\/p>\n<p>[keramik]<\/p>\n<p>&nbsp;<\/p>\n<img loading=\"lazy\" decoding=\"async\" class=\"size-medium wp-image-21008\" src=\"https:\/\/grontkontor.dk\/wp-content\/uploads\/2020\/11\/eu-flag_1-300x199.jpg\" alt=\"Fremstillet i EU\" width=\"76\" height=\"50\" srcset=\"https:\/\/grontkontor.dk\/wp-content\/uploads\/2020\/11\/eu-flag_1-300x199.jpg 300w, https:\/\/grontkontor.dk\/wp-content\/uploads\/2020\/11\/eu-flag_1.jpg 530w\" sizes=\"(max-width: 76px) 100vw, 76px\" \/>\n","protected":false},"excerpt":{"rendered":"<p>Exklusiver, klimafreundlicher und origineller &#8220;Moby Dick&#8221; Lautsprecher f\u00fcr Smartphone aus Keramik. Der passive Verst\u00e4rker enth\u00e4lt keine elektrischen Teile und funktioniert ausschlie\u00dflich durch mechanische Streuung des Klangs, Verwendung der Geometrie zur Optimierung der Leistung und sp\u00fcrbare Verbesserung des H\u00f6rerlebnisses. Ein klima- und umweltfreundliches Produkt. [keramik] &nbsp;<\/p>\n","protected":false},"featured_media":91021,"comment_status":"closed","ping_status":"closed","template":"","meta":{"_acf_changed":false},"product_cat":[3325,3321,3489],"product_tag":[4283,4286,3900],"class_list":{"0":"post-91006","1":"product","2":"type-product","3":"status-publish","4":"has-post-thumbnail","6":"product_cat-dummy-moq-1-de","7":"product_cat-klimafreundliche-werbegeschenke","8":"product_cat-sonstige-leuchten","9":"product_tag-dekoration-de","10":"product_tag-entwurf","11":"product_tag-lautsprecher","12":"tm-has-options","14":"first","15":"instock","16":"taxable","17":"shipping-taxable","18":"purchasable","19":"product-type-simple"},"acf":[],"yoast_head":"<!-- This site is optimized with the Yoast SEO Premium plugin v21.2 (Yoast SEO v21.2) - https:\/\/yoast.com\/wordpress\/plugins\/seo\/ -->\n<title>Keramiklautsprecher f\u00fcr Smartphone - Gr\u00f8nt Kontor<\/title>\n<meta name=\"robots\" content=\"index, follow, max-snippet:-1, max-image-preview:large, max-video-preview:-1\" \/>\n<link rel=\"canonical\" href=\"https:\/\/grontkontor.dk\/de\/shop\/keramik-lautsprecher-fur-smartphone-gelbwal\/\" \/>\n<meta property=\"og:locale\" content=\"de_DE\" \/>\n<meta property=\"og:type\" content=\"article\" \/>\n<meta property=\"og:title\" content=\"Keramiklautsprecher f\u00fcr Smartphone\" \/>\n<meta property=\"og:description\" content=\"Exklusiver, klimafreundlicher und origineller &#8220;Moby Dick&#8221; Lautsprecher f\u00fcr Smartphone aus Keramik. Der passive Verst\u00e4rker enth\u00e4lt keine elektrischen Teile und funktioniert ausschlie\u00dflich durch mechanische Streuung des Klangs, Verwendung der Geometrie zur Optimierung der Leistung und sp\u00fcrbare Verbesserung des H\u00f6rerlebnisses. Ein klima- und umweltfreundliches Produkt. [keramik] &nbsp;\" \/>\n<meta property=\"og:url\" content=\"https:\/\/grontkontor.dk\/de\/shop\/keramik-lautsprecher-fur-smartphone-gelbwal\/\" \/>\n<meta property=\"og:site_name\" content=\"Gr\u00f8nt Kontor\" \/>\n<meta property=\"article:publisher\" content=\"https:\/\/www.facebook.com\/grontkontor.dk\/\" \/>\n<meta property=\"og:image\" content=\"https:\/\/grontkontor.dk\/wp-content\/uploads\/2016\/12\/c06005y_1-1.jpg\" \/>\n\t<meta property=\"og:image:width\" content=\"800\" \/>\n\t<meta property=\"og:image:height\" content=\"568\" \/>\n\t<meta property=\"og:image:type\" content=\"image\/jpeg\" \/>\n<meta name=\"twitter:card\" content=\"summary_large_image\" \/>\n<script type=\"application\/ld+json\" class=\"yoast-schema-graph\">{\"@context\":\"https:\/\/schema.org\",\"@graph\":[{\"@type\":\"WebPage\",\"@id\":\"https:\/\/grontkontor.dk\/de\/shop\/keramik-lautsprecher-fur-smartphone-gelbwal\/\",\"url\":\"https:\/\/grontkontor.dk\/de\/shop\/keramik-lautsprecher-fur-smartphone-gelbwal\/\",\"name\":\"Keramiklautsprecher f\u00fcr Smartphone - Gr\u00f8nt Kontor\",\"isPartOf\":{\"@id\":\"https:\/\/grontkontor.dk\/#website\"},\"datePublished\":\"2024-05-29T09:14:10+00:00\",\"dateModified\":\"2024-05-29T09:14:10+00:00\",\"breadcrumb\":{\"@id\":\"https:\/\/grontkontor.dk\/de\/shop\/keramik-lautsprecher-fur-smartphone-gelbwal\/#breadcrumb\"},\"inLanguage\":\"de\",\"potentialAction\":[{\"@type\":\"ReadAction\",\"target\":[\"https:\/\/grontkontor.dk\/de\/shop\/keramik-lautsprecher-fur-smartphone-gelbwal\/\"]}]},{\"@type\":\"BreadcrumbList\",\"@id\":\"https:\/\/grontkontor.dk\/de\/shop\/keramik-lautsprecher-fur-smartphone-gelbwal\/#breadcrumb\",\"itemListElement\":[{\"@type\":\"ListItem\",\"position\":1,\"name\":\"Forside\",\"item\":\"https:\/\/grontkontor.dk\/de\/\"},{\"@type\":\"ListItem\",\"position\":2,\"name\":\"Laden\",\"item\":\"https:\/\/grontkontor.dk\/de\/laden\/\"},{\"@type\":\"ListItem\",\"position\":3,\"name\":\"M\u00f8bler og inventar\",\"item\":\"https:\/\/grontkontor.dk\/produkt-kategori\/mobler-og-inventar\/\"},{\"@type\":\"ListItem\",\"position\":4,\"name\":\"Diverse inventar\",\"item\":\"https:\/\/grontkontor.dk\/produkt-kategori\/mobler-og-inventar\/diverse-inventar\/\"},{\"@type\":\"ListItem\",\"position\":5,\"name\":\"Keramiklautsprecher f\u00fcr Smartphone\"}]},{\"@type\":\"WebSite\",\"@id\":\"https:\/\/grontkontor.dk\/#website\",\"url\":\"https:\/\/grontkontor.dk\/\",\"name\":\"Gr\u00f8nt Kontor\",\"description\":\"Milj\u00f8venlige produkter til kontor og erhverv med fokus p\u00e5 b\u00e6redygtighed, design og fair trade.\",\"publisher\":{\"@id\":\"https:\/\/grontkontor.dk\/#organization\"},\"potentialAction\":[{\"@type\":\"SearchAction\",\"target\":{\"@type\":\"EntryPoint\",\"urlTemplate\":\"https:\/\/grontkontor.dk\/?s={search_term_string}\"},\"query-input\":\"required name=search_term_string\"}],\"inLanguage\":\"de\"},{\"@type\":\"Organization\",\"@id\":\"https:\/\/grontkontor.dk\/#organization\",\"name\":\"Gr\u00f8nt Kontor\",\"url\":\"https:\/\/grontkontor.dk\/\",\"logo\":{\"@type\":\"ImageObject\",\"inLanguage\":\"de\",\"@id\":\"https:\/\/grontkontor.dk\/#\/schema\/logo\/image\/\",\"url\":\"https:\/\/grontkontor.dk\/wp-content\/uploads\/2014\/02\/Logo_groent_kontor_300x80.png\",\"contentUrl\":\"https:\/\/grontkontor.dk\/wp-content\/uploads\/2014\/02\/Logo_groent_kontor_300x80.png\",\"width\":300,\"height\":80,\"caption\":\"Gr\u00f8nt Kontor\"},\"image\":{\"@id\":\"https:\/\/grontkontor.dk\/#\/schema\/logo\/image\/\"},\"sameAs\":[\"https:\/\/www.facebook.com\/grontkontor.dk\/\"]}]}<\/script>\n<!-- \/ Yoast SEO Premium plugin. -->","yoast_head_json":{"title":"Keramiklautsprecher f\u00fcr Smartphone - Gr\u00f8nt Kontor","robots":{"index":"index","follow":"follow","max-snippet":"max-snippet:-1","max-image-preview":"max-image-preview:large","max-video-preview":"max-video-preview:-1"},"canonical":"https:\/\/grontkontor.dk\/de\/shop\/keramik-lautsprecher-fur-smartphone-gelbwal\/","og_locale":"de_DE","og_type":"article","og_title":"Keramiklautsprecher f\u00fcr Smartphone","og_description":"Exklusiver, klimafreundlicher und origineller &#8220;Moby Dick&#8221; Lautsprecher f\u00fcr Smartphone aus Keramik. Der passive Verst\u00e4rker enth\u00e4lt keine elektrischen Teile und funktioniert ausschlie\u00dflich durch mechanische Streuung des Klangs, Verwendung der Geometrie zur Optimierung der Leistung und sp\u00fcrbare Verbesserung des H\u00f6rerlebnisses. Ein klima- und umweltfreundliches Produkt. [keramik] &nbsp;","og_url":"https:\/\/grontkontor.dk\/de\/shop\/keramik-lautsprecher-fur-smartphone-gelbwal\/","og_site_name":"Gr\u00f8nt Kontor","article_publisher":"https:\/\/www.facebook.com\/grontkontor.dk\/","og_image":[{"width":800,"height":568,"url":"https:\/\/grontkontor.dk\/wp-content\/uploads\/2016\/12\/c06005y_1-1.jpg","type":"image\/jpeg"}],"twitter_card":"summary_large_image","schema":{"@context":"https:\/\/schema.org","@graph":[{"@type":"WebPage","@id":"https:\/\/grontkontor.dk\/de\/shop\/keramik-lautsprecher-fur-smartphone-gelbwal\/","url":"https:\/\/grontkontor.dk\/de\/shop\/keramik-lautsprecher-fur-smartphone-gelbwal\/","name":"Keramiklautsprecher f\u00fcr Smartphone - Gr\u00f8nt Kontor","isPartOf":{"@id":"https:\/\/grontkontor.dk\/#website"},"datePublished":"2024-05-29T09:14:10+00:00","dateModified":"2024-05-29T09:14:10+00:00","breadcrumb":{"@id":"https:\/\/grontkontor.dk\/de\/shop\/keramik-lautsprecher-fur-smartphone-gelbwal\/#breadcrumb"},"inLanguage":"de","potentialAction":[{"@type":"ReadAction","target":["https:\/\/grontkontor.dk\/de\/shop\/keramik-lautsprecher-fur-smartphone-gelbwal\/"]}]},{"@type":"BreadcrumbList","@id":"https:\/\/grontkontor.dk\/de\/shop\/keramik-lautsprecher-fur-smartphone-gelbwal\/#breadcrumb","itemListElement":[{"@type":"ListItem","position":1,"name":"Forside","item":"https:\/\/grontkontor.dk\/de\/"},{"@type":"ListItem","position":2,"name":"Laden","item":"https:\/\/grontkontor.dk\/de\/laden\/"},{"@type":"ListItem","position":3,"name":"M\u00f8bler og inventar","item":"https:\/\/grontkontor.dk\/produkt-kategori\/mobler-og-inventar\/"},{"@type":"ListItem","position":4,"name":"Diverse inventar","item":"https:\/\/grontkontor.dk\/produkt-kategori\/mobler-og-inventar\/diverse-inventar\/"},{"@type":"ListItem","position":5,"name":"Keramiklautsprecher f\u00fcr Smartphone"}]},{"@type":"WebSite","@id":"https:\/\/grontkontor.dk\/#website","url":"https:\/\/grontkontor.dk\/","name":"Gr\u00f8nt Kontor","description":"Milj\u00f8venlige produkter til kontor og erhverv med fokus p\u00e5 b\u00e6redygtighed, design og fair trade.","publisher":{"@id":"https:\/\/grontkontor.dk\/#organization"},"potentialAction":[{"@type":"SearchAction","target":{"@type":"EntryPoint","urlTemplate":"https:\/\/grontkontor.dk\/?s={search_term_string}"},"query-input":"required name=search_term_string"}],"inLanguage":"de"},{"@type":"Organization","@id":"https:\/\/grontkontor.dk\/#organization","name":"Gr\u00f8nt Kontor","url":"https:\/\/grontkontor.dk\/","logo":{"@type":"ImageObject","inLanguage":"de","@id":"https:\/\/grontkontor.dk\/#\/schema\/logo\/image\/","url":"https:\/\/grontkontor.dk\/wp-content\/uploads\/2014\/02\/Logo_groent_kontor_300x80.png","contentUrl":"https:\/\/grontkontor.dk\/wp-content\/uploads\/2014\/02\/Logo_groent_kontor_300x80.png","width":300,"height":80,"caption":"Gr\u00f8nt Kontor"},"image":{"@id":"https:\/\/grontkontor.dk\/#\/schema\/logo\/image\/"},"sameAs":["https:\/\/www.facebook.com\/grontkontor.dk\/"]}]}},"_links":{"self":[{"href":"https:\/\/grontkontor.dk\/de\/wp-json\/wp\/v2\/product\/91006"}],"collection":[{"href":"https:\/\/grontkontor.dk\/de\/wp-json\/wp\/v2\/product"}],"about":[{"href":"https:\/\/grontkontor.dk\/de\/wp-json\/wp\/v2\/types\/product"}],"replies":[{"embeddable":true,"href":"https:\/\/grontkontor.dk\/de\/wp-json\/wp\/v2\/comments?post=91006"}],"wp:featuredmedia":[{"embeddable":true,"href":"https:\/\/grontkontor.dk\/de\/wp-json\/wp\/v2\/media\/91021"}],"wp:attachment":[{"href":"https:\/\/grontkontor.dk\/de\/wp-json\/wp\/v2\/media?parent=91006"}],"wp:term":[{"taxonomy":"product_cat","embeddable":true,"href":"https:\/\/grontkontor.dk\/de\/wp-json\/wp\/v2\/product_cat?post=91006"},{"taxonomy":"product_tag","embeddable":true,"href":"https:\/\/grontkontor.dk\/de\/wp-json\/wp\/v2\/product_tag?post=91006"}],"curies":[{"name":"wp","href":"https:\/\/api.w.org\/{rel}","templated":true}]}}