{"id":91075,"date":"2023-09-22T13:00:03","date_gmt":"2024-05-29T09:14:13","guid":{"rendered":"https:\/\/grontkontor.dk\/shop\/ingeo-kugelschreiber-biokunststoff-mechanisch\/"},"modified":"2024-05-29T11:14:13","modified_gmt":"2024-05-29T09:14:13","slug":"ingeo-kugelschreiber-biokunststoff-mechanisch","status":"publish","type":"product","link":"https:\/\/grontkontor.dk\/de\/shop\/ingeo-kugelschreiber-biokunststoff-mechanisch\/","title":{"rendered":"Biokunststoff-Kugelschreiber Ingeo ohne Druck"},"content":{"rendered":"<p>Klimafreundlicher Kugelschreiber im italienischen Design mit Logodruck in bis zu 5 Farben. Der K\u00f6rper wird aus Mais hergestellt, der zu biologisch abbaubarem Biokunststoff (PLA) verarbeitet wird. Der K\u00f6rper ist zu 100% biologisch abbaubar. Eine klima- und umweltfreundliche Alternative zu umweltsch\u00e4dlichen PVC-Stiften.<br \/>\nHergestellt in der EU.<br \/>\n<img loading=\"lazy\" decoding=\"async\" class=\"size-medium wp-image-21008\" src=\"https:\/\/grontkontor.dk\/wp-content\/uploads\/2020\/11\/eu-flag_1-300x199.jpg\" alt=\"Fremstillet i EU\" width=\"76\" height=\"50\" srcset=\"https:\/\/grontkontor.dk\/wp-content\/uploads\/2020\/11\/eu-flag_1-300x199.jpg 300w, https:\/\/grontkontor.dk\/wp-content\/uploads\/2020\/11\/eu-flag_1.jpg 530w\" sizes=\"(max-width: 76px) 100vw, 76px\" \/><\/p>\n","protected":false},"excerpt":{"rendered":"<p>Klimafreundlicher Kugelschreiber im italienischen Design mit Logodruck in bis zu 5 Farben. Der K\u00f6rper wird aus Mais hergestellt, der zu biologisch abbaubarem Biokunststoff (PLA) verarbeitet wird. Der K\u00f6rper ist zu 100% biologisch abbaubar. Eine klima- und umweltfreundliche Alternative zu umweltsch\u00e4dlichen PVC-Stiften. Hergestellt in der EU.<\/p>\n","protected":false},"featured_media":91089,"comment_status":"closed","ping_status":"closed","template":"","meta":{"_acf_changed":false},"product_cat":[3517,4403,3423,3424],"product_tag":[3432,3427],"class_list":{"0":"post-91075","1":"product","2":"type-product","3":"status-publish","4":"has-post-thumbnail","6":"product_cat-dummy-moq-50-100-de","7":"product_cat-kugelschreiber-und-bleistifte","8":"product_cat-schreib-und-zeigegeraete","9":"product_cat-stifte","10":"product_tag-feder","11":"product_tag-kugelschreiber","12":"pa_farve-blau","13":"pa_farve-gelb-de","14":"pa_farve-gruen","15":"pa_farve-lila","16":"pa_farve-orange-de","17":"pa_farve-rosa-de","18":"pa_farve-rot","19":"pa_farve-schwarz","20":"pa_farve-weiss","21":"tm-has-options","23":"first","24":"instock","25":"taxable","26":"shipping-taxable","27":"purchasable","28":"product-type-variable","29":"has-default-attributes"},"acf":[],"yoast_head":"<!-- This site is optimized with the Yoast SEO Premium plugin v21.2 (Yoast SEO v21.2) - https:\/\/yoast.com\/wordpress\/plugins\/seo\/ -->\n<title>Biokunststoff-Kugelschreiber Ingeo ohne Druck - Gr\u00f8nt Kontor<\/title>\n<meta name=\"robots\" content=\"index, follow, max-snippet:-1, max-image-preview:large, max-video-preview:-1\" \/>\n<link rel=\"canonical\" href=\"https:\/\/grontkontor.dk\/de\/shop\/ingeo-kugelschreiber-biokunststoff-mechanisch\/\" \/>\n<meta property=\"og:locale\" content=\"de_DE\" \/>\n<meta property=\"og:type\" content=\"article\" \/>\n<meta property=\"og:title\" content=\"Biokunststoff-Kugelschreiber Ingeo ohne Druck\" \/>\n<meta property=\"og:description\" content=\"Klimafreundlicher Kugelschreiber im italienischen Design mit Logodruck in bis zu 5 Farben. Der K\u00f6rper wird aus Mais hergestellt, der zu biologisch abbaubarem Biokunststoff (PLA) verarbeitet wird. Der K\u00f6rper ist zu 100% biologisch abbaubar. Eine klima- und umweltfreundliche Alternative zu umweltsch\u00e4dlichen PVC-Stiften. Hergestellt in der EU.\" \/>\n<meta property=\"og:url\" content=\"https:\/\/grontkontor.dk\/de\/shop\/ingeo-kugelschreiber-biokunststoff-mechanisch\/\" \/>\n<meta property=\"og:site_name\" content=\"Gr\u00f8nt Kontor\" \/>\n<meta property=\"article:publisher\" content=\"https:\/\/www.facebook.com\/grontkontor.dk\/\" \/>\n<meta property=\"og:image\" content=\"https:\/\/grontkontor.dk\/wp-content\/uploads\/2017\/06\/kuglepen-i-bioplast-green.jpg\" \/>\n\t<meta property=\"og:image:width\" content=\"800\" \/>\n\t<meta property=\"og:image:height\" content=\"568\" \/>\n\t<meta property=\"og:image:type\" content=\"image\/jpeg\" \/>\n<meta name=\"twitter:card\" content=\"summary_large_image\" \/>\n<script type=\"application\/ld+json\" class=\"yoast-schema-graph\">{\"@context\":\"https:\/\/schema.org\",\"@graph\":[{\"@type\":\"WebPage\",\"@id\":\"https:\/\/grontkontor.dk\/de\/shop\/ingeo-kugelschreiber-biokunststoff-mechanisch\/\",\"url\":\"https:\/\/grontkontor.dk\/de\/shop\/ingeo-kugelschreiber-biokunststoff-mechanisch\/\",\"name\":\"Biokunststoff-Kugelschreiber Ingeo ohne Druck - Gr\u00f8nt Kontor\",\"isPartOf\":{\"@id\":\"https:\/\/grontkontor.dk\/#website\"},\"datePublished\":\"2024-05-29T09:14:13+00:00\",\"dateModified\":\"2024-05-29T09:14:13+00:00\",\"breadcrumb\":{\"@id\":\"https:\/\/grontkontor.dk\/de\/shop\/ingeo-kugelschreiber-biokunststoff-mechanisch\/#breadcrumb\"},\"inLanguage\":\"de\",\"potentialAction\":[{\"@type\":\"ReadAction\",\"target\":[\"https:\/\/grontkontor.dk\/de\/shop\/ingeo-kugelschreiber-biokunststoff-mechanisch\/\"]}]},{\"@type\":\"BreadcrumbList\",\"@id\":\"https:\/\/grontkontor.dk\/de\/shop\/ingeo-kugelschreiber-biokunststoff-mechanisch\/#breadcrumb\",\"itemListElement\":[{\"@type\":\"ListItem\",\"position\":1,\"name\":\"Forside\",\"item\":\"https:\/\/grontkontor.dk\/de\/\"},{\"@type\":\"ListItem\",\"position\":2,\"name\":\"Laden\",\"item\":\"https:\/\/grontkontor.dk\/de\/laden\/\"},{\"@type\":\"ListItem\",\"position\":3,\"name\":\"Klimafreundliche Werbegeschenke\",\"item\":\"https:\/\/grontkontor.dk\/de\/produkt-kategori\/klimafreundliche-werbegeschenke\/\"},{\"@type\":\"ListItem\",\"position\":4,\"name\":\"Kugelschreiber und Bleistifte\",\"item\":\"https:\/\/grontkontor.dk\/de\/produkt-kategori\/klimafreundliche-werbegeschenke\/kugelschreiber-und-bleistifte\/\"},{\"@type\":\"ListItem\",\"position\":5,\"name\":\"Biokunststoff-Kugelschreiber Ingeo ohne Druck\"}]},{\"@type\":\"WebSite\",\"@id\":\"https:\/\/grontkontor.dk\/#website\",\"url\":\"https:\/\/grontkontor.dk\/\",\"name\":\"Gr\u00f8nt Kontor\",\"description\":\"Milj\u00f8venlige produkter til kontor og erhverv med fokus p\u00e5 b\u00e6redygtighed, design og fair trade.\",\"publisher\":{\"@id\":\"https:\/\/grontkontor.dk\/#organization\"},\"potentialAction\":[{\"@type\":\"SearchAction\",\"target\":{\"@type\":\"EntryPoint\",\"urlTemplate\":\"https:\/\/grontkontor.dk\/?s={search_term_string}\"},\"query-input\":\"required name=search_term_string\"}],\"inLanguage\":\"de\"},{\"@type\":\"Organization\",\"@id\":\"https:\/\/grontkontor.dk\/#organization\",\"name\":\"Gr\u00f8nt Kontor\",\"url\":\"https:\/\/grontkontor.dk\/\",\"logo\":{\"@type\":\"ImageObject\",\"inLanguage\":\"de\",\"@id\":\"https:\/\/grontkontor.dk\/#\/schema\/logo\/image\/\",\"url\":\"https:\/\/grontkontor.dk\/wp-content\/uploads\/2014\/02\/Logo_groent_kontor_300x80.png\",\"contentUrl\":\"https:\/\/grontkontor.dk\/wp-content\/uploads\/2014\/02\/Logo_groent_kontor_300x80.png\",\"width\":300,\"height\":80,\"caption\":\"Gr\u00f8nt Kontor\"},\"image\":{\"@id\":\"https:\/\/grontkontor.dk\/#\/schema\/logo\/image\/\"},\"sameAs\":[\"https:\/\/www.facebook.com\/grontkontor.dk\/\"]}]}<\/script>\n<!-- \/ Yoast SEO Premium plugin. -->","yoast_head_json":{"title":"Biokunststoff-Kugelschreiber Ingeo ohne Druck - Gr\u00f8nt Kontor","robots":{"index":"index","follow":"follow","max-snippet":"max-snippet:-1","max-image-preview":"max-image-preview:large","max-video-preview":"max-video-preview:-1"},"canonical":"https:\/\/grontkontor.dk\/de\/shop\/ingeo-kugelschreiber-biokunststoff-mechanisch\/","og_locale":"de_DE","og_type":"article","og_title":"Biokunststoff-Kugelschreiber Ingeo ohne Druck","og_description":"Klimafreundlicher Kugelschreiber im italienischen Design mit Logodruck in bis zu 5 Farben. Der K\u00f6rper wird aus Mais hergestellt, der zu biologisch abbaubarem Biokunststoff (PLA) verarbeitet wird. Der K\u00f6rper ist zu 100% biologisch abbaubar. Eine klima- und umweltfreundliche Alternative zu umweltsch\u00e4dlichen PVC-Stiften. Hergestellt in der EU.","og_url":"https:\/\/grontkontor.dk\/de\/shop\/ingeo-kugelschreiber-biokunststoff-mechanisch\/","og_site_name":"Gr\u00f8nt Kontor","article_publisher":"https:\/\/www.facebook.com\/grontkontor.dk\/","og_image":[{"width":800,"height":568,"url":"https:\/\/grontkontor.dk\/wp-content\/uploads\/2017\/06\/kuglepen-i-bioplast-green.jpg","type":"image\/jpeg"}],"twitter_card":"summary_large_image","schema":{"@context":"https:\/\/schema.org","@graph":[{"@type":"WebPage","@id":"https:\/\/grontkontor.dk\/de\/shop\/ingeo-kugelschreiber-biokunststoff-mechanisch\/","url":"https:\/\/grontkontor.dk\/de\/shop\/ingeo-kugelschreiber-biokunststoff-mechanisch\/","name":"Biokunststoff-Kugelschreiber Ingeo ohne Druck - Gr\u00f8nt Kontor","isPartOf":{"@id":"https:\/\/grontkontor.dk\/#website"},"datePublished":"2024-05-29T09:14:13+00:00","dateModified":"2024-05-29T09:14:13+00:00","breadcrumb":{"@id":"https:\/\/grontkontor.dk\/de\/shop\/ingeo-kugelschreiber-biokunststoff-mechanisch\/#breadcrumb"},"inLanguage":"de","potentialAction":[{"@type":"ReadAction","target":["https:\/\/grontkontor.dk\/de\/shop\/ingeo-kugelschreiber-biokunststoff-mechanisch\/"]}]},{"@type":"BreadcrumbList","@id":"https:\/\/grontkontor.dk\/de\/shop\/ingeo-kugelschreiber-biokunststoff-mechanisch\/#breadcrumb","itemListElement":[{"@type":"ListItem","position":1,"name":"Forside","item":"https:\/\/grontkontor.dk\/de\/"},{"@type":"ListItem","position":2,"name":"Laden","item":"https:\/\/grontkontor.dk\/de\/laden\/"},{"@type":"ListItem","position":3,"name":"Klimafreundliche Werbegeschenke","item":"https:\/\/grontkontor.dk\/de\/produkt-kategori\/klimafreundliche-werbegeschenke\/"},{"@type":"ListItem","position":4,"name":"Kugelschreiber und Bleistifte","item":"https:\/\/grontkontor.dk\/de\/produkt-kategori\/klimafreundliche-werbegeschenke\/kugelschreiber-und-bleistifte\/"},{"@type":"ListItem","position":5,"name":"Biokunststoff-Kugelschreiber Ingeo ohne Druck"}]},{"@type":"WebSite","@id":"https:\/\/grontkontor.dk\/#website","url":"https:\/\/grontkontor.dk\/","name":"Gr\u00f8nt Kontor","description":"Milj\u00f8venlige produkter til kontor og erhverv med fokus p\u00e5 b\u00e6redygtighed, design og fair trade.","publisher":{"@id":"https:\/\/grontkontor.dk\/#organization"},"potentialAction":[{"@type":"SearchAction","target":{"@type":"EntryPoint","urlTemplate":"https:\/\/grontkontor.dk\/?s={search_term_string}"},"query-input":"required name=search_term_string"}],"inLanguage":"de"},{"@type":"Organization","@id":"https:\/\/grontkontor.dk\/#organization","name":"Gr\u00f8nt Kontor","url":"https:\/\/grontkontor.dk\/","logo":{"@type":"ImageObject","inLanguage":"de","@id":"https:\/\/grontkontor.dk\/#\/schema\/logo\/image\/","url":"https:\/\/grontkontor.dk\/wp-content\/uploads\/2014\/02\/Logo_groent_kontor_300x80.png","contentUrl":"https:\/\/grontkontor.dk\/wp-content\/uploads\/2014\/02\/Logo_groent_kontor_300x80.png","width":300,"height":80,"caption":"Gr\u00f8nt Kontor"},"image":{"@id":"https:\/\/grontkontor.dk\/#\/schema\/logo\/image\/"},"sameAs":["https:\/\/www.facebook.com\/grontkontor.dk\/"]}]}},"_links":{"self":[{"href":"https:\/\/grontkontor.dk\/de\/wp-json\/wp\/v2\/product\/91075"}],"collection":[{"href":"https:\/\/grontkontor.dk\/de\/wp-json\/wp\/v2\/product"}],"about":[{"href":"https:\/\/grontkontor.dk\/de\/wp-json\/wp\/v2\/types\/product"}],"replies":[{"embeddable":true,"href":"https:\/\/grontkontor.dk\/de\/wp-json\/wp\/v2\/comments?post=91075"}],"wp:featuredmedia":[{"embeddable":true,"href":"https:\/\/grontkontor.dk\/de\/wp-json\/wp\/v2\/media\/91089"}],"wp:attachment":[{"href":"https:\/\/grontkontor.dk\/de\/wp-json\/wp\/v2\/media?parent=91075"}],"wp:term":[{"taxonomy":"product_cat","embeddable":true,"href":"https:\/\/grontkontor.dk\/de\/wp-json\/wp\/v2\/product_cat?post=91075"},{"taxonomy":"product_tag","embeddable":true,"href":"https:\/\/grontkontor.dk\/de\/wp-json\/wp\/v2\/product_tag?post=91075"}],"curies":[{"name":"wp","href":"https:\/\/api.w.org\/{rel}","templated":true}]}}