{"id":91107,"date":"2023-09-22T12:59:46","date_gmt":"2024-05-29T09:14:15","guid":{"rendered":"https:\/\/grontkontor.dk\/shop\/kappe-aus-kork\/"},"modified":"2025-11-06T11:27:46","modified_gmt":"2025-11-06T10:27:46","slug":"kappe-aus-kork","status":"publish","type":"product","link":"https:\/\/grontkontor.dk\/de\/shop\/kappe-aus-kork\/","title":{"rendered":"Kappe aus robustem Kork ohne Druck"},"content":{"rendered":"<p>Eine M\u00fctze aus klimafreundlichem Kork ist eine einzigartige und stilvolle Alternative zu herk\u00f6mmlichen M\u00fctzen. Kork ist ein umweltfreundliches Naturmaterial, das sowohl leicht, robust als auch von Natur aus wasserabweisend ist. So entsteht eine Kappe, die nicht nur ein Hingucker ist, sondern auch f\u00fcr den t\u00e4glichen Gebrauch bei jedem Wetter h\u00e4lt.  <\/p>\n<p>Diese Kappe wird in Portugal handgefertigt, wo traditionelle Handwerkskunst und R\u00fccksichtnahme auf Materialien zusammenkommen. Jede Kappe erh\u00e4lt ihren eigenen einzigartigen Look, da die nat\u00fcrliche Struktur des Korks variiert und er zu einem auff\u00e4lligen Accessoire wird. Der klimafreundliche Kork macht das Produkt auch zu einer naheliegenden Wahl f\u00fcr Unternehmen und Organisationen, die auf praktische und elegante Weise umweltfreundliche Werte signalisieren m\u00f6chten.  <\/p>\n<p>Die Kappe ist in verschiedenen Farben erh\u00e4ltlich, so dass f\u00fcr jeden etwas dabei ist. Er kann mit Logodruck geliefert werden und eignet sich somit perfekt als Werbegeschenk, Werbeartikel oder als Teil einer Profilkollektion f\u00fcr Mitarbeiter. Wenn Ihr Logo auf eine umweltfreundliche Kappe aus Kork gedruckt wird, erhalten Sie einen unverwechselbaren und sichtbaren Branding-Effekt und unterst\u00fctzen gleichzeitig eine gr\u00fcne Botschaft.  <\/p>\n<p>Eine M\u00fctze aus Kork ist also mehr als nur Sonnenschutz \u2013 sie ist ein klimafreundliches Accessoire, das Funktion, Design und R\u00fccksichtnahme auf das Klima vereint. Eine offensichtliche Wahl sowohl f\u00fcr Veranstaltungen, Messen als auch f\u00fcr den t\u00e4glichen Gebrauch. <\/p>\n<p>[kork]<\/p>\n<p>&nbsp;<\/p>\n<img loading=\"lazy\" decoding=\"async\" class=\"size-medium wp-image-21008\" src=\"https:\/\/grontkontor.dk\/wp-content\/uploads\/2020\/11\/eu-flag_1-300x199.jpg\" alt=\"Fremstillet i EU\" width=\"76\" height=\"50\" srcset=\"https:\/\/grontkontor.dk\/wp-content\/uploads\/2020\/11\/eu-flag_1-300x199.jpg 300w, https:\/\/grontkontor.dk\/wp-content\/uploads\/2020\/11\/eu-flag_1.jpg 530w\" sizes=\"(max-width: 76px) 100vw, 76px\" \/>\n","protected":false},"excerpt":{"rendered":"<p>Eine M\u00fctze aus klimafreundlichem Kork ist eine einzigartige und stilvolle Alternative zu herk\u00f6mmlichen M\u00fctzen. Kork ist ein umweltfreundliches Naturmaterial, das sowohl leicht, robust als auch von Natur aus wasserabweisend ist. So entsteht eine Kappe, die nicht nur ein Hingucker ist, sondern auch f\u00fcr den t\u00e4glichen Gebrauch bei jedem Wetter h\u00e4lt. Diese Kappe wird in Portugal [&hellip;]<\/p>\n","protected":false},"featured_media":91125,"comment_status":"closed","ping_status":"closed","template":"","meta":{"_acf_changed":false},"product_cat":[4296,3325,3321,4836,3324,3323,3327],"product_tag":[4045,3856],"class_list":{"0":"post-91107","1":"product","2":"type-product","3":"status-publish","4":"has-post-thumbnail","6":"product_cat-allgemeiner-preis-dummy","7":"product_cat-dummy-moq-1-de","8":"product_cat-klimafreundliche-werbegeschenke","9":"product_cat-kopfschmuck","10":"product_cat-kork-produkte","11":"product_cat-produktserien","12":"product_cat-sport-und-freizeit","13":"product_tag-kopfschmuck","14":"product_tag-muetze","15":"pa_farve-braun-de","16":"pa_farve-kastanienbraun","17":"pa_farve-mischen","18":"pa_farve-natur-de","19":"tm-has-options","21":"first","22":"instock","23":"sale","24":"taxable","25":"shipping-taxable","26":"purchasable","27":"product-type-simple"},"acf":[],"yoast_head":"<!-- This site is optimized with the Yoast SEO Premium plugin v21.2 (Yoast SEO v21.2) - https:\/\/yoast.com\/wordpress\/plugins\/seo\/ -->\n<title>Kappe aus robustem Kork ohne Druck - Gr\u00f8nt Kontor<\/title>\n<meta name=\"description\" content=\"Klimafreundliche M\u00fctze aus Kork. Wasserabweisende Kappe, handgefertigt in Portugal. Umweltfreundliches Accessoire in verschiedenen Farben. Kann mit Logodruck geliefert werden.\" \/>\n<meta name=\"robots\" content=\"index, follow, max-snippet:-1, max-image-preview:large, max-video-preview:-1\" \/>\n<link rel=\"canonical\" href=\"https:\/\/grontkontor.dk\/de\/shop\/kappe-aus-kork\/\" \/>\n<meta property=\"og:locale\" content=\"de_DE\" \/>\n<meta property=\"og:type\" content=\"article\" \/>\n<meta property=\"og:title\" content=\"Kappe aus robustem Kork ohne Druck\" \/>\n<meta property=\"og:description\" content=\"Klimafreundliche M\u00fctze aus Kork. Wasserabweisende Kappe, handgefertigt in Portugal. Umweltfreundliches Accessoire in verschiedenen Farben. Kann mit Logodruck geliefert werden.\" \/>\n<meta property=\"og:url\" content=\"https:\/\/grontkontor.dk\/de\/shop\/kappe-aus-kork\/\" \/>\n<meta property=\"og:site_name\" content=\"Gr\u00f8nt Kontor\" \/>\n<meta property=\"article:publisher\" content=\"https:\/\/www.facebook.com\/grontkontor.dk\/\" \/>\n<meta property=\"article:modified_time\" content=\"2025-11-06T10:27:46+00:00\" \/>\n<meta property=\"og:image\" content=\"https:\/\/grontkontor.dk\/wp-content\/uploads\/2017\/03\/cap-kasket-kork-01.jpg\" \/>\n\t<meta property=\"og:image:width\" content=\"800\" \/>\n\t<meta property=\"og:image:height\" content=\"568\" \/>\n\t<meta property=\"og:image:type\" content=\"image\/jpeg\" \/>\n<meta name=\"twitter:card\" content=\"summary_large_image\" \/>\n<meta name=\"twitter:label1\" content=\"Gesch\u00e4tzte Lesezeit\" \/>\n\t<meta name=\"twitter:data1\" content=\"1\u00a0Minute\" \/>\n<script type=\"application\/ld+json\" class=\"yoast-schema-graph\">{\"@context\":\"https:\/\/schema.org\",\"@graph\":[{\"@type\":\"WebPage\",\"@id\":\"https:\/\/grontkontor.dk\/de\/shop\/kappe-aus-kork\/\",\"url\":\"https:\/\/grontkontor.dk\/de\/shop\/kappe-aus-kork\/\",\"name\":\"Kappe aus robustem Kork ohne Druck - Gr\u00f8nt Kontor\",\"isPartOf\":{\"@id\":\"https:\/\/grontkontor.dk\/#website\"},\"datePublished\":\"2024-05-29T09:14:15+00:00\",\"dateModified\":\"2025-11-06T10:27:46+00:00\",\"description\":\"Klimafreundliche M\u00fctze aus Kork. Wasserabweisende Kappe, handgefertigt in Portugal. Umweltfreundliches Accessoire in verschiedenen Farben. Kann mit Logodruck geliefert werden.\",\"breadcrumb\":{\"@id\":\"https:\/\/grontkontor.dk\/de\/shop\/kappe-aus-kork\/#breadcrumb\"},\"inLanguage\":\"de\",\"potentialAction\":[{\"@type\":\"ReadAction\",\"target\":[\"https:\/\/grontkontor.dk\/de\/shop\/kappe-aus-kork\/\"]}]},{\"@type\":\"BreadcrumbList\",\"@id\":\"https:\/\/grontkontor.dk\/de\/shop\/kappe-aus-kork\/#breadcrumb\",\"itemListElement\":[{\"@type\":\"ListItem\",\"position\":1,\"name\":\"Forside\",\"item\":\"https:\/\/grontkontor.dk\/de\/\"},{\"@type\":\"ListItem\",\"position\":2,\"name\":\"Laden\",\"item\":\"https:\/\/grontkontor.dk\/de\/laden\/\"},{\"@type\":\"ListItem\",\"position\":3,\"name\":\"Kleidung\",\"item\":\"https:\/\/grontkontor.dk\/de\/produkt-kategori\/kleidung\/\"},{\"@type\":\"ListItem\",\"position\":4,\"name\":\"Kopfschmuck\",\"item\":\"https:\/\/grontkontor.dk\/de\/produkt-kategori\/kleidung\/kopfschmuck\/\"},{\"@type\":\"ListItem\",\"position\":5,\"name\":\"Kappe aus robustem Kork ohne Druck\"}]},{\"@type\":\"WebSite\",\"@id\":\"https:\/\/grontkontor.dk\/#website\",\"url\":\"https:\/\/grontkontor.dk\/\",\"name\":\"Gr\u00f8nt Kontor\",\"description\":\"Milj\u00f8venlige produkter til kontor og erhverv med fokus p\u00e5 b\u00e6redygtighed, design og fair trade.\",\"publisher\":{\"@id\":\"https:\/\/grontkontor.dk\/#organization\"},\"potentialAction\":[{\"@type\":\"SearchAction\",\"target\":{\"@type\":\"EntryPoint\",\"urlTemplate\":\"https:\/\/grontkontor.dk\/?s={search_term_string}\"},\"query-input\":\"required name=search_term_string\"}],\"inLanguage\":\"de\"},{\"@type\":\"Organization\",\"@id\":\"https:\/\/grontkontor.dk\/#organization\",\"name\":\"Gr\u00f8nt Kontor\",\"url\":\"https:\/\/grontkontor.dk\/\",\"logo\":{\"@type\":\"ImageObject\",\"inLanguage\":\"de\",\"@id\":\"https:\/\/grontkontor.dk\/#\/schema\/logo\/image\/\",\"url\":\"https:\/\/grontkontor.dk\/wp-content\/uploads\/2014\/02\/Logo_groent_kontor_300x80.png\",\"contentUrl\":\"https:\/\/grontkontor.dk\/wp-content\/uploads\/2014\/02\/Logo_groent_kontor_300x80.png\",\"width\":300,\"height\":80,\"caption\":\"Gr\u00f8nt Kontor\"},\"image\":{\"@id\":\"https:\/\/grontkontor.dk\/#\/schema\/logo\/image\/\"},\"sameAs\":[\"https:\/\/www.facebook.com\/grontkontor.dk\/\"]}]}<\/script>\n<!-- \/ Yoast SEO Premium plugin. -->","yoast_head_json":{"title":"Kappe aus robustem Kork ohne Druck - Gr\u00f8nt Kontor","description":"Klimafreundliche M\u00fctze aus Kork. Wasserabweisende Kappe, handgefertigt in Portugal. Umweltfreundliches Accessoire in verschiedenen Farben. Kann mit Logodruck geliefert werden.","robots":{"index":"index","follow":"follow","max-snippet":"max-snippet:-1","max-image-preview":"max-image-preview:large","max-video-preview":"max-video-preview:-1"},"canonical":"https:\/\/grontkontor.dk\/de\/shop\/kappe-aus-kork\/","og_locale":"de_DE","og_type":"article","og_title":"Kappe aus robustem Kork ohne Druck","og_description":"Klimafreundliche M\u00fctze aus Kork. Wasserabweisende Kappe, handgefertigt in Portugal. Umweltfreundliches Accessoire in verschiedenen Farben. Kann mit Logodruck geliefert werden.","og_url":"https:\/\/grontkontor.dk\/de\/shop\/kappe-aus-kork\/","og_site_name":"Gr\u00f8nt Kontor","article_publisher":"https:\/\/www.facebook.com\/grontkontor.dk\/","article_modified_time":"2025-11-06T10:27:46+00:00","og_image":[{"width":800,"height":568,"url":"https:\/\/grontkontor.dk\/wp-content\/uploads\/2017\/03\/cap-kasket-kork-01.jpg","type":"image\/jpeg"}],"twitter_card":"summary_large_image","twitter_misc":{"Gesch\u00e4tzte Lesezeit":"1\u00a0Minute"},"schema":{"@context":"https:\/\/schema.org","@graph":[{"@type":"WebPage","@id":"https:\/\/grontkontor.dk\/de\/shop\/kappe-aus-kork\/","url":"https:\/\/grontkontor.dk\/de\/shop\/kappe-aus-kork\/","name":"Kappe aus robustem Kork ohne Druck - Gr\u00f8nt Kontor","isPartOf":{"@id":"https:\/\/grontkontor.dk\/#website"},"datePublished":"2024-05-29T09:14:15+00:00","dateModified":"2025-11-06T10:27:46+00:00","description":"Klimafreundliche M\u00fctze aus Kork. Wasserabweisende Kappe, handgefertigt in Portugal. Umweltfreundliches Accessoire in verschiedenen Farben. Kann mit Logodruck geliefert werden.","breadcrumb":{"@id":"https:\/\/grontkontor.dk\/de\/shop\/kappe-aus-kork\/#breadcrumb"},"inLanguage":"de","potentialAction":[{"@type":"ReadAction","target":["https:\/\/grontkontor.dk\/de\/shop\/kappe-aus-kork\/"]}]},{"@type":"BreadcrumbList","@id":"https:\/\/grontkontor.dk\/de\/shop\/kappe-aus-kork\/#breadcrumb","itemListElement":[{"@type":"ListItem","position":1,"name":"Forside","item":"https:\/\/grontkontor.dk\/de\/"},{"@type":"ListItem","position":2,"name":"Laden","item":"https:\/\/grontkontor.dk\/de\/laden\/"},{"@type":"ListItem","position":3,"name":"Kleidung","item":"https:\/\/grontkontor.dk\/de\/produkt-kategori\/kleidung\/"},{"@type":"ListItem","position":4,"name":"Kopfschmuck","item":"https:\/\/grontkontor.dk\/de\/produkt-kategori\/kleidung\/kopfschmuck\/"},{"@type":"ListItem","position":5,"name":"Kappe aus robustem Kork ohne Druck"}]},{"@type":"WebSite","@id":"https:\/\/grontkontor.dk\/#website","url":"https:\/\/grontkontor.dk\/","name":"Gr\u00f8nt Kontor","description":"Milj\u00f8venlige produkter til kontor og erhverv med fokus p\u00e5 b\u00e6redygtighed, design og fair trade.","publisher":{"@id":"https:\/\/grontkontor.dk\/#organization"},"potentialAction":[{"@type":"SearchAction","target":{"@type":"EntryPoint","urlTemplate":"https:\/\/grontkontor.dk\/?s={search_term_string}"},"query-input":"required name=search_term_string"}],"inLanguage":"de"},{"@type":"Organization","@id":"https:\/\/grontkontor.dk\/#organization","name":"Gr\u00f8nt Kontor","url":"https:\/\/grontkontor.dk\/","logo":{"@type":"ImageObject","inLanguage":"de","@id":"https:\/\/grontkontor.dk\/#\/schema\/logo\/image\/","url":"https:\/\/grontkontor.dk\/wp-content\/uploads\/2014\/02\/Logo_groent_kontor_300x80.png","contentUrl":"https:\/\/grontkontor.dk\/wp-content\/uploads\/2014\/02\/Logo_groent_kontor_300x80.png","width":300,"height":80,"caption":"Gr\u00f8nt Kontor"},"image":{"@id":"https:\/\/grontkontor.dk\/#\/schema\/logo\/image\/"},"sameAs":["https:\/\/www.facebook.com\/grontkontor.dk\/"]}]}},"_links":{"self":[{"href":"https:\/\/grontkontor.dk\/de\/wp-json\/wp\/v2\/product\/91107"}],"collection":[{"href":"https:\/\/grontkontor.dk\/de\/wp-json\/wp\/v2\/product"}],"about":[{"href":"https:\/\/grontkontor.dk\/de\/wp-json\/wp\/v2\/types\/product"}],"replies":[{"embeddable":true,"href":"https:\/\/grontkontor.dk\/de\/wp-json\/wp\/v2\/comments?post=91107"}],"wp:featuredmedia":[{"embeddable":true,"href":"https:\/\/grontkontor.dk\/de\/wp-json\/wp\/v2\/media\/91125"}],"wp:attachment":[{"href":"https:\/\/grontkontor.dk\/de\/wp-json\/wp\/v2\/media?parent=91107"}],"wp:term":[{"taxonomy":"product_cat","embeddable":true,"href":"https:\/\/grontkontor.dk\/de\/wp-json\/wp\/v2\/product_cat?post=91107"},{"taxonomy":"product_tag","embeddable":true,"href":"https:\/\/grontkontor.dk\/de\/wp-json\/wp\/v2\/product_tag?post=91107"}],"curies":[{"name":"wp","href":"https:\/\/api.w.org\/{rel}","templated":true}]}}