{"id":91156,"date":"2023-09-22T12:59:32","date_gmt":"2024-05-29T09:15:23","guid":{"rendered":"https:\/\/grontkontor.dk\/shop\/visitenkarten-etui\/"},"modified":"2024-05-29T11:15:23","modified_gmt":"2024-05-29T09:15:23","slug":"visitenkarten-etui","status":"publish","type":"product","link":"https:\/\/grontkontor.dk\/de\/shop\/visitenkarten-etui\/","title":{"rendered":"Visitenkartenhalter Birnbaum"},"content":{"rendered":"<p>Behalten Sie den \u00dcberblick \u00fcber Ihre Visitenkarten mit diesem exklusiven und klimafreundlichen Visitenkartenhalter. Eine Rolle aus massivem Edelstahl rollt auf der schr\u00e4gen Oberfl\u00e4che gegen die Karten. Der Gummiring, der in der Nut verl\u00e4uft, sorgt daf\u00fcr, dass die Walze nicht zur Seite rutschen kann. Das Fundament besteht aus ge\u00f6ltem FSC-zertifiziertem Birnbaumholz. Ein klima- und umweltfreundliches Produkt.<br \/>\nHergestellt in der EU von behinderten Menschen in einer gesch\u00fctzten Werkstatt.<\/p>\n<p>[staal_s]<\/p>\n<p>[kjf]<\/p>\n","protected":false},"excerpt":{"rendered":"<p>Behalten Sie den \u00dcberblick \u00fcber Ihre Visitenkarten mit diesem exklusiven und klimafreundlichen Visitenkartenhalter. Eine Rolle aus massivem Edelstahl rollt auf der schr\u00e4gen Oberfl\u00e4che gegen die Karten. Der Gummiring, der in der Nut verl\u00e4uft, sorgt daf\u00fcr, dass die Walze nicht zur Seite rutschen kann. Das Fundament besteht aus ge\u00f6ltem FSC-zertifiziertem Birnbaumholz. Ein klima- und umweltfreundliches Produkt. [&hellip;]<\/p>\n","protected":false},"featured_media":91165,"comment_status":"closed","ping_status":"closed","template":"","meta":{"_acf_changed":false},"product_cat":[3979,3325,3321,3323,3519,3440],"product_tag":[4283,4286,3322],"class_list":{"0":"post-91156","1":"product","2":"type-product","3":"status-publish","4":"has-post-thumbnail","6":"product_cat-birnbaum","7":"product_cat-dummy-moq-1-de","8":"product_cat-klimafreundliche-werbegeschenke","9":"product_cat-produktserien","10":"product_cat-schreibtischausstattung","11":"product_cat-sonstiges-fuer-den-schreibtisch","12":"product_tag-dekoration-de","13":"product_tag-entwurf","14":"product_tag-visitenkarte","15":"tm-has-options","17":"first","18":"instock","19":"taxable","20":"shipping-taxable","21":"purchasable","22":"product-type-simple"},"acf":[],"yoast_head":"<!-- This site is optimized with the Yoast SEO Premium plugin v21.2 (Yoast SEO v21.2) - https:\/\/yoast.com\/wordpress\/plugins\/seo\/ -->\n<title>Visitenkartenhalter Birnbaum - Gr\u00f8nt Kontor<\/title>\n<meta name=\"robots\" content=\"index, follow, max-snippet:-1, max-image-preview:large, max-video-preview:-1\" \/>\n<link rel=\"canonical\" href=\"https:\/\/grontkontor.dk\/shop\/visitkortholder\/\" \/>\n<meta property=\"og:locale\" content=\"de_DE\" \/>\n<meta property=\"og:type\" content=\"article\" \/>\n<meta property=\"og:title\" content=\"Visitenkartenhalter Birnbaum\" \/>\n<meta property=\"og:description\" content=\"Behalten Sie den \u00dcberblick \u00fcber Ihre Visitenkarten mit diesem exklusiven und klimafreundlichen Visitenkartenhalter. Eine Rolle aus massivem Edelstahl rollt auf der schr\u00e4gen Oberfl\u00e4che gegen die Karten. Der Gummiring, der in der Nut verl\u00e4uft, sorgt daf\u00fcr, dass die Walze nicht zur Seite rutschen kann. Das Fundament besteht aus ge\u00f6ltem FSC-zertifiziertem Birnbaumholz. Ein klima- und umweltfreundliches Produkt. [&hellip;]\" \/>\n<meta property=\"og:url\" content=\"https:\/\/grontkontor.dk\/shop\/visitkortholder\/\" \/>\n<meta property=\"og:site_name\" content=\"Gr\u00f8nt Kontor\" \/>\n<meta property=\"article:publisher\" content=\"https:\/\/www.facebook.com\/grontkontor.dk\/\" \/>\n<meta property=\"og:image\" content=\"https:\/\/grontkontor.dk\/wp-content\/uploads\/2016\/10\/visitkortholder-i-trae-01.jpg\" \/>\n\t<meta property=\"og:image:width\" content=\"800\" \/>\n\t<meta property=\"og:image:height\" content=\"568\" \/>\n\t<meta property=\"og:image:type\" content=\"image\/jpeg\" \/>\n<meta name=\"twitter:card\" content=\"summary_large_image\" \/>\n<script type=\"application\/ld+json\" class=\"yoast-schema-graph\">{\"@context\":\"https:\/\/schema.org\",\"@graph\":[{\"@type\":\"WebPage\",\"@id\":\"https:\/\/grontkontor.dk\/shop\/visitkortholder\/\",\"url\":\"https:\/\/grontkontor.dk\/shop\/visitkortholder\/\",\"name\":\"Visitenkartenhalter Birnbaum - Gr\u00f8nt Kontor\",\"isPartOf\":{\"@id\":\"https:\/\/grontkontor.dk\/#website\"},\"datePublished\":\"2024-05-29T09:15:23+00:00\",\"dateModified\":\"2024-05-29T09:15:23+00:00\",\"breadcrumb\":{\"@id\":\"https:\/\/grontkontor.dk\/shop\/visitkortholder\/#breadcrumb\"},\"inLanguage\":\"de\",\"potentialAction\":[{\"@type\":\"ReadAction\",\"target\":[\"https:\/\/grontkontor.dk\/shop\/visitkortholder\/\"]}]},{\"@type\":\"BreadcrumbList\",\"@id\":\"https:\/\/grontkontor.dk\/shop\/visitkortholder\/#breadcrumb\",\"itemListElement\":[{\"@type\":\"ListItem\",\"position\":1,\"name\":\"Forside\",\"item\":\"https:\/\/grontkontor.dk\/de\/\"},{\"@type\":\"ListItem\",\"position\":2,\"name\":\"Laden\",\"item\":\"https:\/\/grontkontor.dk\/de\/laden\/\"},{\"@type\":\"ListItem\",\"position\":3,\"name\":\"Produktserien\",\"item\":\"https:\/\/grontkontor.dk\/de\/produkt-kategori\/produktserien\/\"},{\"@type\":\"ListItem\",\"position\":4,\"name\":\"Birnbaum\",\"item\":\"https:\/\/grontkontor.dk\/de\/produkt-kategori\/birnbaum\/\"},{\"@type\":\"ListItem\",\"position\":5,\"name\":\"Visitenkartenhalter Birnbaum\"}]},{\"@type\":\"WebSite\",\"@id\":\"https:\/\/grontkontor.dk\/#website\",\"url\":\"https:\/\/grontkontor.dk\/\",\"name\":\"Gr\u00f8nt Kontor\",\"description\":\"Milj\u00f8venlige produkter til kontor og erhverv med fokus p\u00e5 b\u00e6redygtighed, design og fair trade.\",\"publisher\":{\"@id\":\"https:\/\/grontkontor.dk\/#organization\"},\"potentialAction\":[{\"@type\":\"SearchAction\",\"target\":{\"@type\":\"EntryPoint\",\"urlTemplate\":\"https:\/\/grontkontor.dk\/?s={search_term_string}\"},\"query-input\":\"required name=search_term_string\"}],\"inLanguage\":\"de\"},{\"@type\":\"Organization\",\"@id\":\"https:\/\/grontkontor.dk\/#organization\",\"name\":\"Gr\u00f8nt Kontor\",\"url\":\"https:\/\/grontkontor.dk\/\",\"logo\":{\"@type\":\"ImageObject\",\"inLanguage\":\"de\",\"@id\":\"https:\/\/grontkontor.dk\/#\/schema\/logo\/image\/\",\"url\":\"https:\/\/grontkontor.dk\/wp-content\/uploads\/2014\/02\/Logo_groent_kontor_300x80.png\",\"contentUrl\":\"https:\/\/grontkontor.dk\/wp-content\/uploads\/2014\/02\/Logo_groent_kontor_300x80.png\",\"width\":300,\"height\":80,\"caption\":\"Gr\u00f8nt Kontor\"},\"image\":{\"@id\":\"https:\/\/grontkontor.dk\/#\/schema\/logo\/image\/\"},\"sameAs\":[\"https:\/\/www.facebook.com\/grontkontor.dk\/\"]}]}<\/script>\n<!-- \/ Yoast SEO Premium plugin. -->","yoast_head_json":{"title":"Visitenkartenhalter Birnbaum - Gr\u00f8nt Kontor","robots":{"index":"index","follow":"follow","max-snippet":"max-snippet:-1","max-image-preview":"max-image-preview:large","max-video-preview":"max-video-preview:-1"},"canonical":"https:\/\/grontkontor.dk\/shop\/visitkortholder\/","og_locale":"de_DE","og_type":"article","og_title":"Visitenkartenhalter Birnbaum","og_description":"Behalten Sie den \u00dcberblick \u00fcber Ihre Visitenkarten mit diesem exklusiven und klimafreundlichen Visitenkartenhalter. Eine Rolle aus massivem Edelstahl rollt auf der schr\u00e4gen Oberfl\u00e4che gegen die Karten. Der Gummiring, der in der Nut verl\u00e4uft, sorgt daf\u00fcr, dass die Walze nicht zur Seite rutschen kann. Das Fundament besteht aus ge\u00f6ltem FSC-zertifiziertem Birnbaumholz. Ein klima- und umweltfreundliches Produkt. [&hellip;]","og_url":"https:\/\/grontkontor.dk\/shop\/visitkortholder\/","og_site_name":"Gr\u00f8nt Kontor","article_publisher":"https:\/\/www.facebook.com\/grontkontor.dk\/","og_image":[{"width":800,"height":568,"url":"https:\/\/grontkontor.dk\/wp-content\/uploads\/2016\/10\/visitkortholder-i-trae-01.jpg","type":"image\/jpeg"}],"twitter_card":"summary_large_image","schema":{"@context":"https:\/\/schema.org","@graph":[{"@type":"WebPage","@id":"https:\/\/grontkontor.dk\/shop\/visitkortholder\/","url":"https:\/\/grontkontor.dk\/shop\/visitkortholder\/","name":"Visitenkartenhalter Birnbaum - Gr\u00f8nt Kontor","isPartOf":{"@id":"https:\/\/grontkontor.dk\/#website"},"datePublished":"2024-05-29T09:15:23+00:00","dateModified":"2024-05-29T09:15:23+00:00","breadcrumb":{"@id":"https:\/\/grontkontor.dk\/shop\/visitkortholder\/#breadcrumb"},"inLanguage":"de","potentialAction":[{"@type":"ReadAction","target":["https:\/\/grontkontor.dk\/shop\/visitkortholder\/"]}]},{"@type":"BreadcrumbList","@id":"https:\/\/grontkontor.dk\/shop\/visitkortholder\/#breadcrumb","itemListElement":[{"@type":"ListItem","position":1,"name":"Forside","item":"https:\/\/grontkontor.dk\/de\/"},{"@type":"ListItem","position":2,"name":"Laden","item":"https:\/\/grontkontor.dk\/de\/laden\/"},{"@type":"ListItem","position":3,"name":"Produktserien","item":"https:\/\/grontkontor.dk\/de\/produkt-kategori\/produktserien\/"},{"@type":"ListItem","position":4,"name":"Birnbaum","item":"https:\/\/grontkontor.dk\/de\/produkt-kategori\/birnbaum\/"},{"@type":"ListItem","position":5,"name":"Visitenkartenhalter Birnbaum"}]},{"@type":"WebSite","@id":"https:\/\/grontkontor.dk\/#website","url":"https:\/\/grontkontor.dk\/","name":"Gr\u00f8nt Kontor","description":"Milj\u00f8venlige produkter til kontor og erhverv med fokus p\u00e5 b\u00e6redygtighed, design og fair trade.","publisher":{"@id":"https:\/\/grontkontor.dk\/#organization"},"potentialAction":[{"@type":"SearchAction","target":{"@type":"EntryPoint","urlTemplate":"https:\/\/grontkontor.dk\/?s={search_term_string}"},"query-input":"required name=search_term_string"}],"inLanguage":"de"},{"@type":"Organization","@id":"https:\/\/grontkontor.dk\/#organization","name":"Gr\u00f8nt Kontor","url":"https:\/\/grontkontor.dk\/","logo":{"@type":"ImageObject","inLanguage":"de","@id":"https:\/\/grontkontor.dk\/#\/schema\/logo\/image\/","url":"https:\/\/grontkontor.dk\/wp-content\/uploads\/2014\/02\/Logo_groent_kontor_300x80.png","contentUrl":"https:\/\/grontkontor.dk\/wp-content\/uploads\/2014\/02\/Logo_groent_kontor_300x80.png","width":300,"height":80,"caption":"Gr\u00f8nt Kontor"},"image":{"@id":"https:\/\/grontkontor.dk\/#\/schema\/logo\/image\/"},"sameAs":["https:\/\/www.facebook.com\/grontkontor.dk\/"]}]}},"_links":{"self":[{"href":"https:\/\/grontkontor.dk\/de\/wp-json\/wp\/v2\/product\/91156"}],"collection":[{"href":"https:\/\/grontkontor.dk\/de\/wp-json\/wp\/v2\/product"}],"about":[{"href":"https:\/\/grontkontor.dk\/de\/wp-json\/wp\/v2\/types\/product"}],"replies":[{"embeddable":true,"href":"https:\/\/grontkontor.dk\/de\/wp-json\/wp\/v2\/comments?post=91156"}],"wp:featuredmedia":[{"embeddable":true,"href":"https:\/\/grontkontor.dk\/de\/wp-json\/wp\/v2\/media\/91165"}],"wp:attachment":[{"href":"https:\/\/grontkontor.dk\/de\/wp-json\/wp\/v2\/media?parent=91156"}],"wp:term":[{"taxonomy":"product_cat","embeddable":true,"href":"https:\/\/grontkontor.dk\/de\/wp-json\/wp\/v2\/product_cat?post=91156"},{"taxonomy":"product_tag","embeddable":true,"href":"https:\/\/grontkontor.dk\/de\/wp-json\/wp\/v2\/product_tag?post=91156"}],"curies":[{"name":"wp","href":"https:\/\/api.w.org\/{rel}","templated":true}]}}