{"id":91180,"date":"2023-09-22T12:59:19","date_gmt":"2024-05-29T09:15:25","guid":{"rendered":"https:\/\/grontkontor.dk\/shop\/klebeband-abroller-rhino\/"},"modified":"2024-05-29T11:15:25","modified_gmt":"2024-05-29T09:15:25","slug":"klebeband-abroller-rhino","status":"publish","type":"product","link":"https:\/\/grontkontor.dk\/de\/shop\/klebeband-abroller-rhino\/","title":{"rendered":"Klebeband-Abroller Rhino"},"content":{"rendered":"<p>Skurriler und klimafreundlicher Klebebandspender in Form eines Nashorns. Es besteht aus Ahornholz mit einem Birnbaumbandhalter. Hergestellt aus europ\u00e4ischen H\u00f6lzern. Eine Rolle Klebeband ist im Lieferumfang enthalten. Der Spender passt auf die Standardgr\u00f6\u00dfe von 15 mm breiter Rolle.<br \/>\nEin klima- und umweltfreundliches Produkt, das in der EU von behinderten Menschen in einer gesch\u00fctzten Werkstatt hergestellt wird.<br \/>\n[kjf]<\/p>\n","protected":false},"excerpt":{"rendered":"<p>Skurriler und klimafreundlicher Klebebandspender in Form eines Nashorns. Es besteht aus Ahornholz mit einem Birnbaumbandhalter. Hergestellt aus europ\u00e4ischen H\u00f6lzern. Eine Rolle Klebeband ist im Lieferumfang enthalten. Der Spender passt auf die Standardgr\u00f6\u00dfe von 15 mm breiter Rolle. Ein klima- und umweltfreundliches Produkt, das in der EU von behinderten Menschen in einer gesch\u00fctzten Werkstatt hergestellt wird. [&hellip;]<\/p>\n","protected":false},"featured_media":91188,"comment_status":"closed","ping_status":"closed","template":"","meta":{"_acf_changed":false},"product_cat":[3979,3325,3978,3323,3440],"product_tag":[3980,3982,3983,3981],"class_list":{"0":"post-91180","1":"product","2":"type-product","3":"status-publish","4":"has-post-thumbnail","6":"product_cat-birnbaum","7":"product_cat-dummy-moq-1-de","8":"product_cat-klebeband-abroller","9":"product_cat-produktserien","10":"product_cat-sonstiges-fuer-den-schreibtisch","11":"product_tag-band","12":"product_tag-bandmaschine","13":"product_tag-klebeband-abroller","14":"product_tag-spender","15":"tm-has-options","17":"first","18":"instock","19":"taxable","20":"shipping-taxable","21":"purchasable","22":"product-type-simple"},"acf":[],"yoast_head":"<!-- This site is optimized with the Yoast SEO Premium plugin v21.2 (Yoast SEO v21.2) - https:\/\/yoast.com\/wordpress\/plugins\/seo\/ -->\n<title>Klebeband-Abroller Rhino - Gr\u00f8nt Kontor<\/title>\n<meta name=\"robots\" content=\"index, follow, max-snippet:-1, max-image-preview:large, max-video-preview:-1\" \/>\n<link rel=\"canonical\" href=\"https:\/\/grontkontor.dk\/de\/shop\/klebeband-abroller-rhino\/\" \/>\n<meta property=\"og:locale\" content=\"de_DE\" \/>\n<meta property=\"og:type\" content=\"article\" \/>\n<meta property=\"og:title\" content=\"Klebeband-Abroller Rhino\" \/>\n<meta property=\"og:description\" content=\"Skurriler und klimafreundlicher Klebebandspender in Form eines Nashorns. Es besteht aus Ahornholz mit einem Birnbaumbandhalter. Hergestellt aus europ\u00e4ischen H\u00f6lzern. Eine Rolle Klebeband ist im Lieferumfang enthalten. Der Spender passt auf die Standardgr\u00f6\u00dfe von 15 mm breiter Rolle. Ein klima- und umweltfreundliches Produkt, das in der EU von behinderten Menschen in einer gesch\u00fctzten Werkstatt hergestellt wird. [&hellip;]\" \/>\n<meta property=\"og:url\" content=\"https:\/\/grontkontor.dk\/de\/shop\/klebeband-abroller-rhino\/\" \/>\n<meta property=\"og:site_name\" content=\"Gr\u00f8nt Kontor\" \/>\n<meta property=\"article:publisher\" content=\"https:\/\/www.facebook.com\/grontkontor.dk\/\" \/>\n<meta property=\"og:image\" content=\"https:\/\/grontkontor.dk\/wp-content\/uploads\/2016\/09\/tapedispenser-rhino-01.jpg\" \/>\n\t<meta property=\"og:image:width\" content=\"800\" \/>\n\t<meta property=\"og:image:height\" content=\"568\" \/>\n\t<meta property=\"og:image:type\" content=\"image\/jpeg\" \/>\n<meta name=\"twitter:card\" content=\"summary_large_image\" \/>\n<script type=\"application\/ld+json\" class=\"yoast-schema-graph\">{\"@context\":\"https:\/\/schema.org\",\"@graph\":[{\"@type\":\"WebPage\",\"@id\":\"https:\/\/grontkontor.dk\/de\/shop\/klebeband-abroller-rhino\/\",\"url\":\"https:\/\/grontkontor.dk\/de\/shop\/klebeband-abroller-rhino\/\",\"name\":\"Klebeband-Abroller Rhino - Gr\u00f8nt Kontor\",\"isPartOf\":{\"@id\":\"https:\/\/grontkontor.dk\/#website\"},\"datePublished\":\"2024-05-29T09:15:25+00:00\",\"dateModified\":\"2024-05-29T09:15:25+00:00\",\"breadcrumb\":{\"@id\":\"https:\/\/grontkontor.dk\/de\/shop\/klebeband-abroller-rhino\/#breadcrumb\"},\"inLanguage\":\"de\",\"potentialAction\":[{\"@type\":\"ReadAction\",\"target\":[\"https:\/\/grontkontor.dk\/de\/shop\/klebeband-abroller-rhino\/\"]}]},{\"@type\":\"BreadcrumbList\",\"@id\":\"https:\/\/grontkontor.dk\/de\/shop\/klebeband-abroller-rhino\/#breadcrumb\",\"itemListElement\":[{\"@type\":\"ListItem\",\"position\":1,\"name\":\"Forside\",\"item\":\"https:\/\/grontkontor.dk\/de\/\"},{\"@type\":\"ListItem\",\"position\":2,\"name\":\"Laden\",\"item\":\"https:\/\/grontkontor.dk\/de\/laden\/\"},{\"@type\":\"ListItem\",\"position\":3,\"name\":\"Skrivebordsudstyr\",\"item\":\"https:\/\/grontkontor.dk\/produkt-kategori\/skrivebordsudstyr\/\"},{\"@type\":\"ListItem\",\"position\":4,\"name\":\"Tapedispensere\",\"item\":\"https:\/\/grontkontor.dk\/produkt-kategori\/skrivebordsudstyr\/tapedispensere\/\"},{\"@type\":\"ListItem\",\"position\":5,\"name\":\"Klebeband-Abroller Rhino\"}]},{\"@type\":\"WebSite\",\"@id\":\"https:\/\/grontkontor.dk\/#website\",\"url\":\"https:\/\/grontkontor.dk\/\",\"name\":\"Gr\u00f8nt Kontor\",\"description\":\"Milj\u00f8venlige produkter til kontor og erhverv med fokus p\u00e5 b\u00e6redygtighed, design og fair trade.\",\"publisher\":{\"@id\":\"https:\/\/grontkontor.dk\/#organization\"},\"potentialAction\":[{\"@type\":\"SearchAction\",\"target\":{\"@type\":\"EntryPoint\",\"urlTemplate\":\"https:\/\/grontkontor.dk\/?s={search_term_string}\"},\"query-input\":\"required name=search_term_string\"}],\"inLanguage\":\"de\"},{\"@type\":\"Organization\",\"@id\":\"https:\/\/grontkontor.dk\/#organization\",\"name\":\"Gr\u00f8nt Kontor\",\"url\":\"https:\/\/grontkontor.dk\/\",\"logo\":{\"@type\":\"ImageObject\",\"inLanguage\":\"de\",\"@id\":\"https:\/\/grontkontor.dk\/#\/schema\/logo\/image\/\",\"url\":\"https:\/\/grontkontor.dk\/wp-content\/uploads\/2014\/02\/Logo_groent_kontor_300x80.png\",\"contentUrl\":\"https:\/\/grontkontor.dk\/wp-content\/uploads\/2014\/02\/Logo_groent_kontor_300x80.png\",\"width\":300,\"height\":80,\"caption\":\"Gr\u00f8nt Kontor\"},\"image\":{\"@id\":\"https:\/\/grontkontor.dk\/#\/schema\/logo\/image\/\"},\"sameAs\":[\"https:\/\/www.facebook.com\/grontkontor.dk\/\"]}]}<\/script>\n<!-- \/ Yoast SEO Premium plugin. -->","yoast_head_json":{"title":"Klebeband-Abroller Rhino - Gr\u00f8nt Kontor","robots":{"index":"index","follow":"follow","max-snippet":"max-snippet:-1","max-image-preview":"max-image-preview:large","max-video-preview":"max-video-preview:-1"},"canonical":"https:\/\/grontkontor.dk\/de\/shop\/klebeband-abroller-rhino\/","og_locale":"de_DE","og_type":"article","og_title":"Klebeband-Abroller Rhino","og_description":"Skurriler und klimafreundlicher Klebebandspender in Form eines Nashorns. Es besteht aus Ahornholz mit einem Birnbaumbandhalter. Hergestellt aus europ\u00e4ischen H\u00f6lzern. Eine Rolle Klebeband ist im Lieferumfang enthalten. Der Spender passt auf die Standardgr\u00f6\u00dfe von 15 mm breiter Rolle. Ein klima- und umweltfreundliches Produkt, das in der EU von behinderten Menschen in einer gesch\u00fctzten Werkstatt hergestellt wird. [&hellip;]","og_url":"https:\/\/grontkontor.dk\/de\/shop\/klebeband-abroller-rhino\/","og_site_name":"Gr\u00f8nt Kontor","article_publisher":"https:\/\/www.facebook.com\/grontkontor.dk\/","og_image":[{"width":800,"height":568,"url":"https:\/\/grontkontor.dk\/wp-content\/uploads\/2016\/09\/tapedispenser-rhino-01.jpg","type":"image\/jpeg"}],"twitter_card":"summary_large_image","schema":{"@context":"https:\/\/schema.org","@graph":[{"@type":"WebPage","@id":"https:\/\/grontkontor.dk\/de\/shop\/klebeband-abroller-rhino\/","url":"https:\/\/grontkontor.dk\/de\/shop\/klebeband-abroller-rhino\/","name":"Klebeband-Abroller Rhino - Gr\u00f8nt Kontor","isPartOf":{"@id":"https:\/\/grontkontor.dk\/#website"},"datePublished":"2024-05-29T09:15:25+00:00","dateModified":"2024-05-29T09:15:25+00:00","breadcrumb":{"@id":"https:\/\/grontkontor.dk\/de\/shop\/klebeband-abroller-rhino\/#breadcrumb"},"inLanguage":"de","potentialAction":[{"@type":"ReadAction","target":["https:\/\/grontkontor.dk\/de\/shop\/klebeband-abroller-rhino\/"]}]},{"@type":"BreadcrumbList","@id":"https:\/\/grontkontor.dk\/de\/shop\/klebeband-abroller-rhino\/#breadcrumb","itemListElement":[{"@type":"ListItem","position":1,"name":"Forside","item":"https:\/\/grontkontor.dk\/de\/"},{"@type":"ListItem","position":2,"name":"Laden","item":"https:\/\/grontkontor.dk\/de\/laden\/"},{"@type":"ListItem","position":3,"name":"Skrivebordsudstyr","item":"https:\/\/grontkontor.dk\/produkt-kategori\/skrivebordsudstyr\/"},{"@type":"ListItem","position":4,"name":"Tapedispensere","item":"https:\/\/grontkontor.dk\/produkt-kategori\/skrivebordsudstyr\/tapedispensere\/"},{"@type":"ListItem","position":5,"name":"Klebeband-Abroller Rhino"}]},{"@type":"WebSite","@id":"https:\/\/grontkontor.dk\/#website","url":"https:\/\/grontkontor.dk\/","name":"Gr\u00f8nt Kontor","description":"Milj\u00f8venlige produkter til kontor og erhverv med fokus p\u00e5 b\u00e6redygtighed, design og fair trade.","publisher":{"@id":"https:\/\/grontkontor.dk\/#organization"},"potentialAction":[{"@type":"SearchAction","target":{"@type":"EntryPoint","urlTemplate":"https:\/\/grontkontor.dk\/?s={search_term_string}"},"query-input":"required name=search_term_string"}],"inLanguage":"de"},{"@type":"Organization","@id":"https:\/\/grontkontor.dk\/#organization","name":"Gr\u00f8nt Kontor","url":"https:\/\/grontkontor.dk\/","logo":{"@type":"ImageObject","inLanguage":"de","@id":"https:\/\/grontkontor.dk\/#\/schema\/logo\/image\/","url":"https:\/\/grontkontor.dk\/wp-content\/uploads\/2014\/02\/Logo_groent_kontor_300x80.png","contentUrl":"https:\/\/grontkontor.dk\/wp-content\/uploads\/2014\/02\/Logo_groent_kontor_300x80.png","width":300,"height":80,"caption":"Gr\u00f8nt Kontor"},"image":{"@id":"https:\/\/grontkontor.dk\/#\/schema\/logo\/image\/"},"sameAs":["https:\/\/www.facebook.com\/grontkontor.dk\/"]}]}},"_links":{"self":[{"href":"https:\/\/grontkontor.dk\/de\/wp-json\/wp\/v2\/product\/91180"}],"collection":[{"href":"https:\/\/grontkontor.dk\/de\/wp-json\/wp\/v2\/product"}],"about":[{"href":"https:\/\/grontkontor.dk\/de\/wp-json\/wp\/v2\/types\/product"}],"replies":[{"embeddable":true,"href":"https:\/\/grontkontor.dk\/de\/wp-json\/wp\/v2\/comments?post=91180"}],"wp:featuredmedia":[{"embeddable":true,"href":"https:\/\/grontkontor.dk\/de\/wp-json\/wp\/v2\/media\/91188"}],"wp:attachment":[{"href":"https:\/\/grontkontor.dk\/de\/wp-json\/wp\/v2\/media?parent=91180"}],"wp:term":[{"taxonomy":"product_cat","embeddable":true,"href":"https:\/\/grontkontor.dk\/de\/wp-json\/wp\/v2\/product_cat?post=91180"},{"taxonomy":"product_tag","embeddable":true,"href":"https:\/\/grontkontor.dk\/de\/wp-json\/wp\/v2\/product_tag?post=91180"}],"curies":[{"name":"wp","href":"https:\/\/api.w.org\/{rel}","templated":true}]}}