{"id":91199,"date":"2023-09-22T12:59:32","date_gmt":"2024-05-29T09:15:27","guid":{"rendered":"https:\/\/grontkontor.dk\/shop\/smartphone-i6-hulle-braunes-leder\/"},"modified":"2024-05-29T11:15:27","modified_gmt":"2024-05-29T09:15:27","slug":"smartphone-i6-hulle-braunes-leder","status":"publish","type":"product","link":"https:\/\/grontkontor.dk\/de\/shop\/smartphone-i6-hulle-braunes-leder\/","title":{"rendered":"Smartphone i6+ H\u00fclle &#8211; Braunes Leder"},"content":{"rendered":"<p>Eine sch\u00f6ne H\u00fclle f\u00fcr Ihr iPhone 6+, mit einem abnehmbaren Lederriemen, den Sie um den Hals tragen k\u00f6nnen.<br \/>\nDas Geh\u00e4use besteht aus pflanzlich gegerbtem Leder aus der Toskana, Italien. Leder ist ein sehr robustes Material und h\u00e4lt fast ewig.<br \/>\nHandgefertigt in Schweden.<br \/>\nMa\u00dfe (LxB): 17 x 9,5 cm.<\/p>\n<p>LIMITIERTE CHARGE.<\/p>\n","protected":false},"excerpt":{"rendered":"<p>Eine sch\u00f6ne H\u00fclle f\u00fcr Ihr iPhone 6+, mit einem abnehmbaren Lederriemen, den Sie um den Hals tragen k\u00f6nnen. Das Geh\u00e4use besteht aus pflanzlich gegerbtem Leder aus der Toskana, Italien. Leder ist ein sehr robustes Material und h\u00e4lt fast ewig. Handgefertigt in Schweden. Ma\u00dfe (LxB): 17 x 9,5 cm. LIMITIERTE CHARGE.<\/p>\n","protected":false},"featured_media":91204,"comment_status":"closed","ping_status":"closed","template":"","meta":{"_acf_changed":false},"product_cat":[3325,3321,4120,3512],"product_tag":[4304,4303,4305],"class_list":{"0":"post-91199","1":"product","2":"type-product","3":"status-publish","4":"has-post-thumbnail","6":"product_cat-dummy-moq-1-de","7":"product_cat-klimafreundliche-werbegeschenke","8":"product_cat-smartphone-huellen","9":"product_cat-taschen-tueten-und-huellen","10":"product_tag-design-geschenk","11":"product_tag-smartphone-huelle","12":"product_tag-smartphone-lautsprecher","13":"tm-has-options","15":"first","16":"instock","17":"taxable","18":"shipping-taxable","19":"purchasable","20":"product-type-simple"},"acf":[],"yoast_head":"<!-- This site is optimized with the Yoast SEO Premium plugin v21.2 (Yoast SEO v21.2) - https:\/\/yoast.com\/wordpress\/plugins\/seo\/ -->\n<title>Smartphone i6+ H\u00fclle - Braunes Leder - Gr\u00f8nt Kontor<\/title>\n<meta name=\"robots\" content=\"index, follow, max-snippet:-1, max-image-preview:large, max-video-preview:-1\" \/>\n<link rel=\"canonical\" href=\"https:\/\/grontkontor.dk\/de\/shop\/smartphone-i6-hulle-braunes-leder\/\" \/>\n<meta property=\"og:locale\" content=\"de_DE\" \/>\n<meta property=\"og:type\" content=\"article\" \/>\n<meta property=\"og:title\" content=\"Smartphone i6+ H\u00fclle - Braunes Leder\" \/>\n<meta property=\"og:description\" content=\"Eine sch\u00f6ne H\u00fclle f\u00fcr Ihr iPhone 6+, mit einem abnehmbaren Lederriemen, den Sie um den Hals tragen k\u00f6nnen. Das Geh\u00e4use besteht aus pflanzlich gegerbtem Leder aus der Toskana, Italien. Leder ist ein sehr robustes Material und h\u00e4lt fast ewig. Handgefertigt in Schweden. Ma\u00dfe (LxB): 17 x 9,5 cm. LIMITIERTE CHARGE.\" \/>\n<meta property=\"og:url\" content=\"https:\/\/grontkontor.dk\/de\/shop\/smartphone-i6-hulle-braunes-leder\/\" \/>\n<meta property=\"og:site_name\" content=\"Gr\u00f8nt Kontor\" \/>\n<meta property=\"article:publisher\" content=\"https:\/\/www.facebook.com\/grontkontor.dk\/\" \/>\n<meta name=\"twitter:card\" content=\"summary_large_image\" \/>\n<script type=\"application\/ld+json\" class=\"yoast-schema-graph\">{\"@context\":\"https:\/\/schema.org\",\"@graph\":[{\"@type\":\"WebPage\",\"@id\":\"https:\/\/grontkontor.dk\/de\/shop\/smartphone-i6-hulle-braunes-leder\/\",\"url\":\"https:\/\/grontkontor.dk\/de\/shop\/smartphone-i6-hulle-braunes-leder\/\",\"name\":\"Smartphone i6+ H\u00fclle - Braunes Leder - Gr\u00f8nt Kontor\",\"isPartOf\":{\"@id\":\"https:\/\/grontkontor.dk\/#website\"},\"datePublished\":\"2024-05-29T09:15:27+00:00\",\"dateModified\":\"2024-05-29T09:15:27+00:00\",\"breadcrumb\":{\"@id\":\"https:\/\/grontkontor.dk\/de\/shop\/smartphone-i6-hulle-braunes-leder\/#breadcrumb\"},\"inLanguage\":\"de\",\"potentialAction\":[{\"@type\":\"ReadAction\",\"target\":[\"https:\/\/grontkontor.dk\/de\/shop\/smartphone-i6-hulle-braunes-leder\/\"]}]},{\"@type\":\"BreadcrumbList\",\"@id\":\"https:\/\/grontkontor.dk\/de\/shop\/smartphone-i6-hulle-braunes-leder\/#breadcrumb\",\"itemListElement\":[{\"@type\":\"ListItem\",\"position\":1,\"name\":\"Forside\",\"item\":\"https:\/\/grontkontor.dk\/de\/\"},{\"@type\":\"ListItem\",\"position\":2,\"name\":\"Laden\",\"item\":\"https:\/\/grontkontor.dk\/de\/laden\/\"},{\"@type\":\"ListItem\",\"position\":3,\"name\":\"Taschen, Taschen und H\u00fcllen\",\"item\":\"https:\/\/grontkontor.dk\/de\/produkt-kategori\/taschen-tueten-und-huellen\/\"},{\"@type\":\"ListItem\",\"position\":4,\"name\":\"Smartphone-H\u00fcllen\",\"item\":\"https:\/\/grontkontor.dk\/de\/produkt-kategori\/smartphone-huellen\/\"},{\"@type\":\"ListItem\",\"position\":5,\"name\":\"Smartphone i6+ H\u00fclle &#8211; Braunes Leder\"}]},{\"@type\":\"WebSite\",\"@id\":\"https:\/\/grontkontor.dk\/#website\",\"url\":\"https:\/\/grontkontor.dk\/\",\"name\":\"Gr\u00f8nt Kontor\",\"description\":\"Milj\u00f8venlige produkter til kontor og erhverv med fokus p\u00e5 b\u00e6redygtighed, design og fair trade.\",\"publisher\":{\"@id\":\"https:\/\/grontkontor.dk\/#organization\"},\"potentialAction\":[{\"@type\":\"SearchAction\",\"target\":{\"@type\":\"EntryPoint\",\"urlTemplate\":\"https:\/\/grontkontor.dk\/?s={search_term_string}\"},\"query-input\":\"required name=search_term_string\"}],\"inLanguage\":\"de\"},{\"@type\":\"Organization\",\"@id\":\"https:\/\/grontkontor.dk\/#organization\",\"name\":\"Gr\u00f8nt Kontor\",\"url\":\"https:\/\/grontkontor.dk\/\",\"logo\":{\"@type\":\"ImageObject\",\"inLanguage\":\"de\",\"@id\":\"https:\/\/grontkontor.dk\/#\/schema\/logo\/image\/\",\"url\":\"https:\/\/grontkontor.dk\/wp-content\/uploads\/2014\/02\/Logo_groent_kontor_300x80.png\",\"contentUrl\":\"https:\/\/grontkontor.dk\/wp-content\/uploads\/2014\/02\/Logo_groent_kontor_300x80.png\",\"width\":300,\"height\":80,\"caption\":\"Gr\u00f8nt Kontor\"},\"image\":{\"@id\":\"https:\/\/grontkontor.dk\/#\/schema\/logo\/image\/\"},\"sameAs\":[\"https:\/\/www.facebook.com\/grontkontor.dk\/\"]}]}<\/script>\n<!-- \/ Yoast SEO Premium plugin. -->","yoast_head_json":{"title":"Smartphone i6+ H\u00fclle - Braunes Leder - Gr\u00f8nt Kontor","robots":{"index":"index","follow":"follow","max-snippet":"max-snippet:-1","max-image-preview":"max-image-preview:large","max-video-preview":"max-video-preview:-1"},"canonical":"https:\/\/grontkontor.dk\/de\/shop\/smartphone-i6-hulle-braunes-leder\/","og_locale":"de_DE","og_type":"article","og_title":"Smartphone i6+ H\u00fclle - Braunes Leder","og_description":"Eine sch\u00f6ne H\u00fclle f\u00fcr Ihr iPhone 6+, mit einem abnehmbaren Lederriemen, den Sie um den Hals tragen k\u00f6nnen. Das Geh\u00e4use besteht aus pflanzlich gegerbtem Leder aus der Toskana, Italien. Leder ist ein sehr robustes Material und h\u00e4lt fast ewig. Handgefertigt in Schweden. Ma\u00dfe (LxB): 17 x 9,5 cm. LIMITIERTE CHARGE.","og_url":"https:\/\/grontkontor.dk\/de\/shop\/smartphone-i6-hulle-braunes-leder\/","og_site_name":"Gr\u00f8nt Kontor","article_publisher":"https:\/\/www.facebook.com\/grontkontor.dk\/","twitter_card":"summary_large_image","schema":{"@context":"https:\/\/schema.org","@graph":[{"@type":"WebPage","@id":"https:\/\/grontkontor.dk\/de\/shop\/smartphone-i6-hulle-braunes-leder\/","url":"https:\/\/grontkontor.dk\/de\/shop\/smartphone-i6-hulle-braunes-leder\/","name":"Smartphone i6+ H\u00fclle - Braunes Leder - Gr\u00f8nt Kontor","isPartOf":{"@id":"https:\/\/grontkontor.dk\/#website"},"datePublished":"2024-05-29T09:15:27+00:00","dateModified":"2024-05-29T09:15:27+00:00","breadcrumb":{"@id":"https:\/\/grontkontor.dk\/de\/shop\/smartphone-i6-hulle-braunes-leder\/#breadcrumb"},"inLanguage":"de","potentialAction":[{"@type":"ReadAction","target":["https:\/\/grontkontor.dk\/de\/shop\/smartphone-i6-hulle-braunes-leder\/"]}]},{"@type":"BreadcrumbList","@id":"https:\/\/grontkontor.dk\/de\/shop\/smartphone-i6-hulle-braunes-leder\/#breadcrumb","itemListElement":[{"@type":"ListItem","position":1,"name":"Forside","item":"https:\/\/grontkontor.dk\/de\/"},{"@type":"ListItem","position":2,"name":"Laden","item":"https:\/\/grontkontor.dk\/de\/laden\/"},{"@type":"ListItem","position":3,"name":"Taschen, Taschen und H\u00fcllen","item":"https:\/\/grontkontor.dk\/de\/produkt-kategori\/taschen-tueten-und-huellen\/"},{"@type":"ListItem","position":4,"name":"Smartphone-H\u00fcllen","item":"https:\/\/grontkontor.dk\/de\/produkt-kategori\/smartphone-huellen\/"},{"@type":"ListItem","position":5,"name":"Smartphone i6+ H\u00fclle &#8211; Braunes Leder"}]},{"@type":"WebSite","@id":"https:\/\/grontkontor.dk\/#website","url":"https:\/\/grontkontor.dk\/","name":"Gr\u00f8nt Kontor","description":"Milj\u00f8venlige produkter til kontor og erhverv med fokus p\u00e5 b\u00e6redygtighed, design og fair trade.","publisher":{"@id":"https:\/\/grontkontor.dk\/#organization"},"potentialAction":[{"@type":"SearchAction","target":{"@type":"EntryPoint","urlTemplate":"https:\/\/grontkontor.dk\/?s={search_term_string}"},"query-input":"required name=search_term_string"}],"inLanguage":"de"},{"@type":"Organization","@id":"https:\/\/grontkontor.dk\/#organization","name":"Gr\u00f8nt Kontor","url":"https:\/\/grontkontor.dk\/","logo":{"@type":"ImageObject","inLanguage":"de","@id":"https:\/\/grontkontor.dk\/#\/schema\/logo\/image\/","url":"https:\/\/grontkontor.dk\/wp-content\/uploads\/2014\/02\/Logo_groent_kontor_300x80.png","contentUrl":"https:\/\/grontkontor.dk\/wp-content\/uploads\/2014\/02\/Logo_groent_kontor_300x80.png","width":300,"height":80,"caption":"Gr\u00f8nt Kontor"},"image":{"@id":"https:\/\/grontkontor.dk\/#\/schema\/logo\/image\/"},"sameAs":["https:\/\/www.facebook.com\/grontkontor.dk\/"]}]}},"_links":{"self":[{"href":"https:\/\/grontkontor.dk\/de\/wp-json\/wp\/v2\/product\/91199"}],"collection":[{"href":"https:\/\/grontkontor.dk\/de\/wp-json\/wp\/v2\/product"}],"about":[{"href":"https:\/\/grontkontor.dk\/de\/wp-json\/wp\/v2\/types\/product"}],"replies":[{"embeddable":true,"href":"https:\/\/grontkontor.dk\/de\/wp-json\/wp\/v2\/comments?post=91199"}],"wp:featuredmedia":[{"embeddable":true,"href":"https:\/\/grontkontor.dk\/de\/wp-json\/wp\/v2\/media\/91204"}],"wp:attachment":[{"href":"https:\/\/grontkontor.dk\/de\/wp-json\/wp\/v2\/media?parent=91199"}],"wp:term":[{"taxonomy":"product_cat","embeddable":true,"href":"https:\/\/grontkontor.dk\/de\/wp-json\/wp\/v2\/product_cat?post=91199"},{"taxonomy":"product_tag","embeddable":true,"href":"https:\/\/grontkontor.dk\/de\/wp-json\/wp\/v2\/product_tag?post=91199"}],"curies":[{"name":"wp","href":"https:\/\/api.w.org\/{rel}","templated":true}]}}