{"id":91218,"date":"2023-09-22T12:59:32","date_gmt":"2024-05-29T09:15:28","guid":{"rendered":"https:\/\/grontkontor.dk\/shop\/brevaabner-birdie\/"},"modified":"2024-05-29T11:15:28","modified_gmt":"2024-05-29T09:15:28","slug":"brevaabner-birdie","status":"publish","type":"product","link":"https:\/\/grontkontor.dk\/de\/shop\/brevaabner-birdie\/","title":{"rendered":"Brief\u00f6ffner &#8220;Birdie&#8221;"},"content":{"rendered":"<p>Dieser exklusive und klimafreundliche Brief\u00f6ffner hat die Form eines Vogels. Der K\u00f6rper mit dem Messer l\u00e4sst sich leicht vom St\u00e4nder demontieren und verwenden. Ein klima- und umweltfreundliches Produkt, das Ihren Schreibtisch schm\u00fcckt, wenn es nicht verwendet wird.<br \/>\nDer Brief\u00f6ffner ist aus FSC-zertifiziertem Ahornholz und Edelstahl gefertigt und misst ca. 14 cm. in der H\u00f6he.<br \/>\nHergestellt in der EU von behinderten Menschen in einer gesch\u00fctzten Werkstatt.<\/p>\n<p>[staal]<\/p>\n<p>[kjf]<\/p>\n","protected":false},"excerpt":{"rendered":"<p>Dieser exklusive und klimafreundliche Brief\u00f6ffner hat die Form eines Vogels. Der K\u00f6rper mit dem Messer l\u00e4sst sich leicht vom St\u00e4nder demontieren und verwenden. Ein klima- und umweltfreundliches Produkt, das Ihren Schreibtisch schm\u00fcckt, wenn es nicht verwendet wird. Der Brief\u00f6ffner ist aus FSC-zertifiziertem Ahornholz und Edelstahl gefertigt und misst ca. 14 cm. in der H\u00f6he. Hergestellt [&hellip;]<\/p>\n","protected":false},"featured_media":91233,"comment_status":"closed","ping_status":"closed","template":"","meta":{"_acf_changed":false},"product_cat":[3325,3519,3440],"product_tag":[4307,4308,4010],"class_list":{"0":"post-91218","1":"product","2":"type-product","3":"status-publish","4":"has-post-thumbnail","6":"product_cat-dummy-moq-1-de","7":"product_cat-schreibtischausstattung","8":"product_cat-sonstiges-fuer-den-schreibtisch","9":"product_tag-briefoeffner","10":"product_tag-buchstabenmesser","11":"product_tag-sonstiges-fuer-den-schreibtisch","12":"tm-has-options","14":"first","15":"instock","16":"taxable","17":"shipping-taxable","18":"purchasable","19":"product-type-simple"},"acf":[],"yoast_head":"<!-- This site is optimized with the Yoast SEO Premium plugin v21.2 (Yoast SEO v21.2) - https:\/\/yoast.com\/wordpress\/plugins\/seo\/ -->\n<title>Brief\u00f6ffner &quot;Birdie&quot; - Gr\u00f8nt Kontor<\/title>\n<meta name=\"robots\" content=\"index, follow, max-snippet:-1, max-image-preview:large, max-video-preview:-1\" \/>\n<link rel=\"canonical\" href=\"https:\/\/grontkontor.dk\/de\/shop\/brevaabner-birdie\/\" \/>\n<meta property=\"og:locale\" content=\"de_DE\" \/>\n<meta property=\"og:type\" content=\"article\" \/>\n<meta property=\"og:title\" content=\"Brief\u00f6ffner &quot;Birdie&quot;\" \/>\n<meta property=\"og:description\" content=\"Dieser exklusive und klimafreundliche Brief\u00f6ffner hat die Form eines Vogels. Der K\u00f6rper mit dem Messer l\u00e4sst sich leicht vom St\u00e4nder demontieren und verwenden. Ein klima- und umweltfreundliches Produkt, das Ihren Schreibtisch schm\u00fcckt, wenn es nicht verwendet wird. Der Brief\u00f6ffner ist aus FSC-zertifiziertem Ahornholz und Edelstahl gefertigt und misst ca. 14 cm. in der H\u00f6he. Hergestellt [&hellip;]\" \/>\n<meta property=\"og:url\" content=\"https:\/\/grontkontor.dk\/de\/shop\/brevaabner-birdie\/\" \/>\n<meta property=\"og:site_name\" content=\"Gr\u00f8nt Kontor\" \/>\n<meta property=\"article:publisher\" content=\"https:\/\/www.facebook.com\/grontkontor.dk\/\" \/>\n<meta name=\"twitter:card\" content=\"summary_large_image\" \/>\n<script type=\"application\/ld+json\" class=\"yoast-schema-graph\">{\"@context\":\"https:\/\/schema.org\",\"@graph\":[{\"@type\":\"WebPage\",\"@id\":\"https:\/\/grontkontor.dk\/de\/shop\/brevaabner-birdie\/\",\"url\":\"https:\/\/grontkontor.dk\/de\/shop\/brevaabner-birdie\/\",\"name\":\"Brief\u00f6ffner \\\"Birdie\\\" - Gr\u00f8nt Kontor\",\"isPartOf\":{\"@id\":\"https:\/\/grontkontor.dk\/#website\"},\"datePublished\":\"2024-05-29T09:15:28+00:00\",\"dateModified\":\"2024-05-29T09:15:28+00:00\",\"breadcrumb\":{\"@id\":\"https:\/\/grontkontor.dk\/de\/shop\/brevaabner-birdie\/#breadcrumb\"},\"inLanguage\":\"de\",\"potentialAction\":[{\"@type\":\"ReadAction\",\"target\":[\"https:\/\/grontkontor.dk\/de\/shop\/brevaabner-birdie\/\"]}]},{\"@type\":\"BreadcrumbList\",\"@id\":\"https:\/\/grontkontor.dk\/de\/shop\/brevaabner-birdie\/#breadcrumb\",\"itemListElement\":[{\"@type\":\"ListItem\",\"position\":1,\"name\":\"Forside\",\"item\":\"https:\/\/grontkontor.dk\/de\/\"},{\"@type\":\"ListItem\",\"position\":2,\"name\":\"Laden\",\"item\":\"https:\/\/grontkontor.dk\/de\/laden\/\"},{\"@type\":\"ListItem\",\"position\":3,\"name\":\"Schreibtischausstattung\",\"item\":\"https:\/\/grontkontor.dk\/de\/produkt-kategori\/schreibtischausstattung\/\"},{\"@type\":\"ListItem\",\"position\":4,\"name\":\"Sonstiges f\u00fcr den Schreibtisch\",\"item\":\"https:\/\/grontkontor.dk\/de\/produkt-kategori\/schreibtischausstattung\/sonstiges-fuer-den-schreibtisch\/\"},{\"@type\":\"ListItem\",\"position\":5,\"name\":\"Brief\u00f6ffner &#8220;Birdie&#8221;\"}]},{\"@type\":\"WebSite\",\"@id\":\"https:\/\/grontkontor.dk\/#website\",\"url\":\"https:\/\/grontkontor.dk\/\",\"name\":\"Gr\u00f8nt Kontor\",\"description\":\"Milj\u00f8venlige produkter til kontor og erhverv med fokus p\u00e5 b\u00e6redygtighed, design og fair trade.\",\"publisher\":{\"@id\":\"https:\/\/grontkontor.dk\/#organization\"},\"potentialAction\":[{\"@type\":\"SearchAction\",\"target\":{\"@type\":\"EntryPoint\",\"urlTemplate\":\"https:\/\/grontkontor.dk\/?s={search_term_string}\"},\"query-input\":\"required name=search_term_string\"}],\"inLanguage\":\"de\"},{\"@type\":\"Organization\",\"@id\":\"https:\/\/grontkontor.dk\/#organization\",\"name\":\"Gr\u00f8nt Kontor\",\"url\":\"https:\/\/grontkontor.dk\/\",\"logo\":{\"@type\":\"ImageObject\",\"inLanguage\":\"de\",\"@id\":\"https:\/\/grontkontor.dk\/#\/schema\/logo\/image\/\",\"url\":\"https:\/\/grontkontor.dk\/wp-content\/uploads\/2014\/02\/Logo_groent_kontor_300x80.png\",\"contentUrl\":\"https:\/\/grontkontor.dk\/wp-content\/uploads\/2014\/02\/Logo_groent_kontor_300x80.png\",\"width\":300,\"height\":80,\"caption\":\"Gr\u00f8nt Kontor\"},\"image\":{\"@id\":\"https:\/\/grontkontor.dk\/#\/schema\/logo\/image\/\"},\"sameAs\":[\"https:\/\/www.facebook.com\/grontkontor.dk\/\"]}]}<\/script>\n<!-- \/ Yoast SEO Premium plugin. -->","yoast_head_json":{"title":"Brief\u00f6ffner \"Birdie\" - Gr\u00f8nt Kontor","robots":{"index":"index","follow":"follow","max-snippet":"max-snippet:-1","max-image-preview":"max-image-preview:large","max-video-preview":"max-video-preview:-1"},"canonical":"https:\/\/grontkontor.dk\/de\/shop\/brevaabner-birdie\/","og_locale":"de_DE","og_type":"article","og_title":"Brief\u00f6ffner \"Birdie\"","og_description":"Dieser exklusive und klimafreundliche Brief\u00f6ffner hat die Form eines Vogels. Der K\u00f6rper mit dem Messer l\u00e4sst sich leicht vom St\u00e4nder demontieren und verwenden. Ein klima- und umweltfreundliches Produkt, das Ihren Schreibtisch schm\u00fcckt, wenn es nicht verwendet wird. Der Brief\u00f6ffner ist aus FSC-zertifiziertem Ahornholz und Edelstahl gefertigt und misst ca. 14 cm. in der H\u00f6he. Hergestellt [&hellip;]","og_url":"https:\/\/grontkontor.dk\/de\/shop\/brevaabner-birdie\/","og_site_name":"Gr\u00f8nt Kontor","article_publisher":"https:\/\/www.facebook.com\/grontkontor.dk\/","twitter_card":"summary_large_image","schema":{"@context":"https:\/\/schema.org","@graph":[{"@type":"WebPage","@id":"https:\/\/grontkontor.dk\/de\/shop\/brevaabner-birdie\/","url":"https:\/\/grontkontor.dk\/de\/shop\/brevaabner-birdie\/","name":"Brief\u00f6ffner \"Birdie\" - Gr\u00f8nt Kontor","isPartOf":{"@id":"https:\/\/grontkontor.dk\/#website"},"datePublished":"2024-05-29T09:15:28+00:00","dateModified":"2024-05-29T09:15:28+00:00","breadcrumb":{"@id":"https:\/\/grontkontor.dk\/de\/shop\/brevaabner-birdie\/#breadcrumb"},"inLanguage":"de","potentialAction":[{"@type":"ReadAction","target":["https:\/\/grontkontor.dk\/de\/shop\/brevaabner-birdie\/"]}]},{"@type":"BreadcrumbList","@id":"https:\/\/grontkontor.dk\/de\/shop\/brevaabner-birdie\/#breadcrumb","itemListElement":[{"@type":"ListItem","position":1,"name":"Forside","item":"https:\/\/grontkontor.dk\/de\/"},{"@type":"ListItem","position":2,"name":"Laden","item":"https:\/\/grontkontor.dk\/de\/laden\/"},{"@type":"ListItem","position":3,"name":"Schreibtischausstattung","item":"https:\/\/grontkontor.dk\/de\/produkt-kategori\/schreibtischausstattung\/"},{"@type":"ListItem","position":4,"name":"Sonstiges f\u00fcr den Schreibtisch","item":"https:\/\/grontkontor.dk\/de\/produkt-kategori\/schreibtischausstattung\/sonstiges-fuer-den-schreibtisch\/"},{"@type":"ListItem","position":5,"name":"Brief\u00f6ffner &#8220;Birdie&#8221;"}]},{"@type":"WebSite","@id":"https:\/\/grontkontor.dk\/#website","url":"https:\/\/grontkontor.dk\/","name":"Gr\u00f8nt Kontor","description":"Milj\u00f8venlige produkter til kontor og erhverv med fokus p\u00e5 b\u00e6redygtighed, design og fair trade.","publisher":{"@id":"https:\/\/grontkontor.dk\/#organization"},"potentialAction":[{"@type":"SearchAction","target":{"@type":"EntryPoint","urlTemplate":"https:\/\/grontkontor.dk\/?s={search_term_string}"},"query-input":"required name=search_term_string"}],"inLanguage":"de"},{"@type":"Organization","@id":"https:\/\/grontkontor.dk\/#organization","name":"Gr\u00f8nt Kontor","url":"https:\/\/grontkontor.dk\/","logo":{"@type":"ImageObject","inLanguage":"de","@id":"https:\/\/grontkontor.dk\/#\/schema\/logo\/image\/","url":"https:\/\/grontkontor.dk\/wp-content\/uploads\/2014\/02\/Logo_groent_kontor_300x80.png","contentUrl":"https:\/\/grontkontor.dk\/wp-content\/uploads\/2014\/02\/Logo_groent_kontor_300x80.png","width":300,"height":80,"caption":"Gr\u00f8nt Kontor"},"image":{"@id":"https:\/\/grontkontor.dk\/#\/schema\/logo\/image\/"},"sameAs":["https:\/\/www.facebook.com\/grontkontor.dk\/"]}]}},"_links":{"self":[{"href":"https:\/\/grontkontor.dk\/de\/wp-json\/wp\/v2\/product\/91218"}],"collection":[{"href":"https:\/\/grontkontor.dk\/de\/wp-json\/wp\/v2\/product"}],"about":[{"href":"https:\/\/grontkontor.dk\/de\/wp-json\/wp\/v2\/types\/product"}],"replies":[{"embeddable":true,"href":"https:\/\/grontkontor.dk\/de\/wp-json\/wp\/v2\/comments?post=91218"}],"wp:featuredmedia":[{"embeddable":true,"href":"https:\/\/grontkontor.dk\/de\/wp-json\/wp\/v2\/media\/91233"}],"wp:attachment":[{"href":"https:\/\/grontkontor.dk\/de\/wp-json\/wp\/v2\/media?parent=91218"}],"wp:term":[{"taxonomy":"product_cat","embeddable":true,"href":"https:\/\/grontkontor.dk\/de\/wp-json\/wp\/v2\/product_cat?post=91218"},{"taxonomy":"product_tag","embeddable":true,"href":"https:\/\/grontkontor.dk\/de\/wp-json\/wp\/v2\/product_tag?post=91218"}],"curies":[{"name":"wp","href":"https:\/\/api.w.org\/{rel}","templated":true}]}}