{"id":91244,"date":"2023-09-22T12:59:32","date_gmt":"2024-05-29T09:15:30","guid":{"rendered":"https:\/\/grontkontor.dk\/shop\/laptop-hulle-13-grau\/"},"modified":"2024-05-29T11:15:30","modified_gmt":"2024-05-29T09:15:30","slug":"laptop-hulle-13-grau","status":"publish","type":"product","link":"https:\/\/grontkontor.dk\/de\/shop\/laptop-hulle-13-grau\/","title":{"rendered":"Laptop-H\u00fclle 11&#8243; &#8211; Eis (Reste)"},"content":{"rendered":"<p>Eine trendige und klassische Laptoptasche aus Bio-Wolle aus Italien und entworfen und produziert in Schweden. Einfacher Verschluss mit Messingknopf und geflochtenem Lederband.<br \/>\nWolle ist ein nachwachsendes Material (das Schaf bekommt immer wieder neue Wolle). Wolle geh\u00f6rt zu den Textilien in der Gruppe mit Viskose und Baumwolle, die bei der Herstellung am wenigsten CO2 aussto\u00dfen. Enth\u00e4lt 10% Polyester.<br \/>\nInnenma\u00dfe: 29,5 x 19 cm.<\/p>\n<p>LIMITIERTE CHARGE.<\/p>\n","protected":false},"excerpt":{"rendered":"<p>Eine trendige und klassische Laptoptasche aus Bio-Wolle aus Italien und entworfen und produziert in Schweden. Einfacher Verschluss mit Messingknopf und geflochtenem Lederband. Wolle ist ein nachwachsendes Material (das Schaf bekommt immer wieder neue Wolle). Wolle geh\u00f6rt zu den Textilien in der Gruppe mit Viskose und Baumwolle, die bei der Herstellung am wenigsten CO2 aussto\u00dfen. Enth\u00e4lt [&hellip;]<\/p>\n","protected":false},"featured_media":91247,"comment_status":"closed","ping_status":"closed","template":"","meta":{"_acf_changed":false},"product_cat":[3325,3321,4056,3512],"product_tag":[4118,4289,4288,4119],"class_list":{"0":"post-91244","1":"product","2":"type-product","3":"status-publish","4":"has-post-thumbnail","6":"product_cat-dummy-moq-1-de","7":"product_cat-klimafreundliche-werbegeschenke","8":"product_cat-laptoptaschen-und-huellen","9":"product_cat-taschen-tueten-und-huellen","10":"product_tag-computertasche","11":"product_tag-kork-tasche","12":"product_tag-laptoptasche-de","13":"product_tag-laptoptasche","14":"tm-has-options","16":"first","17":"instock","18":"taxable","19":"shipping-taxable","20":"purchasable","21":"product-type-simple"},"acf":[],"yoast_head":"<!-- This site is optimized with the Yoast SEO Premium plugin v21.2 (Yoast SEO v21.2) - https:\/\/yoast.com\/wordpress\/plugins\/seo\/ -->\n<title>Laptop-H\u00fclle 11&quot; - Eis (Reste) - Gr\u00f8nt Kontor<\/title>\n<meta name=\"robots\" content=\"index, follow, max-snippet:-1, max-image-preview:large, max-video-preview:-1\" \/>\n<link rel=\"canonical\" href=\"https:\/\/grontkontor.dk\/de\/shop\/laptop-hulle-13-grau\/\" \/>\n<meta property=\"og:locale\" content=\"de_DE\" \/>\n<meta property=\"og:type\" content=\"article\" \/>\n<meta property=\"og:title\" content=\"Laptop-H\u00fclle 11&quot; - Eis (Reste)\" \/>\n<meta property=\"og:description\" content=\"Eine trendige und klassische Laptoptasche aus Bio-Wolle aus Italien und entworfen und produziert in Schweden. Einfacher Verschluss mit Messingknopf und geflochtenem Lederband. Wolle ist ein nachwachsendes Material (das Schaf bekommt immer wieder neue Wolle). Wolle geh\u00f6rt zu den Textilien in der Gruppe mit Viskose und Baumwolle, die bei der Herstellung am wenigsten CO2 aussto\u00dfen. Enth\u00e4lt [&hellip;]\" \/>\n<meta property=\"og:url\" content=\"https:\/\/grontkontor.dk\/de\/shop\/laptop-hulle-13-grau\/\" \/>\n<meta property=\"og:site_name\" content=\"Gr\u00f8nt Kontor\" \/>\n<meta property=\"article:publisher\" content=\"https:\/\/www.facebook.com\/grontkontor.dk\/\" \/>\n<meta property=\"og:image\" content=\"https:\/\/grontkontor.dk\/wp-content\/uploads\/2016\/09\/20105-1.jpg\" \/>\n\t<meta property=\"og:image:width\" content=\"854\" \/>\n\t<meta property=\"og:image:height\" content=\"569\" \/>\n\t<meta property=\"og:image:type\" content=\"image\/jpeg\" \/>\n<meta name=\"twitter:card\" content=\"summary_large_image\" \/>\n<script type=\"application\/ld+json\" class=\"yoast-schema-graph\">{\"@context\":\"https:\/\/schema.org\",\"@graph\":[{\"@type\":\"WebPage\",\"@id\":\"https:\/\/grontkontor.dk\/de\/shop\/laptop-hulle-13-grau\/\",\"url\":\"https:\/\/grontkontor.dk\/de\/shop\/laptop-hulle-13-grau\/\",\"name\":\"Laptop-H\u00fclle 11\\\" - Eis (Reste) - Gr\u00f8nt Kontor\",\"isPartOf\":{\"@id\":\"https:\/\/grontkontor.dk\/#website\"},\"datePublished\":\"2024-05-29T09:15:30+00:00\",\"dateModified\":\"2024-05-29T09:15:30+00:00\",\"breadcrumb\":{\"@id\":\"https:\/\/grontkontor.dk\/de\/shop\/laptop-hulle-13-grau\/#breadcrumb\"},\"inLanguage\":\"de\",\"potentialAction\":[{\"@type\":\"ReadAction\",\"target\":[\"https:\/\/grontkontor.dk\/de\/shop\/laptop-hulle-13-grau\/\"]}]},{\"@type\":\"BreadcrumbList\",\"@id\":\"https:\/\/grontkontor.dk\/de\/shop\/laptop-hulle-13-grau\/#breadcrumb\",\"itemListElement\":[{\"@type\":\"ListItem\",\"position\":1,\"name\":\"Forside\",\"item\":\"https:\/\/grontkontor.dk\/de\/\"},{\"@type\":\"ListItem\",\"position\":2,\"name\":\"Laden\",\"item\":\"https:\/\/grontkontor.dk\/de\/laden\/\"},{\"@type\":\"ListItem\",\"position\":3,\"name\":\"Taschen, Taschen und H\u00fcllen\",\"item\":\"https:\/\/grontkontor.dk\/de\/produkt-kategori\/taschen-tueten-und-huellen\/\"},{\"@type\":\"ListItem\",\"position\":4,\"name\":\"Laptoptaschen und -h\u00fcllen\",\"item\":\"https:\/\/grontkontor.dk\/de\/produkt-kategori\/taschen-tueten-und-huellen\/laptoptaschen-und-huellen\/\"},{\"@type\":\"ListItem\",\"position\":5,\"name\":\"Laptop-H\u00fclle 11&#8243; &#8211; Eis (Reste)\"}]},{\"@type\":\"WebSite\",\"@id\":\"https:\/\/grontkontor.dk\/#website\",\"url\":\"https:\/\/grontkontor.dk\/\",\"name\":\"Gr\u00f8nt Kontor\",\"description\":\"Milj\u00f8venlige produkter til kontor og erhverv med fokus p\u00e5 b\u00e6redygtighed, design og fair trade.\",\"publisher\":{\"@id\":\"https:\/\/grontkontor.dk\/#organization\"},\"potentialAction\":[{\"@type\":\"SearchAction\",\"target\":{\"@type\":\"EntryPoint\",\"urlTemplate\":\"https:\/\/grontkontor.dk\/?s={search_term_string}\"},\"query-input\":\"required name=search_term_string\"}],\"inLanguage\":\"de\"},{\"@type\":\"Organization\",\"@id\":\"https:\/\/grontkontor.dk\/#organization\",\"name\":\"Gr\u00f8nt Kontor\",\"url\":\"https:\/\/grontkontor.dk\/\",\"logo\":{\"@type\":\"ImageObject\",\"inLanguage\":\"de\",\"@id\":\"https:\/\/grontkontor.dk\/#\/schema\/logo\/image\/\",\"url\":\"https:\/\/grontkontor.dk\/wp-content\/uploads\/2014\/02\/Logo_groent_kontor_300x80.png\",\"contentUrl\":\"https:\/\/grontkontor.dk\/wp-content\/uploads\/2014\/02\/Logo_groent_kontor_300x80.png\",\"width\":300,\"height\":80,\"caption\":\"Gr\u00f8nt Kontor\"},\"image\":{\"@id\":\"https:\/\/grontkontor.dk\/#\/schema\/logo\/image\/\"},\"sameAs\":[\"https:\/\/www.facebook.com\/grontkontor.dk\/\"]}]}<\/script>\n<!-- \/ Yoast SEO Premium plugin. -->","yoast_head_json":{"title":"Laptop-H\u00fclle 11\" - Eis (Reste) - Gr\u00f8nt Kontor","robots":{"index":"index","follow":"follow","max-snippet":"max-snippet:-1","max-image-preview":"max-image-preview:large","max-video-preview":"max-video-preview:-1"},"canonical":"https:\/\/grontkontor.dk\/de\/shop\/laptop-hulle-13-grau\/","og_locale":"de_DE","og_type":"article","og_title":"Laptop-H\u00fclle 11\" - Eis (Reste)","og_description":"Eine trendige und klassische Laptoptasche aus Bio-Wolle aus Italien und entworfen und produziert in Schweden. Einfacher Verschluss mit Messingknopf und geflochtenem Lederband. Wolle ist ein nachwachsendes Material (das Schaf bekommt immer wieder neue Wolle). Wolle geh\u00f6rt zu den Textilien in der Gruppe mit Viskose und Baumwolle, die bei der Herstellung am wenigsten CO2 aussto\u00dfen. Enth\u00e4lt [&hellip;]","og_url":"https:\/\/grontkontor.dk\/de\/shop\/laptop-hulle-13-grau\/","og_site_name":"Gr\u00f8nt Kontor","article_publisher":"https:\/\/www.facebook.com\/grontkontor.dk\/","og_image":[{"width":854,"height":569,"url":"https:\/\/grontkontor.dk\/wp-content\/uploads\/2016\/09\/20105-1.jpg","type":"image\/jpeg"}],"twitter_card":"summary_large_image","schema":{"@context":"https:\/\/schema.org","@graph":[{"@type":"WebPage","@id":"https:\/\/grontkontor.dk\/de\/shop\/laptop-hulle-13-grau\/","url":"https:\/\/grontkontor.dk\/de\/shop\/laptop-hulle-13-grau\/","name":"Laptop-H\u00fclle 11\" - Eis (Reste) - Gr\u00f8nt Kontor","isPartOf":{"@id":"https:\/\/grontkontor.dk\/#website"},"datePublished":"2024-05-29T09:15:30+00:00","dateModified":"2024-05-29T09:15:30+00:00","breadcrumb":{"@id":"https:\/\/grontkontor.dk\/de\/shop\/laptop-hulle-13-grau\/#breadcrumb"},"inLanguage":"de","potentialAction":[{"@type":"ReadAction","target":["https:\/\/grontkontor.dk\/de\/shop\/laptop-hulle-13-grau\/"]}]},{"@type":"BreadcrumbList","@id":"https:\/\/grontkontor.dk\/de\/shop\/laptop-hulle-13-grau\/#breadcrumb","itemListElement":[{"@type":"ListItem","position":1,"name":"Forside","item":"https:\/\/grontkontor.dk\/de\/"},{"@type":"ListItem","position":2,"name":"Laden","item":"https:\/\/grontkontor.dk\/de\/laden\/"},{"@type":"ListItem","position":3,"name":"Taschen, Taschen und H\u00fcllen","item":"https:\/\/grontkontor.dk\/de\/produkt-kategori\/taschen-tueten-und-huellen\/"},{"@type":"ListItem","position":4,"name":"Laptoptaschen und -h\u00fcllen","item":"https:\/\/grontkontor.dk\/de\/produkt-kategori\/taschen-tueten-und-huellen\/laptoptaschen-und-huellen\/"},{"@type":"ListItem","position":5,"name":"Laptop-H\u00fclle 11&#8243; &#8211; Eis (Reste)"}]},{"@type":"WebSite","@id":"https:\/\/grontkontor.dk\/#website","url":"https:\/\/grontkontor.dk\/","name":"Gr\u00f8nt Kontor","description":"Milj\u00f8venlige produkter til kontor og erhverv med fokus p\u00e5 b\u00e6redygtighed, design og fair trade.","publisher":{"@id":"https:\/\/grontkontor.dk\/#organization"},"potentialAction":[{"@type":"SearchAction","target":{"@type":"EntryPoint","urlTemplate":"https:\/\/grontkontor.dk\/?s={search_term_string}"},"query-input":"required name=search_term_string"}],"inLanguage":"de"},{"@type":"Organization","@id":"https:\/\/grontkontor.dk\/#organization","name":"Gr\u00f8nt Kontor","url":"https:\/\/grontkontor.dk\/","logo":{"@type":"ImageObject","inLanguage":"de","@id":"https:\/\/grontkontor.dk\/#\/schema\/logo\/image\/","url":"https:\/\/grontkontor.dk\/wp-content\/uploads\/2014\/02\/Logo_groent_kontor_300x80.png","contentUrl":"https:\/\/grontkontor.dk\/wp-content\/uploads\/2014\/02\/Logo_groent_kontor_300x80.png","width":300,"height":80,"caption":"Gr\u00f8nt Kontor"},"image":{"@id":"https:\/\/grontkontor.dk\/#\/schema\/logo\/image\/"},"sameAs":["https:\/\/www.facebook.com\/grontkontor.dk\/"]}]}},"_links":{"self":[{"href":"https:\/\/grontkontor.dk\/de\/wp-json\/wp\/v2\/product\/91244"}],"collection":[{"href":"https:\/\/grontkontor.dk\/de\/wp-json\/wp\/v2\/product"}],"about":[{"href":"https:\/\/grontkontor.dk\/de\/wp-json\/wp\/v2\/types\/product"}],"replies":[{"embeddable":true,"href":"https:\/\/grontkontor.dk\/de\/wp-json\/wp\/v2\/comments?post=91244"}],"wp:featuredmedia":[{"embeddable":true,"href":"https:\/\/grontkontor.dk\/de\/wp-json\/wp\/v2\/media\/91247"}],"wp:attachment":[{"href":"https:\/\/grontkontor.dk\/de\/wp-json\/wp\/v2\/media?parent=91244"}],"wp:term":[{"taxonomy":"product_cat","embeddable":true,"href":"https:\/\/grontkontor.dk\/de\/wp-json\/wp\/v2\/product_cat?post=91244"},{"taxonomy":"product_tag","embeddable":true,"href":"https:\/\/grontkontor.dk\/de\/wp-json\/wp\/v2\/product_tag?post=91244"}],"curies":[{"name":"wp","href":"https:\/\/api.w.org\/{rel}","templated":true}]}}