{"id":91245,"date":"2023-09-22T12:59:19","date_gmt":"2024-05-29T09:15:31","guid":{"rendered":"https:\/\/grontkontor.dk\/shop\/brillenstander\/"},"modified":"2024-05-29T11:15:31","modified_gmt":"2024-05-29T09:15:31","slug":"brillenstander","status":"publish","type":"product","link":"https:\/\/grontkontor.dk\/de\/shop\/brillenstander\/","title":{"rendered":"Brillenst\u00e4nder"},"content":{"rendered":"<p>Was machst du mit einer Brille, die du nicht immer tr\u00e4gst? Es besteht die Gefahr, dass sie verloren gehen, vergessen werden oder herunterfallen und das Glas zerkratzt wird. Dieser funktionale und dekorative Brillenst\u00e4nder ist nicht nur n\u00fctzlich, sondern zeigt auch ein humorvolles Gesicht.<br \/>\nIn ge\u00f6ltem Ahorn- und Birnbaumholz. Hergestellt aus klimafreundlichen europ\u00e4ischen H\u00f6lzern.<br \/>\nEin klima- und umweltfreundliches Produkt, das in der EU von behinderten Menschen in einer gesch\u00fctzten Werkstatt hergestellt wird.<br \/>\n[kjf]<\/p>\n","protected":false},"excerpt":{"rendered":"<p>Was machst du mit einer Brille, die du nicht immer tr\u00e4gst? Es besteht die Gefahr, dass sie verloren gehen, vergessen werden oder herunterfallen und das Glas zerkratzt wird. Dieser funktionale und dekorative Brillenst\u00e4nder ist nicht nur n\u00fctzlich, sondern zeigt auch ein humorvolles Gesicht. In ge\u00f6ltem Ahorn- und Birnbaumholz. Hergestellt aus klimafreundlichen europ\u00e4ischen H\u00f6lzern. Ein klima- [&hellip;]<\/p>\n","protected":false},"featured_media":91252,"comment_status":"closed","ping_status":"closed","template":"","meta":{"_acf_changed":false},"product_cat":[3979,3325,3321,3323,3519,3440],"product_tag":[4315],"class_list":{"0":"post-91245","1":"product","2":"type-product","3":"status-publish","4":"has-post-thumbnail","6":"product_cat-birnbaum","7":"product_cat-dummy-moq-1-de","8":"product_cat-klimafreundliche-werbegeschenke","9":"product_cat-produktserien","10":"product_cat-schreibtischausstattung","11":"product_cat-sonstiges-fuer-den-schreibtisch","12":"product_tag-brillenstaender","13":"tm-has-options","15":"first","16":"instock","17":"taxable","18":"shipping-taxable","19":"purchasable","20":"product-type-simple"},"acf":[],"yoast_head":"<!-- This site is optimized with the Yoast SEO Premium plugin v21.2 (Yoast SEO v21.2) - https:\/\/yoast.com\/wordpress\/plugins\/seo\/ -->\n<title>Brillenst\u00e4nder - Gr\u00f8nt Kontor<\/title>\n<meta name=\"robots\" content=\"index, follow, max-snippet:-1, max-image-preview:large, max-video-preview:-1\" \/>\n<link rel=\"canonical\" href=\"https:\/\/grontkontor.dk\/de\/shop\/brillenstander\/\" \/>\n<meta property=\"og:locale\" content=\"de_DE\" \/>\n<meta property=\"og:type\" content=\"article\" \/>\n<meta property=\"og:title\" content=\"Brillenst\u00e4nder\" \/>\n<meta property=\"og:description\" content=\"Was machst du mit einer Brille, die du nicht immer tr\u00e4gst? Es besteht die Gefahr, dass sie verloren gehen, vergessen werden oder herunterfallen und das Glas zerkratzt wird. Dieser funktionale und dekorative Brillenst\u00e4nder ist nicht nur n\u00fctzlich, sondern zeigt auch ein humorvolles Gesicht. In ge\u00f6ltem Ahorn- und Birnbaumholz. Hergestellt aus klimafreundlichen europ\u00e4ischen H\u00f6lzern. Ein klima- [&hellip;]\" \/>\n<meta property=\"og:url\" content=\"https:\/\/grontkontor.dk\/de\/shop\/brillenstander\/\" \/>\n<meta property=\"og:site_name\" content=\"Gr\u00f8nt Kontor\" \/>\n<meta property=\"article:publisher\" content=\"https:\/\/www.facebook.com\/grontkontor.dk\/\" \/>\n<meta property=\"og:image\" content=\"https:\/\/grontkontor.dk\/wp-content\/uploads\/2016\/09\/brillestativ-i-trae-01.jpg\" \/>\n\t<meta property=\"og:image:width\" content=\"600\" \/>\n\t<meta property=\"og:image:height\" content=\"426\" \/>\n\t<meta property=\"og:image:type\" content=\"image\/jpeg\" \/>\n<meta name=\"twitter:card\" content=\"summary_large_image\" \/>\n<script type=\"application\/ld+json\" class=\"yoast-schema-graph\">{\"@context\":\"https:\/\/schema.org\",\"@graph\":[{\"@type\":\"WebPage\",\"@id\":\"https:\/\/grontkontor.dk\/de\/shop\/brillenstander\/\",\"url\":\"https:\/\/grontkontor.dk\/de\/shop\/brillenstander\/\",\"name\":\"Brillenst\u00e4nder - Gr\u00f8nt Kontor\",\"isPartOf\":{\"@id\":\"https:\/\/grontkontor.dk\/#website\"},\"datePublished\":\"2024-05-29T09:15:31+00:00\",\"dateModified\":\"2024-05-29T09:15:31+00:00\",\"breadcrumb\":{\"@id\":\"https:\/\/grontkontor.dk\/de\/shop\/brillenstander\/#breadcrumb\"},\"inLanguage\":\"de\",\"potentialAction\":[{\"@type\":\"ReadAction\",\"target\":[\"https:\/\/grontkontor.dk\/de\/shop\/brillenstander\/\"]}]},{\"@type\":\"BreadcrumbList\",\"@id\":\"https:\/\/grontkontor.dk\/de\/shop\/brillenstander\/#breadcrumb\",\"itemListElement\":[{\"@type\":\"ListItem\",\"position\":1,\"name\":\"Forside\",\"item\":\"https:\/\/grontkontor.dk\/de\/\"},{\"@type\":\"ListItem\",\"position\":2,\"name\":\"Laden\",\"item\":\"https:\/\/grontkontor.dk\/de\/laden\/\"},{\"@type\":\"ListItem\",\"position\":3,\"name\":\"Produktserien\",\"item\":\"https:\/\/grontkontor.dk\/de\/produkt-kategori\/produktserien\/\"},{\"@type\":\"ListItem\",\"position\":4,\"name\":\"Birnbaum\",\"item\":\"https:\/\/grontkontor.dk\/de\/produkt-kategori\/birnbaum\/\"},{\"@type\":\"ListItem\",\"position\":5,\"name\":\"Brillenst\u00e4nder\"}]},{\"@type\":\"WebSite\",\"@id\":\"https:\/\/grontkontor.dk\/#website\",\"url\":\"https:\/\/grontkontor.dk\/\",\"name\":\"Gr\u00f8nt Kontor\",\"description\":\"Milj\u00f8venlige produkter til kontor og erhverv med fokus p\u00e5 b\u00e6redygtighed, design og fair trade.\",\"publisher\":{\"@id\":\"https:\/\/grontkontor.dk\/#organization\"},\"potentialAction\":[{\"@type\":\"SearchAction\",\"target\":{\"@type\":\"EntryPoint\",\"urlTemplate\":\"https:\/\/grontkontor.dk\/?s={search_term_string}\"},\"query-input\":\"required name=search_term_string\"}],\"inLanguage\":\"de\"},{\"@type\":\"Organization\",\"@id\":\"https:\/\/grontkontor.dk\/#organization\",\"name\":\"Gr\u00f8nt Kontor\",\"url\":\"https:\/\/grontkontor.dk\/\",\"logo\":{\"@type\":\"ImageObject\",\"inLanguage\":\"de\",\"@id\":\"https:\/\/grontkontor.dk\/#\/schema\/logo\/image\/\",\"url\":\"https:\/\/grontkontor.dk\/wp-content\/uploads\/2014\/02\/Logo_groent_kontor_300x80.png\",\"contentUrl\":\"https:\/\/grontkontor.dk\/wp-content\/uploads\/2014\/02\/Logo_groent_kontor_300x80.png\",\"width\":300,\"height\":80,\"caption\":\"Gr\u00f8nt Kontor\"},\"image\":{\"@id\":\"https:\/\/grontkontor.dk\/#\/schema\/logo\/image\/\"},\"sameAs\":[\"https:\/\/www.facebook.com\/grontkontor.dk\/\"]}]}<\/script>\n<!-- \/ Yoast SEO Premium plugin. -->","yoast_head_json":{"title":"Brillenst\u00e4nder - Gr\u00f8nt Kontor","robots":{"index":"index","follow":"follow","max-snippet":"max-snippet:-1","max-image-preview":"max-image-preview:large","max-video-preview":"max-video-preview:-1"},"canonical":"https:\/\/grontkontor.dk\/de\/shop\/brillenstander\/","og_locale":"de_DE","og_type":"article","og_title":"Brillenst\u00e4nder","og_description":"Was machst du mit einer Brille, die du nicht immer tr\u00e4gst? Es besteht die Gefahr, dass sie verloren gehen, vergessen werden oder herunterfallen und das Glas zerkratzt wird. Dieser funktionale und dekorative Brillenst\u00e4nder ist nicht nur n\u00fctzlich, sondern zeigt auch ein humorvolles Gesicht. In ge\u00f6ltem Ahorn- und Birnbaumholz. Hergestellt aus klimafreundlichen europ\u00e4ischen H\u00f6lzern. Ein klima- [&hellip;]","og_url":"https:\/\/grontkontor.dk\/de\/shop\/brillenstander\/","og_site_name":"Gr\u00f8nt Kontor","article_publisher":"https:\/\/www.facebook.com\/grontkontor.dk\/","og_image":[{"width":600,"height":426,"url":"https:\/\/grontkontor.dk\/wp-content\/uploads\/2016\/09\/brillestativ-i-trae-01.jpg","type":"image\/jpeg"}],"twitter_card":"summary_large_image","schema":{"@context":"https:\/\/schema.org","@graph":[{"@type":"WebPage","@id":"https:\/\/grontkontor.dk\/de\/shop\/brillenstander\/","url":"https:\/\/grontkontor.dk\/de\/shop\/brillenstander\/","name":"Brillenst\u00e4nder - Gr\u00f8nt Kontor","isPartOf":{"@id":"https:\/\/grontkontor.dk\/#website"},"datePublished":"2024-05-29T09:15:31+00:00","dateModified":"2024-05-29T09:15:31+00:00","breadcrumb":{"@id":"https:\/\/grontkontor.dk\/de\/shop\/brillenstander\/#breadcrumb"},"inLanguage":"de","potentialAction":[{"@type":"ReadAction","target":["https:\/\/grontkontor.dk\/de\/shop\/brillenstander\/"]}]},{"@type":"BreadcrumbList","@id":"https:\/\/grontkontor.dk\/de\/shop\/brillenstander\/#breadcrumb","itemListElement":[{"@type":"ListItem","position":1,"name":"Forside","item":"https:\/\/grontkontor.dk\/de\/"},{"@type":"ListItem","position":2,"name":"Laden","item":"https:\/\/grontkontor.dk\/de\/laden\/"},{"@type":"ListItem","position":3,"name":"Produktserien","item":"https:\/\/grontkontor.dk\/de\/produkt-kategori\/produktserien\/"},{"@type":"ListItem","position":4,"name":"Birnbaum","item":"https:\/\/grontkontor.dk\/de\/produkt-kategori\/birnbaum\/"},{"@type":"ListItem","position":5,"name":"Brillenst\u00e4nder"}]},{"@type":"WebSite","@id":"https:\/\/grontkontor.dk\/#website","url":"https:\/\/grontkontor.dk\/","name":"Gr\u00f8nt Kontor","description":"Milj\u00f8venlige produkter til kontor og erhverv med fokus p\u00e5 b\u00e6redygtighed, design og fair trade.","publisher":{"@id":"https:\/\/grontkontor.dk\/#organization"},"potentialAction":[{"@type":"SearchAction","target":{"@type":"EntryPoint","urlTemplate":"https:\/\/grontkontor.dk\/?s={search_term_string}"},"query-input":"required name=search_term_string"}],"inLanguage":"de"},{"@type":"Organization","@id":"https:\/\/grontkontor.dk\/#organization","name":"Gr\u00f8nt Kontor","url":"https:\/\/grontkontor.dk\/","logo":{"@type":"ImageObject","inLanguage":"de","@id":"https:\/\/grontkontor.dk\/#\/schema\/logo\/image\/","url":"https:\/\/grontkontor.dk\/wp-content\/uploads\/2014\/02\/Logo_groent_kontor_300x80.png","contentUrl":"https:\/\/grontkontor.dk\/wp-content\/uploads\/2014\/02\/Logo_groent_kontor_300x80.png","width":300,"height":80,"caption":"Gr\u00f8nt Kontor"},"image":{"@id":"https:\/\/grontkontor.dk\/#\/schema\/logo\/image\/"},"sameAs":["https:\/\/www.facebook.com\/grontkontor.dk\/"]}]}},"_links":{"self":[{"href":"https:\/\/grontkontor.dk\/de\/wp-json\/wp\/v2\/product\/91245"}],"collection":[{"href":"https:\/\/grontkontor.dk\/de\/wp-json\/wp\/v2\/product"}],"about":[{"href":"https:\/\/grontkontor.dk\/de\/wp-json\/wp\/v2\/types\/product"}],"replies":[{"embeddable":true,"href":"https:\/\/grontkontor.dk\/de\/wp-json\/wp\/v2\/comments?post=91245"}],"wp:featuredmedia":[{"embeddable":true,"href":"https:\/\/grontkontor.dk\/de\/wp-json\/wp\/v2\/media\/91252"}],"wp:attachment":[{"href":"https:\/\/grontkontor.dk\/de\/wp-json\/wp\/v2\/media?parent=91245"}],"wp:term":[{"taxonomy":"product_cat","embeddable":true,"href":"https:\/\/grontkontor.dk\/de\/wp-json\/wp\/v2\/product_cat?post=91245"},{"taxonomy":"product_tag","embeddable":true,"href":"https:\/\/grontkontor.dk\/de\/wp-json\/wp\/v2\/product_tag?post=91245"}],"curies":[{"name":"wp","href":"https:\/\/api.w.org\/{rel}","templated":true}]}}