{"id":91325,"date":"2023-09-22T12:59:19","date_gmt":"2024-05-29T09:17:28","guid":{"rendered":"https:\/\/grontkontor.dk\/shop\/aufbewahrungsbox-medium\/"},"modified":"2024-05-29T11:17:28","modified_gmt":"2024-05-29T09:17:28","slug":"aufbewahrungsbox-medium","status":"publish","type":"product","link":"https:\/\/grontkontor.dk\/de\/shop\/aufbewahrungsbox-medium\/","title":{"rendered":"Aufbewahrungsbox mittel &#8211; graphit"},"content":{"rendered":"<p>Robuste und klimafreundliche schwarze Archivbox im skandinavischen Design mit Metallecken und Etikettenhalter zur Inhaltsbeschreibung. Einfach zu montieren. Hergestellt aus Vlieskarton aus FSC-zertifiziertem 100% Recyclingpapier. Ein klima- und umweltfreundliches Produkt, das sich perfekt f\u00fcr die Archivierung eignet. Hergestellt in der EU.<\/p>\n<p>Ma\u00dfe (BxHxT): 23,5 x 12,5 x 32,5 cm<br \/>\n<a href=\"https:\/\/ic.fsc.org\/en\/\" target=\"window\"><img loading=\"lazy\" decoding=\"async\" class=\"size-full wp-image-12735\" src=\"https:\/\/grontkontor.dk\/wp-content\/uploads\/2019\/04\/fsc-certificeret.png\" \n\t\t alt=\"FSC-certificeret\" title=\"FSC-certificeret\" width=\"44\" height=\"51\" border=0\/><\/a> [bigso_fibreboard]<\/p>\n","protected":false},"excerpt":{"rendered":"<p>Robuste und klimafreundliche schwarze Archivbox im skandinavischen Design mit Metallecken und Etikettenhalter zur Inhaltsbeschreibung. Einfach zu montieren. Hergestellt aus Vlieskarton aus FSC-zertifiziertem 100% Recyclingpapier. Ein klima- und umweltfreundliches Produkt, das sich perfekt f\u00fcr die Archivierung eignet. Hergestellt in der EU. Ma\u00dfe (BxHxT): 23,5 x 12,5 x 32,5 cm [bigso_fibreboard]<\/p>\n","protected":false},"featured_media":91337,"comment_status":"closed","ping_status":"closed","template":"","meta":{"_acf_changed":false},"product_cat":[3903,3325,4240,3323,3088],"product_tag":[4256,4243,3905],"class_list":{"0":"post-91325","1":"product","2":"type-product","3":"status-publish","4":"has-post-thumbnail","6":"product_cat-aufbewahrungsboxen","7":"product_cat-dummy-moq-1-de","8":"product_cat-graphit-recycling","9":"product_cat-produktserien","10":"product_cat-arkivering-de","11":"product_tag-archiv-box","12":"product_tag-archivierung","13":"product_tag-aufbewahrungsbox","14":"tm-has-options","16":"first","17":"instock","18":"sale","19":"taxable","20":"shipping-taxable","21":"purchasable","22":"product-type-simple"},"acf":[],"yoast_head":"<!-- This site is optimized with the Yoast SEO Premium plugin v21.2 (Yoast SEO v21.2) - https:\/\/yoast.com\/wordpress\/plugins\/seo\/ -->\n<title>Aufbewahrungsbox mittel - graphit - Gr\u00f8nt Kontor<\/title>\n<meta name=\"robots\" content=\"index, follow, max-snippet:-1, max-image-preview:large, max-video-preview:-1\" \/>\n<link rel=\"canonical\" href=\"https:\/\/grontkontor.dk\/shop\/aufbewahrungsbox-medium\/\" \/>\n<meta property=\"og:locale\" content=\"de_DE\" \/>\n<meta property=\"og:type\" content=\"article\" \/>\n<meta property=\"og:title\" content=\"Aufbewahrungsbox mittel - graphit\" \/>\n<meta property=\"og:description\" content=\"Robuste und klimafreundliche schwarze Archivbox im skandinavischen Design mit Metallecken und Etikettenhalter zur Inhaltsbeschreibung. Einfach zu montieren. Hergestellt aus Vlieskarton aus FSC-zertifiziertem 100% Recyclingpapier. Ein klima- und umweltfreundliches Produkt, das sich perfekt f\u00fcr die Archivierung eignet. Hergestellt in der EU. Ma\u00dfe (BxHxT): 23,5 x 12,5 x 32,5 cm [bigso_fibreboard]\" \/>\n<meta property=\"og:url\" content=\"https:\/\/grontkontor.dk\/shop\/aufbewahrungsbox-medium\/\" \/>\n<meta property=\"og:site_name\" content=\"Gr\u00f8nt Kontor\" \/>\n<meta property=\"article:publisher\" content=\"https:\/\/www.facebook.com\/grontkontor.dk\/\" \/>\n<meta name=\"twitter:card\" content=\"summary_large_image\" \/>\n<script type=\"application\/ld+json\" class=\"yoast-schema-graph\">{\"@context\":\"https:\/\/schema.org\",\"@graph\":[{\"@type\":\"WebPage\",\"@id\":\"https:\/\/grontkontor.dk\/shop\/aufbewahrungsbox-medium\/\",\"url\":\"https:\/\/grontkontor.dk\/shop\/aufbewahrungsbox-medium\/\",\"name\":\"Aufbewahrungsbox mittel - graphit - Gr\u00f8nt Kontor\",\"isPartOf\":{\"@id\":\"https:\/\/grontkontor.dk\/#website\"},\"datePublished\":\"2024-05-29T09:17:28+00:00\",\"dateModified\":\"2024-05-29T09:17:28+00:00\",\"breadcrumb\":{\"@id\":\"https:\/\/grontkontor.dk\/shop\/aufbewahrungsbox-medium\/#breadcrumb\"},\"inLanguage\":\"de\",\"potentialAction\":[{\"@type\":\"ReadAction\",\"target\":[\"https:\/\/grontkontor.dk\/shop\/aufbewahrungsbox-medium\/\"]}]},{\"@type\":\"BreadcrumbList\",\"@id\":\"https:\/\/grontkontor.dk\/shop\/aufbewahrungsbox-medium\/#breadcrumb\",\"itemListElement\":[{\"@type\":\"ListItem\",\"position\":1,\"name\":\"Forside\",\"item\":\"https:\/\/grontkontor.dk\/de\/\"},{\"@type\":\"ListItem\",\"position\":2,\"name\":\"Laden\",\"item\":\"https:\/\/grontkontor.dk\/de\/laden\/\"},{\"@type\":\"ListItem\",\"position\":3,\"name\":\"Archivierung\",\"item\":\"https:\/\/grontkontor.dk\/de\/produkt-kategori\/arkivering-de\/\"},{\"@type\":\"ListItem\",\"position\":4,\"name\":\"Aufbewahrungsboxen\",\"item\":\"https:\/\/grontkontor.dk\/de\/produkt-kategori\/aufbewahrungsboxen\/\"},{\"@type\":\"ListItem\",\"position\":5,\"name\":\"Aufbewahrungsbox mittel &#8211; graphit\"}]},{\"@type\":\"WebSite\",\"@id\":\"https:\/\/grontkontor.dk\/#website\",\"url\":\"https:\/\/grontkontor.dk\/\",\"name\":\"Gr\u00f8nt Kontor\",\"description\":\"Milj\u00f8venlige produkter til kontor og erhverv med fokus p\u00e5 b\u00e6redygtighed, design og fair trade.\",\"publisher\":{\"@id\":\"https:\/\/grontkontor.dk\/#organization\"},\"potentialAction\":[{\"@type\":\"SearchAction\",\"target\":{\"@type\":\"EntryPoint\",\"urlTemplate\":\"https:\/\/grontkontor.dk\/?s={search_term_string}\"},\"query-input\":\"required name=search_term_string\"}],\"inLanguage\":\"de\"},{\"@type\":\"Organization\",\"@id\":\"https:\/\/grontkontor.dk\/#organization\",\"name\":\"Gr\u00f8nt Kontor\",\"url\":\"https:\/\/grontkontor.dk\/\",\"logo\":{\"@type\":\"ImageObject\",\"inLanguage\":\"de\",\"@id\":\"https:\/\/grontkontor.dk\/#\/schema\/logo\/image\/\",\"url\":\"https:\/\/grontkontor.dk\/wp-content\/uploads\/2014\/02\/Logo_groent_kontor_300x80.png\",\"contentUrl\":\"https:\/\/grontkontor.dk\/wp-content\/uploads\/2014\/02\/Logo_groent_kontor_300x80.png\",\"width\":300,\"height\":80,\"caption\":\"Gr\u00f8nt Kontor\"},\"image\":{\"@id\":\"https:\/\/grontkontor.dk\/#\/schema\/logo\/image\/\"},\"sameAs\":[\"https:\/\/www.facebook.com\/grontkontor.dk\/\"]}]}<\/script>\n<!-- \/ Yoast SEO Premium plugin. -->","yoast_head_json":{"title":"Aufbewahrungsbox mittel - graphit - Gr\u00f8nt Kontor","robots":{"index":"index","follow":"follow","max-snippet":"max-snippet:-1","max-image-preview":"max-image-preview:large","max-video-preview":"max-video-preview:-1"},"canonical":"https:\/\/grontkontor.dk\/shop\/aufbewahrungsbox-medium\/","og_locale":"de_DE","og_type":"article","og_title":"Aufbewahrungsbox mittel - graphit","og_description":"Robuste und klimafreundliche schwarze Archivbox im skandinavischen Design mit Metallecken und Etikettenhalter zur Inhaltsbeschreibung. Einfach zu montieren. Hergestellt aus Vlieskarton aus FSC-zertifiziertem 100% Recyclingpapier. Ein klima- und umweltfreundliches Produkt, das sich perfekt f\u00fcr die Archivierung eignet. Hergestellt in der EU. Ma\u00dfe (BxHxT): 23,5 x 12,5 x 32,5 cm [bigso_fibreboard]","og_url":"https:\/\/grontkontor.dk\/shop\/aufbewahrungsbox-medium\/","og_site_name":"Gr\u00f8nt Kontor","article_publisher":"https:\/\/www.facebook.com\/grontkontor.dk\/","twitter_card":"summary_large_image","schema":{"@context":"https:\/\/schema.org","@graph":[{"@type":"WebPage","@id":"https:\/\/grontkontor.dk\/shop\/aufbewahrungsbox-medium\/","url":"https:\/\/grontkontor.dk\/shop\/aufbewahrungsbox-medium\/","name":"Aufbewahrungsbox mittel - graphit - Gr\u00f8nt Kontor","isPartOf":{"@id":"https:\/\/grontkontor.dk\/#website"},"datePublished":"2024-05-29T09:17:28+00:00","dateModified":"2024-05-29T09:17:28+00:00","breadcrumb":{"@id":"https:\/\/grontkontor.dk\/shop\/aufbewahrungsbox-medium\/#breadcrumb"},"inLanguage":"de","potentialAction":[{"@type":"ReadAction","target":["https:\/\/grontkontor.dk\/shop\/aufbewahrungsbox-medium\/"]}]},{"@type":"BreadcrumbList","@id":"https:\/\/grontkontor.dk\/shop\/aufbewahrungsbox-medium\/#breadcrumb","itemListElement":[{"@type":"ListItem","position":1,"name":"Forside","item":"https:\/\/grontkontor.dk\/de\/"},{"@type":"ListItem","position":2,"name":"Laden","item":"https:\/\/grontkontor.dk\/de\/laden\/"},{"@type":"ListItem","position":3,"name":"Archivierung","item":"https:\/\/grontkontor.dk\/de\/produkt-kategori\/arkivering-de\/"},{"@type":"ListItem","position":4,"name":"Aufbewahrungsboxen","item":"https:\/\/grontkontor.dk\/de\/produkt-kategori\/aufbewahrungsboxen\/"},{"@type":"ListItem","position":5,"name":"Aufbewahrungsbox mittel &#8211; graphit"}]},{"@type":"WebSite","@id":"https:\/\/grontkontor.dk\/#website","url":"https:\/\/grontkontor.dk\/","name":"Gr\u00f8nt Kontor","description":"Milj\u00f8venlige produkter til kontor og erhverv med fokus p\u00e5 b\u00e6redygtighed, design og fair trade.","publisher":{"@id":"https:\/\/grontkontor.dk\/#organization"},"potentialAction":[{"@type":"SearchAction","target":{"@type":"EntryPoint","urlTemplate":"https:\/\/grontkontor.dk\/?s={search_term_string}"},"query-input":"required name=search_term_string"}],"inLanguage":"de"},{"@type":"Organization","@id":"https:\/\/grontkontor.dk\/#organization","name":"Gr\u00f8nt Kontor","url":"https:\/\/grontkontor.dk\/","logo":{"@type":"ImageObject","inLanguage":"de","@id":"https:\/\/grontkontor.dk\/#\/schema\/logo\/image\/","url":"https:\/\/grontkontor.dk\/wp-content\/uploads\/2014\/02\/Logo_groent_kontor_300x80.png","contentUrl":"https:\/\/grontkontor.dk\/wp-content\/uploads\/2014\/02\/Logo_groent_kontor_300x80.png","width":300,"height":80,"caption":"Gr\u00f8nt Kontor"},"image":{"@id":"https:\/\/grontkontor.dk\/#\/schema\/logo\/image\/"},"sameAs":["https:\/\/www.facebook.com\/grontkontor.dk\/"]}]}},"_links":{"self":[{"href":"https:\/\/grontkontor.dk\/de\/wp-json\/wp\/v2\/product\/91325"}],"collection":[{"href":"https:\/\/grontkontor.dk\/de\/wp-json\/wp\/v2\/product"}],"about":[{"href":"https:\/\/grontkontor.dk\/de\/wp-json\/wp\/v2\/types\/product"}],"replies":[{"embeddable":true,"href":"https:\/\/grontkontor.dk\/de\/wp-json\/wp\/v2\/comments?post=91325"}],"wp:featuredmedia":[{"embeddable":true,"href":"https:\/\/grontkontor.dk\/de\/wp-json\/wp\/v2\/media\/91337"}],"wp:attachment":[{"href":"https:\/\/grontkontor.dk\/de\/wp-json\/wp\/v2\/media?parent=91325"}],"wp:term":[{"taxonomy":"product_cat","embeddable":true,"href":"https:\/\/grontkontor.dk\/de\/wp-json\/wp\/v2\/product_cat?post=91325"},{"taxonomy":"product_tag","embeddable":true,"href":"https:\/\/grontkontor.dk\/de\/wp-json\/wp\/v2\/product_tag?post=91325"}],"curies":[{"name":"wp","href":"https:\/\/api.w.org\/{rel}","templated":true}]}}