{"id":91366,"date":"2023-09-22T12:59:19","date_gmt":"2024-05-29T09:17:31","guid":{"rendered":"https:\/\/grontkontor.dk\/shop\/notizbuch-a5-schwarz\/"},"modified":"2024-05-29T11:17:31","modified_gmt":"2024-05-29T09:17:31","slug":"notizbuch-a5-schwarz","status":"publish","type":"product","link":"https:\/\/grontkontor.dk\/de\/shop\/notizbuch-a5-schwarz\/","title":{"rendered":"Notizbuch A5 FSC recycelt &#8211; schwarz"},"content":{"rendered":"<p>Sch\u00f6nes und klimafreundliches A5-Notizbuch mit Spiralbindung im skandinavischen Design mit einem Einband aus Vlieskarton, hergestellt aus Recyclingpapier und Zeitungen eines FSC-zertifizierten Herstellers. Ein klima- und umweltfreundliches Produkt, das sich perfekt zum Mitnehmen zu Meetings oder Vortr\u00e4gen eignet. Hergestellt in der EU.<br \/>\nEnth\u00e4lt 180 Seiten Papier. W\u00e4hlen Sie zwischen einer linearen und einer ungef\u00fctterten Version.<br \/>\n<a href=\"https:\/\/ic.fsc.org\/en\/\" target=\"window\"><img loading=\"lazy\" decoding=\"async\" class=\"size-full wp-image-12735\" src=\"https:\/\/grontkontor.dk\/wp-content\/uploads\/2019\/04\/fsc-certificeret.png\" \n\t\t alt=\"FSC-certificeret\" title=\"FSC-certificeret\" width=\"44\" height=\"51\" border=0\/><\/a> [bigso_all]<\/p>\n","protected":false},"excerpt":{"rendered":"<p>Sch\u00f6nes und klimafreundliches A5-Notizbuch mit Spiralbindung im skandinavischen Design mit einem Einband aus Vlieskarton, hergestellt aus Recyclingpapier und Zeitungen eines FSC-zertifizierten Herstellers. Ein klima- und umweltfreundliches Produkt, das sich perfekt zum Mitnehmen zu Meetings oder Vortr\u00e4gen eignet. Hergestellt in der EU. Enth\u00e4lt 180 Seiten Papier. W\u00e4hlen Sie zwischen einer linearen und einer ungef\u00fctterten Version. [bigso_all]<\/p>\n","protected":false},"featured_media":91373,"comment_status":"closed","ping_status":"closed","template":"","meta":{"_acf_changed":false},"product_cat":[3325,4240,3606,3604,3323],"product_tag":[3729,3864,3608,3862],"class_list":{"0":"post-91366","1":"product","2":"type-product","3":"status-publish","4":"has-post-thumbnail","6":"product_cat-dummy-moq-1-de","7":"product_cat-graphit-recycling","8":"product_cat-notizbuecher","9":"product_cat-papier-und-bloecke","10":"product_cat-produktserien","11":"product_tag-notizblock","12":"product_tag-notizblock-de","13":"product_tag-notizbuch","14":"product_tag-notizbuecher","15":"tm-no-options","17":"first","18":"instock","19":"taxable","20":"shipping-taxable","21":"purchasable","22":"product-type-variable","23":"has-default-attributes"},"acf":[],"yoast_head":"<!-- This site is optimized with the Yoast SEO Premium plugin v21.2 (Yoast SEO v21.2) - https:\/\/yoast.com\/wordpress\/plugins\/seo\/ -->\n<title>Notizbuch A5 FSC recycelt - schwarz - Gr\u00f8nt Kontor<\/title>\n<meta name=\"robots\" content=\"index, follow, max-snippet:-1, max-image-preview:large, max-video-preview:-1\" \/>\n<link rel=\"canonical\" href=\"https:\/\/grontkontor.dk\/de\/shop\/notizbuch-a5-schwarz\/\" \/>\n<meta property=\"og:locale\" content=\"de_DE\" \/>\n<meta property=\"og:type\" content=\"article\" \/>\n<meta property=\"og:title\" content=\"Notizbuch A5 FSC recycelt - schwarz\" \/>\n<meta property=\"og:description\" content=\"Sch\u00f6nes und klimafreundliches A5-Notizbuch mit Spiralbindung im skandinavischen Design mit einem Einband aus Vlieskarton, hergestellt aus Recyclingpapier und Zeitungen eines FSC-zertifizierten Herstellers. Ein klima- und umweltfreundliches Produkt, das sich perfekt zum Mitnehmen zu Meetings oder Vortr\u00e4gen eignet. Hergestellt in der EU. Enth\u00e4lt 180 Seiten Papier. W\u00e4hlen Sie zwischen einer linearen und einer ungef\u00fctterten Version. [bigso_all]\" \/>\n<meta property=\"og:url\" content=\"https:\/\/grontkontor.dk\/de\/shop\/notizbuch-a5-schwarz\/\" \/>\n<meta property=\"og:site_name\" content=\"Gr\u00f8nt Kontor\" \/>\n<meta property=\"article:publisher\" content=\"https:\/\/www.facebook.com\/grontkontor.dk\/\" \/>\n<meta property=\"og:image\" content=\"https:\/\/grontkontor.dk\/wp-content\/uploads\/2016\/09\/notesbog-a5-genbrugspapir-01.jpg\" \/>\n\t<meta property=\"og:image:width\" content=\"800\" \/>\n\t<meta property=\"og:image:height\" content=\"568\" \/>\n\t<meta property=\"og:image:type\" content=\"image\/jpeg\" \/>\n<meta name=\"twitter:card\" content=\"summary_large_image\" \/>\n<script type=\"application\/ld+json\" class=\"yoast-schema-graph\">{\"@context\":\"https:\/\/schema.org\",\"@graph\":[{\"@type\":\"WebPage\",\"@id\":\"https:\/\/grontkontor.dk\/de\/shop\/notizbuch-a5-schwarz\/\",\"url\":\"https:\/\/grontkontor.dk\/de\/shop\/notizbuch-a5-schwarz\/\",\"name\":\"Notizbuch A5 FSC recycelt - schwarz - Gr\u00f8nt Kontor\",\"isPartOf\":{\"@id\":\"https:\/\/grontkontor.dk\/#website\"},\"datePublished\":\"2024-05-29T09:17:31+00:00\",\"dateModified\":\"2024-05-29T09:17:31+00:00\",\"breadcrumb\":{\"@id\":\"https:\/\/grontkontor.dk\/de\/shop\/notizbuch-a5-schwarz\/#breadcrumb\"},\"inLanguage\":\"de\",\"potentialAction\":[{\"@type\":\"ReadAction\",\"target\":[\"https:\/\/grontkontor.dk\/de\/shop\/notizbuch-a5-schwarz\/\"]}]},{\"@type\":\"BreadcrumbList\",\"@id\":\"https:\/\/grontkontor.dk\/de\/shop\/notizbuch-a5-schwarz\/#breadcrumb\",\"itemListElement\":[{\"@type\":\"ListItem\",\"position\":1,\"name\":\"Forside\",\"item\":\"https:\/\/grontkontor.dk\/de\/\"},{\"@type\":\"ListItem\",\"position\":2,\"name\":\"Laden\",\"item\":\"https:\/\/grontkontor.dk\/de\/laden\/\"},{\"@type\":\"ListItem\",\"position\":3,\"name\":\"Produktserien\",\"item\":\"https:\/\/grontkontor.dk\/de\/produkt-kategori\/produktserien\/\"},{\"@type\":\"ListItem\",\"position\":4,\"name\":\"Graphit-Recycling\",\"item\":\"https:\/\/grontkontor.dk\/de\/produkt-kategori\/graphit-recycling\/\"},{\"@type\":\"ListItem\",\"position\":5,\"name\":\"Notizbuch A5 FSC recycelt &#8211; schwarz\"}]},{\"@type\":\"WebSite\",\"@id\":\"https:\/\/grontkontor.dk\/#website\",\"url\":\"https:\/\/grontkontor.dk\/\",\"name\":\"Gr\u00f8nt Kontor\",\"description\":\"Milj\u00f8venlige produkter til kontor og erhverv med fokus p\u00e5 b\u00e6redygtighed, design og fair trade.\",\"publisher\":{\"@id\":\"https:\/\/grontkontor.dk\/#organization\"},\"potentialAction\":[{\"@type\":\"SearchAction\",\"target\":{\"@type\":\"EntryPoint\",\"urlTemplate\":\"https:\/\/grontkontor.dk\/?s={search_term_string}\"},\"query-input\":\"required name=search_term_string\"}],\"inLanguage\":\"de\"},{\"@type\":\"Organization\",\"@id\":\"https:\/\/grontkontor.dk\/#organization\",\"name\":\"Gr\u00f8nt Kontor\",\"url\":\"https:\/\/grontkontor.dk\/\",\"logo\":{\"@type\":\"ImageObject\",\"inLanguage\":\"de\",\"@id\":\"https:\/\/grontkontor.dk\/#\/schema\/logo\/image\/\",\"url\":\"https:\/\/grontkontor.dk\/wp-content\/uploads\/2014\/02\/Logo_groent_kontor_300x80.png\",\"contentUrl\":\"https:\/\/grontkontor.dk\/wp-content\/uploads\/2014\/02\/Logo_groent_kontor_300x80.png\",\"width\":300,\"height\":80,\"caption\":\"Gr\u00f8nt Kontor\"},\"image\":{\"@id\":\"https:\/\/grontkontor.dk\/#\/schema\/logo\/image\/\"},\"sameAs\":[\"https:\/\/www.facebook.com\/grontkontor.dk\/\"]}]}<\/script>\n<!-- \/ Yoast SEO Premium plugin. -->","yoast_head_json":{"title":"Notizbuch A5 FSC recycelt - schwarz - Gr\u00f8nt Kontor","robots":{"index":"index","follow":"follow","max-snippet":"max-snippet:-1","max-image-preview":"max-image-preview:large","max-video-preview":"max-video-preview:-1"},"canonical":"https:\/\/grontkontor.dk\/de\/shop\/notizbuch-a5-schwarz\/","og_locale":"de_DE","og_type":"article","og_title":"Notizbuch A5 FSC recycelt - schwarz","og_description":"Sch\u00f6nes und klimafreundliches A5-Notizbuch mit Spiralbindung im skandinavischen Design mit einem Einband aus Vlieskarton, hergestellt aus Recyclingpapier und Zeitungen eines FSC-zertifizierten Herstellers. Ein klima- und umweltfreundliches Produkt, das sich perfekt zum Mitnehmen zu Meetings oder Vortr\u00e4gen eignet. Hergestellt in der EU. Enth\u00e4lt 180 Seiten Papier. W\u00e4hlen Sie zwischen einer linearen und einer ungef\u00fctterten Version. [bigso_all]","og_url":"https:\/\/grontkontor.dk\/de\/shop\/notizbuch-a5-schwarz\/","og_site_name":"Gr\u00f8nt Kontor","article_publisher":"https:\/\/www.facebook.com\/grontkontor.dk\/","og_image":[{"width":800,"height":568,"url":"https:\/\/grontkontor.dk\/wp-content\/uploads\/2016\/09\/notesbog-a5-genbrugspapir-01.jpg","type":"image\/jpeg"}],"twitter_card":"summary_large_image","schema":{"@context":"https:\/\/schema.org","@graph":[{"@type":"WebPage","@id":"https:\/\/grontkontor.dk\/de\/shop\/notizbuch-a5-schwarz\/","url":"https:\/\/grontkontor.dk\/de\/shop\/notizbuch-a5-schwarz\/","name":"Notizbuch A5 FSC recycelt - schwarz - Gr\u00f8nt Kontor","isPartOf":{"@id":"https:\/\/grontkontor.dk\/#website"},"datePublished":"2024-05-29T09:17:31+00:00","dateModified":"2024-05-29T09:17:31+00:00","breadcrumb":{"@id":"https:\/\/grontkontor.dk\/de\/shop\/notizbuch-a5-schwarz\/#breadcrumb"},"inLanguage":"de","potentialAction":[{"@type":"ReadAction","target":["https:\/\/grontkontor.dk\/de\/shop\/notizbuch-a5-schwarz\/"]}]},{"@type":"BreadcrumbList","@id":"https:\/\/grontkontor.dk\/de\/shop\/notizbuch-a5-schwarz\/#breadcrumb","itemListElement":[{"@type":"ListItem","position":1,"name":"Forside","item":"https:\/\/grontkontor.dk\/de\/"},{"@type":"ListItem","position":2,"name":"Laden","item":"https:\/\/grontkontor.dk\/de\/laden\/"},{"@type":"ListItem","position":3,"name":"Produktserien","item":"https:\/\/grontkontor.dk\/de\/produkt-kategori\/produktserien\/"},{"@type":"ListItem","position":4,"name":"Graphit-Recycling","item":"https:\/\/grontkontor.dk\/de\/produkt-kategori\/graphit-recycling\/"},{"@type":"ListItem","position":5,"name":"Notizbuch A5 FSC recycelt &#8211; schwarz"}]},{"@type":"WebSite","@id":"https:\/\/grontkontor.dk\/#website","url":"https:\/\/grontkontor.dk\/","name":"Gr\u00f8nt Kontor","description":"Milj\u00f8venlige produkter til kontor og erhverv med fokus p\u00e5 b\u00e6redygtighed, design og fair trade.","publisher":{"@id":"https:\/\/grontkontor.dk\/#organization"},"potentialAction":[{"@type":"SearchAction","target":{"@type":"EntryPoint","urlTemplate":"https:\/\/grontkontor.dk\/?s={search_term_string}"},"query-input":"required name=search_term_string"}],"inLanguage":"de"},{"@type":"Organization","@id":"https:\/\/grontkontor.dk\/#organization","name":"Gr\u00f8nt Kontor","url":"https:\/\/grontkontor.dk\/","logo":{"@type":"ImageObject","inLanguage":"de","@id":"https:\/\/grontkontor.dk\/#\/schema\/logo\/image\/","url":"https:\/\/grontkontor.dk\/wp-content\/uploads\/2014\/02\/Logo_groent_kontor_300x80.png","contentUrl":"https:\/\/grontkontor.dk\/wp-content\/uploads\/2014\/02\/Logo_groent_kontor_300x80.png","width":300,"height":80,"caption":"Gr\u00f8nt Kontor"},"image":{"@id":"https:\/\/grontkontor.dk\/#\/schema\/logo\/image\/"},"sameAs":["https:\/\/www.facebook.com\/grontkontor.dk\/"]}]}},"_links":{"self":[{"href":"https:\/\/grontkontor.dk\/de\/wp-json\/wp\/v2\/product\/91366"}],"collection":[{"href":"https:\/\/grontkontor.dk\/de\/wp-json\/wp\/v2\/product"}],"about":[{"href":"https:\/\/grontkontor.dk\/de\/wp-json\/wp\/v2\/types\/product"}],"replies":[{"embeddable":true,"href":"https:\/\/grontkontor.dk\/de\/wp-json\/wp\/v2\/comments?post=91366"}],"wp:featuredmedia":[{"embeddable":true,"href":"https:\/\/grontkontor.dk\/de\/wp-json\/wp\/v2\/media\/91373"}],"wp:attachment":[{"href":"https:\/\/grontkontor.dk\/de\/wp-json\/wp\/v2\/media?parent=91366"}],"wp:term":[{"taxonomy":"product_cat","embeddable":true,"href":"https:\/\/grontkontor.dk\/de\/wp-json\/wp\/v2\/product_cat?post=91366"},{"taxonomy":"product_tag","embeddable":true,"href":"https:\/\/grontkontor.dk\/de\/wp-json\/wp\/v2\/product_tag?post=91366"}],"curies":[{"name":"wp","href":"https:\/\/api.w.org\/{rel}","templated":true}]}}