{"id":91402,"date":"2023-09-22T12:59:06","date_gmt":"2024-05-29T09:17:34","guid":{"rendered":"https:\/\/grontkontor.dk\/shop\/notizbuch-a6-grau-2-teilig\/"},"modified":"2024-05-29T11:17:34","modified_gmt":"2024-05-29T09:17:34","slug":"notizbuch-a6-grau-2-teilig","status":"publish","type":"product","link":"https:\/\/grontkontor.dk\/de\/shop\/notizbuch-a6-grau-2-teilig\/","title":{"rendered":"Notizbuch A6 grau &#8211; 2 Stk."},"content":{"rendered":"<p>Smartes und klimafreundliches Portemonnaie im A6-Format im skandinavischen Design mit N\u00e4hten auf der R\u00fcckseite. 80 Seiten unliniertes Papier. Die Oberfl\u00e4che besteht aus FSC-zertifiziertem Laminatpapier mit Leinenstruktur, handlaminiert mit Kleber auf Wasserbasis auf einem dickeren Kern aus recyceltem Karton. Ein klima- und umweltfreundliches Produkt, das in der EU hergestellt wird.<br \/>\nKommt in einer Packung mit 2 St\u00fcck.<br \/>\n<a href=\"https:\/\/ic.fsc.org\/en\/\" target=\"window\"><img loading=\"lazy\" decoding=\"async\" class=\"size-full wp-image-12735\" src=\"https:\/\/grontkontor.dk\/wp-content\/uploads\/2019\/04\/fsc-certificeret.png\" \n\t\t alt=\"FSC-certificeret\" title=\"FSC-certificeret\" width=\"44\" height=\"51\" border=0\/><\/a> [bigso_all]<\/p>\n","protected":false},"excerpt":{"rendered":"<p>Smartes und klimafreundliches Portemonnaie im A6-Format im skandinavischen Design mit N\u00e4hten auf der R\u00fcckseite. 80 Seiten unliniertes Papier. Die Oberfl\u00e4che besteht aus FSC-zertifiziertem Laminatpapier mit Leinenstruktur, handlaminiert mit Kleber auf Wasserbasis auf einem dickeren Kern aus recyceltem Karton. Ein klima- und umweltfreundliches Produkt, das in der EU hergestellt wird. Kommt in einer Packung mit 2 [&hellip;]<\/p>\n","protected":false},"featured_media":91406,"comment_status":"closed","ping_status":"closed","template":"","meta":{"_acf_changed":false},"product_cat":[3325,3556,3606,3604,3323],"product_tag":[3864,3729,3608,3862],"class_list":{"0":"post-91402","1":"product","2":"type-product","3":"status-publish","4":"has-post-thumbnail","6":"product_cat-dummy-moq-1-de","7":"product_cat-graues-leinwandpapier","8":"product_cat-notizbuecher","9":"product_cat-papier-und-bloecke","10":"product_cat-produktserien","11":"product_tag-notizblock-de","12":"product_tag-notizblock","13":"product_tag-notizbuch","14":"product_tag-notizbuecher","15":"tm-has-options","17":"first","18":"instock","19":"taxable","20":"shipping-taxable","21":"purchasable","22":"product-type-simple"},"acf":[],"yoast_head":"<!-- This site is optimized with the Yoast SEO Premium plugin v21.2 (Yoast SEO v21.2) - https:\/\/yoast.com\/wordpress\/plugins\/seo\/ -->\n<title>Notizbuch A6 grau - 2 Stk. - Gr\u00f8nt Kontor<\/title>\n<meta name=\"robots\" content=\"index, follow, max-snippet:-1, max-image-preview:large, max-video-preview:-1\" \/>\n<link rel=\"canonical\" href=\"https:\/\/grontkontor.dk\/shop\/notesbog-a6-graa-2-stk\/\" \/>\n<meta property=\"og:locale\" content=\"de_DE\" \/>\n<meta property=\"og:type\" content=\"article\" \/>\n<meta property=\"og:title\" content=\"Notizbuch A6 grau - 2 Stk.\" \/>\n<meta property=\"og:description\" content=\"Smartes und klimafreundliches Portemonnaie im A6-Format im skandinavischen Design mit N\u00e4hten auf der R\u00fcckseite. 80 Seiten unliniertes Papier. Die Oberfl\u00e4che besteht aus FSC-zertifiziertem Laminatpapier mit Leinenstruktur, handlaminiert mit Kleber auf Wasserbasis auf einem dickeren Kern aus recyceltem Karton. Ein klima- und umweltfreundliches Produkt, das in der EU hergestellt wird. Kommt in einer Packung mit 2 [&hellip;]\" \/>\n<meta property=\"og:url\" content=\"https:\/\/grontkontor.dk\/shop\/notesbog-a6-graa-2-stk\/\" \/>\n<meta property=\"og:site_name\" content=\"Gr\u00f8nt Kontor\" \/>\n<meta property=\"article:publisher\" content=\"https:\/\/www.facebook.com\/grontkontor.dk\/\" \/>\n<meta property=\"og:image\" content=\"https:\/\/grontkontor.dk\/wp-content\/uploads\/2016\/09\/lommebog-a6-genbrugspapir-01.jpg\" \/>\n\t<meta property=\"og:image:width\" content=\"800\" \/>\n\t<meta property=\"og:image:height\" content=\"568\" \/>\n\t<meta property=\"og:image:type\" content=\"image\/jpeg\" \/>\n<meta name=\"twitter:card\" content=\"summary_large_image\" \/>\n<script type=\"application\/ld+json\" class=\"yoast-schema-graph\">{\"@context\":\"https:\/\/schema.org\",\"@graph\":[{\"@type\":\"WebPage\",\"@id\":\"https:\/\/grontkontor.dk\/shop\/notesbog-a6-graa-2-stk\/\",\"url\":\"https:\/\/grontkontor.dk\/shop\/notesbog-a6-graa-2-stk\/\",\"name\":\"Notizbuch A6 grau - 2 Stk. - Gr\u00f8nt Kontor\",\"isPartOf\":{\"@id\":\"https:\/\/grontkontor.dk\/#website\"},\"datePublished\":\"2024-05-29T09:17:34+00:00\",\"dateModified\":\"2024-05-29T09:17:34+00:00\",\"breadcrumb\":{\"@id\":\"https:\/\/grontkontor.dk\/shop\/notesbog-a6-graa-2-stk\/#breadcrumb\"},\"inLanguage\":\"de\",\"potentialAction\":[{\"@type\":\"ReadAction\",\"target\":[\"https:\/\/grontkontor.dk\/shop\/notesbog-a6-graa-2-stk\/\"]}]},{\"@type\":\"BreadcrumbList\",\"@id\":\"https:\/\/grontkontor.dk\/shop\/notesbog-a6-graa-2-stk\/#breadcrumb\",\"itemListElement\":[{\"@type\":\"ListItem\",\"position\":1,\"name\":\"Forside\",\"item\":\"https:\/\/grontkontor.dk\/de\/\"},{\"@type\":\"ListItem\",\"position\":2,\"name\":\"Laden\",\"item\":\"https:\/\/grontkontor.dk\/de\/laden\/\"},{\"@type\":\"ListItem\",\"position\":3,\"name\":\"Produktserien\",\"item\":\"https:\/\/grontkontor.dk\/de\/produkt-kategori\/produktserien\/\"},{\"@type\":\"ListItem\",\"position\":4,\"name\":\"Graues Leinwandpapier\",\"item\":\"https:\/\/grontkontor.dk\/de\/produkt-kategori\/produktserien\/graues-leinwandpapier\/\"},{\"@type\":\"ListItem\",\"position\":5,\"name\":\"Notizbuch A6 grau &#8211; 2 Stk.\"}]},{\"@type\":\"WebSite\",\"@id\":\"https:\/\/grontkontor.dk\/#website\",\"url\":\"https:\/\/grontkontor.dk\/\",\"name\":\"Gr\u00f8nt Kontor\",\"description\":\"Milj\u00f8venlige produkter til kontor og erhverv med fokus p\u00e5 b\u00e6redygtighed, design og fair trade.\",\"publisher\":{\"@id\":\"https:\/\/grontkontor.dk\/#organization\"},\"potentialAction\":[{\"@type\":\"SearchAction\",\"target\":{\"@type\":\"EntryPoint\",\"urlTemplate\":\"https:\/\/grontkontor.dk\/?s={search_term_string}\"},\"query-input\":\"required name=search_term_string\"}],\"inLanguage\":\"de\"},{\"@type\":\"Organization\",\"@id\":\"https:\/\/grontkontor.dk\/#organization\",\"name\":\"Gr\u00f8nt Kontor\",\"url\":\"https:\/\/grontkontor.dk\/\",\"logo\":{\"@type\":\"ImageObject\",\"inLanguage\":\"de\",\"@id\":\"https:\/\/grontkontor.dk\/#\/schema\/logo\/image\/\",\"url\":\"https:\/\/grontkontor.dk\/wp-content\/uploads\/2014\/02\/Logo_groent_kontor_300x80.png\",\"contentUrl\":\"https:\/\/grontkontor.dk\/wp-content\/uploads\/2014\/02\/Logo_groent_kontor_300x80.png\",\"width\":300,\"height\":80,\"caption\":\"Gr\u00f8nt Kontor\"},\"image\":{\"@id\":\"https:\/\/grontkontor.dk\/#\/schema\/logo\/image\/\"},\"sameAs\":[\"https:\/\/www.facebook.com\/grontkontor.dk\/\"]}]}<\/script>\n<!-- \/ Yoast SEO Premium plugin. -->","yoast_head_json":{"title":"Notizbuch A6 grau - 2 Stk. - Gr\u00f8nt Kontor","robots":{"index":"index","follow":"follow","max-snippet":"max-snippet:-1","max-image-preview":"max-image-preview:large","max-video-preview":"max-video-preview:-1"},"canonical":"https:\/\/grontkontor.dk\/shop\/notesbog-a6-graa-2-stk\/","og_locale":"de_DE","og_type":"article","og_title":"Notizbuch A6 grau - 2 Stk.","og_description":"Smartes und klimafreundliches Portemonnaie im A6-Format im skandinavischen Design mit N\u00e4hten auf der R\u00fcckseite. 80 Seiten unliniertes Papier. Die Oberfl\u00e4che besteht aus FSC-zertifiziertem Laminatpapier mit Leinenstruktur, handlaminiert mit Kleber auf Wasserbasis auf einem dickeren Kern aus recyceltem Karton. Ein klima- und umweltfreundliches Produkt, das in der EU hergestellt wird. Kommt in einer Packung mit 2 [&hellip;]","og_url":"https:\/\/grontkontor.dk\/shop\/notesbog-a6-graa-2-stk\/","og_site_name":"Gr\u00f8nt Kontor","article_publisher":"https:\/\/www.facebook.com\/grontkontor.dk\/","og_image":[{"width":800,"height":568,"url":"https:\/\/grontkontor.dk\/wp-content\/uploads\/2016\/09\/lommebog-a6-genbrugspapir-01.jpg","type":"image\/jpeg"}],"twitter_card":"summary_large_image","schema":{"@context":"https:\/\/schema.org","@graph":[{"@type":"WebPage","@id":"https:\/\/grontkontor.dk\/shop\/notesbog-a6-graa-2-stk\/","url":"https:\/\/grontkontor.dk\/shop\/notesbog-a6-graa-2-stk\/","name":"Notizbuch A6 grau - 2 Stk. - Gr\u00f8nt Kontor","isPartOf":{"@id":"https:\/\/grontkontor.dk\/#website"},"datePublished":"2024-05-29T09:17:34+00:00","dateModified":"2024-05-29T09:17:34+00:00","breadcrumb":{"@id":"https:\/\/grontkontor.dk\/shop\/notesbog-a6-graa-2-stk\/#breadcrumb"},"inLanguage":"de","potentialAction":[{"@type":"ReadAction","target":["https:\/\/grontkontor.dk\/shop\/notesbog-a6-graa-2-stk\/"]}]},{"@type":"BreadcrumbList","@id":"https:\/\/grontkontor.dk\/shop\/notesbog-a6-graa-2-stk\/#breadcrumb","itemListElement":[{"@type":"ListItem","position":1,"name":"Forside","item":"https:\/\/grontkontor.dk\/de\/"},{"@type":"ListItem","position":2,"name":"Laden","item":"https:\/\/grontkontor.dk\/de\/laden\/"},{"@type":"ListItem","position":3,"name":"Produktserien","item":"https:\/\/grontkontor.dk\/de\/produkt-kategori\/produktserien\/"},{"@type":"ListItem","position":4,"name":"Graues Leinwandpapier","item":"https:\/\/grontkontor.dk\/de\/produkt-kategori\/produktserien\/graues-leinwandpapier\/"},{"@type":"ListItem","position":5,"name":"Notizbuch A6 grau &#8211; 2 Stk."}]},{"@type":"WebSite","@id":"https:\/\/grontkontor.dk\/#website","url":"https:\/\/grontkontor.dk\/","name":"Gr\u00f8nt Kontor","description":"Milj\u00f8venlige produkter til kontor og erhverv med fokus p\u00e5 b\u00e6redygtighed, design og fair trade.","publisher":{"@id":"https:\/\/grontkontor.dk\/#organization"},"potentialAction":[{"@type":"SearchAction","target":{"@type":"EntryPoint","urlTemplate":"https:\/\/grontkontor.dk\/?s={search_term_string}"},"query-input":"required name=search_term_string"}],"inLanguage":"de"},{"@type":"Organization","@id":"https:\/\/grontkontor.dk\/#organization","name":"Gr\u00f8nt Kontor","url":"https:\/\/grontkontor.dk\/","logo":{"@type":"ImageObject","inLanguage":"de","@id":"https:\/\/grontkontor.dk\/#\/schema\/logo\/image\/","url":"https:\/\/grontkontor.dk\/wp-content\/uploads\/2014\/02\/Logo_groent_kontor_300x80.png","contentUrl":"https:\/\/grontkontor.dk\/wp-content\/uploads\/2014\/02\/Logo_groent_kontor_300x80.png","width":300,"height":80,"caption":"Gr\u00f8nt Kontor"},"image":{"@id":"https:\/\/grontkontor.dk\/#\/schema\/logo\/image\/"},"sameAs":["https:\/\/www.facebook.com\/grontkontor.dk\/"]}]}},"_links":{"self":[{"href":"https:\/\/grontkontor.dk\/de\/wp-json\/wp\/v2\/product\/91402"}],"collection":[{"href":"https:\/\/grontkontor.dk\/de\/wp-json\/wp\/v2\/product"}],"about":[{"href":"https:\/\/grontkontor.dk\/de\/wp-json\/wp\/v2\/types\/product"}],"replies":[{"embeddable":true,"href":"https:\/\/grontkontor.dk\/de\/wp-json\/wp\/v2\/comments?post=91402"}],"wp:featuredmedia":[{"embeddable":true,"href":"https:\/\/grontkontor.dk\/de\/wp-json\/wp\/v2\/media\/91406"}],"wp:attachment":[{"href":"https:\/\/grontkontor.dk\/de\/wp-json\/wp\/v2\/media?parent=91402"}],"wp:term":[{"taxonomy":"product_cat","embeddable":true,"href":"https:\/\/grontkontor.dk\/de\/wp-json\/wp\/v2\/product_cat?post=91402"},{"taxonomy":"product_tag","embeddable":true,"href":"https:\/\/grontkontor.dk\/de\/wp-json\/wp\/v2\/product_tag?post=91402"}],"curies":[{"name":"wp","href":"https:\/\/api.w.org\/{rel}","templated":true}]}}