{"id":92331,"date":"2024-05-29T11:59:33","date_gmt":"2024-05-29T09:59:33","guid":{"rendered":"https:\/\/grontkontor.dk\/tool-tip\/"},"modified":"2024-05-29T11:59:33","modified_gmt":"2024-05-29T09:59:33","slug":"tool-tip","status":"publish","type":"page","link":"https:\/\/grontkontor.dk\/en\/tool-tip\/","title":{"rendered":"Tool Tip"},"content":{"rendered":"<p>[vc_row][vc_column width=&#8221;1\/1&#8243;][vc_column_text]Tool tip shortcode maybe used to create text based tool tip with ease. This is an inline shortcode and is available inside Text Block element of Visual Composer. Text Blog like all of Blaszok&#8217;s shortcodes offers a simple drag &amp; drop interface to build complex pages with ease.[\/vc_column_text][\/vc_column][\/vc_row][vc_row][vc_column width=&#8221;1\/1&#8243;][mpc_vc_deco_header type=&#8221;h5&#8243; text=&#8221;Tool Tip Inside text block&#8221;][vc_column_text]Lorem ipsum dolor sit amet, [mpc_sh_tooltip background=&#8221;#b363a0&#8243; color=&#8221;#ffffff&#8221; message=&#8221;Some Tool Tip Message&#8221;]tooltip[\/mpc_sh_tooltip]\u00a0consectetur adipiscing elit. Etiam quis leo at mauris faucibus suscipit. Sed orci arcu, tincidunt at commodo in, consectetur sed enim. Vestibulum aliquet justo rutrum magna tincidunt fringilla. In eget nisl in justo mattis accumsan eu nec magna. Pellentesque [mpc_sh_tooltip background=&#8221;#b363a0&#8243; color=&#8221;#ffffff&#8221; message=&#8221;Some Tool Tip Message&#8221;]tooltip[\/mpc_sh_tooltip]\u00a0pharetra lacus, eget aliquet mi mattis eu. Cum sociis natoque penatibus et magnis dis parturient montes, nascetur ridiculus mus.<\/p>\n<p>Nullam ut mi in dui consectetur egestas [mpc_sh_tooltip background=&#8221;#b363a0&#8243; color=&#8221;#ffffff&#8221; message=&#8221;Some Tool Tip Message&#8221;]tooltip[\/mpc_sh_tooltip]\u00a0eget vitae odio. Morbi ut ligula arcu. Nullam eleifend nisl facilisis turpis luctus a bibendum nisl vulputate. Cras feugiat leo a nulla aliquet vitae auctor odio egestas. Phasellus iaculis posuere velit, congue placerat dui rhoncus vel. Maecenas tortor orci, aliquet et fringilla a, tristique vitae metus. Nunc dignissim varius ante, eget pellentesque felis congue ac. Donec placerat adipiscing [mpc_sh_tooltip background=&#8221;#b363a0&#8243; color=&#8221;#ffffff&#8221; message=&#8221;Some Tool Tip Message&#8221;]tooltip[\/mpc_sh_tooltip]\u00a0sapien id consequat. Donec nec auctor nisl. Curabitur hendrerit ultricies ligula ac blandit. Praesent non vulputate turpis. In est nibh, fermentum eget malesuada ut, ultrices ac lacus.[\/vc_column_text][\/vc_column][\/vc_row][vc_row el_class=&#8221;mpc-small-bm&#8221;][vc_column width=&#8221;1\/1&#8243;][mpc_vc_deco_header type=&#8221;h5&#8243; text=&#8221;Shortcode Attributes&#8221;][\/vc_column][\/vc_row][vc_row][vc_column width=&#8221;1\/1&#8243;][vc_column_text]<strong>Accordion Attributes:<\/strong><\/p>\n<ul>\n<li><b>text<\/b> &#8211; specifies text which will link to the tool tip.<\/li>\n<li><strong>tooltip message<\/strong>\u00a0&#8211; specifies text displayed inside the tool tip.<\/li>\n<li><strong>background color\u00a0<\/strong>&#8211; specifies the tooltip background.<\/li>\n<li><strong>text color<\/strong> &#8211; specifies tooltips text color.<\/li>\n<\/ul>\n<p>[\/vc_column_text][\/vc_column][\/vc_row]<\/p>\n","protected":false},"excerpt":{"rendered":"<p>[vc_row][vc_column width=&#8221;1\/1&#8243;][vc_column_text]Tool tip shortcode maybe used to create text based tool tip with ease. This is an inline shortcode and is available inside Text Block element of Visual Composer. Text Blog like all of Blaszok&#8217;s shortcodes offers a simple drag &amp; drop interface to build complex pages with ease.[\/vc_column_text][\/vc_column][\/vc_row][vc_row][vc_column width=&#8221;1\/1&#8243;][mpc_vc_deco_header type=&#8221;h5&#8243; text=&#8221;Tool Tip Inside text [&hellip;]<\/p>\n","protected":false},"author":88,"featured_media":0,"parent":0,"menu_order":0,"comment_status":"closed","ping_status":"closed","template":"","meta":{"_acf_changed":false,"footnotes":""},"class_list":["post-92331","page","type-page","status-publish","hentry"],"acf":[],"yoast_head":"<!-- This site is optimized with the Yoast SEO Premium plugin v21.2 (Yoast SEO v21.2) - https:\/\/yoast.com\/wordpress\/plugins\/seo\/ -->\n<title>Tool Tip - Gr\u00f8nt Kontor<\/title>\n<meta name=\"robots\" content=\"index, follow, max-snippet:-1, max-image-preview:large, max-video-preview:-1\" \/>\n<link rel=\"canonical\" href=\"https:\/\/grontkontor.dk\/en\/tool-tip\/\" \/>\n<meta property=\"og:locale\" content=\"en_US\" \/>\n<meta property=\"og:type\" content=\"article\" \/>\n<meta property=\"og:title\" content=\"Tool Tip\" \/>\n<meta property=\"og:description\" content=\"[vc_row][vc_column width=&#8221;1\/1&#8243;][vc_column_text]Tool tip shortcode maybe used to create text based tool tip with ease. This is an inline shortcode and is available inside Text Block element of Visual Composer. Text Blog like all of Blaszok&#8217;s shortcodes offers a simple drag &amp; drop interface to build complex pages with ease.[\/vc_column_text][\/vc_column][\/vc_row][vc_row][vc_column width=&#8221;1\/1&#8243;][mpc_vc_deco_header type=&#8221;h5&#8243; text=&#8221;Tool Tip Inside text [&hellip;]\" \/>\n<meta property=\"og:url\" content=\"https:\/\/grontkontor.dk\/en\/tool-tip\/\" \/>\n<meta property=\"og:site_name\" content=\"Gr\u00f8nt Kontor\" \/>\n<meta property=\"article:publisher\" content=\"https:\/\/www.facebook.com\/grontkontor.dk\/\" \/>\n<meta name=\"twitter:card\" content=\"summary_large_image\" \/>\n<meta name=\"twitter:label1\" content=\"Est. reading time\" \/>\n\t<meta name=\"twitter:data1\" content=\"2 minutes\" \/>\n<script type=\"application\/ld+json\" class=\"yoast-schema-graph\">{\"@context\":\"https:\/\/schema.org\",\"@graph\":[{\"@type\":\"WebPage\",\"@id\":\"https:\/\/grontkontor.dk\/en\/tool-tip\/\",\"url\":\"https:\/\/grontkontor.dk\/en\/tool-tip\/\",\"name\":\"Tool Tip - Gr\u00f8nt Kontor\",\"isPartOf\":{\"@id\":\"https:\/\/grontkontor.dk\/#website\"},\"datePublished\":\"2024-05-29T09:59:33+00:00\",\"dateModified\":\"2024-05-29T09:59:33+00:00\",\"breadcrumb\":{\"@id\":\"https:\/\/grontkontor.dk\/en\/tool-tip\/#breadcrumb\"},\"inLanguage\":\"en-US\",\"potentialAction\":[{\"@type\":\"ReadAction\",\"target\":[\"https:\/\/grontkontor.dk\/en\/tool-tip\/\"]}]},{\"@type\":\"BreadcrumbList\",\"@id\":\"https:\/\/grontkontor.dk\/en\/tool-tip\/#breadcrumb\",\"itemListElement\":[{\"@type\":\"ListItem\",\"position\":1,\"name\":\"Forside\",\"item\":\"https:\/\/grontkontor.dk\/\"},{\"@type\":\"ListItem\",\"position\":2,\"name\":\"Tool Tip\"}]},{\"@type\":\"WebSite\",\"@id\":\"https:\/\/grontkontor.dk\/#website\",\"url\":\"https:\/\/grontkontor.dk\/\",\"name\":\"Gr\u00f8nt Kontor\",\"description\":\"Milj\u00f8venlige produkter til kontor og erhverv med fokus p\u00e5 b\u00e6redygtighed, design og fair trade.\",\"publisher\":{\"@id\":\"https:\/\/grontkontor.dk\/#organization\"},\"potentialAction\":[{\"@type\":\"SearchAction\",\"target\":{\"@type\":\"EntryPoint\",\"urlTemplate\":\"https:\/\/grontkontor.dk\/?s={search_term_string}\"},\"query-input\":\"required name=search_term_string\"}],\"inLanguage\":\"en-US\"},{\"@type\":\"Organization\",\"@id\":\"https:\/\/grontkontor.dk\/#organization\",\"name\":\"Gr\u00f8nt Kontor\",\"url\":\"https:\/\/grontkontor.dk\/\",\"logo\":{\"@type\":\"ImageObject\",\"inLanguage\":\"en-US\",\"@id\":\"https:\/\/grontkontor.dk\/#\/schema\/logo\/image\/\",\"url\":\"https:\/\/grontkontor.dk\/wp-content\/uploads\/2014\/02\/Logo_groent_kontor_300x80.png\",\"contentUrl\":\"https:\/\/grontkontor.dk\/wp-content\/uploads\/2014\/02\/Logo_groent_kontor_300x80.png\",\"width\":300,\"height\":80,\"caption\":\"Gr\u00f8nt Kontor\"},\"image\":{\"@id\":\"https:\/\/grontkontor.dk\/#\/schema\/logo\/image\/\"},\"sameAs\":[\"https:\/\/www.facebook.com\/grontkontor.dk\/\"]}]}<\/script>\n<!-- \/ Yoast SEO Premium plugin. -->","yoast_head_json":{"title":"Tool Tip - Gr\u00f8nt Kontor","robots":{"index":"index","follow":"follow","max-snippet":"max-snippet:-1","max-image-preview":"max-image-preview:large","max-video-preview":"max-video-preview:-1"},"canonical":"https:\/\/grontkontor.dk\/en\/tool-tip\/","og_locale":"en_US","og_type":"article","og_title":"Tool Tip","og_description":"[vc_row][vc_column width=&#8221;1\/1&#8243;][vc_column_text]Tool tip shortcode maybe used to create text based tool tip with ease. This is an inline shortcode and is available inside Text Block element of Visual Composer. Text Blog like all of Blaszok&#8217;s shortcodes offers a simple drag &amp; drop interface to build complex pages with ease.[\/vc_column_text][\/vc_column][\/vc_row][vc_row][vc_column width=&#8221;1\/1&#8243;][mpc_vc_deco_header type=&#8221;h5&#8243; text=&#8221;Tool Tip Inside text [&hellip;]","og_url":"https:\/\/grontkontor.dk\/en\/tool-tip\/","og_site_name":"Gr\u00f8nt Kontor","article_publisher":"https:\/\/www.facebook.com\/grontkontor.dk\/","twitter_card":"summary_large_image","twitter_misc":{"Est. reading time":"2 minutes"},"schema":{"@context":"https:\/\/schema.org","@graph":[{"@type":"WebPage","@id":"https:\/\/grontkontor.dk\/en\/tool-tip\/","url":"https:\/\/grontkontor.dk\/en\/tool-tip\/","name":"Tool Tip - Gr\u00f8nt Kontor","isPartOf":{"@id":"https:\/\/grontkontor.dk\/#website"},"datePublished":"2024-05-29T09:59:33+00:00","dateModified":"2024-05-29T09:59:33+00:00","breadcrumb":{"@id":"https:\/\/grontkontor.dk\/en\/tool-tip\/#breadcrumb"},"inLanguage":"en-US","potentialAction":[{"@type":"ReadAction","target":["https:\/\/grontkontor.dk\/en\/tool-tip\/"]}]},{"@type":"BreadcrumbList","@id":"https:\/\/grontkontor.dk\/en\/tool-tip\/#breadcrumb","itemListElement":[{"@type":"ListItem","position":1,"name":"Forside","item":"https:\/\/grontkontor.dk\/"},{"@type":"ListItem","position":2,"name":"Tool Tip"}]},{"@type":"WebSite","@id":"https:\/\/grontkontor.dk\/#website","url":"https:\/\/grontkontor.dk\/","name":"Gr\u00f8nt Kontor","description":"Milj\u00f8venlige produkter til kontor og erhverv med fokus p\u00e5 b\u00e6redygtighed, design og fair trade.","publisher":{"@id":"https:\/\/grontkontor.dk\/#organization"},"potentialAction":[{"@type":"SearchAction","target":{"@type":"EntryPoint","urlTemplate":"https:\/\/grontkontor.dk\/?s={search_term_string}"},"query-input":"required name=search_term_string"}],"inLanguage":"en-US"},{"@type":"Organization","@id":"https:\/\/grontkontor.dk\/#organization","name":"Gr\u00f8nt Kontor","url":"https:\/\/grontkontor.dk\/","logo":{"@type":"ImageObject","inLanguage":"en-US","@id":"https:\/\/grontkontor.dk\/#\/schema\/logo\/image\/","url":"https:\/\/grontkontor.dk\/wp-content\/uploads\/2014\/02\/Logo_groent_kontor_300x80.png","contentUrl":"https:\/\/grontkontor.dk\/wp-content\/uploads\/2014\/02\/Logo_groent_kontor_300x80.png","width":300,"height":80,"caption":"Gr\u00f8nt Kontor"},"image":{"@id":"https:\/\/grontkontor.dk\/#\/schema\/logo\/image\/"},"sameAs":["https:\/\/www.facebook.com\/grontkontor.dk\/"]}]}},"_links":{"self":[{"href":"https:\/\/grontkontor.dk\/en\/wp-json\/wp\/v2\/pages\/92331"}],"collection":[{"href":"https:\/\/grontkontor.dk\/en\/wp-json\/wp\/v2\/pages"}],"about":[{"href":"https:\/\/grontkontor.dk\/en\/wp-json\/wp\/v2\/types\/page"}],"author":[{"embeddable":true,"href":"https:\/\/grontkontor.dk\/en\/wp-json\/wp\/v2\/users\/88"}],"replies":[{"embeddable":true,"href":"https:\/\/grontkontor.dk\/en\/wp-json\/wp\/v2\/comments?post=92331"}],"version-history":[{"count":1,"href":"https:\/\/grontkontor.dk\/en\/wp-json\/wp\/v2\/pages\/92331\/revisions"}],"predecessor-version":[{"id":92336,"href":"https:\/\/grontkontor.dk\/en\/wp-json\/wp\/v2\/pages\/92331\/revisions\/92336"}],"wp:attachment":[{"href":"https:\/\/grontkontor.dk\/en\/wp-json\/wp\/v2\/media?parent=92331"}],"curies":[{"name":"wp","href":"https:\/\/api.w.org\/{rel}","templated":true}]}}