{"id":102293,"date":"2024-06-26T10:12:29","date_gmt":"2024-06-26T08:12:29","guid":{"rendered":"https:\/\/grontkontor.dk\/?post_type=product&#038;p=102293"},"modified":"2024-11-27T10:08:11","modified_gmt":"2024-11-27T09:08:11","slug":"coaster-set-in-recycled-plastic","status":"publish","type":"product","link":"https:\/\/grontkontor.dk\/en\/shop\/coaster-set-in-recycled-plastic\/","title":{"rendered":"Coaster set in recycled plastic"},"content":{"rendered":"<p>Eco-friendly coasters made from recycled plastic bottles in sets of 10 pcs. Comes with a bamboo holder. These climate-friendly coasters can be delivered with or without logo print. Suitable for caf\u00e9 or restaurant. Use them as a nice corporate gift or as a giveaway for trade fairs or events.<\/p>\nrPET (recycled polyethylene) is a food-grade recyclable plastic that is typically made from recycled water bottles. rPET is \u2013 despite its fossil origin \u2013 a sustainable material. rPET has an extremely high carbon content, and therefore functions as an effective carbon depot throughout the lifespan of the product and recycled products. If plastic is not recycled, it will either break down into CO2 and contribute to the greenhouse effect, or end up as polluting waste. For every tonne of recycled plastic, 3.8 barrels of oil are saved. \nBamboo is an extremely sustainable material, and one of the fastest growing plants in the world, which means rapid regeneration when harvested. Bamboo is grown without pesticides or artificial fertilizers and, like other natural products, functions as a CO2 depot throughout the products lifetime. \n<p>&nbsp;<\/p>\n","protected":false},"excerpt":{"rendered":"<p>Eco-friendly coasters made from recycled plastic bottles in sets of 10 pcs. Comes with a bamboo holder. These climate-friendly coasters can be delivered with or without logo print. Suitable for caf\u00e9 or restaurant. Use them as a nice corporate gift or as a giveaway for trade fairs or events. &nbsp;<\/p>\n","protected":false},"featured_media":102394,"comment_status":"closed","ping_status":"closed","template":"","meta":{"_acf_changed":false},"product_cat":[2174,1262,2106,2232,2389,2390,1853],"product_tag":[2437],"class_list":{"0":"post-102293","1":"product","2":"type-product","3":"status-publish","4":"has-post-thumbnail","6":"product_cat-bamboo-products","7":"product_cat-sustainable-presents","8":"product_cat-dummy-moq-1-en","9":"product_cat-food-and-drinkware","10":"product_cat-hotel-restauration-cafe-en","11":"product_cat-news","12":"product_cat-product-series","13":"product_tag-coaster-en","14":"tm-has-options","16":"first","17":"instock","18":"taxable","19":"shipping-taxable","20":"purchasable","21":"product-type-simple"},"acf":[],"yoast_head":"<!-- This site is optimized with the Yoast SEO Premium plugin v21.2 (Yoast SEO v21.2) - https:\/\/yoast.com\/wordpress\/plugins\/seo\/ -->\n<title>Coaster set in recycled plastic - Gr\u00f8nt Kontor<\/title>\n<meta name=\"robots\" content=\"index, follow, max-snippet:-1, max-image-preview:large, max-video-preview:-1\" \/>\n<link rel=\"canonical\" href=\"https:\/\/grontkontor.dk\/en\/shop\/coaster-set-in-recycled-plastic\/\" \/>\n<meta property=\"og:locale\" content=\"en_US\" \/>\n<meta property=\"og:type\" content=\"article\" \/>\n<meta property=\"og:title\" content=\"Coaster set in recycled plastic\" \/>\n<meta property=\"og:description\" content=\"Eco-friendly coasters made from recycled plastic bottles in sets of 10 pcs. Comes with a bamboo holder. These climate-friendly coasters can be delivered with or without logo print. Suitable for caf\u00e9 or restaurant. Use them as a nice corporate gift or as a giveaway for trade fairs or events. &nbsp;\" \/>\n<meta property=\"og:url\" content=\"https:\/\/grontkontor.dk\/en\/shop\/coaster-set-in-recycled-plastic\/\" \/>\n<meta property=\"og:site_name\" content=\"Gr\u00f8nt Kontor\" \/>\n<meta property=\"article:publisher\" content=\"https:\/\/www.facebook.com\/grontkontor.dk\/\" \/>\n<meta property=\"article:modified_time\" content=\"2024-11-27T09:08:11+00:00\" \/>\n<meta property=\"og:image\" content=\"https:\/\/grontkontor.dk\/wp-content\/uploads\/2024\/06\/Klimavenlige-coasters-i-rpet.jpg\" \/>\n\t<meta property=\"og:image:width\" content=\"900\" \/>\n\t<meta property=\"og:image:height\" content=\"639\" \/>\n\t<meta property=\"og:image:type\" content=\"image\/jpeg\" \/>\n<meta name=\"twitter:card\" content=\"summary_large_image\" \/>\n<script type=\"application\/ld+json\" class=\"yoast-schema-graph\">{\"@context\":\"https:\/\/schema.org\",\"@graph\":[{\"@type\":\"WebPage\",\"@id\":\"https:\/\/grontkontor.dk\/en\/shop\/coaster-set-in-recycled-plastic\/\",\"url\":\"https:\/\/grontkontor.dk\/en\/shop\/coaster-set-in-recycled-plastic\/\",\"name\":\"Coaster set in recycled plastic - Gr\u00f8nt Kontor\",\"isPartOf\":{\"@id\":\"https:\/\/grontkontor.dk\/#website\"},\"datePublished\":\"2024-06-26T08:12:29+00:00\",\"dateModified\":\"2024-11-27T09:08:11+00:00\",\"breadcrumb\":{\"@id\":\"https:\/\/grontkontor.dk\/en\/shop\/coaster-set-in-recycled-plastic\/#breadcrumb\"},\"inLanguage\":\"en-US\",\"potentialAction\":[{\"@type\":\"ReadAction\",\"target\":[\"https:\/\/grontkontor.dk\/en\/shop\/coaster-set-in-recycled-plastic\/\"]}]},{\"@type\":\"BreadcrumbList\",\"@id\":\"https:\/\/grontkontor.dk\/en\/shop\/coaster-set-in-recycled-plastic\/#breadcrumb\",\"itemListElement\":[{\"@type\":\"ListItem\",\"position\":1,\"name\":\"Forside\",\"item\":\"https:\/\/grontkontor.dk\/\"},{\"@type\":\"ListItem\",\"position\":2,\"name\":\"Shop\",\"item\":\"https:\/\/grontkontor.dk\/en\/shop-2\/\"},{\"@type\":\"ListItem\",\"position\":3,\"name\":\"Product series\",\"item\":\"https:\/\/grontkontor.dk\/en\/produkt-kategori\/product-series\/\"},{\"@type\":\"ListItem\",\"position\":4,\"name\":\"Bamboo products\",\"item\":\"https:\/\/grontkontor.dk\/en\/produkt-kategori\/product-series\/bamboo-products\/\"},{\"@type\":\"ListItem\",\"position\":5,\"name\":\"Coaster set in recycled plastic\"}]},{\"@type\":\"WebSite\",\"@id\":\"https:\/\/grontkontor.dk\/#website\",\"url\":\"https:\/\/grontkontor.dk\/\",\"name\":\"Gr\u00f8nt Kontor\",\"description\":\"Milj\u00f8venlige produkter til kontor og erhverv med fokus p\u00e5 b\u00e6redygtighed, design og fair trade.\",\"publisher\":{\"@id\":\"https:\/\/grontkontor.dk\/#organization\"},\"potentialAction\":[{\"@type\":\"SearchAction\",\"target\":{\"@type\":\"EntryPoint\",\"urlTemplate\":\"https:\/\/grontkontor.dk\/?s={search_term_string}\"},\"query-input\":\"required name=search_term_string\"}],\"inLanguage\":\"en-US\"},{\"@type\":\"Organization\",\"@id\":\"https:\/\/grontkontor.dk\/#organization\",\"name\":\"Gr\u00f8nt Kontor\",\"url\":\"https:\/\/grontkontor.dk\/\",\"logo\":{\"@type\":\"ImageObject\",\"inLanguage\":\"en-US\",\"@id\":\"https:\/\/grontkontor.dk\/#\/schema\/logo\/image\/\",\"url\":\"https:\/\/grontkontor.dk\/wp-content\/uploads\/2014\/02\/Logo_groent_kontor_300x80.png\",\"contentUrl\":\"https:\/\/grontkontor.dk\/wp-content\/uploads\/2014\/02\/Logo_groent_kontor_300x80.png\",\"width\":300,\"height\":80,\"caption\":\"Gr\u00f8nt Kontor\"},\"image\":{\"@id\":\"https:\/\/grontkontor.dk\/#\/schema\/logo\/image\/\"},\"sameAs\":[\"https:\/\/www.facebook.com\/grontkontor.dk\/\"]}]}<\/script>\n<!-- \/ Yoast SEO Premium plugin. -->","yoast_head_json":{"title":"Coaster set in recycled plastic - Gr\u00f8nt Kontor","robots":{"index":"index","follow":"follow","max-snippet":"max-snippet:-1","max-image-preview":"max-image-preview:large","max-video-preview":"max-video-preview:-1"},"canonical":"https:\/\/grontkontor.dk\/en\/shop\/coaster-set-in-recycled-plastic\/","og_locale":"en_US","og_type":"article","og_title":"Coaster set in recycled plastic","og_description":"Eco-friendly coasters made from recycled plastic bottles in sets of 10 pcs. Comes with a bamboo holder. These climate-friendly coasters can be delivered with or without logo print. Suitable for caf\u00e9 or restaurant. Use them as a nice corporate gift or as a giveaway for trade fairs or events. &nbsp;","og_url":"https:\/\/grontkontor.dk\/en\/shop\/coaster-set-in-recycled-plastic\/","og_site_name":"Gr\u00f8nt Kontor","article_publisher":"https:\/\/www.facebook.com\/grontkontor.dk\/","article_modified_time":"2024-11-27T09:08:11+00:00","og_image":[{"width":900,"height":639,"url":"https:\/\/grontkontor.dk\/wp-content\/uploads\/2024\/06\/Klimavenlige-coasters-i-rpet.jpg","type":"image\/jpeg"}],"twitter_card":"summary_large_image","schema":{"@context":"https:\/\/schema.org","@graph":[{"@type":"WebPage","@id":"https:\/\/grontkontor.dk\/en\/shop\/coaster-set-in-recycled-plastic\/","url":"https:\/\/grontkontor.dk\/en\/shop\/coaster-set-in-recycled-plastic\/","name":"Coaster set in recycled plastic - Gr\u00f8nt Kontor","isPartOf":{"@id":"https:\/\/grontkontor.dk\/#website"},"datePublished":"2024-06-26T08:12:29+00:00","dateModified":"2024-11-27T09:08:11+00:00","breadcrumb":{"@id":"https:\/\/grontkontor.dk\/en\/shop\/coaster-set-in-recycled-plastic\/#breadcrumb"},"inLanguage":"en-US","potentialAction":[{"@type":"ReadAction","target":["https:\/\/grontkontor.dk\/en\/shop\/coaster-set-in-recycled-plastic\/"]}]},{"@type":"BreadcrumbList","@id":"https:\/\/grontkontor.dk\/en\/shop\/coaster-set-in-recycled-plastic\/#breadcrumb","itemListElement":[{"@type":"ListItem","position":1,"name":"Forside","item":"https:\/\/grontkontor.dk\/"},{"@type":"ListItem","position":2,"name":"Shop","item":"https:\/\/grontkontor.dk\/en\/shop-2\/"},{"@type":"ListItem","position":3,"name":"Product series","item":"https:\/\/grontkontor.dk\/en\/produkt-kategori\/product-series\/"},{"@type":"ListItem","position":4,"name":"Bamboo products","item":"https:\/\/grontkontor.dk\/en\/produkt-kategori\/product-series\/bamboo-products\/"},{"@type":"ListItem","position":5,"name":"Coaster set in recycled plastic"}]},{"@type":"WebSite","@id":"https:\/\/grontkontor.dk\/#website","url":"https:\/\/grontkontor.dk\/","name":"Gr\u00f8nt Kontor","description":"Milj\u00f8venlige produkter til kontor og erhverv med fokus p\u00e5 b\u00e6redygtighed, design og fair trade.","publisher":{"@id":"https:\/\/grontkontor.dk\/#organization"},"potentialAction":[{"@type":"SearchAction","target":{"@type":"EntryPoint","urlTemplate":"https:\/\/grontkontor.dk\/?s={search_term_string}"},"query-input":"required name=search_term_string"}],"inLanguage":"en-US"},{"@type":"Organization","@id":"https:\/\/grontkontor.dk\/#organization","name":"Gr\u00f8nt Kontor","url":"https:\/\/grontkontor.dk\/","logo":{"@type":"ImageObject","inLanguage":"en-US","@id":"https:\/\/grontkontor.dk\/#\/schema\/logo\/image\/","url":"https:\/\/grontkontor.dk\/wp-content\/uploads\/2014\/02\/Logo_groent_kontor_300x80.png","contentUrl":"https:\/\/grontkontor.dk\/wp-content\/uploads\/2014\/02\/Logo_groent_kontor_300x80.png","width":300,"height":80,"caption":"Gr\u00f8nt Kontor"},"image":{"@id":"https:\/\/grontkontor.dk\/#\/schema\/logo\/image\/"},"sameAs":["https:\/\/www.facebook.com\/grontkontor.dk\/"]}]}},"_links":{"self":[{"href":"https:\/\/grontkontor.dk\/en\/wp-json\/wp\/v2\/product\/102293"}],"collection":[{"href":"https:\/\/grontkontor.dk\/en\/wp-json\/wp\/v2\/product"}],"about":[{"href":"https:\/\/grontkontor.dk\/en\/wp-json\/wp\/v2\/types\/product"}],"replies":[{"embeddable":true,"href":"https:\/\/grontkontor.dk\/en\/wp-json\/wp\/v2\/comments?post=102293"}],"wp:featuredmedia":[{"embeddable":true,"href":"https:\/\/grontkontor.dk\/en\/wp-json\/wp\/v2\/media\/102394"}],"wp:attachment":[{"href":"https:\/\/grontkontor.dk\/en\/wp-json\/wp\/v2\/media?parent=102293"}],"wp:term":[{"taxonomy":"product_cat","embeddable":true,"href":"https:\/\/grontkontor.dk\/en\/wp-json\/wp\/v2\/product_cat?post=102293"},{"taxonomy":"product_tag","embeddable":true,"href":"https:\/\/grontkontor.dk\/en\/wp-json\/wp\/v2\/product_tag?post=102293"}],"curies":[{"name":"wp","href":"https:\/\/api.w.org\/{rel}","templated":true}]}}