{"id":106135,"date":"2024-07-16T15:07:21","date_gmt":"2024-07-16T13:07:21","guid":{"rendered":"https:\/\/grontkontor.dk\/?post_type=product&#038;p=106135"},"modified":"2024-10-10T09:45:46","modified_gmt":"2024-10-10T07:45:46","slug":"cotton-and-bamboo-lanyard","status":"publish","type":"product","link":"https:\/\/grontkontor.dk\/en\/shop\/cotton-and-bamboo-lanyard\/","title":{"rendered":"Cotton and bamboo lanyard"},"content":{"rendered":"<p>Eco-friendly lanyard \/ lanyard in cotton and lock in bamboo.<br \/>\nAvailable with round or square bamboo clasp.<br \/>\nIncluded holder for mobile phone or ID card. <\/p>\n<p>An environmentally friendly alternative to the well-known plastic lanyards, made from 80% natural materials.<\/p>\n<p>Can be ordered with or without print.<\/p>\nCotton is a biodegradable, compostable natural product and one of the worlds oldest commercial and agricultural commodities. This product has been selected solely for its unique design and is one of the few we keep in stock which is not made from organic or recycled cotton - for a more sustainable choice we would recommend these products instead. \nBamboo is an extremely sustainable material, and one of the fastest growing plants in the world, which means rapid regeneration when harvested. Bamboo is grown without pesticides or artificial fertilizers and, like other natural products, functions as a CO2 depot throughout the products lifetime. \n<p>&nbsp;<\/p>\n","protected":false},"excerpt":{"rendered":"<p>Eco-friendly lanyard \/ lanyard in cotton and lock in bamboo. Available with round or square bamboo clasp. Included holder for mobile phone or ID card. An environmentally friendly alternative to the well-known plastic lanyards, made from 80% natural materials. Can be ordered with or without print. &nbsp;<\/p>\n","protected":false},"featured_media":106276,"comment_status":"closed","ping_status":"closed","template":"","meta":{"_acf_changed":false},"product_cat":[2734,2106,2390],"product_tag":[1920,1923],"class_list":{"0":"post-106135","1":"product","2":"type-product","3":"status-publish","4":"has-post-thumbnail","6":"product_cat-keyhangers-and-name-badges","7":"product_cat-dummy-moq-1-en","8":"product_cat-news","9":"product_tag-keyhanger-en","10":"product_tag-noeglesnor-en","11":"tm-has-options","13":"first","14":"instock","15":"sale","16":"taxable","17":"shipping-taxable","18":"purchasable","19":"product-type-simple"},"acf":[],"yoast_head":"<!-- This site is optimized with the Yoast SEO Premium plugin v21.2 (Yoast SEO v21.2) - https:\/\/yoast.com\/wordpress\/plugins\/seo\/ -->\n<title>Cotton and bamboo lanyard - Gr\u00f8nt Kontor<\/title>\n<meta name=\"robots\" content=\"index, follow, max-snippet:-1, max-image-preview:large, max-video-preview:-1\" \/>\n<link rel=\"canonical\" href=\"https:\/\/grontkontor.dk\/shop\/keyhanger-i-bomuld-og-bambus\/\" \/>\n<meta property=\"og:locale\" content=\"en_US\" \/>\n<meta property=\"og:type\" content=\"article\" \/>\n<meta property=\"og:title\" content=\"Cotton and bamboo lanyard\" \/>\n<meta property=\"og:description\" content=\"Eco-friendly lanyard \/ lanyard in cotton and lock in bamboo. Available with round or square bamboo clasp. Included holder for mobile phone or ID card. An environmentally friendly alternative to the well-known plastic lanyards, made from 80% natural materials. Can be ordered with or without print. &nbsp;\" \/>\n<meta property=\"og:url\" content=\"https:\/\/grontkontor.dk\/shop\/keyhanger-i-bomuld-og-bambus\/\" \/>\n<meta property=\"og:site_name\" content=\"Gr\u00f8nt Kontor\" \/>\n<meta property=\"article:publisher\" content=\"https:\/\/www.facebook.com\/grontkontor.dk\/\" \/>\n<meta property=\"article:modified_time\" content=\"2024-10-10T07:45:46+00:00\" \/>\n<meta property=\"og:image\" content=\"https:\/\/grontkontor.dk\/wp-content\/uploads\/2024\/07\/Klimavenlig-noeglesnor-bomuld-bambus-rund.jpg\" \/>\n\t<meta property=\"og:image:width\" content=\"900\" \/>\n\t<meta property=\"og:image:height\" content=\"639\" \/>\n\t<meta property=\"og:image:type\" content=\"image\/jpeg\" \/>\n<meta name=\"twitter:card\" content=\"summary_large_image\" \/>\n<meta name=\"twitter:label1\" content=\"Est. reading time\" \/>\n\t<meta name=\"twitter:data1\" content=\"1 minute\" \/>\n<script type=\"application\/ld+json\" class=\"yoast-schema-graph\">{\"@context\":\"https:\/\/schema.org\",\"@graph\":[{\"@type\":\"WebPage\",\"@id\":\"https:\/\/grontkontor.dk\/shop\/keyhanger-i-bomuld-og-bambus\/\",\"url\":\"https:\/\/grontkontor.dk\/shop\/keyhanger-i-bomuld-og-bambus\/\",\"name\":\"Cotton and bamboo lanyard - Gr\u00f8nt Kontor\",\"isPartOf\":{\"@id\":\"https:\/\/grontkontor.dk\/#website\"},\"datePublished\":\"2024-07-16T13:07:21+00:00\",\"dateModified\":\"2024-10-10T07:45:46+00:00\",\"breadcrumb\":{\"@id\":\"https:\/\/grontkontor.dk\/shop\/keyhanger-i-bomuld-og-bambus\/#breadcrumb\"},\"inLanguage\":\"en-US\",\"potentialAction\":[{\"@type\":\"ReadAction\",\"target\":[\"https:\/\/grontkontor.dk\/shop\/keyhanger-i-bomuld-og-bambus\/\"]}]},{\"@type\":\"BreadcrumbList\",\"@id\":\"https:\/\/grontkontor.dk\/shop\/keyhanger-i-bomuld-og-bambus\/#breadcrumb\",\"itemListElement\":[{\"@type\":\"ListItem\",\"position\":1,\"name\":\"Forside\",\"item\":\"https:\/\/grontkontor.dk\/\"},{\"@type\":\"ListItem\",\"position\":2,\"name\":\"Shop\",\"item\":\"https:\/\/grontkontor.dk\/en\/shop-2\/\"},{\"@type\":\"ListItem\",\"position\":3,\"name\":\"Trade fair equipment\",\"item\":\"https:\/\/grontkontor.dk\/en\/produkt-kategori\/trade-fair-equipment\/\"},{\"@type\":\"ListItem\",\"position\":4,\"name\":\"Keyhangers and name badges\",\"item\":\"https:\/\/grontkontor.dk\/en\/produkt-kategori\/trade-fair-equipment\/keyhangers-and-name-badges\/\"},{\"@type\":\"ListItem\",\"position\":5,\"name\":\"Cotton and bamboo lanyard\"}]},{\"@type\":\"WebSite\",\"@id\":\"https:\/\/grontkontor.dk\/#website\",\"url\":\"https:\/\/grontkontor.dk\/\",\"name\":\"Gr\u00f8nt Kontor\",\"description\":\"Milj\u00f8venlige produkter til kontor og erhverv med fokus p\u00e5 b\u00e6redygtighed, design og fair trade.\",\"publisher\":{\"@id\":\"https:\/\/grontkontor.dk\/#organization\"},\"potentialAction\":[{\"@type\":\"SearchAction\",\"target\":{\"@type\":\"EntryPoint\",\"urlTemplate\":\"https:\/\/grontkontor.dk\/?s={search_term_string}\"},\"query-input\":\"required name=search_term_string\"}],\"inLanguage\":\"en-US\"},{\"@type\":\"Organization\",\"@id\":\"https:\/\/grontkontor.dk\/#organization\",\"name\":\"Gr\u00f8nt Kontor\",\"url\":\"https:\/\/grontkontor.dk\/\",\"logo\":{\"@type\":\"ImageObject\",\"inLanguage\":\"en-US\",\"@id\":\"https:\/\/grontkontor.dk\/#\/schema\/logo\/image\/\",\"url\":\"https:\/\/grontkontor.dk\/wp-content\/uploads\/2014\/02\/Logo_groent_kontor_300x80.png\",\"contentUrl\":\"https:\/\/grontkontor.dk\/wp-content\/uploads\/2014\/02\/Logo_groent_kontor_300x80.png\",\"width\":300,\"height\":80,\"caption\":\"Gr\u00f8nt Kontor\"},\"image\":{\"@id\":\"https:\/\/grontkontor.dk\/#\/schema\/logo\/image\/\"},\"sameAs\":[\"https:\/\/www.facebook.com\/grontkontor.dk\/\"]}]}<\/script>\n<!-- \/ Yoast SEO Premium plugin. -->","yoast_head_json":{"title":"Cotton and bamboo lanyard - Gr\u00f8nt Kontor","robots":{"index":"index","follow":"follow","max-snippet":"max-snippet:-1","max-image-preview":"max-image-preview:large","max-video-preview":"max-video-preview:-1"},"canonical":"https:\/\/grontkontor.dk\/shop\/keyhanger-i-bomuld-og-bambus\/","og_locale":"en_US","og_type":"article","og_title":"Cotton and bamboo lanyard","og_description":"Eco-friendly lanyard \/ lanyard in cotton and lock in bamboo. Available with round or square bamboo clasp. Included holder for mobile phone or ID card. An environmentally friendly alternative to the well-known plastic lanyards, made from 80% natural materials. Can be ordered with or without print. &nbsp;","og_url":"https:\/\/grontkontor.dk\/shop\/keyhanger-i-bomuld-og-bambus\/","og_site_name":"Gr\u00f8nt Kontor","article_publisher":"https:\/\/www.facebook.com\/grontkontor.dk\/","article_modified_time":"2024-10-10T07:45:46+00:00","og_image":[{"width":900,"height":639,"url":"https:\/\/grontkontor.dk\/wp-content\/uploads\/2024\/07\/Klimavenlig-noeglesnor-bomuld-bambus-rund.jpg","type":"image\/jpeg"}],"twitter_card":"summary_large_image","twitter_misc":{"Est. reading time":"1 minute"},"schema":{"@context":"https:\/\/schema.org","@graph":[{"@type":"WebPage","@id":"https:\/\/grontkontor.dk\/shop\/keyhanger-i-bomuld-og-bambus\/","url":"https:\/\/grontkontor.dk\/shop\/keyhanger-i-bomuld-og-bambus\/","name":"Cotton and bamboo lanyard - Gr\u00f8nt Kontor","isPartOf":{"@id":"https:\/\/grontkontor.dk\/#website"},"datePublished":"2024-07-16T13:07:21+00:00","dateModified":"2024-10-10T07:45:46+00:00","breadcrumb":{"@id":"https:\/\/grontkontor.dk\/shop\/keyhanger-i-bomuld-og-bambus\/#breadcrumb"},"inLanguage":"en-US","potentialAction":[{"@type":"ReadAction","target":["https:\/\/grontkontor.dk\/shop\/keyhanger-i-bomuld-og-bambus\/"]}]},{"@type":"BreadcrumbList","@id":"https:\/\/grontkontor.dk\/shop\/keyhanger-i-bomuld-og-bambus\/#breadcrumb","itemListElement":[{"@type":"ListItem","position":1,"name":"Forside","item":"https:\/\/grontkontor.dk\/"},{"@type":"ListItem","position":2,"name":"Shop","item":"https:\/\/grontkontor.dk\/en\/shop-2\/"},{"@type":"ListItem","position":3,"name":"Trade fair equipment","item":"https:\/\/grontkontor.dk\/en\/produkt-kategori\/trade-fair-equipment\/"},{"@type":"ListItem","position":4,"name":"Keyhangers and name badges","item":"https:\/\/grontkontor.dk\/en\/produkt-kategori\/trade-fair-equipment\/keyhangers-and-name-badges\/"},{"@type":"ListItem","position":5,"name":"Cotton and bamboo lanyard"}]},{"@type":"WebSite","@id":"https:\/\/grontkontor.dk\/#website","url":"https:\/\/grontkontor.dk\/","name":"Gr\u00f8nt Kontor","description":"Milj\u00f8venlige produkter til kontor og erhverv med fokus p\u00e5 b\u00e6redygtighed, design og fair trade.","publisher":{"@id":"https:\/\/grontkontor.dk\/#organization"},"potentialAction":[{"@type":"SearchAction","target":{"@type":"EntryPoint","urlTemplate":"https:\/\/grontkontor.dk\/?s={search_term_string}"},"query-input":"required name=search_term_string"}],"inLanguage":"en-US"},{"@type":"Organization","@id":"https:\/\/grontkontor.dk\/#organization","name":"Gr\u00f8nt Kontor","url":"https:\/\/grontkontor.dk\/","logo":{"@type":"ImageObject","inLanguage":"en-US","@id":"https:\/\/grontkontor.dk\/#\/schema\/logo\/image\/","url":"https:\/\/grontkontor.dk\/wp-content\/uploads\/2014\/02\/Logo_groent_kontor_300x80.png","contentUrl":"https:\/\/grontkontor.dk\/wp-content\/uploads\/2014\/02\/Logo_groent_kontor_300x80.png","width":300,"height":80,"caption":"Gr\u00f8nt Kontor"},"image":{"@id":"https:\/\/grontkontor.dk\/#\/schema\/logo\/image\/"},"sameAs":["https:\/\/www.facebook.com\/grontkontor.dk\/"]}]}},"_links":{"self":[{"href":"https:\/\/grontkontor.dk\/en\/wp-json\/wp\/v2\/product\/106135"}],"collection":[{"href":"https:\/\/grontkontor.dk\/en\/wp-json\/wp\/v2\/product"}],"about":[{"href":"https:\/\/grontkontor.dk\/en\/wp-json\/wp\/v2\/types\/product"}],"replies":[{"embeddable":true,"href":"https:\/\/grontkontor.dk\/en\/wp-json\/wp\/v2\/comments?post=106135"}],"wp:featuredmedia":[{"embeddable":true,"href":"https:\/\/grontkontor.dk\/en\/wp-json\/wp\/v2\/media\/106276"}],"wp:attachment":[{"href":"https:\/\/grontkontor.dk\/en\/wp-json\/wp\/v2\/media?parent=106135"}],"wp:term":[{"taxonomy":"product_cat","embeddable":true,"href":"https:\/\/grontkontor.dk\/en\/wp-json\/wp\/v2\/product_cat?post=106135"},{"taxonomy":"product_tag","embeddable":true,"href":"https:\/\/grontkontor.dk\/en\/wp-json\/wp\/v2\/product_tag?post=106135"}],"curies":[{"name":"wp","href":"https:\/\/api.w.org\/{rel}","templated":true}]}}