{"id":108637,"date":"2024-08-21T13:43:56","date_gmt":"2024-08-21T11:43:56","guid":{"rendered":"https:\/\/grontkontor.dk\/?post_type=product&#038;p=108637"},"modified":"2024-08-27T11:13:10","modified_gmt":"2024-08-27T09:13:10","slug":"organizer-set-with-4-parts-recycled","status":"publish","type":"product","link":"https:\/\/grontkontor.dk\/en\/shop\/organizer-set-with-4-parts-recycled\/","title":{"rendered":"4-piece recycled organizer set"},"content":{"rendered":"<p>Flexible desk organizer with 4 separate organizer sections.<br \/>\nKeep your workspace tidy by keeping pencils, rulers, scissors, paper clips, erasers, and other small items on your desk.<br \/>\nThe tray is equipped with rubber feet to keep it stable and firm.<br \/>\nUse the trays together as a set or separately where you need to keep track of small dips and dots.     <a href=\"https:\/\/ic.fsc.org\/en\/\" target=\"window\"><img loading=\"lazy\" decoding=\"async\" class=\"size-full wp-image-12735\" src=\"https:\/\/grontkontor.dk\/wp-content\/uploads\/2019\/04\/fsc-certificeret.png\" \n\t\t alt=\"FSC-certificeret\" title=\"FSC-certificeret\" width=\"44\" height=\"51\" border=0\/><\/a> <a href=\"https:\/\/ic.fsc.org\/en\/\" target=\"window\"><img loading=\"lazy\" decoding=\"async\" class=\"size-full wp-image-12735\" src=\"https:\/\/grontkontor.dk\/wp-content\/uploads\/2019\/04\/fsc-certificeret.png\" \n\t\t alt=\"FSC-certificeret\" title=\"FSC-certificeret\" width=\"44\" height=\"51\" border=0\/><\/a> <img loading=\"lazy\" decoding=\"async\" src=\"https:\/\/grontkontor.dk\/wp-content\/uploads\/2021\/02\/genbrug.jpg\" alt=\"made from recycled materials\" width=\"46\" height=\"45\" class=\"size-full wp-image-23031\" srcset=\"https:\/\/grontkontor.dk\/wp-content\/uploads\/2021\/02\/genbrug.jpg 199w, https:\/\/grontkontor.dk\/wp-content\/uploads\/2021\/02\/genbrug-100x100.jpg 100w\" sizes=\"(max-width: 46px) 100vw, 46px\" \/>  <img loading=\"lazy\" decoding=\"async\" class=\"size-medium wp-image-21008\" src=\"https:\/\/grontkontor.dk\/wp-content\/uploads\/2020\/11\/eu-flag_1-300x199.jpg\" alt=\"Made in the EU\" width=\"68\" height=\"45\" srcset=\"https:\/\/grontkontor.dk\/wp-content\/uploads\/2020\/11\/eu-flag_1-300x199.jpg 300w, https:\/\/grontkontor.dk\/wp-content\/uploads\/2020\/11\/eu-flag_1.jpg 530w\" sizes=\"(max-width: 68px) 100vw, 68px\" \/>\n    <br><strong>Options:<\/strong> (min. 200 stk.)<\/br>\n\t\tCustom size, \n\t\t\n\t\t<a href=\"javascript:;\" style=\"color:#c8eade\" onClick=\"open_colour_dk()\" >\n\t\tcustom colour <img loading=\"lazy\" decoding=\"async\" class=\"alignnone size-full wp-image-7159\" src=\"https:\/\/grontkontor.dk\/wp-content\/uploads\/2016\/09\/paper-laminate-canvas-1.png\" \n\t\talt=\"B&aelig;redygtige kontorprodukter - farver - overflader papirlaminat\" width=\"75\" height=\"26\" border=0 \/>\n\t\t\n\t\t<\/a> \n\t\t\n\t\tlogo print <img loading=\"lazy\" decoding=\"async\" class=\"alignnone size-full wp-image-7148\" src=\"https:\/\/grontkontor.dk\/wp-content\/uploads\/2016\/09\/tryk_paper-laminate_smll2_blue.jpg\" alt=\"B&aelig;redygtige kontorprodukter med logotryk pr&aelig;gning\" width=\"43\" height=\"29\" \/> \n\t\t embossing <img loading=\"lazy\" decoding=\"async\" class=\"alignnone size-full wp-image-7151\" src=\"https:\/\/grontkontor.dk\/wp-content\/uploads\/2016\/09\/tryk_paper-laminate_relief3_smll2_contrast_groen-2.jpg\" \n\t\talt=\"B&aelig;redygtige kontorprodukter med pr&aelig;gning\" width=\"43\" height=\"29\" \/><br>\n\t\n\t\tQuotation and info: <a class=\"light\" href=\"mailto:info@grontkontor.dk\">info@grontkontor.dk<\/a> eller 6062 1818<br><br><\/p>\n<p>&nbsp;<\/p>\n","protected":false},"excerpt":{"rendered":"<p>Flexible desk organizer with 4 separate organizer sections. Keep your workspace tidy by keeping pencils, rulers, scissors, paper clips, erasers, and other small items on your desk. The tray is equipped with rubber feet to keep it stable and firm. Use the trays together as a set or separately where you need to keep track [&hellip;]<\/p>\n","protected":false},"featured_media":108643,"comment_status":"closed","ping_status":"closed","template":"","meta":{"_acf_changed":false},"product_cat":[1262,2106,1307,1830,1853,1305],"product_tag":[1492,1379,1630],"class_list":{"0":"post-108637","1":"product","2":"type-product","3":"status-publish","4":"has-post-thumbnail","6":"product_cat-sustainable-presents","7":"product_cat-dummy-moq-1-en","8":"product_cat-diverse-desktop-utensils","9":"product_cat-nature-recycled-paper","10":"product_cat-product-series","11":"product_cat-desktop-utensils","12":"product_tag-skrivebordsudstyr-en","13":"product_tag-diverse-til-skrivebordet-en","14":"product_tag-organizer-en","15":"tm-has-options","17":"first","18":"instock","19":"taxable","20":"shipping-taxable","21":"purchasable","22":"product-type-simple"},"acf":[],"yoast_head":"<!-- This site is optimized with the Yoast SEO Premium plugin v21.2 (Yoast SEO v21.2) - https:\/\/yoast.com\/wordpress\/plugins\/seo\/ -->\n<title>4-piece recycled organizer set - Gr\u00f8nt Kontor<\/title>\n<meta name=\"robots\" content=\"index, follow, max-snippet:-1, max-image-preview:large, max-video-preview:-1\" \/>\n<link rel=\"canonical\" href=\"https:\/\/grontkontor.dk\/shop\/organizersaet-med-4-dele-recycled\/\" \/>\n<meta property=\"og:locale\" content=\"en_US\" \/>\n<meta property=\"og:type\" content=\"article\" \/>\n<meta property=\"og:title\" content=\"4-piece recycled organizer set\" \/>\n<meta property=\"og:description\" content=\"Flexible desk organizer with 4 separate organizer sections. Keep your workspace tidy by keeping pencils, rulers, scissors, paper clips, erasers, and other small items on your desk. The tray is equipped with rubber feet to keep it stable and firm. Use the trays together as a set or separately where you need to keep track [&hellip;]\" \/>\n<meta property=\"og:url\" content=\"https:\/\/grontkontor.dk\/shop\/organizersaet-med-4-dele-recycled\/\" \/>\n<meta property=\"og:site_name\" content=\"Gr\u00f8nt Kontor\" \/>\n<meta property=\"article:publisher\" content=\"https:\/\/www.facebook.com\/grontkontor.dk\/\" \/>\n<meta property=\"article:modified_time\" content=\"2024-08-27T09:13:10+00:00\" \/>\n<meta property=\"og:image\" content=\"https:\/\/grontkontor.dk\/wp-content\/uploads\/2024\/08\/Organizer-saer-skrivebords-organizer-genbrugspap.jpg\" \/>\n\t<meta property=\"og:image:width\" content=\"900\" \/>\n\t<meta property=\"og:image:height\" content=\"639\" \/>\n\t<meta property=\"og:image:type\" content=\"image\/jpeg\" \/>\n<meta name=\"twitter:card\" content=\"summary_large_image\" \/>\n<meta name=\"twitter:label1\" content=\"Est. reading time\" \/>\n\t<meta name=\"twitter:data1\" content=\"1 minute\" \/>\n<script type=\"application\/ld+json\" class=\"yoast-schema-graph\">{\"@context\":\"https:\/\/schema.org\",\"@graph\":[{\"@type\":\"WebPage\",\"@id\":\"https:\/\/grontkontor.dk\/shop\/organizersaet-med-4-dele-recycled\/\",\"url\":\"https:\/\/grontkontor.dk\/shop\/organizersaet-med-4-dele-recycled\/\",\"name\":\"4-piece recycled organizer set - Gr\u00f8nt Kontor\",\"isPartOf\":{\"@id\":\"https:\/\/grontkontor.dk\/#website\"},\"datePublished\":\"2024-08-21T11:43:56+00:00\",\"dateModified\":\"2024-08-27T09:13:10+00:00\",\"breadcrumb\":{\"@id\":\"https:\/\/grontkontor.dk\/shop\/organizersaet-med-4-dele-recycled\/#breadcrumb\"},\"inLanguage\":\"en-US\",\"potentialAction\":[{\"@type\":\"ReadAction\",\"target\":[\"https:\/\/grontkontor.dk\/shop\/organizersaet-med-4-dele-recycled\/\"]}]},{\"@type\":\"BreadcrumbList\",\"@id\":\"https:\/\/grontkontor.dk\/shop\/organizersaet-med-4-dele-recycled\/#breadcrumb\",\"itemListElement\":[{\"@type\":\"ListItem\",\"position\":1,\"name\":\"Forside\",\"item\":\"https:\/\/grontkontor.dk\/\"},{\"@type\":\"ListItem\",\"position\":2,\"name\":\"Shop\",\"item\":\"https:\/\/grontkontor.dk\/en\/shop-2\/\"},{\"@type\":\"ListItem\",\"position\":3,\"name\":\"Skrivebordsudstyr\",\"item\":\"https:\/\/grontkontor.dk\/en\/produkt-kategori\/desktop-utensils\/\"},{\"@type\":\"ListItem\",\"position\":4,\"name\":\"Miscellaneous desktop utensils\",\"item\":\"https:\/\/grontkontor.dk\/en\/produkt-kategori\/desktop-utensils\/diverse-desktop-utensils\/\"},{\"@type\":\"ListItem\",\"position\":5,\"name\":\"4-piece recycled organizer set\"}]},{\"@type\":\"WebSite\",\"@id\":\"https:\/\/grontkontor.dk\/#website\",\"url\":\"https:\/\/grontkontor.dk\/\",\"name\":\"Gr\u00f8nt Kontor\",\"description\":\"Milj\u00f8venlige produkter til kontor og erhverv med fokus p\u00e5 b\u00e6redygtighed, design og fair trade.\",\"publisher\":{\"@id\":\"https:\/\/grontkontor.dk\/#organization\"},\"potentialAction\":[{\"@type\":\"SearchAction\",\"target\":{\"@type\":\"EntryPoint\",\"urlTemplate\":\"https:\/\/grontkontor.dk\/?s={search_term_string}\"},\"query-input\":\"required name=search_term_string\"}],\"inLanguage\":\"en-US\"},{\"@type\":\"Organization\",\"@id\":\"https:\/\/grontkontor.dk\/#organization\",\"name\":\"Gr\u00f8nt Kontor\",\"url\":\"https:\/\/grontkontor.dk\/\",\"logo\":{\"@type\":\"ImageObject\",\"inLanguage\":\"en-US\",\"@id\":\"https:\/\/grontkontor.dk\/#\/schema\/logo\/image\/\",\"url\":\"https:\/\/grontkontor.dk\/wp-content\/uploads\/2014\/02\/Logo_groent_kontor_300x80.png\",\"contentUrl\":\"https:\/\/grontkontor.dk\/wp-content\/uploads\/2014\/02\/Logo_groent_kontor_300x80.png\",\"width\":300,\"height\":80,\"caption\":\"Gr\u00f8nt Kontor\"},\"image\":{\"@id\":\"https:\/\/grontkontor.dk\/#\/schema\/logo\/image\/\"},\"sameAs\":[\"https:\/\/www.facebook.com\/grontkontor.dk\/\"]}]}<\/script>\n<!-- \/ Yoast SEO Premium plugin. -->","yoast_head_json":{"title":"4-piece recycled organizer set - Gr\u00f8nt Kontor","robots":{"index":"index","follow":"follow","max-snippet":"max-snippet:-1","max-image-preview":"max-image-preview:large","max-video-preview":"max-video-preview:-1"},"canonical":"https:\/\/grontkontor.dk\/shop\/organizersaet-med-4-dele-recycled\/","og_locale":"en_US","og_type":"article","og_title":"4-piece recycled organizer set","og_description":"Flexible desk organizer with 4 separate organizer sections. Keep your workspace tidy by keeping pencils, rulers, scissors, paper clips, erasers, and other small items on your desk. The tray is equipped with rubber feet to keep it stable and firm. Use the trays together as a set or separately where you need to keep track [&hellip;]","og_url":"https:\/\/grontkontor.dk\/shop\/organizersaet-med-4-dele-recycled\/","og_site_name":"Gr\u00f8nt Kontor","article_publisher":"https:\/\/www.facebook.com\/grontkontor.dk\/","article_modified_time":"2024-08-27T09:13:10+00:00","og_image":[{"width":900,"height":639,"url":"https:\/\/grontkontor.dk\/wp-content\/uploads\/2024\/08\/Organizer-saer-skrivebords-organizer-genbrugspap.jpg","type":"image\/jpeg"}],"twitter_card":"summary_large_image","twitter_misc":{"Est. reading time":"1 minute"},"schema":{"@context":"https:\/\/schema.org","@graph":[{"@type":"WebPage","@id":"https:\/\/grontkontor.dk\/shop\/organizersaet-med-4-dele-recycled\/","url":"https:\/\/grontkontor.dk\/shop\/organizersaet-med-4-dele-recycled\/","name":"4-piece recycled organizer set - Gr\u00f8nt Kontor","isPartOf":{"@id":"https:\/\/grontkontor.dk\/#website"},"datePublished":"2024-08-21T11:43:56+00:00","dateModified":"2024-08-27T09:13:10+00:00","breadcrumb":{"@id":"https:\/\/grontkontor.dk\/shop\/organizersaet-med-4-dele-recycled\/#breadcrumb"},"inLanguage":"en-US","potentialAction":[{"@type":"ReadAction","target":["https:\/\/grontkontor.dk\/shop\/organizersaet-med-4-dele-recycled\/"]}]},{"@type":"BreadcrumbList","@id":"https:\/\/grontkontor.dk\/shop\/organizersaet-med-4-dele-recycled\/#breadcrumb","itemListElement":[{"@type":"ListItem","position":1,"name":"Forside","item":"https:\/\/grontkontor.dk\/"},{"@type":"ListItem","position":2,"name":"Shop","item":"https:\/\/grontkontor.dk\/en\/shop-2\/"},{"@type":"ListItem","position":3,"name":"Skrivebordsudstyr","item":"https:\/\/grontkontor.dk\/en\/produkt-kategori\/desktop-utensils\/"},{"@type":"ListItem","position":4,"name":"Miscellaneous desktop utensils","item":"https:\/\/grontkontor.dk\/en\/produkt-kategori\/desktop-utensils\/diverse-desktop-utensils\/"},{"@type":"ListItem","position":5,"name":"4-piece recycled organizer set"}]},{"@type":"WebSite","@id":"https:\/\/grontkontor.dk\/#website","url":"https:\/\/grontkontor.dk\/","name":"Gr\u00f8nt Kontor","description":"Milj\u00f8venlige produkter til kontor og erhverv med fokus p\u00e5 b\u00e6redygtighed, design og fair trade.","publisher":{"@id":"https:\/\/grontkontor.dk\/#organization"},"potentialAction":[{"@type":"SearchAction","target":{"@type":"EntryPoint","urlTemplate":"https:\/\/grontkontor.dk\/?s={search_term_string}"},"query-input":"required name=search_term_string"}],"inLanguage":"en-US"},{"@type":"Organization","@id":"https:\/\/grontkontor.dk\/#organization","name":"Gr\u00f8nt Kontor","url":"https:\/\/grontkontor.dk\/","logo":{"@type":"ImageObject","inLanguage":"en-US","@id":"https:\/\/grontkontor.dk\/#\/schema\/logo\/image\/","url":"https:\/\/grontkontor.dk\/wp-content\/uploads\/2014\/02\/Logo_groent_kontor_300x80.png","contentUrl":"https:\/\/grontkontor.dk\/wp-content\/uploads\/2014\/02\/Logo_groent_kontor_300x80.png","width":300,"height":80,"caption":"Gr\u00f8nt Kontor"},"image":{"@id":"https:\/\/grontkontor.dk\/#\/schema\/logo\/image\/"},"sameAs":["https:\/\/www.facebook.com\/grontkontor.dk\/"]}]}},"_links":{"self":[{"href":"https:\/\/grontkontor.dk\/en\/wp-json\/wp\/v2\/product\/108637"}],"collection":[{"href":"https:\/\/grontkontor.dk\/en\/wp-json\/wp\/v2\/product"}],"about":[{"href":"https:\/\/grontkontor.dk\/en\/wp-json\/wp\/v2\/types\/product"}],"replies":[{"embeddable":true,"href":"https:\/\/grontkontor.dk\/en\/wp-json\/wp\/v2\/comments?post=108637"}],"wp:featuredmedia":[{"embeddable":true,"href":"https:\/\/grontkontor.dk\/en\/wp-json\/wp\/v2\/media\/108643"}],"wp:attachment":[{"href":"https:\/\/grontkontor.dk\/en\/wp-json\/wp\/v2\/media?parent=108637"}],"wp:term":[{"taxonomy":"product_cat","embeddable":true,"href":"https:\/\/grontkontor.dk\/en\/wp-json\/wp\/v2\/product_cat?post=108637"},{"taxonomy":"product_tag","embeddable":true,"href":"https:\/\/grontkontor.dk\/en\/wp-json\/wp\/v2\/product_tag?post=108637"}],"curies":[{"name":"wp","href":"https:\/\/api.w.org\/{rel}","templated":true}]}}