{"id":115547,"date":"2024-10-01T10:39:31","date_gmt":"2024-10-01T08:39:32","guid":{"rendered":"https:\/\/grontkontor.dk\/?post_type=product&#038;p=115547"},"modified":"2024-10-09T12:18:51","modified_gmt":"2024-10-09T10:18:51","slug":"thermos-cup-recycled-steel-pp-350-ml","status":"publish","type":"product","link":"https:\/\/grontkontor.dk\/en\/shop\/thermos-cup-recycled-steel-pp-350-ml\/","title":{"rendered":"Thermo cup recycled steel &amp; PP 350 ml"},"content":{"rendered":"<p>Eco-friendly coffee mug in recycled steel, consists of 90% recycled stainless steel and 10% ordinary stainless steel. Outer layer of recycled PP and strap in RPET. Available in 7 colours: dark blue, light blue, black, green, grey, dark grey and white w\/o print. Can be ordered down to 1 piece in black. Perfect as a climate-friendly corporate gift or handout for trade fairs and events.  <\/p>\n<p>Steel\/iron is a recyclable and practically unlimited resource that does not pollute when disposed of. Steel offers the possibility of repeated recycling ad infinitum, which means that the vast majority of steel on the market consists predominantly of recycled steel.  rPET (recycled polyethylene) is a food-grade, climate-friendly and reusable recycled plastic typically made from recycled water bottles. rPET has a high carbon content, and is therefore an effective carbon depot throughout the lifetime of the product and recycled products. <\/p>\n<p>&nbsp;<\/p>\n<img loading=\"lazy\" decoding=\"async\" src=\"https:\/\/grontkontor.dk\/wp-content\/uploads\/2021\/02\/genbrug.jpg\" alt=\"Fremstillet af genbrugsmaterialer\" width=\"50\" height=\"50\" class=\"size-full wp-image-23031\" srcset=\"https:\/\/grontkontor.dk\/wp-content\/uploads\/2021\/02\/genbrug.jpg 199w, https:\/\/grontkontor.dk\/wp-content\/uploads\/2021\/02\/genbrug-100x100.jpg 100w\" sizes=\"(max-width: 50px) 100vw, 50px\" \/>\n","protected":false},"excerpt":{"rendered":"<p>Eco-friendly coffee mug in recycled steel, consists of 90% recycled stainless steel and 10% ordinary stainless steel. Outer layer of recycled PP and strap in RPET. Available in 7 colours: dark blue, light blue, black, green, grey, dark grey and white w\/o print. Can be ordered down to 1 piece in black. Perfect as a [&hellip;]<\/p>\n","protected":false},"featured_media":115609,"comment_status":"closed","ping_status":"closed","template":"","meta":{"_acf_changed":false},"product_cat":[2106,2627,2390,1953,1285],"product_tag":[1906,1908],"class_list":{"0":"post-115547","1":"product","2":"type-product","3":"status-publish","4":"has-post-thumbnail","6":"product_cat-dummy-moq-1-en","7":"product_cat-krus-og-kopper-til-messen-en","8":"product_cat-news","9":"product_cat-to-go-cups-and-mugs","10":"product_cat-trade-fair-equipment","11":"product_tag-krus-en","12":"product_tag-termokrus-en","13":"pa_farve-dark-grey","14":"pa_farve-black","15":"pa_farve-moerkeblaa-en","16":"pa_farve-green-en","17":"pa_farve-grey-en-2","18":"pa_farve-lyseblaa-en","19":"pa_farve-white-en","20":"tm-has-options","22":"first","23":"instock","24":"sale","25":"taxable","26":"shipping-taxable","27":"purchasable","28":"product-type-variable","29":"has-default-attributes"},"acf":[],"yoast_head":"<!-- This site is optimized with the Yoast SEO Premium plugin v21.2 (Yoast SEO v21.2) - https:\/\/yoast.com\/wordpress\/plugins\/seo\/ -->\n<title>Thermo cup recycled steel &amp; PP 350 ml - Gr\u00f8nt Kontor<\/title>\n<meta name=\"robots\" content=\"index, follow, max-snippet:-1, max-image-preview:large, max-video-preview:-1\" \/>\n<link rel=\"canonical\" href=\"https:\/\/grontkontor.dk\/shop\/termokop-genanvendt-staal-pp-350-ml\/\" \/>\n<meta property=\"og:locale\" content=\"en_US\" \/>\n<meta property=\"og:type\" content=\"article\" \/>\n<meta property=\"og:title\" content=\"Thermo cup recycled steel &amp; PP 350 ml\" \/>\n<meta property=\"og:description\" content=\"Eco-friendly coffee mug in recycled steel, consists of 90% recycled stainless steel and 10% ordinary stainless steel. Outer layer of recycled PP and strap in RPET. Available in 7 colours: dark blue, light blue, black, green, grey, dark grey and white w\/o print. Can be ordered down to 1 piece in black. Perfect as a [&hellip;]\" \/>\n<meta property=\"og:url\" content=\"https:\/\/grontkontor.dk\/shop\/termokop-genanvendt-staal-pp-350-ml\/\" \/>\n<meta property=\"og:site_name\" content=\"Gr\u00f8nt Kontor\" \/>\n<meta property=\"article:publisher\" content=\"https:\/\/www.facebook.com\/grontkontor.dk\/\" \/>\n<meta property=\"article:modified_time\" content=\"2024-10-09T10:18:51+00:00\" \/>\n<meta property=\"og:image\" content=\"https:\/\/grontkontor.dk\/wp-content\/uploads\/2024\/10\/Klimavenlig-termokop-i-genanvendt-staal-og-plast-sort.jpg\" \/>\n\t<meta property=\"og:image:width\" content=\"900\" \/>\n\t<meta property=\"og:image:height\" content=\"639\" \/>\n\t<meta property=\"og:image:type\" content=\"image\/jpeg\" \/>\n<meta name=\"twitter:card\" content=\"summary_large_image\" \/>\n<meta name=\"twitter:label1\" content=\"Est. reading time\" \/>\n\t<meta name=\"twitter:data1\" content=\"1 minute\" \/>\n<script type=\"application\/ld+json\" class=\"yoast-schema-graph\">{\"@context\":\"https:\/\/schema.org\",\"@graph\":[{\"@type\":\"WebPage\",\"@id\":\"https:\/\/grontkontor.dk\/shop\/termokop-genanvendt-staal-pp-350-ml\/\",\"url\":\"https:\/\/grontkontor.dk\/shop\/termokop-genanvendt-staal-pp-350-ml\/\",\"name\":\"Thermo cup recycled steel &amp; PP 350 ml - Gr\u00f8nt Kontor\",\"isPartOf\":{\"@id\":\"https:\/\/grontkontor.dk\/#website\"},\"datePublished\":\"2024-10-01T08:39:32+00:00\",\"dateModified\":\"2024-10-09T10:18:51+00:00\",\"breadcrumb\":{\"@id\":\"https:\/\/grontkontor.dk\/shop\/termokop-genanvendt-staal-pp-350-ml\/#breadcrumb\"},\"inLanguage\":\"en-US\",\"potentialAction\":[{\"@type\":\"ReadAction\",\"target\":[\"https:\/\/grontkontor.dk\/shop\/termokop-genanvendt-staal-pp-350-ml\/\"]}]},{\"@type\":\"BreadcrumbList\",\"@id\":\"https:\/\/grontkontor.dk\/shop\/termokop-genanvendt-staal-pp-350-ml\/#breadcrumb\",\"itemListElement\":[{\"@type\":\"ListItem\",\"position\":1,\"name\":\"Forside\",\"item\":\"https:\/\/grontkontor.dk\/\"},{\"@type\":\"ListItem\",\"position\":2,\"name\":\"Shop\",\"item\":\"https:\/\/grontkontor.dk\/en\/shop-2\/\"},{\"@type\":\"ListItem\",\"position\":3,\"name\":\"Trade fair equipment\",\"item\":\"https:\/\/grontkontor.dk\/en\/produkt-kategori\/trade-fair-equipment\/\"},{\"@type\":\"ListItem\",\"position\":4,\"name\":\"Mugs and cups for the fair\",\"item\":\"https:\/\/grontkontor.dk\/en\/produkt-kategori\/trade-fair-equipment\/krus-og-kopper-til-messen-en\/\"},{\"@type\":\"ListItem\",\"position\":5,\"name\":\"Thermo cup recycled steel &amp; PP 350 ml\"}]},{\"@type\":\"WebSite\",\"@id\":\"https:\/\/grontkontor.dk\/#website\",\"url\":\"https:\/\/grontkontor.dk\/\",\"name\":\"Gr\u00f8nt Kontor\",\"description\":\"Milj\u00f8venlige produkter til kontor og erhverv med fokus p\u00e5 b\u00e6redygtighed, design og fair trade.\",\"publisher\":{\"@id\":\"https:\/\/grontkontor.dk\/#organization\"},\"potentialAction\":[{\"@type\":\"SearchAction\",\"target\":{\"@type\":\"EntryPoint\",\"urlTemplate\":\"https:\/\/grontkontor.dk\/?s={search_term_string}\"},\"query-input\":\"required name=search_term_string\"}],\"inLanguage\":\"en-US\"},{\"@type\":\"Organization\",\"@id\":\"https:\/\/grontkontor.dk\/#organization\",\"name\":\"Gr\u00f8nt Kontor\",\"url\":\"https:\/\/grontkontor.dk\/\",\"logo\":{\"@type\":\"ImageObject\",\"inLanguage\":\"en-US\",\"@id\":\"https:\/\/grontkontor.dk\/#\/schema\/logo\/image\/\",\"url\":\"https:\/\/grontkontor.dk\/wp-content\/uploads\/2014\/02\/Logo_groent_kontor_300x80.png\",\"contentUrl\":\"https:\/\/grontkontor.dk\/wp-content\/uploads\/2014\/02\/Logo_groent_kontor_300x80.png\",\"width\":300,\"height\":80,\"caption\":\"Gr\u00f8nt Kontor\"},\"image\":{\"@id\":\"https:\/\/grontkontor.dk\/#\/schema\/logo\/image\/\"},\"sameAs\":[\"https:\/\/www.facebook.com\/grontkontor.dk\/\"]}]}<\/script>\n<!-- \/ Yoast SEO Premium plugin. -->","yoast_head_json":{"title":"Thermo cup recycled steel &amp; PP 350 ml - Gr\u00f8nt Kontor","robots":{"index":"index","follow":"follow","max-snippet":"max-snippet:-1","max-image-preview":"max-image-preview:large","max-video-preview":"max-video-preview:-1"},"canonical":"https:\/\/grontkontor.dk\/shop\/termokop-genanvendt-staal-pp-350-ml\/","og_locale":"en_US","og_type":"article","og_title":"Thermo cup recycled steel &amp; PP 350 ml","og_description":"Eco-friendly coffee mug in recycled steel, consists of 90% recycled stainless steel and 10% ordinary stainless steel. Outer layer of recycled PP and strap in RPET. Available in 7 colours: dark blue, light blue, black, green, grey, dark grey and white w\/o print. Can be ordered down to 1 piece in black. Perfect as a [&hellip;]","og_url":"https:\/\/grontkontor.dk\/shop\/termokop-genanvendt-staal-pp-350-ml\/","og_site_name":"Gr\u00f8nt Kontor","article_publisher":"https:\/\/www.facebook.com\/grontkontor.dk\/","article_modified_time":"2024-10-09T10:18:51+00:00","og_image":[{"width":900,"height":639,"url":"https:\/\/grontkontor.dk\/wp-content\/uploads\/2024\/10\/Klimavenlig-termokop-i-genanvendt-staal-og-plast-sort.jpg","type":"image\/jpeg"}],"twitter_card":"summary_large_image","twitter_misc":{"Est. reading time":"1 minute"},"schema":{"@context":"https:\/\/schema.org","@graph":[{"@type":"WebPage","@id":"https:\/\/grontkontor.dk\/shop\/termokop-genanvendt-staal-pp-350-ml\/","url":"https:\/\/grontkontor.dk\/shop\/termokop-genanvendt-staal-pp-350-ml\/","name":"Thermo cup recycled steel &amp; PP 350 ml - Gr\u00f8nt Kontor","isPartOf":{"@id":"https:\/\/grontkontor.dk\/#website"},"datePublished":"2024-10-01T08:39:32+00:00","dateModified":"2024-10-09T10:18:51+00:00","breadcrumb":{"@id":"https:\/\/grontkontor.dk\/shop\/termokop-genanvendt-staal-pp-350-ml\/#breadcrumb"},"inLanguage":"en-US","potentialAction":[{"@type":"ReadAction","target":["https:\/\/grontkontor.dk\/shop\/termokop-genanvendt-staal-pp-350-ml\/"]}]},{"@type":"BreadcrumbList","@id":"https:\/\/grontkontor.dk\/shop\/termokop-genanvendt-staal-pp-350-ml\/#breadcrumb","itemListElement":[{"@type":"ListItem","position":1,"name":"Forside","item":"https:\/\/grontkontor.dk\/"},{"@type":"ListItem","position":2,"name":"Shop","item":"https:\/\/grontkontor.dk\/en\/shop-2\/"},{"@type":"ListItem","position":3,"name":"Trade fair equipment","item":"https:\/\/grontkontor.dk\/en\/produkt-kategori\/trade-fair-equipment\/"},{"@type":"ListItem","position":4,"name":"Mugs and cups for the fair","item":"https:\/\/grontkontor.dk\/en\/produkt-kategori\/trade-fair-equipment\/krus-og-kopper-til-messen-en\/"},{"@type":"ListItem","position":5,"name":"Thermo cup recycled steel &amp; PP 350 ml"}]},{"@type":"WebSite","@id":"https:\/\/grontkontor.dk\/#website","url":"https:\/\/grontkontor.dk\/","name":"Gr\u00f8nt Kontor","description":"Milj\u00f8venlige produkter til kontor og erhverv med fokus p\u00e5 b\u00e6redygtighed, design og fair trade.","publisher":{"@id":"https:\/\/grontkontor.dk\/#organization"},"potentialAction":[{"@type":"SearchAction","target":{"@type":"EntryPoint","urlTemplate":"https:\/\/grontkontor.dk\/?s={search_term_string}"},"query-input":"required name=search_term_string"}],"inLanguage":"en-US"},{"@type":"Organization","@id":"https:\/\/grontkontor.dk\/#organization","name":"Gr\u00f8nt Kontor","url":"https:\/\/grontkontor.dk\/","logo":{"@type":"ImageObject","inLanguage":"en-US","@id":"https:\/\/grontkontor.dk\/#\/schema\/logo\/image\/","url":"https:\/\/grontkontor.dk\/wp-content\/uploads\/2014\/02\/Logo_groent_kontor_300x80.png","contentUrl":"https:\/\/grontkontor.dk\/wp-content\/uploads\/2014\/02\/Logo_groent_kontor_300x80.png","width":300,"height":80,"caption":"Gr\u00f8nt Kontor"},"image":{"@id":"https:\/\/grontkontor.dk\/#\/schema\/logo\/image\/"},"sameAs":["https:\/\/www.facebook.com\/grontkontor.dk\/"]}]}},"_links":{"self":[{"href":"https:\/\/grontkontor.dk\/en\/wp-json\/wp\/v2\/product\/115547"}],"collection":[{"href":"https:\/\/grontkontor.dk\/en\/wp-json\/wp\/v2\/product"}],"about":[{"href":"https:\/\/grontkontor.dk\/en\/wp-json\/wp\/v2\/types\/product"}],"replies":[{"embeddable":true,"href":"https:\/\/grontkontor.dk\/en\/wp-json\/wp\/v2\/comments?post=115547"}],"wp:featuredmedia":[{"embeddable":true,"href":"https:\/\/grontkontor.dk\/en\/wp-json\/wp\/v2\/media\/115609"}],"wp:attachment":[{"href":"https:\/\/grontkontor.dk\/en\/wp-json\/wp\/v2\/media?parent=115547"}],"wp:term":[{"taxonomy":"product_cat","embeddable":true,"href":"https:\/\/grontkontor.dk\/en\/wp-json\/wp\/v2\/product_cat?post=115547"},{"taxonomy":"product_tag","embeddable":true,"href":"https:\/\/grontkontor.dk\/en\/wp-json\/wp\/v2\/product_tag?post=115547"}],"curies":[{"name":"wp","href":"https:\/\/api.w.org\/{rel}","templated":true}]}}