{"id":116789,"date":"2025-04-09T09:40:27","date_gmt":"2024-11-19T08:40:28","guid":{"rendered":"https:\/\/grontkontor.dk\/?post_type=product&#038;p=116789"},"modified":"2025-11-06T11:41:21","modified_gmt":"2025-11-06T10:41:21","slug":"sweatshirt-oekologisk-bomuld-og-rpet","status":"publish","type":"product","link":"https:\/\/grontkontor.dk\/en\/shop\/sweatshirt-oekologisk-bomuld-og-rpet\/","title":{"rendered":"Sweatshirt in organic cotton and rpet w\/o print"},"content":{"rendered":"<p>A climate-friendly sweatshirt is an obvious choice for companies that want to combine comfort, quality and consideration for the environment. This model is made from organic cotton and rPET, which is recycled plastic from used bottles. The result is an eco-friendly sweatshirt with a classic cut that is perfect for both work, leisure and events.<br \/>\nThe sweatshirt has a weight of 280 gsm, which provides a soft yet sturdy quality that lasts for daily use. It is available in sizes XS to XXXL and can be supplied with logo printing in up to four colours depending on the printing method. In addition, it can also be embroidered, which gives an extra exclusive look. Ordering starts from just 15 pieces, and you are free to mix sizes so that all employees get the perfect fit.     <\/p>\n<p>As a corporate and employee gift, this climate-friendly sweatshirt is an obvious alternative to traditional promotional items. It can easily be included in a collection of profile clothing together with a sweatshirt or T-shirt, so that the company appears uniform and professional. <\/p>\n<p>When you choose sweatshirts and hoodies in organic and recycled materials, you send a clear signal of responsibility and consideration. This eco-friendly sweatshirt unites style, functionality and climate-friendly values \u2013 and will quickly become a wardrobe favourite.<br \/>\nCotton is a biodegradable, compostable natural product and one of the worlds oldest commercial and agricultural commodities. Organic cotton is grown from non-genetically modified seeds, and without the use of pesticides or other harmful chemicals.  rPET (recycled polyethylene) is a food-grade, climate-friendly and reusable recycled plastic typically made from recycled water bottles. rPET has a high carbon content, and is therefore an effective carbon depot throughout the lifetime of the product and recycled products. <\/p>\nThe GOTS certification is a guarantee that your clothes are produced organically and environmentally correctly under proper wage and working conditions. \n<p>&nbsp;<\/p>\n<a href=\"https:\/\/www.eco-branding.dk\/miljoemaerkning\/gots.aspx\" rel=\"noopener\" target=\"_blank\"><img loading=\"lazy\" decoding=\"async\" class=\"size-full wp-image-12808\" src=\"https:\/\/grontkontor.dk\/wp-content\/uploads\/2019\/04\/gots-certificeret.jpg\" \n   alt=\"Gots certificeret - din garanti for, at produktet indeholder mindst 70% ?kologisk bomuld\"  description=\"Gots certificeret - din garanti for, at produktet indeholder mindst 70% ?kologisk bomuld\" width=\"50\" height=\"50\" \n\t border=0 \/><\/a>\n","protected":false},"excerpt":{"rendered":"<p>A climate-friendly sweatshirt is an obvious choice for companies that want to combine comfort, quality and consideration for the environment. This model is made from organic cotton and rPET, which is recycled plastic from used bottles. The result is an eco-friendly sweatshirt with a classic cut that is perfect for both work, leisure and events. [&hellip;]<\/p>\n","protected":false},"featured_media":116824,"comment_status":"closed","ping_status":"closed","template":"","meta":{"_acf_changed":false},"product_cat":[4839,1262,2449,2390],"product_tag":[4610,3135],"class_list":{"0":"post-116789","1":"product","2":"type-product","3":"status-publish","4":"has-post-thumbnail","6":"product_cat-t-shirts-sweat-shirts-and-polo-shirts","7":"product_cat-sustainable-presents","8":"product_cat-dummy-moq-10-50-en","9":"product_cat-news","10":"product_tag-hoodie-en","11":"product_tag-sweatshirt-en","12":"pa_farve-dark-grey","13":"pa_farve-black","14":"pa_farve-blue","15":"pa_farve-moerkeblaa-en","16":"pa_farve-green-en","17":"pa_farve-grey-en-2","18":"pa_farve-red-en","19":"pa_farve-white-en","20":"tm-has-styled-variations","21":"tm-has-options","23":"first","24":"instock","25":"taxable","26":"shipping-taxable","27":"purchasable","28":"product-type-simple"},"acf":[],"yoast_head":"<!-- This site is optimized with the Yoast SEO Premium plugin v21.2 (Yoast SEO v21.2) - https:\/\/yoast.com\/wordpress\/plugins\/seo\/ -->\n<title>Sweatshirt in organic cotton and rpet w\/o print - Gr\u00f8nt Kontor<\/title>\n<meta name=\"description\" content=\"Climate-friendly sweatshirt in 60% organic cotton and 40% rPET. Eco-friendly corporate gift in many colours and sizes. Available with logo print or embroidery.\" \/>\n<meta name=\"robots\" content=\"index, follow, max-snippet:-1, max-image-preview:large, max-video-preview:-1\" \/>\n<link rel=\"canonical\" href=\"https:\/\/grontkontor.dk\/en\/shop\/sweatshirt-oekologisk-bomuld-og-rpet\/\" \/>\n<meta property=\"og:locale\" content=\"en_US\" \/>\n<meta property=\"og:type\" content=\"article\" \/>\n<meta property=\"og:title\" content=\"Sweatshirt in organic cotton and rpet w\/o print\" \/>\n<meta property=\"og:description\" content=\"Climate-friendly sweatshirt in 60% organic cotton and 40% rPET. Eco-friendly corporate gift in many colours and sizes. Available with logo print or embroidery.\" \/>\n<meta property=\"og:url\" content=\"https:\/\/grontkontor.dk\/en\/shop\/sweatshirt-oekologisk-bomuld-og-rpet\/\" \/>\n<meta property=\"og:site_name\" content=\"Gr\u00f8nt Kontor\" \/>\n<meta property=\"article:publisher\" content=\"https:\/\/www.facebook.com\/grontkontor.dk\/\" \/>\n<meta property=\"article:modified_time\" content=\"2025-11-06T10:41:21+00:00\" \/>\n<meta property=\"og:image\" content=\"https:\/\/grontkontor.dk\/wp-content\/uploads\/2024\/11\/Klimavenlig-sweatshirt-i-oekologisk-bomuld-og-rpet-collage-2.jpg\" \/>\n\t<meta property=\"og:image:width\" content=\"900\" \/>\n\t<meta property=\"og:image:height\" content=\"639\" \/>\n\t<meta property=\"og:image:type\" content=\"image\/jpeg\" \/>\n<meta name=\"twitter:card\" content=\"summary_large_image\" \/>\n<meta name=\"twitter:label1\" content=\"Est. reading time\" \/>\n\t<meta name=\"twitter:data1\" content=\"1 minute\" \/>\n<script type=\"application\/ld+json\" class=\"yoast-schema-graph\">{\"@context\":\"https:\/\/schema.org\",\"@graph\":[{\"@type\":\"WebPage\",\"@id\":\"https:\/\/grontkontor.dk\/en\/shop\/sweatshirt-oekologisk-bomuld-og-rpet\/\",\"url\":\"https:\/\/grontkontor.dk\/en\/shop\/sweatshirt-oekologisk-bomuld-og-rpet\/\",\"name\":\"Sweatshirt in organic cotton and rpet w\/o print - Gr\u00f8nt Kontor\",\"isPartOf\":{\"@id\":\"https:\/\/grontkontor.dk\/#website\"},\"datePublished\":\"2024-11-19T08:40:28+00:00\",\"dateModified\":\"2025-11-06T10:41:21+00:00\",\"description\":\"Climate-friendly sweatshirt in 60% organic cotton and 40% rPET. Eco-friendly corporate gift in many colours and sizes. Available with logo print or embroidery.\",\"breadcrumb\":{\"@id\":\"https:\/\/grontkontor.dk\/en\/shop\/sweatshirt-oekologisk-bomuld-og-rpet\/#breadcrumb\"},\"inLanguage\":\"en-US\",\"potentialAction\":[{\"@type\":\"ReadAction\",\"target\":[\"https:\/\/grontkontor.dk\/en\/shop\/sweatshirt-oekologisk-bomuld-og-rpet\/\"]}]},{\"@type\":\"BreadcrumbList\",\"@id\":\"https:\/\/grontkontor.dk\/en\/shop\/sweatshirt-oekologisk-bomuld-og-rpet\/#breadcrumb\",\"itemListElement\":[{\"@type\":\"ListItem\",\"position\":1,\"name\":\"Forside\",\"item\":\"https:\/\/grontkontor.dk\/\"},{\"@type\":\"ListItem\",\"position\":2,\"name\":\"Shop\",\"item\":\"https:\/\/grontkontor.dk\/en\/shop-2\/\"},{\"@type\":\"ListItem\",\"position\":3,\"name\":\"Apparel\",\"item\":\"https:\/\/grontkontor.dk\/en\/produkt-kategori\/beklaedning-en\/\"},{\"@type\":\"ListItem\",\"position\":4,\"name\":\"T-shirts, sweat shirts and polo shirts\",\"item\":\"https:\/\/grontkontor.dk\/en\/produkt-kategori\/beklaedning-en\/t-shirts-sweat-shirts-and-polo-shirts\/\"},{\"@type\":\"ListItem\",\"position\":5,\"name\":\"Sweatshirt in organic cotton and rpet w\/o print\"}]},{\"@type\":\"WebSite\",\"@id\":\"https:\/\/grontkontor.dk\/#website\",\"url\":\"https:\/\/grontkontor.dk\/\",\"name\":\"Gr\u00f8nt Kontor\",\"description\":\"Milj\u00f8venlige produkter til kontor og erhverv med fokus p\u00e5 b\u00e6redygtighed, design og fair trade.\",\"publisher\":{\"@id\":\"https:\/\/grontkontor.dk\/#organization\"},\"potentialAction\":[{\"@type\":\"SearchAction\",\"target\":{\"@type\":\"EntryPoint\",\"urlTemplate\":\"https:\/\/grontkontor.dk\/?s={search_term_string}\"},\"query-input\":\"required name=search_term_string\"}],\"inLanguage\":\"en-US\"},{\"@type\":\"Organization\",\"@id\":\"https:\/\/grontkontor.dk\/#organization\",\"name\":\"Gr\u00f8nt Kontor\",\"url\":\"https:\/\/grontkontor.dk\/\",\"logo\":{\"@type\":\"ImageObject\",\"inLanguage\":\"en-US\",\"@id\":\"https:\/\/grontkontor.dk\/#\/schema\/logo\/image\/\",\"url\":\"https:\/\/grontkontor.dk\/wp-content\/uploads\/2014\/02\/Logo_groent_kontor_300x80.png\",\"contentUrl\":\"https:\/\/grontkontor.dk\/wp-content\/uploads\/2014\/02\/Logo_groent_kontor_300x80.png\",\"width\":300,\"height\":80,\"caption\":\"Gr\u00f8nt Kontor\"},\"image\":{\"@id\":\"https:\/\/grontkontor.dk\/#\/schema\/logo\/image\/\"},\"sameAs\":[\"https:\/\/www.facebook.com\/grontkontor.dk\/\"]}]}<\/script>\n<!-- \/ Yoast SEO Premium plugin. -->","yoast_head_json":{"title":"Sweatshirt in organic cotton and rpet w\/o print - Gr\u00f8nt Kontor","description":"Climate-friendly sweatshirt in 60% organic cotton and 40% rPET. Eco-friendly corporate gift in many colours and sizes. Available with logo print or embroidery.","robots":{"index":"index","follow":"follow","max-snippet":"max-snippet:-1","max-image-preview":"max-image-preview:large","max-video-preview":"max-video-preview:-1"},"canonical":"https:\/\/grontkontor.dk\/en\/shop\/sweatshirt-oekologisk-bomuld-og-rpet\/","og_locale":"en_US","og_type":"article","og_title":"Sweatshirt in organic cotton and rpet w\/o print","og_description":"Climate-friendly sweatshirt in 60% organic cotton and 40% rPET. Eco-friendly corporate gift in many colours and sizes. Available with logo print or embroidery.","og_url":"https:\/\/grontkontor.dk\/en\/shop\/sweatshirt-oekologisk-bomuld-og-rpet\/","og_site_name":"Gr\u00f8nt Kontor","article_publisher":"https:\/\/www.facebook.com\/grontkontor.dk\/","article_modified_time":"2025-11-06T10:41:21+00:00","og_image":[{"width":900,"height":639,"url":"https:\/\/grontkontor.dk\/wp-content\/uploads\/2024\/11\/Klimavenlig-sweatshirt-i-oekologisk-bomuld-og-rpet-collage-2.jpg","type":"image\/jpeg"}],"twitter_card":"summary_large_image","twitter_misc":{"Est. reading time":"1 minute"},"schema":{"@context":"https:\/\/schema.org","@graph":[{"@type":"WebPage","@id":"https:\/\/grontkontor.dk\/en\/shop\/sweatshirt-oekologisk-bomuld-og-rpet\/","url":"https:\/\/grontkontor.dk\/en\/shop\/sweatshirt-oekologisk-bomuld-og-rpet\/","name":"Sweatshirt in organic cotton and rpet w\/o print - Gr\u00f8nt Kontor","isPartOf":{"@id":"https:\/\/grontkontor.dk\/#website"},"datePublished":"2024-11-19T08:40:28+00:00","dateModified":"2025-11-06T10:41:21+00:00","description":"Climate-friendly sweatshirt in 60% organic cotton and 40% rPET. Eco-friendly corporate gift in many colours and sizes. Available with logo print or embroidery.","breadcrumb":{"@id":"https:\/\/grontkontor.dk\/en\/shop\/sweatshirt-oekologisk-bomuld-og-rpet\/#breadcrumb"},"inLanguage":"en-US","potentialAction":[{"@type":"ReadAction","target":["https:\/\/grontkontor.dk\/en\/shop\/sweatshirt-oekologisk-bomuld-og-rpet\/"]}]},{"@type":"BreadcrumbList","@id":"https:\/\/grontkontor.dk\/en\/shop\/sweatshirt-oekologisk-bomuld-og-rpet\/#breadcrumb","itemListElement":[{"@type":"ListItem","position":1,"name":"Forside","item":"https:\/\/grontkontor.dk\/"},{"@type":"ListItem","position":2,"name":"Shop","item":"https:\/\/grontkontor.dk\/en\/shop-2\/"},{"@type":"ListItem","position":3,"name":"Apparel","item":"https:\/\/grontkontor.dk\/en\/produkt-kategori\/beklaedning-en\/"},{"@type":"ListItem","position":4,"name":"T-shirts, sweat shirts and polo shirts","item":"https:\/\/grontkontor.dk\/en\/produkt-kategori\/beklaedning-en\/t-shirts-sweat-shirts-and-polo-shirts\/"},{"@type":"ListItem","position":5,"name":"Sweatshirt in organic cotton and rpet w\/o print"}]},{"@type":"WebSite","@id":"https:\/\/grontkontor.dk\/#website","url":"https:\/\/grontkontor.dk\/","name":"Gr\u00f8nt Kontor","description":"Milj\u00f8venlige produkter til kontor og erhverv med fokus p\u00e5 b\u00e6redygtighed, design og fair trade.","publisher":{"@id":"https:\/\/grontkontor.dk\/#organization"},"potentialAction":[{"@type":"SearchAction","target":{"@type":"EntryPoint","urlTemplate":"https:\/\/grontkontor.dk\/?s={search_term_string}"},"query-input":"required name=search_term_string"}],"inLanguage":"en-US"},{"@type":"Organization","@id":"https:\/\/grontkontor.dk\/#organization","name":"Gr\u00f8nt Kontor","url":"https:\/\/grontkontor.dk\/","logo":{"@type":"ImageObject","inLanguage":"en-US","@id":"https:\/\/grontkontor.dk\/#\/schema\/logo\/image\/","url":"https:\/\/grontkontor.dk\/wp-content\/uploads\/2014\/02\/Logo_groent_kontor_300x80.png","contentUrl":"https:\/\/grontkontor.dk\/wp-content\/uploads\/2014\/02\/Logo_groent_kontor_300x80.png","width":300,"height":80,"caption":"Gr\u00f8nt Kontor"},"image":{"@id":"https:\/\/grontkontor.dk\/#\/schema\/logo\/image\/"},"sameAs":["https:\/\/www.facebook.com\/grontkontor.dk\/"]}]}},"_links":{"self":[{"href":"https:\/\/grontkontor.dk\/en\/wp-json\/wp\/v2\/product\/116789"}],"collection":[{"href":"https:\/\/grontkontor.dk\/en\/wp-json\/wp\/v2\/product"}],"about":[{"href":"https:\/\/grontkontor.dk\/en\/wp-json\/wp\/v2\/types\/product"}],"replies":[{"embeddable":true,"href":"https:\/\/grontkontor.dk\/en\/wp-json\/wp\/v2\/comments?post=116789"}],"wp:featuredmedia":[{"embeddable":true,"href":"https:\/\/grontkontor.dk\/en\/wp-json\/wp\/v2\/media\/116824"}],"wp:attachment":[{"href":"https:\/\/grontkontor.dk\/en\/wp-json\/wp\/v2\/media?parent=116789"}],"wp:term":[{"taxonomy":"product_cat","embeddable":true,"href":"https:\/\/grontkontor.dk\/en\/wp-json\/wp\/v2\/product_cat?post=116789"},{"taxonomy":"product_tag","embeddable":true,"href":"https:\/\/grontkontor.dk\/en\/wp-json\/wp\/v2\/product_tag?post=116789"}],"curies":[{"name":"wp","href":"https:\/\/api.w.org\/{rel}","templated":true}]}}