{"id":116886,"date":"2025-04-03T14:40:28","date_gmt":"2024-11-19T13:40:29","guid":{"rendered":"https:\/\/grontkontor.dk\/?post_type=product&#038;p=116886"},"modified":"2025-11-06T11:41:13","modified_gmt":"2025-11-06T10:41:13","slug":"sweatshirt-oekologisk-bomuld-og-rpet-hvid","status":"publish","type":"product","link":"https:\/\/grontkontor.dk\/en\/shop\/sweatshirt-oekologisk-bomuld-og-rpet-hvid\/","title":{"rendered":"Sweatshirt organic cotton and rpet &#8211; white"},"content":{"rendered":"<p>A white climate-friendly sweatshirt is a stylish choice for both everyday life and work. The colour gives a classic and fresh look that is perfect for events, fairs or as part of the profile clothing for employees. The sweatshirt is made of 60% organic cotton and 40% rPET polyester, making it an eco-friendly solution that combines comfort and thoughtfulness.  <\/p>\n<p>With a quality of 280 gsm, the white sweatshirt is both soft and durable, making it suitable for everyday use. It is available in sizes XS to XXXL, so everyone can find the right fit. As standard, it comes with the option of logo printing in up to four colors depending on the printing method, as well as embroidery for a more exclusive finish.<x id=\"gid_0\"><\/x>The white color acts as a neutral background that highlights the logo and messages in a professional way. Therefore, the sweatshirt is ideal as a promotional item, corporate gift or employee shirt, where branding plays an important role.   <\/p>\n<p>By choosing a white sweatshirt in organic and recycled materials, you not only get a functional piece of clothing, but also a climate-friendly product that supports green values.<\/p>\n<p>Cotton is a biodegradable, compostable natural product and one of the worlds oldest commercial and agricultural commodities. Organic cotton is grown from non-genetically modified seeds, and without the use of pesticides or other harmful chemicals.  rPET (recycled polyethylene) is a food-grade, climate-friendly and reusable recycled plastic typically made from recycled water bottles. rPET has a high carbon content, and is therefore an effective carbon depot throughout the lifetime of the product and recycled products. <\/p>\nThe GOTS certification is a guarantee that your clothes are produced organically and environmentally correctly under proper wage and working conditions. \n<p>&nbsp;<\/p>\n<a href=\"https:\/\/www.eco-branding.dk\/miljoemaerkning\/gots.aspx\" rel=\"noopener\" target=\"_blank\"><img loading=\"lazy\" decoding=\"async\" class=\"size-full wp-image-12808\" src=\"https:\/\/grontkontor.dk\/wp-content\/uploads\/2019\/04\/gots-certificeret.jpg\" \n   alt=\"Gots certificeret - din garanti for, at produktet indeholder mindst 70% ?kologisk bomuld\"  description=\"Gots certificeret - din garanti for, at produktet indeholder mindst 70% ?kologisk bomuld\" width=\"50\" height=\"50\" \n\t border=0 \/><\/a>\n","protected":false},"excerpt":{"rendered":"<p>A white climate-friendly sweatshirt is a stylish choice for both everyday life and work. The colour gives a classic and fresh look that is perfect for events, fairs or as part of the profile clothing for employees. The sweatshirt is made of 60% organic cotton and 40% rPET polyester, making it an eco-friendly solution that [&hellip;]<\/p>\n","protected":false},"featured_media":122635,"comment_status":"closed","ping_status":"closed","template":"","meta":{"_acf_changed":false},"product_cat":[4839,1262,2449,2390],"product_tag":[4610,3135],"class_list":{"0":"post-116886","1":"product","2":"type-product","3":"status-publish","4":"has-post-thumbnail","6":"product_cat-t-shirts-sweat-shirts-and-polo-shirts","7":"product_cat-sustainable-presents","8":"product_cat-dummy-moq-10-50-en","9":"product_cat-news","10":"product_tag-hoodie-en","11":"product_tag-sweatshirt-en","12":"tm-has-styled-variations","13":"tm-has-options","15":"first","16":"instock","17":"taxable","18":"shipping-taxable","19":"purchasable","20":"product-type-simple"},"acf":[],"yoast_head":"<!-- This site is optimized with the Yoast SEO Premium plugin v21.2 (Yoast SEO v21.2) - https:\/\/yoast.com\/wordpress\/plugins\/seo\/ -->\n<title>Sweatshirt organic cotton and rpet - white - Gr\u00f8nt Kontor<\/title>\n<meta name=\"description\" content=\"White climate-friendly sweatshirt in organic cotton and rPET. Eco-friendly, comfortable and perfect for logo printing or embroidery. XS\u2013XXXL, 280 gsm.\" \/>\n<meta name=\"robots\" content=\"index, follow, max-snippet:-1, max-image-preview:large, max-video-preview:-1\" \/>\n<link rel=\"canonical\" href=\"https:\/\/grontkontor.dk\/en\/shop\/sweatshirt-oekologisk-bomuld-og-rpet-hvid\/\" \/>\n<meta property=\"og:locale\" content=\"en_US\" \/>\n<meta property=\"og:type\" content=\"article\" \/>\n<meta property=\"og:title\" content=\"Sweatshirt organic cotton and rpet - white\" \/>\n<meta property=\"og:description\" content=\"White climate-friendly sweatshirt in organic cotton and rPET. Eco-friendly, comfortable and perfect for logo printing or embroidery. XS\u2013XXXL, 280 gsm.\" \/>\n<meta property=\"og:url\" content=\"https:\/\/grontkontor.dk\/en\/shop\/sweatshirt-oekologisk-bomuld-og-rpet-hvid\/\" \/>\n<meta property=\"og:site_name\" content=\"Gr\u00f8nt Kontor\" \/>\n<meta property=\"article:publisher\" content=\"https:\/\/www.facebook.com\/grontkontor.dk\/\" \/>\n<meta property=\"article:modified_time\" content=\"2025-11-06T10:41:13+00:00\" \/>\n<meta property=\"og:image\" content=\"https:\/\/grontkontor.dk\/wp-content\/uploads\/2024\/11\/Klimavenlig-sweatshirt-280-gsm-oekologisk-bomuld-rpet-hvid.jpg\" \/>\n\t<meta property=\"og:image:width\" content=\"639\" \/>\n\t<meta property=\"og:image:height\" content=\"900\" \/>\n\t<meta property=\"og:image:type\" content=\"image\/jpeg\" \/>\n<meta name=\"twitter:card\" content=\"summary_large_image\" \/>\n<meta name=\"twitter:label1\" content=\"Est. reading time\" \/>\n\t<meta name=\"twitter:data1\" content=\"1 minute\" \/>\n<script type=\"application\/ld+json\" class=\"yoast-schema-graph\">{\"@context\":\"https:\/\/schema.org\",\"@graph\":[{\"@type\":\"WebPage\",\"@id\":\"https:\/\/grontkontor.dk\/en\/shop\/sweatshirt-oekologisk-bomuld-og-rpet-hvid\/\",\"url\":\"https:\/\/grontkontor.dk\/en\/shop\/sweatshirt-oekologisk-bomuld-og-rpet-hvid\/\",\"name\":\"Sweatshirt organic cotton and rpet - white - Gr\u00f8nt Kontor\",\"isPartOf\":{\"@id\":\"https:\/\/grontkontor.dk\/#website\"},\"datePublished\":\"2024-11-19T13:40:29+00:00\",\"dateModified\":\"2025-11-06T10:41:13+00:00\",\"description\":\"White climate-friendly sweatshirt in organic cotton and rPET. Eco-friendly, comfortable and perfect for logo printing or embroidery. XS\u2013XXXL, 280 gsm.\",\"breadcrumb\":{\"@id\":\"https:\/\/grontkontor.dk\/en\/shop\/sweatshirt-oekologisk-bomuld-og-rpet-hvid\/#breadcrumb\"},\"inLanguage\":\"en-US\",\"potentialAction\":[{\"@type\":\"ReadAction\",\"target\":[\"https:\/\/grontkontor.dk\/en\/shop\/sweatshirt-oekologisk-bomuld-og-rpet-hvid\/\"]}]},{\"@type\":\"BreadcrumbList\",\"@id\":\"https:\/\/grontkontor.dk\/en\/shop\/sweatshirt-oekologisk-bomuld-og-rpet-hvid\/#breadcrumb\",\"itemListElement\":[{\"@type\":\"ListItem\",\"position\":1,\"name\":\"Forside\",\"item\":\"https:\/\/grontkontor.dk\/\"},{\"@type\":\"ListItem\",\"position\":2,\"name\":\"Shop\",\"item\":\"https:\/\/grontkontor.dk\/en\/shop-2\/\"},{\"@type\":\"ListItem\",\"position\":3,\"name\":\"Apparel\",\"item\":\"https:\/\/grontkontor.dk\/en\/produkt-kategori\/beklaedning-en\/\"},{\"@type\":\"ListItem\",\"position\":4,\"name\":\"T-shirts, sweat shirts and polo shirts\",\"item\":\"https:\/\/grontkontor.dk\/en\/produkt-kategori\/beklaedning-en\/t-shirts-sweat-shirts-and-polo-shirts\/\"},{\"@type\":\"ListItem\",\"position\":5,\"name\":\"Sweatshirt organic cotton and rpet &#8211; white\"}]},{\"@type\":\"WebSite\",\"@id\":\"https:\/\/grontkontor.dk\/#website\",\"url\":\"https:\/\/grontkontor.dk\/\",\"name\":\"Gr\u00f8nt Kontor\",\"description\":\"Milj\u00f8venlige produkter til kontor og erhverv med fokus p\u00e5 b\u00e6redygtighed, design og fair trade.\",\"publisher\":{\"@id\":\"https:\/\/grontkontor.dk\/#organization\"},\"potentialAction\":[{\"@type\":\"SearchAction\",\"target\":{\"@type\":\"EntryPoint\",\"urlTemplate\":\"https:\/\/grontkontor.dk\/?s={search_term_string}\"},\"query-input\":\"required name=search_term_string\"}],\"inLanguage\":\"en-US\"},{\"@type\":\"Organization\",\"@id\":\"https:\/\/grontkontor.dk\/#organization\",\"name\":\"Gr\u00f8nt Kontor\",\"url\":\"https:\/\/grontkontor.dk\/\",\"logo\":{\"@type\":\"ImageObject\",\"inLanguage\":\"en-US\",\"@id\":\"https:\/\/grontkontor.dk\/#\/schema\/logo\/image\/\",\"url\":\"https:\/\/grontkontor.dk\/wp-content\/uploads\/2014\/02\/Logo_groent_kontor_300x80.png\",\"contentUrl\":\"https:\/\/grontkontor.dk\/wp-content\/uploads\/2014\/02\/Logo_groent_kontor_300x80.png\",\"width\":300,\"height\":80,\"caption\":\"Gr\u00f8nt Kontor\"},\"image\":{\"@id\":\"https:\/\/grontkontor.dk\/#\/schema\/logo\/image\/\"},\"sameAs\":[\"https:\/\/www.facebook.com\/grontkontor.dk\/\"]}]}<\/script>\n<!-- \/ Yoast SEO Premium plugin. -->","yoast_head_json":{"title":"Sweatshirt organic cotton and rpet - white - Gr\u00f8nt Kontor","description":"White climate-friendly sweatshirt in organic cotton and rPET. Eco-friendly, comfortable and perfect for logo printing or embroidery. XS\u2013XXXL, 280 gsm.","robots":{"index":"index","follow":"follow","max-snippet":"max-snippet:-1","max-image-preview":"max-image-preview:large","max-video-preview":"max-video-preview:-1"},"canonical":"https:\/\/grontkontor.dk\/en\/shop\/sweatshirt-oekologisk-bomuld-og-rpet-hvid\/","og_locale":"en_US","og_type":"article","og_title":"Sweatshirt organic cotton and rpet - white","og_description":"White climate-friendly sweatshirt in organic cotton and rPET. Eco-friendly, comfortable and perfect for logo printing or embroidery. XS\u2013XXXL, 280 gsm.","og_url":"https:\/\/grontkontor.dk\/en\/shop\/sweatshirt-oekologisk-bomuld-og-rpet-hvid\/","og_site_name":"Gr\u00f8nt Kontor","article_publisher":"https:\/\/www.facebook.com\/grontkontor.dk\/","article_modified_time":"2025-11-06T10:41:13+00:00","og_image":[{"width":639,"height":900,"url":"https:\/\/grontkontor.dk\/wp-content\/uploads\/2024\/11\/Klimavenlig-sweatshirt-280-gsm-oekologisk-bomuld-rpet-hvid.jpg","type":"image\/jpeg"}],"twitter_card":"summary_large_image","twitter_misc":{"Est. reading time":"1 minute"},"schema":{"@context":"https:\/\/schema.org","@graph":[{"@type":"WebPage","@id":"https:\/\/grontkontor.dk\/en\/shop\/sweatshirt-oekologisk-bomuld-og-rpet-hvid\/","url":"https:\/\/grontkontor.dk\/en\/shop\/sweatshirt-oekologisk-bomuld-og-rpet-hvid\/","name":"Sweatshirt organic cotton and rpet - white - Gr\u00f8nt Kontor","isPartOf":{"@id":"https:\/\/grontkontor.dk\/#website"},"datePublished":"2024-11-19T13:40:29+00:00","dateModified":"2025-11-06T10:41:13+00:00","description":"White climate-friendly sweatshirt in organic cotton and rPET. Eco-friendly, comfortable and perfect for logo printing or embroidery. XS\u2013XXXL, 280 gsm.","breadcrumb":{"@id":"https:\/\/grontkontor.dk\/en\/shop\/sweatshirt-oekologisk-bomuld-og-rpet-hvid\/#breadcrumb"},"inLanguage":"en-US","potentialAction":[{"@type":"ReadAction","target":["https:\/\/grontkontor.dk\/en\/shop\/sweatshirt-oekologisk-bomuld-og-rpet-hvid\/"]}]},{"@type":"BreadcrumbList","@id":"https:\/\/grontkontor.dk\/en\/shop\/sweatshirt-oekologisk-bomuld-og-rpet-hvid\/#breadcrumb","itemListElement":[{"@type":"ListItem","position":1,"name":"Forside","item":"https:\/\/grontkontor.dk\/"},{"@type":"ListItem","position":2,"name":"Shop","item":"https:\/\/grontkontor.dk\/en\/shop-2\/"},{"@type":"ListItem","position":3,"name":"Apparel","item":"https:\/\/grontkontor.dk\/en\/produkt-kategori\/beklaedning-en\/"},{"@type":"ListItem","position":4,"name":"T-shirts, sweat shirts and polo shirts","item":"https:\/\/grontkontor.dk\/en\/produkt-kategori\/beklaedning-en\/t-shirts-sweat-shirts-and-polo-shirts\/"},{"@type":"ListItem","position":5,"name":"Sweatshirt organic cotton and rpet &#8211; white"}]},{"@type":"WebSite","@id":"https:\/\/grontkontor.dk\/#website","url":"https:\/\/grontkontor.dk\/","name":"Gr\u00f8nt Kontor","description":"Milj\u00f8venlige produkter til kontor og erhverv med fokus p\u00e5 b\u00e6redygtighed, design og fair trade.","publisher":{"@id":"https:\/\/grontkontor.dk\/#organization"},"potentialAction":[{"@type":"SearchAction","target":{"@type":"EntryPoint","urlTemplate":"https:\/\/grontkontor.dk\/?s={search_term_string}"},"query-input":"required name=search_term_string"}],"inLanguage":"en-US"},{"@type":"Organization","@id":"https:\/\/grontkontor.dk\/#organization","name":"Gr\u00f8nt Kontor","url":"https:\/\/grontkontor.dk\/","logo":{"@type":"ImageObject","inLanguage":"en-US","@id":"https:\/\/grontkontor.dk\/#\/schema\/logo\/image\/","url":"https:\/\/grontkontor.dk\/wp-content\/uploads\/2014\/02\/Logo_groent_kontor_300x80.png","contentUrl":"https:\/\/grontkontor.dk\/wp-content\/uploads\/2014\/02\/Logo_groent_kontor_300x80.png","width":300,"height":80,"caption":"Gr\u00f8nt Kontor"},"image":{"@id":"https:\/\/grontkontor.dk\/#\/schema\/logo\/image\/"},"sameAs":["https:\/\/www.facebook.com\/grontkontor.dk\/"]}]}},"_links":{"self":[{"href":"https:\/\/grontkontor.dk\/en\/wp-json\/wp\/v2\/product\/116886"}],"collection":[{"href":"https:\/\/grontkontor.dk\/en\/wp-json\/wp\/v2\/product"}],"about":[{"href":"https:\/\/grontkontor.dk\/en\/wp-json\/wp\/v2\/types\/product"}],"replies":[{"embeddable":true,"href":"https:\/\/grontkontor.dk\/en\/wp-json\/wp\/v2\/comments?post=116886"}],"wp:featuredmedia":[{"embeddable":true,"href":"https:\/\/grontkontor.dk\/en\/wp-json\/wp\/v2\/media\/122635"}],"wp:attachment":[{"href":"https:\/\/grontkontor.dk\/en\/wp-json\/wp\/v2\/media?parent=116886"}],"wp:term":[{"taxonomy":"product_cat","embeddable":true,"href":"https:\/\/grontkontor.dk\/en\/wp-json\/wp\/v2\/product_cat?post=116886"},{"taxonomy":"product_tag","embeddable":true,"href":"https:\/\/grontkontor.dk\/en\/wp-json\/wp\/v2\/product_tag?post=116886"}],"curies":[{"name":"wp","href":"https:\/\/api.w.org\/{rel}","templated":true}]}}