{"id":116914,"date":"2025-09-17T09:17:49","date_gmt":"2024-11-20T14:17:50","guid":{"rendered":"https:\/\/grontkontor.dk\/?post_type=product&#038;p=116914"},"modified":"2025-11-06T09:56:51","modified_gmt":"2025-11-06T08:56:51","slug":"t-shirt-oekologisk-bomuld-dame-175-gsm","status":"publish","type":"product","link":"https:\/\/grontkontor.dk\/en\/shop\/t-shirt-oekologisk-bomuld-dame-175-gsm\/","title":{"rendered":"T-shirt organic cotton women&#8217;s 175 gsm"},"content":{"rendered":"<p>Give your brand a boost and your employees a gift that makes a difference with our eco-friendly women&#8217;s t-shirts in organic cotton. This t-shirt combines classic design with a strong message of responsibility. It&#8217;s made from 100% organic cotton, a soft and comfortable blend chosen with care for the planet. The natural materials are not only comfortable to wear, but are also a conscious choice for a smaller footprint. This t-shirt is therefore a climate-friendly product that is light and airy, perfect for everyday use, and it sends a clear signal of concern for the environment.    <\/p>\n<p>This t-shirt is specially designed for women, with a fit that is both stylish and comfortable. It is available in sizes from S to XXL, so you can easily find the right size for your employees. With a weight of 175 gsm, the quality is top-notch, which makes for a durable t-shirt that keeps its shape and color wash after wash. To ensure an optimal print result, we recommend transfer printing or double screen printing on the dark colours, which gives a better look.   <\/p>\n<p>Our eco-friendly women&#8217;s t-shirts in organic cotton are the ideal corporate gift or part of the employees&#8217; uniform. It can be ordered in a wide range of colors, and you are free to mix colors and sizes in your order. We offer logo printing in up to four colors, depending on the chosen printing method, as well as embroidery, so you can personalize the t-shirt exactly as you wish. The minimum order is 25 pieces. Choose this t-shirt and show that your company takes responsible production seriously, while at the same time giving a delicious and practical gift.    <\/p>\nCotton is a biodegradable, compostable natural product and one of the worlds oldest commercial and agricultural commodities. Organic cotton is grown from non-genetically modified seeds, and without the use of pesticides or other harmful chemicals. \nThe GOTS certification is a guarantee that your clothes are produced organically and environmentally correctly under proper wage and working conditions. \n<p>&amp;nbsp;<\/p>\n<a href=\"https:\/\/www.eco-branding.dk\/miljoemaerkning\/gots.aspx\" rel=\"noopener\" target=\"_blank\"><img loading=\"lazy\" decoding=\"async\" class=\"size-full wp-image-12808\" src=\"https:\/\/grontkontor.dk\/wp-content\/uploads\/2019\/04\/gots-certificeret.jpg\" \n   alt=\"Gots certificeret - din garanti for, at produktet indeholder mindst 70% ?kologisk bomuld\"  description=\"Gots certificeret - din garanti for, at produktet indeholder mindst 70% ?kologisk bomuld\" width=\"50\" height=\"50\" \n\t border=0 \/><\/a>\n","protected":false},"excerpt":{"rendered":"<p>Give your brand a boost and your employees a gift that makes a difference with our eco-friendly women&#8217;s t-shirts in organic cotton. This t-shirt combines classic design with a strong message of responsibility. It&#8217;s made from 100% organic cotton, a soft and comfortable blend chosen with care for the planet. The natural materials are not [&hellip;]<\/p>\n","protected":false},"featured_media":116941,"comment_status":"closed","ping_status":"closed","template":"","meta":{"_acf_changed":false},"product_cat":[4839,1262,2449,2390],"product_tag":[4823,3052,4825,4824,4826],"class_list":{"0":"post-116914","1":"product","2":"type-product","3":"status-publish","4":"has-post-thumbnail","6":"product_cat-t-shirts-sweat-shirts-and-polo-shirts","7":"product_cat-sustainable-presents","8":"product_cat-dummy-moq-10-50-en","9":"product_cat-news","10":"product_tag-shirt","11":"product_tag-t-shirt-en","12":"product_tag-t-shirts-en","13":"product_tag-tshirt-en","14":"product_tag-tshirts-en","15":"pa_farve-broken-white","16":"pa_farve-black","17":"pa_farve-blue","18":"pa_farve-moerkeblaa-en","19":"pa_farve-grey-en-2","20":"pa_farve-natur-en","21":"pa_farve-red-en","22":"pa_farve-white-en","23":"tm-has-options","25":"first","26":"instock","27":"sale","28":"taxable","29":"shipping-taxable","30":"purchasable","31":"product-type-simple"},"acf":[],"yoast_head":"<!-- This site is optimized with the Yoast SEO Premium plugin v21.2 (Yoast SEO v21.2) - https:\/\/yoast.com\/wordpress\/plugins\/seo\/ -->\n<title>Eco-friendly women&#039;s t-shirts in organic cotton<\/title>\n<meta name=\"description\" content=\"Eco-friendly women&#039;s t-shirts in organic cotton. Our climate-friendly t-shirt is perfect for corporate gifts, can be delivered with your logo printed on it.\" \/>\n<meta name=\"robots\" content=\"index, follow, max-snippet:-1, max-image-preview:large, max-video-preview:-1\" \/>\n<link rel=\"canonical\" href=\"https:\/\/grontkontor.dk\/en\/shop\/t-shirt-oekologisk-bomuld-dame-175-gsm\/\" \/>\n<meta property=\"og:locale\" content=\"en_US\" \/>\n<meta property=\"og:type\" content=\"article\" \/>\n<meta property=\"og:title\" content=\"T-shirt organic cotton women&#039;s 175 gsm\" \/>\n<meta property=\"og:description\" content=\"Eco-friendly women&#039;s t-shirts in organic cotton. Our climate-friendly t-shirt is perfect for corporate gifts, can be delivered with your logo printed on it.\" \/>\n<meta property=\"og:url\" content=\"https:\/\/grontkontor.dk\/en\/shop\/t-shirt-oekologisk-bomuld-dame-175-gsm\/\" \/>\n<meta property=\"og:site_name\" content=\"Gr\u00f8nt Kontor\" \/>\n<meta property=\"article:publisher\" content=\"https:\/\/www.facebook.com\/grontkontor.dk\/\" \/>\n<meta property=\"article:modified_time\" content=\"2025-11-06T08:56:51+00:00\" \/>\n<meta property=\"og:image\" content=\"https:\/\/grontkontor.dk\/wp-content\/uploads\/2024\/11\/Klimavenlig-t-shirt-i-oekologisk-bomuld-hvid.jpg\" \/>\n\t<meta property=\"og:image:width\" content=\"900\" \/>\n\t<meta property=\"og:image:height\" content=\"639\" \/>\n\t<meta property=\"og:image:type\" content=\"image\/jpeg\" \/>\n<meta name=\"twitter:card\" content=\"summary_large_image\" \/>\n<meta name=\"twitter:label1\" content=\"Est. reading time\" \/>\n\t<meta name=\"twitter:data1\" content=\"1 minute\" \/>\n<script type=\"application\/ld+json\" class=\"yoast-schema-graph\">{\"@context\":\"https:\/\/schema.org\",\"@graph\":[{\"@type\":\"WebPage\",\"@id\":\"https:\/\/grontkontor.dk\/en\/shop\/t-shirt-oekologisk-bomuld-dame-175-gsm\/\",\"url\":\"https:\/\/grontkontor.dk\/en\/shop\/t-shirt-oekologisk-bomuld-dame-175-gsm\/\",\"name\":\"Eco-friendly women's t-shirts in organic cotton\",\"isPartOf\":{\"@id\":\"https:\/\/grontkontor.dk\/#website\"},\"datePublished\":\"2024-11-20T14:17:50+00:00\",\"dateModified\":\"2025-11-06T08:56:51+00:00\",\"description\":\"Eco-friendly women's t-shirts in organic cotton. Our climate-friendly t-shirt is perfect for corporate gifts, can be delivered with your logo printed on it.\",\"breadcrumb\":{\"@id\":\"https:\/\/grontkontor.dk\/en\/shop\/t-shirt-oekologisk-bomuld-dame-175-gsm\/#breadcrumb\"},\"inLanguage\":\"en-US\",\"potentialAction\":[{\"@type\":\"ReadAction\",\"target\":[\"https:\/\/grontkontor.dk\/en\/shop\/t-shirt-oekologisk-bomuld-dame-175-gsm\/\"]}]},{\"@type\":\"BreadcrumbList\",\"@id\":\"https:\/\/grontkontor.dk\/en\/shop\/t-shirt-oekologisk-bomuld-dame-175-gsm\/#breadcrumb\",\"itemListElement\":[{\"@type\":\"ListItem\",\"position\":1,\"name\":\"Forside\",\"item\":\"https:\/\/grontkontor.dk\/\"},{\"@type\":\"ListItem\",\"position\":2,\"name\":\"Shop\",\"item\":\"https:\/\/grontkontor.dk\/en\/shop-2\/\"},{\"@type\":\"ListItem\",\"position\":3,\"name\":\"Bekl\u00e6dning\",\"item\":\"https:\/\/grontkontor.dk\/produkt-kategori\/beklaedning\/\"},{\"@type\":\"ListItem\",\"position\":4,\"name\":\"T-shirts, sweat shirts og polo shirts\",\"item\":\"https:\/\/grontkontor.dk\/produkt-kategori\/beklaedning\/t-shirts-sweat-shirts-og-polo-shirts\/\"},{\"@type\":\"ListItem\",\"position\":5,\"name\":\"T-shirt organic cotton women&#8217;s 175 gsm\"}]},{\"@type\":\"WebSite\",\"@id\":\"https:\/\/grontkontor.dk\/#website\",\"url\":\"https:\/\/grontkontor.dk\/\",\"name\":\"Gr\u00f8nt Kontor\",\"description\":\"Milj\u00f8venlige produkter til kontor og erhverv med fokus p\u00e5 b\u00e6redygtighed, design og fair trade.\",\"publisher\":{\"@id\":\"https:\/\/grontkontor.dk\/#organization\"},\"potentialAction\":[{\"@type\":\"SearchAction\",\"target\":{\"@type\":\"EntryPoint\",\"urlTemplate\":\"https:\/\/grontkontor.dk\/?s={search_term_string}\"},\"query-input\":\"required name=search_term_string\"}],\"inLanguage\":\"en-US\"},{\"@type\":\"Organization\",\"@id\":\"https:\/\/grontkontor.dk\/#organization\",\"name\":\"Gr\u00f8nt Kontor\",\"url\":\"https:\/\/grontkontor.dk\/\",\"logo\":{\"@type\":\"ImageObject\",\"inLanguage\":\"en-US\",\"@id\":\"https:\/\/grontkontor.dk\/#\/schema\/logo\/image\/\",\"url\":\"https:\/\/grontkontor.dk\/wp-content\/uploads\/2014\/02\/Logo_groent_kontor_300x80.png\",\"contentUrl\":\"https:\/\/grontkontor.dk\/wp-content\/uploads\/2014\/02\/Logo_groent_kontor_300x80.png\",\"width\":300,\"height\":80,\"caption\":\"Gr\u00f8nt Kontor\"},\"image\":{\"@id\":\"https:\/\/grontkontor.dk\/#\/schema\/logo\/image\/\"},\"sameAs\":[\"https:\/\/www.facebook.com\/grontkontor.dk\/\"]}]}<\/script>\n<!-- \/ Yoast SEO Premium plugin. -->","yoast_head_json":{"title":"Eco-friendly women's t-shirts in organic cotton","description":"Eco-friendly women's t-shirts in organic cotton. Our climate-friendly t-shirt is perfect for corporate gifts, can be delivered with your logo printed on it.","robots":{"index":"index","follow":"follow","max-snippet":"max-snippet:-1","max-image-preview":"max-image-preview:large","max-video-preview":"max-video-preview:-1"},"canonical":"https:\/\/grontkontor.dk\/en\/shop\/t-shirt-oekologisk-bomuld-dame-175-gsm\/","og_locale":"en_US","og_type":"article","og_title":"T-shirt organic cotton women's 175 gsm","og_description":"Eco-friendly women's t-shirts in organic cotton. Our climate-friendly t-shirt is perfect for corporate gifts, can be delivered with your logo printed on it.","og_url":"https:\/\/grontkontor.dk\/en\/shop\/t-shirt-oekologisk-bomuld-dame-175-gsm\/","og_site_name":"Gr\u00f8nt Kontor","article_publisher":"https:\/\/www.facebook.com\/grontkontor.dk\/","article_modified_time":"2025-11-06T08:56:51+00:00","og_image":[{"width":900,"height":639,"url":"https:\/\/grontkontor.dk\/wp-content\/uploads\/2024\/11\/Klimavenlig-t-shirt-i-oekologisk-bomuld-hvid.jpg","type":"image\/jpeg"}],"twitter_card":"summary_large_image","twitter_misc":{"Est. reading time":"1 minute"},"schema":{"@context":"https:\/\/schema.org","@graph":[{"@type":"WebPage","@id":"https:\/\/grontkontor.dk\/en\/shop\/t-shirt-oekologisk-bomuld-dame-175-gsm\/","url":"https:\/\/grontkontor.dk\/en\/shop\/t-shirt-oekologisk-bomuld-dame-175-gsm\/","name":"Eco-friendly women's t-shirts in organic cotton","isPartOf":{"@id":"https:\/\/grontkontor.dk\/#website"},"datePublished":"2024-11-20T14:17:50+00:00","dateModified":"2025-11-06T08:56:51+00:00","description":"Eco-friendly women's t-shirts in organic cotton. Our climate-friendly t-shirt is perfect for corporate gifts, can be delivered with your logo printed on it.","breadcrumb":{"@id":"https:\/\/grontkontor.dk\/en\/shop\/t-shirt-oekologisk-bomuld-dame-175-gsm\/#breadcrumb"},"inLanguage":"en-US","potentialAction":[{"@type":"ReadAction","target":["https:\/\/grontkontor.dk\/en\/shop\/t-shirt-oekologisk-bomuld-dame-175-gsm\/"]}]},{"@type":"BreadcrumbList","@id":"https:\/\/grontkontor.dk\/en\/shop\/t-shirt-oekologisk-bomuld-dame-175-gsm\/#breadcrumb","itemListElement":[{"@type":"ListItem","position":1,"name":"Forside","item":"https:\/\/grontkontor.dk\/"},{"@type":"ListItem","position":2,"name":"Shop","item":"https:\/\/grontkontor.dk\/en\/shop-2\/"},{"@type":"ListItem","position":3,"name":"Bekl\u00e6dning","item":"https:\/\/grontkontor.dk\/produkt-kategori\/beklaedning\/"},{"@type":"ListItem","position":4,"name":"T-shirts, sweat shirts og polo shirts","item":"https:\/\/grontkontor.dk\/produkt-kategori\/beklaedning\/t-shirts-sweat-shirts-og-polo-shirts\/"},{"@type":"ListItem","position":5,"name":"T-shirt organic cotton women&#8217;s 175 gsm"}]},{"@type":"WebSite","@id":"https:\/\/grontkontor.dk\/#website","url":"https:\/\/grontkontor.dk\/","name":"Gr\u00f8nt Kontor","description":"Milj\u00f8venlige produkter til kontor og erhverv med fokus p\u00e5 b\u00e6redygtighed, design og fair trade.","publisher":{"@id":"https:\/\/grontkontor.dk\/#organization"},"potentialAction":[{"@type":"SearchAction","target":{"@type":"EntryPoint","urlTemplate":"https:\/\/grontkontor.dk\/?s={search_term_string}"},"query-input":"required name=search_term_string"}],"inLanguage":"en-US"},{"@type":"Organization","@id":"https:\/\/grontkontor.dk\/#organization","name":"Gr\u00f8nt Kontor","url":"https:\/\/grontkontor.dk\/","logo":{"@type":"ImageObject","inLanguage":"en-US","@id":"https:\/\/grontkontor.dk\/#\/schema\/logo\/image\/","url":"https:\/\/grontkontor.dk\/wp-content\/uploads\/2014\/02\/Logo_groent_kontor_300x80.png","contentUrl":"https:\/\/grontkontor.dk\/wp-content\/uploads\/2014\/02\/Logo_groent_kontor_300x80.png","width":300,"height":80,"caption":"Gr\u00f8nt Kontor"},"image":{"@id":"https:\/\/grontkontor.dk\/#\/schema\/logo\/image\/"},"sameAs":["https:\/\/www.facebook.com\/grontkontor.dk\/"]}]}},"_links":{"self":[{"href":"https:\/\/grontkontor.dk\/en\/wp-json\/wp\/v2\/product\/116914"}],"collection":[{"href":"https:\/\/grontkontor.dk\/en\/wp-json\/wp\/v2\/product"}],"about":[{"href":"https:\/\/grontkontor.dk\/en\/wp-json\/wp\/v2\/types\/product"}],"replies":[{"embeddable":true,"href":"https:\/\/grontkontor.dk\/en\/wp-json\/wp\/v2\/comments?post=116914"}],"wp:featuredmedia":[{"embeddable":true,"href":"https:\/\/grontkontor.dk\/en\/wp-json\/wp\/v2\/media\/116941"}],"wp:attachment":[{"href":"https:\/\/grontkontor.dk\/en\/wp-json\/wp\/v2\/media?parent=116914"}],"wp:term":[{"taxonomy":"product_cat","embeddable":true,"href":"https:\/\/grontkontor.dk\/en\/wp-json\/wp\/v2\/product_cat?post=116914"},{"taxonomy":"product_tag","embeddable":true,"href":"https:\/\/grontkontor.dk\/en\/wp-json\/wp\/v2\/product_tag?post=116914"}],"curies":[{"name":"wp","href":"https:\/\/api.w.org\/{rel}","templated":true}]}}