{"id":117592,"date":"2024-12-18T12:57:33","date_gmt":"2024-12-18T11:57:34","guid":{"rendered":"https:\/\/grontkontor.dk\/?post_type=product&#038;p=117592"},"modified":"2025-01-17T13:19:56","modified_gmt":"2025-01-17T12:19:56","slug":"notesbog-i-genanvendt-pap","status":"publish","type":"product","link":"https:\/\/grontkontor.dk\/en\/shop\/notesbog-i-genanvendt-pap\/","title":{"rendered":"Recycled cardboard notebook"},"content":{"rendered":"<p data-pm-slice=\"0 0 []\">Climate-friendly A5 hardcover notepad made from 100% recycled paper. Contains 120 unlined pages, also made of recycled paper. Available in the colours natural, green and black.  <\/p>\n<p data-pm-slice=\"0 0 []\">A climate-friendly product perfect as a handout \/ giveaway for student fairs, conferences or other events.<\/p>\n<p>Available with logo printing.<\/p>\nRecycled paper is produced from reused paper and therefore does not burden our forests. Furthermore, much less energy is usually used in the manufacturing process than is the case with normal, wood-based paper. Recycled paper can therefore be considered as an extremely climate-friendly material. \n<p>&nbsp;<\/p>\n<img loading=\"lazy\" decoding=\"async\" src=\"https:\/\/grontkontor.dk\/wp-content\/uploads\/2021\/02\/genbrug.jpg\" alt=\"Fremstillet af genbrugsmaterialer\" width=\"50\" height=\"50\" class=\"size-full wp-image-23031\" srcset=\"https:\/\/grontkontor.dk\/wp-content\/uploads\/2021\/02\/genbrug.jpg 199w, https:\/\/grontkontor.dk\/wp-content\/uploads\/2021\/02\/genbrug-100x100.jpg 100w\" sizes=\"(max-width: 50px) 100vw, 50px\" \/>\n","protected":false},"excerpt":{"rendered":"<p>Climate-friendly A5 hardcover notepad made from 100% recycled paper. Contains 120 unlined pages, also made of recycled paper. Available in the colours natural, green and black. A climate-friendly product perfect as a handout \/ giveaway for student fairs, conferences or other events. Available with logo printing. &nbsp;<\/p>\n","protected":false},"featured_media":117633,"comment_status":"closed","ping_status":"closed","template":"","meta":{"_acf_changed":false},"product_cat":[2106,1300,2390,1299],"product_tag":[1359,1358],"class_list":{"0":"post-117592","1":"product","2":"type-product","3":"status-publish","4":"has-post-thumbnail","6":"product_cat-dummy-moq-1-en","7":"product_cat-memoblocks","8":"product_cat-news","9":"product_cat-paper-and-blocks","10":"product_tag-notesbog-en","11":"product_tag-notesblok-en","12":"pa_farve-army-green","13":"pa_farve-assorted","14":"pa_farve-azure","15":"pa_farve-beige","16":"pa_farve-black-min-100-pcs","17":"pa_farve-black-ink","18":"pa_farve-black-gold-silver-en","19":"pa_farve-blue-min-100-pcs","20":"pa_farve-blue-min-15","21":"pa_farve-blue-min-15-pcs","22":"pa_farve-blue-ink","23":"pa_farve-blue-yellow","24":"pa_farve-blue-green-yellow","25":"pa_farve-bordeaux-en","26":"pa_farve-bottle-green","27":"pa_farve-broken-white","28":"pa_farve-brown-en-2","29":"pa_farve-brown-en","30":"pa_farve-brown-with-black-top-and-bottom","31":"pa_farve-browne-en","32":"pa_farve-charcoal-grey","33":"pa_farve-cream-en","34":"pa_farve-crimson-en","35":"pa_farve-dark-gray","36":"pa_farve-dark-grey","37":"pa_farve-dark-red","38":"pa_farve-deep-green-en","39":"pa_farve-fuchsia-min-100-pcs","40":"pa_farve-gold","41":"pa_farve-green-en-2","42":"pa_farve-grey-min-100-pcs","43":"pa_farve-kerosene-green","44":"pa_farve-khaki","45":"pa_farve-light-gray","46":"pa_farve-lime-en","47":"pa_farve-lime-green","48":"pa_farve-magenta-en","49":"pa_farve-many-en","50":"pa_farve-mint","51":"pa_farve-mustard-yellow","52":"pa_farve-natural-min-100-pcs","53":"pa_farve-oak","54":"pa_farve-ocean-blue-en","55":"pa_farve-pale-pink-en","56":"pa_farve-peach","57":"pa_farve-purple","58":"pa_farve-raspberry-red","59":"pa_farve-red-en-2","60":"pa_farve-red-min-100-pcs","61":"pa_farve-red-min-15","62":"pa_farve-red-min-15-blue-min-15","63":"pa_farve-red-min-15-pcs","64":"pa_farve-red-min-15-pcs-blue-min-15-pcs","65":"pa_farve-royal-blue","66":"pa_farve-royal-blue-en","67":"pa_farve-silver-en","68":"pa_farve-silver-colored","69":"pa_farve-structure","70":"pa_farve-tree","71":"pa_farve-turquoise","72":"pa_farve-turquoise-en","73":"pa_farve-violate-en","74":"pa_farve-walnut","75":"pa_farve-white-en-2","76":"pa_farve-white-pigmented","77":"pa_farve-white-pigmented-with-black-top-and-bottom","78":"pa_farve-white-pigmented-with-brown-top-and-bottom","79":"pa_farve-yellow-en-2","80":"pa_farve-black","81":"pa_farve-black-en","82":"pa_farve-blue","83":"pa_farve-blue-en","84":"pa_farve-brun-en","85":"pa_farve-creme-en","86":"pa_farve-moerkeblaa-en","87":"pa_farve-moerkegroen-en","88":"pa_farve-grafit-en","89":"pa_farve-green-en","90":"pa_farve-grey-en","91":"pa_farve-grey-en-2","92":"pa_farve-lyseblaa-en","93":"pa_farve-lysegroen-en","94":"pa_farve-roedbrun-en","95":"pa_farve-mix-en","96":"pa_farve-sennep-en","97":"pa_farve-natur-en","98":"pa_farve-marineblaa-en","99":"pa_farve-oliven-en","100":"pa_farve-orange","101":"pa_farve-pink","102":"pa_farve-lilla-en","103":"pa_farve-red-en","104":"pa_farve-soelv-en","105":"pa_farve-transparent-en","106":"pa_farve-gennemsigtig-en","107":"pa_farve-white-en","108":"pa_farve-vinroed-en","109":"pa_farve-yellow-en","110":"tm-has-options","112":"first","113":"instock","114":"taxable","115":"shipping-taxable","116":"purchasable","117":"product-type-variable","118":"has-default-attributes"},"acf":[],"yoast_head":"<!-- This site is optimized with the Yoast SEO Premium plugin v21.2 (Yoast SEO v21.2) - https:\/\/yoast.com\/wordpress\/plugins\/seo\/ -->\n<title>Recycled cardboard notebook - Gr\u00f8nt Kontor<\/title>\n<meta name=\"robots\" content=\"index, follow, max-snippet:-1, max-image-preview:large, max-video-preview:-1\" \/>\n<link rel=\"canonical\" href=\"https:\/\/grontkontor.dk\/en\/shop\/notesbog-i-genanvendt-pap\/\" \/>\n<meta property=\"og:locale\" content=\"en_US\" \/>\n<meta property=\"og:type\" content=\"article\" \/>\n<meta property=\"og:title\" content=\"Recycled cardboard notebook\" \/>\n<meta property=\"og:description\" content=\"Climate-friendly A5 hardcover notepad made from 100% recycled paper. Contains 120 unlined pages, also made of recycled paper. Available in the colours natural, green and black. A climate-friendly product perfect as a handout \/ giveaway for student fairs, conferences or other events. Available with logo printing. &nbsp;\" \/>\n<meta property=\"og:url\" content=\"https:\/\/grontkontor.dk\/en\/shop\/notesbog-i-genanvendt-pap\/\" \/>\n<meta property=\"og:site_name\" content=\"Gr\u00f8nt Kontor\" \/>\n<meta property=\"article:publisher\" content=\"https:\/\/www.facebook.com\/grontkontor.dk\/\" \/>\n<meta property=\"article:modified_time\" content=\"2025-01-17T12:19:56+00:00\" \/>\n<meta property=\"og:image\" content=\"https:\/\/grontkontor.dk\/wp-content\/uploads\/2024\/08\/Klimavenlig-notesbog-i-frugtpapir-collage.jpg\" \/>\n\t<meta property=\"og:image:width\" content=\"900\" \/>\n\t<meta property=\"og:image:height\" content=\"639\" \/>\n\t<meta property=\"og:image:type\" content=\"image\/jpeg\" \/>\n<meta name=\"twitter:card\" content=\"summary_large_image\" \/>\n<meta name=\"twitter:label1\" content=\"Est. reading time\" \/>\n\t<meta name=\"twitter:data1\" content=\"1 minute\" \/>\n<script type=\"application\/ld+json\" class=\"yoast-schema-graph\">{\"@context\":\"https:\/\/schema.org\",\"@graph\":[{\"@type\":\"WebPage\",\"@id\":\"https:\/\/grontkontor.dk\/en\/shop\/notesbog-i-genanvendt-pap\/\",\"url\":\"https:\/\/grontkontor.dk\/en\/shop\/notesbog-i-genanvendt-pap\/\",\"name\":\"Recycled cardboard notebook - Gr\u00f8nt Kontor\",\"isPartOf\":{\"@id\":\"https:\/\/grontkontor.dk\/#website\"},\"datePublished\":\"2024-12-18T11:57:34+00:00\",\"dateModified\":\"2025-01-17T12:19:56+00:00\",\"breadcrumb\":{\"@id\":\"https:\/\/grontkontor.dk\/en\/shop\/notesbog-i-genanvendt-pap\/#breadcrumb\"},\"inLanguage\":\"en-US\",\"potentialAction\":[{\"@type\":\"ReadAction\",\"target\":[\"https:\/\/grontkontor.dk\/en\/shop\/notesbog-i-genanvendt-pap\/\"]}]},{\"@type\":\"BreadcrumbList\",\"@id\":\"https:\/\/grontkontor.dk\/en\/shop\/notesbog-i-genanvendt-pap\/#breadcrumb\",\"itemListElement\":[{\"@type\":\"ListItem\",\"position\":1,\"name\":\"Forside\",\"item\":\"https:\/\/grontkontor.dk\/\"},{\"@type\":\"ListItem\",\"position\":2,\"name\":\"Shop\",\"item\":\"https:\/\/grontkontor.dk\/en\/shop-2\/\"},{\"@type\":\"ListItem\",\"position\":3,\"name\":\"Papir og blokke\",\"item\":\"https:\/\/grontkontor.dk\/produkt-kategori\/papir\/\"},{\"@type\":\"ListItem\",\"position\":4,\"name\":\"Memoblokke\",\"item\":\"https:\/\/grontkontor.dk\/produkt-kategori\/papir\/memoblokke\/\"},{\"@type\":\"ListItem\",\"position\":5,\"name\":\"Recycled cardboard notebook\"}]},{\"@type\":\"WebSite\",\"@id\":\"https:\/\/grontkontor.dk\/#website\",\"url\":\"https:\/\/grontkontor.dk\/\",\"name\":\"Gr\u00f8nt Kontor\",\"description\":\"Milj\u00f8venlige produkter til kontor og erhverv med fokus p\u00e5 b\u00e6redygtighed, design og fair trade.\",\"publisher\":{\"@id\":\"https:\/\/grontkontor.dk\/#organization\"},\"potentialAction\":[{\"@type\":\"SearchAction\",\"target\":{\"@type\":\"EntryPoint\",\"urlTemplate\":\"https:\/\/grontkontor.dk\/?s={search_term_string}\"},\"query-input\":\"required name=search_term_string\"}],\"inLanguage\":\"en-US\"},{\"@type\":\"Organization\",\"@id\":\"https:\/\/grontkontor.dk\/#organization\",\"name\":\"Gr\u00f8nt Kontor\",\"url\":\"https:\/\/grontkontor.dk\/\",\"logo\":{\"@type\":\"ImageObject\",\"inLanguage\":\"en-US\",\"@id\":\"https:\/\/grontkontor.dk\/#\/schema\/logo\/image\/\",\"url\":\"https:\/\/grontkontor.dk\/wp-content\/uploads\/2014\/02\/Logo_groent_kontor_300x80.png\",\"contentUrl\":\"https:\/\/grontkontor.dk\/wp-content\/uploads\/2014\/02\/Logo_groent_kontor_300x80.png\",\"width\":300,\"height\":80,\"caption\":\"Gr\u00f8nt Kontor\"},\"image\":{\"@id\":\"https:\/\/grontkontor.dk\/#\/schema\/logo\/image\/\"},\"sameAs\":[\"https:\/\/www.facebook.com\/grontkontor.dk\/\"]}]}<\/script>\n<!-- \/ Yoast SEO Premium plugin. -->","yoast_head_json":{"title":"Recycled cardboard notebook - Gr\u00f8nt Kontor","robots":{"index":"index","follow":"follow","max-snippet":"max-snippet:-1","max-image-preview":"max-image-preview:large","max-video-preview":"max-video-preview:-1"},"canonical":"https:\/\/grontkontor.dk\/en\/shop\/notesbog-i-genanvendt-pap\/","og_locale":"en_US","og_type":"article","og_title":"Recycled cardboard notebook","og_description":"Climate-friendly A5 hardcover notepad made from 100% recycled paper. Contains 120 unlined pages, also made of recycled paper. Available in the colours natural, green and black. A climate-friendly product perfect as a handout \/ giveaway for student fairs, conferences or other events. Available with logo printing. &nbsp;","og_url":"https:\/\/grontkontor.dk\/en\/shop\/notesbog-i-genanvendt-pap\/","og_site_name":"Gr\u00f8nt Kontor","article_publisher":"https:\/\/www.facebook.com\/grontkontor.dk\/","article_modified_time":"2025-01-17T12:19:56+00:00","og_image":[{"width":900,"height":639,"url":"https:\/\/grontkontor.dk\/wp-content\/uploads\/2024\/08\/Klimavenlig-notesbog-i-frugtpapir-collage.jpg","type":"image\/jpeg"}],"twitter_card":"summary_large_image","twitter_misc":{"Est. reading time":"1 minute"},"schema":{"@context":"https:\/\/schema.org","@graph":[{"@type":"WebPage","@id":"https:\/\/grontkontor.dk\/en\/shop\/notesbog-i-genanvendt-pap\/","url":"https:\/\/grontkontor.dk\/en\/shop\/notesbog-i-genanvendt-pap\/","name":"Recycled cardboard notebook - Gr\u00f8nt Kontor","isPartOf":{"@id":"https:\/\/grontkontor.dk\/#website"},"datePublished":"2024-12-18T11:57:34+00:00","dateModified":"2025-01-17T12:19:56+00:00","breadcrumb":{"@id":"https:\/\/grontkontor.dk\/en\/shop\/notesbog-i-genanvendt-pap\/#breadcrumb"},"inLanguage":"en-US","potentialAction":[{"@type":"ReadAction","target":["https:\/\/grontkontor.dk\/en\/shop\/notesbog-i-genanvendt-pap\/"]}]},{"@type":"BreadcrumbList","@id":"https:\/\/grontkontor.dk\/en\/shop\/notesbog-i-genanvendt-pap\/#breadcrumb","itemListElement":[{"@type":"ListItem","position":1,"name":"Forside","item":"https:\/\/grontkontor.dk\/"},{"@type":"ListItem","position":2,"name":"Shop","item":"https:\/\/grontkontor.dk\/en\/shop-2\/"},{"@type":"ListItem","position":3,"name":"Papir og blokke","item":"https:\/\/grontkontor.dk\/produkt-kategori\/papir\/"},{"@type":"ListItem","position":4,"name":"Memoblokke","item":"https:\/\/grontkontor.dk\/produkt-kategori\/papir\/memoblokke\/"},{"@type":"ListItem","position":5,"name":"Recycled cardboard notebook"}]},{"@type":"WebSite","@id":"https:\/\/grontkontor.dk\/#website","url":"https:\/\/grontkontor.dk\/","name":"Gr\u00f8nt Kontor","description":"Milj\u00f8venlige produkter til kontor og erhverv med fokus p\u00e5 b\u00e6redygtighed, design og fair trade.","publisher":{"@id":"https:\/\/grontkontor.dk\/#organization"},"potentialAction":[{"@type":"SearchAction","target":{"@type":"EntryPoint","urlTemplate":"https:\/\/grontkontor.dk\/?s={search_term_string}"},"query-input":"required name=search_term_string"}],"inLanguage":"en-US"},{"@type":"Organization","@id":"https:\/\/grontkontor.dk\/#organization","name":"Gr\u00f8nt Kontor","url":"https:\/\/grontkontor.dk\/","logo":{"@type":"ImageObject","inLanguage":"en-US","@id":"https:\/\/grontkontor.dk\/#\/schema\/logo\/image\/","url":"https:\/\/grontkontor.dk\/wp-content\/uploads\/2014\/02\/Logo_groent_kontor_300x80.png","contentUrl":"https:\/\/grontkontor.dk\/wp-content\/uploads\/2014\/02\/Logo_groent_kontor_300x80.png","width":300,"height":80,"caption":"Gr\u00f8nt Kontor"},"image":{"@id":"https:\/\/grontkontor.dk\/#\/schema\/logo\/image\/"},"sameAs":["https:\/\/www.facebook.com\/grontkontor.dk\/"]}]}},"_links":{"self":[{"href":"https:\/\/grontkontor.dk\/en\/wp-json\/wp\/v2\/product\/117592"}],"collection":[{"href":"https:\/\/grontkontor.dk\/en\/wp-json\/wp\/v2\/product"}],"about":[{"href":"https:\/\/grontkontor.dk\/en\/wp-json\/wp\/v2\/types\/product"}],"replies":[{"embeddable":true,"href":"https:\/\/grontkontor.dk\/en\/wp-json\/wp\/v2\/comments?post=117592"}],"wp:featuredmedia":[{"embeddable":true,"href":"https:\/\/grontkontor.dk\/en\/wp-json\/wp\/v2\/media\/117633"}],"wp:attachment":[{"href":"https:\/\/grontkontor.dk\/en\/wp-json\/wp\/v2\/media?parent=117592"}],"wp:term":[{"taxonomy":"product_cat","embeddable":true,"href":"https:\/\/grontkontor.dk\/en\/wp-json\/wp\/v2\/product_cat?post=117592"},{"taxonomy":"product_tag","embeddable":true,"href":"https:\/\/grontkontor.dk\/en\/wp-json\/wp\/v2\/product_tag?post=117592"}],"curies":[{"name":"wp","href":"https:\/\/api.w.org\/{rel}","templated":true}]}}