{"id":117775,"date":"2025-01-07T10:22:21","date_gmt":"2025-01-07T09:22:23","guid":{"rendered":"https:\/\/grontkontor.dk\/?post_type=product&#038;p=117775"},"modified":"2025-09-19T20:22:15","modified_gmt":"2025-09-19T18:22:15","slug":"mulepose-genanvendt-plast-70-gsm-m-u-tryk","status":"publish","type":"product","link":"https:\/\/grontkontor.dk\/en\/shop\/mulepose-genanvendt-plast-70-gsm-m-u-tryk\/","title":{"rendered":"Tote bag recycled plastic 70 gsm w\/o print"},"content":{"rendered":"<p data-start=\"320\" data-end=\"761\">A tote bag should be practical and preferably also climate-friendly, and this affordable shopping bag in rPET combines functionality with consideration for the environment. The bag is both recycled and recyclable, as it is made from recycled PET, making it an eco-friendly alternative to disposable carrier bags and plastic shopping bags. It is available in the colors black, blue, white and natural, and can be ordered with or without print, so it can be adapted to your company or event.  <\/p>\n<p data-start=\"763\" data-end=\"1073\">With long handles of 68 cm, the tote bag is easy to carry over the shoulder and can hold up to 5 kg, making it ideal as a shopping bag, carrier bag or as a budget-friendly gift bag. It is perfect as a shopping bag, for trade fairs, events and corporate gifts, where practicality and climate-friendliness must go hand in hand. <\/p>\n<p data-start=\"1075\" data-end=\"1440\">This climate-friendly tote bag is both durable and functional. It can be folded up and stored in the bag, making it ready to use, whether you need to shop for everyday life or use them as bags for larger events. Because it is recycled and recyclable, it can be used again and again, reducing waste and supporting eco-friendly choices.  <\/p>\n<p data-start=\"1442\" data-end=\"1734\">The tote bag can also be personalised with logo print on one or both sides, making it an effective promotional item or corporate gift. It combines a budget-friendly alternative with a strong climate-friendly signal that shows concern for the environment while meeting practical needs. <\/p>\n<p data-start=\"1736\" data-end=\"2020\">With this climate-friendly shopping bag in rPET, you get a carrier bag that is functional, durable and environmentally friendly. It works perfectly as a shopping bag, gift bag, handout or as a practical solution for events and fairs, and it sends a clear signal of responsibility and consideration for the environment. <\/p>\nrPET (recycled polyethylene) is a food-grade recyclable plastic that is typically made from recycled water bottles. rPET is \u2013 despite its fossil origin \u2013 a sustainable material. rPET has an extremely high carbon content, and therefore functions as an effective carbon depot throughout the lifespan of the product and recycled products. If plastic is not recycled, it will either break down into CO2 and contribute to the greenhouse effect, or end up as polluting waste. For every tonne of recycled plastic, 3.8 barrels of oil are saved. \n<p>&nbsp;<\/p>\n<img loading=\"lazy\" decoding=\"async\" src=\"https:\/\/grontkontor.dk\/wp-content\/uploads\/2021\/02\/genbrug.jpg\" alt=\"Fremstillet af genbrugsmaterialer\" width=\"50\" height=\"50\" class=\"size-full wp-image-23031\" srcset=\"https:\/\/grontkontor.dk\/wp-content\/uploads\/2021\/02\/genbrug.jpg 199w, https:\/\/grontkontor.dk\/wp-content\/uploads\/2021\/02\/genbrug-100x100.jpg 100w\" sizes=\"(max-width: 50px) 100vw, 50px\" \/>\n","protected":false},"excerpt":{"rendered":"<p>A tote bag should be practical and preferably also climate-friendly, and this affordable shopping bag in rPET combines functionality with consideration for the environment. The bag is both recycled and recyclable, as it is made from recycled PET, making it an eco-friendly alternative to disposable carrier bags and plastic shopping bags. It is available in [&hellip;]<\/p>\n","protected":false},"featured_media":117838,"comment_status":"closed","ping_status":"closed","template":"","meta":{"_acf_changed":false},"product_cat":[4445,1310,1311,1262,2106,2390],"product_tag":[1367,2969,4509,1370],"class_list":{"0":"post-117775","1":"product","2":"type-product","3":"status-publish","4":"has-post-thumbnail","6":"product_cat-gift-bags-and-gift-boxes","7":"product_cat-bags-and-covers","8":"product_cat-carrier-bag","9":"product_cat-sustainable-presents","10":"product_cat-dummy-moq-1-en","11":"product_cat-news","12":"product_tag-baerepose-en","13":"product_tag-recycled-en","14":"product_tag-recycled-cotton-en","15":"product_tag-mulepose-en","16":"tm-has-options","18":"first","19":"instock","20":"taxable","21":"shipping-taxable","22":"purchasable","23":"product-type-variable","24":"has-default-attributes"},"acf":[],"yoast_head":"<!-- This site is optimized with the Yoast SEO Premium plugin v21.2 (Yoast SEO v21.2) - https:\/\/yoast.com\/wordpress\/plugins\/seo\/ -->\n<title>Tote bag recycled plastic 70 gsm w\/o print - Gr\u00f8nt Kontor<\/title>\n<meta name=\"description\" content=\"Climate-friendly tote bag in rPET. Eco-friendly shopping bag with long handles. Perfect as a gift bag, shopping bag or handout with or without print.\" \/>\n<meta name=\"robots\" content=\"index, follow, max-snippet:-1, max-image-preview:large, max-video-preview:-1\" \/>\n<link rel=\"canonical\" href=\"https:\/\/grontkontor.dk\/en\/shop\/mulepose-genanvendt-plast-70-gsm-m-u-tryk\/\" \/>\n<meta property=\"og:locale\" content=\"en_US\" \/>\n<meta property=\"og:type\" content=\"article\" \/>\n<meta property=\"og:title\" content=\"Tote bag recycled plastic 70 gsm w\/o print\" \/>\n<meta property=\"og:description\" content=\"Climate-friendly tote bag in rPET. Eco-friendly shopping bag with long handles. Perfect as a gift bag, shopping bag or handout with or without print.\" \/>\n<meta property=\"og:url\" content=\"https:\/\/grontkontor.dk\/en\/shop\/mulepose-genanvendt-plast-70-gsm-m-u-tryk\/\" \/>\n<meta property=\"og:site_name\" content=\"Gr\u00f8nt Kontor\" \/>\n<meta property=\"article:publisher\" content=\"https:\/\/www.facebook.com\/grontkontor.dk\/\" \/>\n<meta property=\"article:modified_time\" content=\"2025-09-19T18:22:15+00:00\" \/>\n<meta property=\"og:image\" content=\"https:\/\/grontkontor.dk\/wp-content\/uploads\/2023\/09\/recycled-mulepose-bomuld-120-gsm-1.jpg\" \/>\n\t<meta property=\"og:image:width\" content=\"900\" \/>\n\t<meta property=\"og:image:height\" content=\"639\" \/>\n\t<meta property=\"og:image:type\" content=\"image\/jpeg\" \/>\n<meta name=\"twitter:card\" content=\"summary_large_image\" \/>\n<meta name=\"twitter:label1\" content=\"Est. reading time\" \/>\n\t<meta name=\"twitter:data1\" content=\"1 minute\" \/>\n<script type=\"application\/ld+json\" class=\"yoast-schema-graph\">{\"@context\":\"https:\/\/schema.org\",\"@graph\":[{\"@type\":\"WebPage\",\"@id\":\"https:\/\/grontkontor.dk\/en\/shop\/mulepose-genanvendt-plast-70-gsm-m-u-tryk\/\",\"url\":\"https:\/\/grontkontor.dk\/en\/shop\/mulepose-genanvendt-plast-70-gsm-m-u-tryk\/\",\"name\":\"Tote bag recycled plastic 70 gsm w\/o print - Gr\u00f8nt Kontor\",\"isPartOf\":{\"@id\":\"https:\/\/grontkontor.dk\/#website\"},\"datePublished\":\"2025-01-07T09:22:23+00:00\",\"dateModified\":\"2025-09-19T18:22:15+00:00\",\"description\":\"Climate-friendly tote bag in rPET. Eco-friendly shopping bag with long handles. Perfect as a gift bag, shopping bag or handout with or without print.\",\"breadcrumb\":{\"@id\":\"https:\/\/grontkontor.dk\/en\/shop\/mulepose-genanvendt-plast-70-gsm-m-u-tryk\/#breadcrumb\"},\"inLanguage\":\"en-US\",\"potentialAction\":[{\"@type\":\"ReadAction\",\"target\":[\"https:\/\/grontkontor.dk\/en\/shop\/mulepose-genanvendt-plast-70-gsm-m-u-tryk\/\"]}]},{\"@type\":\"BreadcrumbList\",\"@id\":\"https:\/\/grontkontor.dk\/en\/shop\/mulepose-genanvendt-plast-70-gsm-m-u-tryk\/#breadcrumb\",\"itemListElement\":[{\"@type\":\"ListItem\",\"position\":1,\"name\":\"Forside\",\"item\":\"https:\/\/grontkontor.dk\/\"},{\"@type\":\"ListItem\",\"position\":2,\"name\":\"Shop\",\"item\":\"https:\/\/grontkontor.dk\/en\/shop-2\/\"},{\"@type\":\"ListItem\",\"position\":3,\"name\":\"Dummy MOQ 1\",\"item\":\"https:\/\/grontkontor.dk\/produkt-kategori\/dummy-moq-1\/\"},{\"@type\":\"ListItem\",\"position\":4,\"name\":\"Tote bag recycled plastic 70 gsm w\/o print\"}]},{\"@type\":\"WebSite\",\"@id\":\"https:\/\/grontkontor.dk\/#website\",\"url\":\"https:\/\/grontkontor.dk\/\",\"name\":\"Gr\u00f8nt Kontor\",\"description\":\"Milj\u00f8venlige produkter til kontor og erhverv med fokus p\u00e5 b\u00e6redygtighed, design og fair trade.\",\"publisher\":{\"@id\":\"https:\/\/grontkontor.dk\/#organization\"},\"potentialAction\":[{\"@type\":\"SearchAction\",\"target\":{\"@type\":\"EntryPoint\",\"urlTemplate\":\"https:\/\/grontkontor.dk\/?s={search_term_string}\"},\"query-input\":\"required name=search_term_string\"}],\"inLanguage\":\"en-US\"},{\"@type\":\"Organization\",\"@id\":\"https:\/\/grontkontor.dk\/#organization\",\"name\":\"Gr\u00f8nt Kontor\",\"url\":\"https:\/\/grontkontor.dk\/\",\"logo\":{\"@type\":\"ImageObject\",\"inLanguage\":\"en-US\",\"@id\":\"https:\/\/grontkontor.dk\/#\/schema\/logo\/image\/\",\"url\":\"https:\/\/grontkontor.dk\/wp-content\/uploads\/2014\/02\/Logo_groent_kontor_300x80.png\",\"contentUrl\":\"https:\/\/grontkontor.dk\/wp-content\/uploads\/2014\/02\/Logo_groent_kontor_300x80.png\",\"width\":300,\"height\":80,\"caption\":\"Gr\u00f8nt Kontor\"},\"image\":{\"@id\":\"https:\/\/grontkontor.dk\/#\/schema\/logo\/image\/\"},\"sameAs\":[\"https:\/\/www.facebook.com\/grontkontor.dk\/\"]}]}<\/script>\n<!-- \/ Yoast SEO Premium plugin. -->","yoast_head_json":{"title":"Tote bag recycled plastic 70 gsm w\/o print - Gr\u00f8nt Kontor","description":"Climate-friendly tote bag in rPET. Eco-friendly shopping bag with long handles. Perfect as a gift bag, shopping bag or handout with or without print.","robots":{"index":"index","follow":"follow","max-snippet":"max-snippet:-1","max-image-preview":"max-image-preview:large","max-video-preview":"max-video-preview:-1"},"canonical":"https:\/\/grontkontor.dk\/en\/shop\/mulepose-genanvendt-plast-70-gsm-m-u-tryk\/","og_locale":"en_US","og_type":"article","og_title":"Tote bag recycled plastic 70 gsm w\/o print","og_description":"Climate-friendly tote bag in rPET. Eco-friendly shopping bag with long handles. Perfect as a gift bag, shopping bag or handout with or without print.","og_url":"https:\/\/grontkontor.dk\/en\/shop\/mulepose-genanvendt-plast-70-gsm-m-u-tryk\/","og_site_name":"Gr\u00f8nt Kontor","article_publisher":"https:\/\/www.facebook.com\/grontkontor.dk\/","article_modified_time":"2025-09-19T18:22:15+00:00","og_image":[{"width":900,"height":639,"url":"https:\/\/grontkontor.dk\/wp-content\/uploads\/2023\/09\/recycled-mulepose-bomuld-120-gsm-1.jpg","type":"image\/jpeg"}],"twitter_card":"summary_large_image","twitter_misc":{"Est. reading time":"1 minute"},"schema":{"@context":"https:\/\/schema.org","@graph":[{"@type":"WebPage","@id":"https:\/\/grontkontor.dk\/en\/shop\/mulepose-genanvendt-plast-70-gsm-m-u-tryk\/","url":"https:\/\/grontkontor.dk\/en\/shop\/mulepose-genanvendt-plast-70-gsm-m-u-tryk\/","name":"Tote bag recycled plastic 70 gsm w\/o print - Gr\u00f8nt Kontor","isPartOf":{"@id":"https:\/\/grontkontor.dk\/#website"},"datePublished":"2025-01-07T09:22:23+00:00","dateModified":"2025-09-19T18:22:15+00:00","description":"Climate-friendly tote bag in rPET. Eco-friendly shopping bag with long handles. Perfect as a gift bag, shopping bag or handout with or without print.","breadcrumb":{"@id":"https:\/\/grontkontor.dk\/en\/shop\/mulepose-genanvendt-plast-70-gsm-m-u-tryk\/#breadcrumb"},"inLanguage":"en-US","potentialAction":[{"@type":"ReadAction","target":["https:\/\/grontkontor.dk\/en\/shop\/mulepose-genanvendt-plast-70-gsm-m-u-tryk\/"]}]},{"@type":"BreadcrumbList","@id":"https:\/\/grontkontor.dk\/en\/shop\/mulepose-genanvendt-plast-70-gsm-m-u-tryk\/#breadcrumb","itemListElement":[{"@type":"ListItem","position":1,"name":"Forside","item":"https:\/\/grontkontor.dk\/"},{"@type":"ListItem","position":2,"name":"Shop","item":"https:\/\/grontkontor.dk\/en\/shop-2\/"},{"@type":"ListItem","position":3,"name":"Dummy MOQ 1","item":"https:\/\/grontkontor.dk\/produkt-kategori\/dummy-moq-1\/"},{"@type":"ListItem","position":4,"name":"Tote bag recycled plastic 70 gsm w\/o print"}]},{"@type":"WebSite","@id":"https:\/\/grontkontor.dk\/#website","url":"https:\/\/grontkontor.dk\/","name":"Gr\u00f8nt Kontor","description":"Milj\u00f8venlige produkter til kontor og erhverv med fokus p\u00e5 b\u00e6redygtighed, design og fair trade.","publisher":{"@id":"https:\/\/grontkontor.dk\/#organization"},"potentialAction":[{"@type":"SearchAction","target":{"@type":"EntryPoint","urlTemplate":"https:\/\/grontkontor.dk\/?s={search_term_string}"},"query-input":"required name=search_term_string"}],"inLanguage":"en-US"},{"@type":"Organization","@id":"https:\/\/grontkontor.dk\/#organization","name":"Gr\u00f8nt Kontor","url":"https:\/\/grontkontor.dk\/","logo":{"@type":"ImageObject","inLanguage":"en-US","@id":"https:\/\/grontkontor.dk\/#\/schema\/logo\/image\/","url":"https:\/\/grontkontor.dk\/wp-content\/uploads\/2014\/02\/Logo_groent_kontor_300x80.png","contentUrl":"https:\/\/grontkontor.dk\/wp-content\/uploads\/2014\/02\/Logo_groent_kontor_300x80.png","width":300,"height":80,"caption":"Gr\u00f8nt Kontor"},"image":{"@id":"https:\/\/grontkontor.dk\/#\/schema\/logo\/image\/"},"sameAs":["https:\/\/www.facebook.com\/grontkontor.dk\/"]}]}},"_links":{"self":[{"href":"https:\/\/grontkontor.dk\/en\/wp-json\/wp\/v2\/product\/117775"}],"collection":[{"href":"https:\/\/grontkontor.dk\/en\/wp-json\/wp\/v2\/product"}],"about":[{"href":"https:\/\/grontkontor.dk\/en\/wp-json\/wp\/v2\/types\/product"}],"replies":[{"embeddable":true,"href":"https:\/\/grontkontor.dk\/en\/wp-json\/wp\/v2\/comments?post=117775"}],"wp:featuredmedia":[{"embeddable":true,"href":"https:\/\/grontkontor.dk\/en\/wp-json\/wp\/v2\/media\/117838"}],"wp:attachment":[{"href":"https:\/\/grontkontor.dk\/en\/wp-json\/wp\/v2\/media?parent=117775"}],"wp:term":[{"taxonomy":"product_cat","embeddable":true,"href":"https:\/\/grontkontor.dk\/en\/wp-json\/wp\/v2\/product_cat?post=117775"},{"taxonomy":"product_tag","embeddable":true,"href":"https:\/\/grontkontor.dk\/en\/wp-json\/wp\/v2\/product_tag?post=117775"}],"curies":[{"name":"wp","href":"https:\/\/api.w.org\/{rel}","templated":true}]}}