{"id":118783,"date":"2024-12-05T13:49:21","date_gmt":"2025-01-17T12:19:14","guid":{"rendered":"https:\/\/grontkontor.dk\/shop\/vinterhue-i-oekologisk-bomuld\/"},"modified":"2025-11-06T11:27:52","modified_gmt":"2025-11-06T10:27:52","slug":"vinterhue-i-oekologisk-bomuld","status":"publish","type":"product","link":"https:\/\/grontkontor.dk\/en\/shop\/vinterhue-i-oekologisk-bomuld\/","title":{"rendered":"Beanie \/ beanie in organic cotton w\/o print"},"content":{"rendered":"<p>A climate-friendly beanie in organic cotton is a stylish and environmentally friendly solution when you want to combine comfort, quality and consideration for the environment. This soft hat is made of 100% organic cotton, which feels comfortable against the skin and at the same time gives a natural look. <\/p>\n<p>With its timeless design, this beanie is perfect for both everyday use, outdoor activities and as part of profile clothing for employees. It is available in black, gray, blue, and green colors, so you can choose the variant that best represents your brand or personal style. <\/p>\n<p>The beanie can be delivered with logo print or embroidery, making it an ideal corporate gift or promotional item. When your customers or employees wear a climate-friendly hat with your logo, you get effective exposure while supporting an eco-friendly profile. <\/p>\n<p>As a handout at fairs or events, this organic cotton beanie is a sure hit. It is functional, comfortable and a clear signal of concern for the climate.<br \/>\nBy choosing a climate-friendly beanie in organic cotton, you get a product that combines modern design, functionality and eco-friendly values \u2013 a hat that both warms and inspires. <\/p>\nAsk for a quotation for embroidery at <a class=\"light\" href=\"mailto:jens@grontkontor.dk\">jens@grontkontor.dk<\/a> \n<p>&nbsp;<\/p>\nCotton is a biodegradable, compostable natural product and one of the worlds oldest commercial and agricultural commodities. Organic cotton is grown from non-genetically modified seeds, and without the use of pesticides or other harmful chemicals. \nThe GOTS certification is a guarantee that your clothes are produced organically and environmentally correctly under proper wage and working conditions. \n<p>&nbsp;<\/p>\n<a href=\"https:\/\/www.eco-branding.dk\/miljoemaerkning\/gots.aspx\" rel=\"noopener\" target=\"_blank\"><img loading=\"lazy\" decoding=\"async\" class=\"size-full wp-image-12808\" src=\"https:\/\/grontkontor.dk\/wp-content\/uploads\/2019\/04\/gots-certificeret.jpg\" \n   alt=\"Gots certificeret - din garanti for, at produktet indeholder mindst 70% ?kologisk bomuld\"  description=\"Gots certificeret - din garanti for, at produktet indeholder mindst 70% ?kologisk bomuld\" width=\"50\" height=\"50\" \n\t border=0 \/><\/a>\n<p>&nbsp;<\/p>\n","protected":false},"excerpt":{"rendered":"<p>A climate-friendly beanie in organic cotton is a stylish and environmentally friendly solution when you want to combine comfort, quality and consideration for the environment. This soft hat is made of 100% organic cotton, which feels comfortable against the skin and at the same time gives a natural look. With its timeless design, this beanie [&hellip;]<\/p>\n","protected":false},"featured_media":117382,"comment_status":"closed","ping_status":"closed","template":"","meta":{"_acf_changed":false},"product_cat":[4889,2106,2390],"product_tag":[4513,1749],"class_list":{"0":"post-118783","1":"product","2":"type-product","3":"status-publish","4":"has-post-thumbnail","6":"product_cat-for-rain-and-cold","7":"product_cat-dummy-moq-1-en","8":"product_cat-news","9":"product_tag-cap-en","10":"product_tag-hovedbeklaedning-en","11":"tm-has-options","13":"first","14":"instock","15":"taxable","16":"shipping-taxable","17":"purchasable","18":"product-type-variable","19":"has-default-attributes"},"acf":[],"yoast_head":"<!-- This site is optimized with the Yoast SEO Premium plugin v21.2 (Yoast SEO v21.2) - https:\/\/yoast.com\/wordpress\/plugins\/seo\/ -->\n<title>Beanie \/ beanie in organic cotton w\/o print - Gr\u00f8nt Kontor<\/title>\n<meta name=\"description\" content=\"Climate-friendly beanie in 100% organic cotton. Eco-friendly hat in several colors, perfect for events and as a corporate gift. Available with logo print and embroidery.\" \/>\n<meta name=\"robots\" content=\"index, follow, max-snippet:-1, max-image-preview:large, max-video-preview:-1\" \/>\n<link rel=\"canonical\" href=\"https:\/\/grontkontor.dk\/en\/shop\/vinterhue-i-oekologisk-bomuld\/\" \/>\n<meta property=\"og:locale\" content=\"en_US\" \/>\n<meta property=\"og:type\" content=\"article\" \/>\n<meta property=\"og:title\" content=\"Beanie \/ beanie in organic cotton w\/o print\" \/>\n<meta property=\"og:description\" content=\"Climate-friendly beanie in 100% organic cotton. Eco-friendly hat in several colors, perfect for events and as a corporate gift. Available with logo print and embroidery.\" \/>\n<meta property=\"og:url\" content=\"https:\/\/grontkontor.dk\/en\/shop\/vinterhue-i-oekologisk-bomuld\/\" \/>\n<meta property=\"og:site_name\" content=\"Gr\u00f8nt Kontor\" \/>\n<meta property=\"article:publisher\" content=\"https:\/\/www.facebook.com\/grontkontor.dk\/\" \/>\n<meta property=\"article:modified_time\" content=\"2025-11-06T10:27:52+00:00\" \/>\n<meta property=\"og:image\" content=\"https:\/\/grontkontor.dk\/wp-content\/uploads\/2024\/12\/Klimavenlig-hue-i-oekologisk-bomuld-collage.jpg\" \/>\n\t<meta property=\"og:image:width\" content=\"900\" \/>\n\t<meta property=\"og:image:height\" content=\"639\" \/>\n\t<meta property=\"og:image:type\" content=\"image\/jpeg\" \/>\n<meta name=\"twitter:card\" content=\"summary_large_image\" \/>\n<meta name=\"twitter:label1\" content=\"Est. reading time\" \/>\n\t<meta name=\"twitter:data1\" content=\"1 minute\" \/>\n<script type=\"application\/ld+json\" class=\"yoast-schema-graph\">{\"@context\":\"https:\/\/schema.org\",\"@graph\":[{\"@type\":\"WebPage\",\"@id\":\"https:\/\/grontkontor.dk\/en\/shop\/vinterhue-i-oekologisk-bomuld\/\",\"url\":\"https:\/\/grontkontor.dk\/en\/shop\/vinterhue-i-oekologisk-bomuld\/\",\"name\":\"Beanie \/ beanie in organic cotton w\/o print - Gr\u00f8nt Kontor\",\"isPartOf\":{\"@id\":\"https:\/\/grontkontor.dk\/#website\"},\"datePublished\":\"2025-01-17T12:19:14+00:00\",\"dateModified\":\"2025-11-06T10:27:52+00:00\",\"description\":\"Climate-friendly beanie in 100% organic cotton. Eco-friendly hat in several colors, perfect for events and as a corporate gift. Available with logo print and embroidery.\",\"breadcrumb\":{\"@id\":\"https:\/\/grontkontor.dk\/en\/shop\/vinterhue-i-oekologisk-bomuld\/#breadcrumb\"},\"inLanguage\":\"en-US\",\"potentialAction\":[{\"@type\":\"ReadAction\",\"target\":[\"https:\/\/grontkontor.dk\/en\/shop\/vinterhue-i-oekologisk-bomuld\/\"]}]},{\"@type\":\"BreadcrumbList\",\"@id\":\"https:\/\/grontkontor.dk\/en\/shop\/vinterhue-i-oekologisk-bomuld\/#breadcrumb\",\"itemListElement\":[{\"@type\":\"ListItem\",\"position\":1,\"name\":\"Forside\",\"item\":\"https:\/\/grontkontor.dk\/\"},{\"@type\":\"ListItem\",\"position\":2,\"name\":\"Shop\",\"item\":\"https:\/\/grontkontor.dk\/en\/shop-2\/\"},{\"@type\":\"ListItem\",\"position\":3,\"name\":\"For rain and cold\",\"item\":\"https:\/\/grontkontor.dk\/en\/produkt-kategori\/for-rain-and-cold\/\"},{\"@type\":\"ListItem\",\"position\":4,\"name\":\"Beanie \/ beanie in organic cotton w\/o print\"}]},{\"@type\":\"WebSite\",\"@id\":\"https:\/\/grontkontor.dk\/#website\",\"url\":\"https:\/\/grontkontor.dk\/\",\"name\":\"Gr\u00f8nt Kontor\",\"description\":\"Milj\u00f8venlige produkter til kontor og erhverv med fokus p\u00e5 b\u00e6redygtighed, design og fair trade.\",\"publisher\":{\"@id\":\"https:\/\/grontkontor.dk\/#organization\"},\"potentialAction\":[{\"@type\":\"SearchAction\",\"target\":{\"@type\":\"EntryPoint\",\"urlTemplate\":\"https:\/\/grontkontor.dk\/?s={search_term_string}\"},\"query-input\":\"required name=search_term_string\"}],\"inLanguage\":\"en-US\"},{\"@type\":\"Organization\",\"@id\":\"https:\/\/grontkontor.dk\/#organization\",\"name\":\"Gr\u00f8nt Kontor\",\"url\":\"https:\/\/grontkontor.dk\/\",\"logo\":{\"@type\":\"ImageObject\",\"inLanguage\":\"en-US\",\"@id\":\"https:\/\/grontkontor.dk\/#\/schema\/logo\/image\/\",\"url\":\"https:\/\/grontkontor.dk\/wp-content\/uploads\/2014\/02\/Logo_groent_kontor_300x80.png\",\"contentUrl\":\"https:\/\/grontkontor.dk\/wp-content\/uploads\/2014\/02\/Logo_groent_kontor_300x80.png\",\"width\":300,\"height\":80,\"caption\":\"Gr\u00f8nt Kontor\"},\"image\":{\"@id\":\"https:\/\/grontkontor.dk\/#\/schema\/logo\/image\/\"},\"sameAs\":[\"https:\/\/www.facebook.com\/grontkontor.dk\/\"]}]}<\/script>\n<!-- \/ Yoast SEO Premium plugin. -->","yoast_head_json":{"title":"Beanie \/ beanie in organic cotton w\/o print - Gr\u00f8nt Kontor","description":"Climate-friendly beanie in 100% organic cotton. Eco-friendly hat in several colors, perfect for events and as a corporate gift. Available with logo print and embroidery.","robots":{"index":"index","follow":"follow","max-snippet":"max-snippet:-1","max-image-preview":"max-image-preview:large","max-video-preview":"max-video-preview:-1"},"canonical":"https:\/\/grontkontor.dk\/en\/shop\/vinterhue-i-oekologisk-bomuld\/","og_locale":"en_US","og_type":"article","og_title":"Beanie \/ beanie in organic cotton w\/o print","og_description":"Climate-friendly beanie in 100% organic cotton. Eco-friendly hat in several colors, perfect for events and as a corporate gift. Available with logo print and embroidery.","og_url":"https:\/\/grontkontor.dk\/en\/shop\/vinterhue-i-oekologisk-bomuld\/","og_site_name":"Gr\u00f8nt Kontor","article_publisher":"https:\/\/www.facebook.com\/grontkontor.dk\/","article_modified_time":"2025-11-06T10:27:52+00:00","og_image":[{"width":900,"height":639,"url":"https:\/\/grontkontor.dk\/wp-content\/uploads\/2024\/12\/Klimavenlig-hue-i-oekologisk-bomuld-collage.jpg","type":"image\/jpeg"}],"twitter_card":"summary_large_image","twitter_misc":{"Est. reading time":"1 minute"},"schema":{"@context":"https:\/\/schema.org","@graph":[{"@type":"WebPage","@id":"https:\/\/grontkontor.dk\/en\/shop\/vinterhue-i-oekologisk-bomuld\/","url":"https:\/\/grontkontor.dk\/en\/shop\/vinterhue-i-oekologisk-bomuld\/","name":"Beanie \/ beanie in organic cotton w\/o print - Gr\u00f8nt Kontor","isPartOf":{"@id":"https:\/\/grontkontor.dk\/#website"},"datePublished":"2025-01-17T12:19:14+00:00","dateModified":"2025-11-06T10:27:52+00:00","description":"Climate-friendly beanie in 100% organic cotton. Eco-friendly hat in several colors, perfect for events and as a corporate gift. Available with logo print and embroidery.","breadcrumb":{"@id":"https:\/\/grontkontor.dk\/en\/shop\/vinterhue-i-oekologisk-bomuld\/#breadcrumb"},"inLanguage":"en-US","potentialAction":[{"@type":"ReadAction","target":["https:\/\/grontkontor.dk\/en\/shop\/vinterhue-i-oekologisk-bomuld\/"]}]},{"@type":"BreadcrumbList","@id":"https:\/\/grontkontor.dk\/en\/shop\/vinterhue-i-oekologisk-bomuld\/#breadcrumb","itemListElement":[{"@type":"ListItem","position":1,"name":"Forside","item":"https:\/\/grontkontor.dk\/"},{"@type":"ListItem","position":2,"name":"Shop","item":"https:\/\/grontkontor.dk\/en\/shop-2\/"},{"@type":"ListItem","position":3,"name":"For rain and cold","item":"https:\/\/grontkontor.dk\/en\/produkt-kategori\/for-rain-and-cold\/"},{"@type":"ListItem","position":4,"name":"Beanie \/ beanie in organic cotton w\/o print"}]},{"@type":"WebSite","@id":"https:\/\/grontkontor.dk\/#website","url":"https:\/\/grontkontor.dk\/","name":"Gr\u00f8nt Kontor","description":"Milj\u00f8venlige produkter til kontor og erhverv med fokus p\u00e5 b\u00e6redygtighed, design og fair trade.","publisher":{"@id":"https:\/\/grontkontor.dk\/#organization"},"potentialAction":[{"@type":"SearchAction","target":{"@type":"EntryPoint","urlTemplate":"https:\/\/grontkontor.dk\/?s={search_term_string}"},"query-input":"required name=search_term_string"}],"inLanguage":"en-US"},{"@type":"Organization","@id":"https:\/\/grontkontor.dk\/#organization","name":"Gr\u00f8nt Kontor","url":"https:\/\/grontkontor.dk\/","logo":{"@type":"ImageObject","inLanguage":"en-US","@id":"https:\/\/grontkontor.dk\/#\/schema\/logo\/image\/","url":"https:\/\/grontkontor.dk\/wp-content\/uploads\/2014\/02\/Logo_groent_kontor_300x80.png","contentUrl":"https:\/\/grontkontor.dk\/wp-content\/uploads\/2014\/02\/Logo_groent_kontor_300x80.png","width":300,"height":80,"caption":"Gr\u00f8nt Kontor"},"image":{"@id":"https:\/\/grontkontor.dk\/#\/schema\/logo\/image\/"},"sameAs":["https:\/\/www.facebook.com\/grontkontor.dk\/"]}]}},"_links":{"self":[{"href":"https:\/\/grontkontor.dk\/en\/wp-json\/wp\/v2\/product\/118783"}],"collection":[{"href":"https:\/\/grontkontor.dk\/en\/wp-json\/wp\/v2\/product"}],"about":[{"href":"https:\/\/grontkontor.dk\/en\/wp-json\/wp\/v2\/types\/product"}],"replies":[{"embeddable":true,"href":"https:\/\/grontkontor.dk\/en\/wp-json\/wp\/v2\/comments?post=118783"}],"wp:featuredmedia":[{"embeddable":true,"href":"https:\/\/grontkontor.dk\/en\/wp-json\/wp\/v2\/media\/117382"}],"wp:attachment":[{"href":"https:\/\/grontkontor.dk\/en\/wp-json\/wp\/v2\/media?parent=118783"}],"wp:term":[{"taxonomy":"product_cat","embeddable":true,"href":"https:\/\/grontkontor.dk\/en\/wp-json\/wp\/v2\/product_cat?post=118783"},{"taxonomy":"product_tag","embeddable":true,"href":"https:\/\/grontkontor.dk\/en\/wp-json\/wp\/v2\/product_tag?post=118783"}],"curies":[{"name":"wp","href":"https:\/\/api.w.org\/{rel}","templated":true}]}}