{"id":119301,"date":"2025-01-29T10:35:12","date_gmt":"2025-01-29T09:35:13","guid":{"rendered":"https:\/\/grontkontor.dk\/?post_type=product&#038;p=119301"},"modified":"2025-02-21T02:54:42","modified_gmt":"2025-02-21T01:54:42","slug":"to-go-kop-i-glas-og-bambus-med-mobilholder","status":"publish","type":"product","link":"https:\/\/grontkontor.dk\/en\/shop\/to-go-kop-i-glas-og-bambus-med-mobilholder\/","title":{"rendered":"To-go cup in glass and bamboo with mobile holder"},"content":{"rendered":"<p>To-go cup in glass with lid and cover in bamboo. Like all our other cups, BPA free and approved for food contact.<\/p>\n<p>A delicious product, perfect for corporate gifts or handouts for fairs, events or outdoor events.<\/p>\nBamboo is an extremely sustainable material, and one of the fastest growing plants in the world, which means rapid regeneration when harvested. Bamboo is grown without pesticides or artificial fertilizers and, like other natural products, functions as a CO2 depot throughout the products lifetime. \n<p>&nbsp;<\/p>\n<img loading=\"lazy\" decoding=\"async\" src=\"https:\/\/grontkontor.dk\/wp-content\/uploads\/2021\/02\/genbrug.jpg\" alt=\"Fremstillet af genbrugsmaterialer\" width=\"50\" height=\"50\" class=\"size-full wp-image-23031\" srcset=\"https:\/\/grontkontor.dk\/wp-content\/uploads\/2021\/02\/genbrug.jpg 199w, https:\/\/grontkontor.dk\/wp-content\/uploads\/2021\/02\/genbrug-100x100.jpg 100w\" sizes=\"(max-width: 50px) 100vw, 50px\" \/>\n<p>&nbsp;<\/p>\n","protected":false},"excerpt":{"rendered":"<p>To-go cup in glass with lid and cover in bamboo. Like all our other cups, BPA free and approved for food contact. A delicious product, perfect for corporate gifts or handouts for fairs, events or outdoor events. &nbsp; &nbsp;<\/p>\n","protected":false},"featured_media":119373,"comment_status":"closed","ping_status":"closed","template":"","meta":{"_acf_changed":false},"product_cat":[2106,2232,2390,1953],"product_tag":[1906,1908],"class_list":{"0":"post-119301","1":"product","2":"type-product","3":"status-publish","4":"has-post-thumbnail","6":"product_cat-dummy-moq-1-en","7":"product_cat-food-and-drinkware","8":"product_cat-news","9":"product_cat-to-go-cups-and-mugs","10":"product_tag-krus-en","11":"product_tag-termokrus-en","12":"pa_farve-black","13":"pa_farve-blue","14":"pa_farve-green-en","15":"pa_farve-red-en","16":"pa_farve-white-en","17":"tm-has-options","19":"first","20":"instock","21":"featured","22":"taxable","23":"shipping-taxable","24":"purchasable","25":"product-type-simple"},"acf":[],"yoast_head":"<!-- This site is optimized with the Yoast SEO Premium plugin v21.2 (Yoast SEO v21.2) - https:\/\/yoast.com\/wordpress\/plugins\/seo\/ -->\n<title>To-go cup in glass and bamboo with mobile holder - Gr\u00f8nt Kontor<\/title>\n<meta name=\"robots\" content=\"index, follow, max-snippet:-1, max-image-preview:large, max-video-preview:-1\" \/>\n<link rel=\"canonical\" href=\"https:\/\/grontkontor.dk\/en\/shop\/to-go-kop-i-glas-og-bambus-med-mobilholder\/\" \/>\n<meta property=\"og:locale\" content=\"en_US\" \/>\n<meta property=\"og:type\" content=\"article\" \/>\n<meta property=\"og:title\" content=\"To-go cup in glass and bamboo with mobile holder\" \/>\n<meta property=\"og:description\" content=\"To-go cup in glass with lid and cover in bamboo. Like all our other cups, BPA free and approved for food contact. A delicious product, perfect for corporate gifts or handouts for fairs, events or outdoor events. &nbsp; &nbsp;\" \/>\n<meta property=\"og:url\" content=\"https:\/\/grontkontor.dk\/en\/shop\/to-go-kop-i-glas-og-bambus-med-mobilholder\/\" \/>\n<meta property=\"og:site_name\" content=\"Gr\u00f8nt Kontor\" \/>\n<meta property=\"article:publisher\" content=\"https:\/\/www.facebook.com\/grontkontor.dk\/\" \/>\n<meta property=\"article:modified_time\" content=\"2025-02-21T01:54:42+00:00\" \/>\n<meta property=\"og:image\" content=\"https:\/\/grontkontor.dk\/wp-content\/uploads\/2025\/01\/Klimavenlig-to-go-kop-i-glas-og-bambus.jpg\" \/>\n\t<meta property=\"og:image:width\" content=\"900\" \/>\n\t<meta property=\"og:image:height\" content=\"639\" \/>\n\t<meta property=\"og:image:type\" content=\"image\/jpeg\" \/>\n<meta name=\"twitter:card\" content=\"summary_large_image\" \/>\n<meta name=\"twitter:label1\" content=\"Est. reading time\" \/>\n\t<meta name=\"twitter:data1\" content=\"1 minute\" \/>\n<script type=\"application\/ld+json\" class=\"yoast-schema-graph\">{\"@context\":\"https:\/\/schema.org\",\"@graph\":[{\"@type\":\"WebPage\",\"@id\":\"https:\/\/grontkontor.dk\/en\/shop\/to-go-kop-i-glas-og-bambus-med-mobilholder\/\",\"url\":\"https:\/\/grontkontor.dk\/en\/shop\/to-go-kop-i-glas-og-bambus-med-mobilholder\/\",\"name\":\"To-go cup in glass and bamboo with mobile holder - Gr\u00f8nt Kontor\",\"isPartOf\":{\"@id\":\"https:\/\/grontkontor.dk\/#website\"},\"datePublished\":\"2025-01-29T09:35:13+00:00\",\"dateModified\":\"2025-02-21T01:54:42+00:00\",\"breadcrumb\":{\"@id\":\"https:\/\/grontkontor.dk\/en\/shop\/to-go-kop-i-glas-og-bambus-med-mobilholder\/#breadcrumb\"},\"inLanguage\":\"en-US\",\"potentialAction\":[{\"@type\":\"ReadAction\",\"target\":[\"https:\/\/grontkontor.dk\/en\/shop\/to-go-kop-i-glas-og-bambus-med-mobilholder\/\"]}]},{\"@type\":\"BreadcrumbList\",\"@id\":\"https:\/\/grontkontor.dk\/en\/shop\/to-go-kop-i-glas-og-bambus-med-mobilholder\/#breadcrumb\",\"itemListElement\":[{\"@type\":\"ListItem\",\"position\":1,\"name\":\"Forside\",\"item\":\"https:\/\/grontkontor.dk\/\"},{\"@type\":\"ListItem\",\"position\":2,\"name\":\"Shop\",\"item\":\"https:\/\/grontkontor.dk\/en\/shop-2\/\"},{\"@type\":\"ListItem\",\"position\":3,\"name\":\"Mad og drikke\",\"item\":\"https:\/\/grontkontor.dk\/produkt-kategori\/mad-og-drikke\/\"},{\"@type\":\"ListItem\",\"position\":4,\"name\":\"Krus, kopper mm.\",\"item\":\"https:\/\/grontkontor.dk\/produkt-kategori\/mad-og-drikke\/to-go-krus-og-kopper\/\"},{\"@type\":\"ListItem\",\"position\":5,\"name\":\"To-go cup in glass and bamboo with mobile holder\"}]},{\"@type\":\"WebSite\",\"@id\":\"https:\/\/grontkontor.dk\/#website\",\"url\":\"https:\/\/grontkontor.dk\/\",\"name\":\"Gr\u00f8nt Kontor\",\"description\":\"Milj\u00f8venlige produkter til kontor og erhverv med fokus p\u00e5 b\u00e6redygtighed, design og fair trade.\",\"publisher\":{\"@id\":\"https:\/\/grontkontor.dk\/#organization\"},\"potentialAction\":[{\"@type\":\"SearchAction\",\"target\":{\"@type\":\"EntryPoint\",\"urlTemplate\":\"https:\/\/grontkontor.dk\/?s={search_term_string}\"},\"query-input\":\"required name=search_term_string\"}],\"inLanguage\":\"en-US\"},{\"@type\":\"Organization\",\"@id\":\"https:\/\/grontkontor.dk\/#organization\",\"name\":\"Gr\u00f8nt Kontor\",\"url\":\"https:\/\/grontkontor.dk\/\",\"logo\":{\"@type\":\"ImageObject\",\"inLanguage\":\"en-US\",\"@id\":\"https:\/\/grontkontor.dk\/#\/schema\/logo\/image\/\",\"url\":\"https:\/\/grontkontor.dk\/wp-content\/uploads\/2014\/02\/Logo_groent_kontor_300x80.png\",\"contentUrl\":\"https:\/\/grontkontor.dk\/wp-content\/uploads\/2014\/02\/Logo_groent_kontor_300x80.png\",\"width\":300,\"height\":80,\"caption\":\"Gr\u00f8nt Kontor\"},\"image\":{\"@id\":\"https:\/\/grontkontor.dk\/#\/schema\/logo\/image\/\"},\"sameAs\":[\"https:\/\/www.facebook.com\/grontkontor.dk\/\"]}]}<\/script>\n<!-- \/ Yoast SEO Premium plugin. -->","yoast_head_json":{"title":"To-go cup in glass and bamboo with mobile holder - Gr\u00f8nt Kontor","robots":{"index":"index","follow":"follow","max-snippet":"max-snippet:-1","max-image-preview":"max-image-preview:large","max-video-preview":"max-video-preview:-1"},"canonical":"https:\/\/grontkontor.dk\/en\/shop\/to-go-kop-i-glas-og-bambus-med-mobilholder\/","og_locale":"en_US","og_type":"article","og_title":"To-go cup in glass and bamboo with mobile holder","og_description":"To-go cup in glass with lid and cover in bamboo. Like all our other cups, BPA free and approved for food contact. A delicious product, perfect for corporate gifts or handouts for fairs, events or outdoor events. &nbsp; &nbsp;","og_url":"https:\/\/grontkontor.dk\/en\/shop\/to-go-kop-i-glas-og-bambus-med-mobilholder\/","og_site_name":"Gr\u00f8nt Kontor","article_publisher":"https:\/\/www.facebook.com\/grontkontor.dk\/","article_modified_time":"2025-02-21T01:54:42+00:00","og_image":[{"width":900,"height":639,"url":"https:\/\/grontkontor.dk\/wp-content\/uploads\/2025\/01\/Klimavenlig-to-go-kop-i-glas-og-bambus.jpg","type":"image\/jpeg"}],"twitter_card":"summary_large_image","twitter_misc":{"Est. reading time":"1 minute"},"schema":{"@context":"https:\/\/schema.org","@graph":[{"@type":"WebPage","@id":"https:\/\/grontkontor.dk\/en\/shop\/to-go-kop-i-glas-og-bambus-med-mobilholder\/","url":"https:\/\/grontkontor.dk\/en\/shop\/to-go-kop-i-glas-og-bambus-med-mobilholder\/","name":"To-go cup in glass and bamboo with mobile holder - Gr\u00f8nt Kontor","isPartOf":{"@id":"https:\/\/grontkontor.dk\/#website"},"datePublished":"2025-01-29T09:35:13+00:00","dateModified":"2025-02-21T01:54:42+00:00","breadcrumb":{"@id":"https:\/\/grontkontor.dk\/en\/shop\/to-go-kop-i-glas-og-bambus-med-mobilholder\/#breadcrumb"},"inLanguage":"en-US","potentialAction":[{"@type":"ReadAction","target":["https:\/\/grontkontor.dk\/en\/shop\/to-go-kop-i-glas-og-bambus-med-mobilholder\/"]}]},{"@type":"BreadcrumbList","@id":"https:\/\/grontkontor.dk\/en\/shop\/to-go-kop-i-glas-og-bambus-med-mobilholder\/#breadcrumb","itemListElement":[{"@type":"ListItem","position":1,"name":"Forside","item":"https:\/\/grontkontor.dk\/"},{"@type":"ListItem","position":2,"name":"Shop","item":"https:\/\/grontkontor.dk\/en\/shop-2\/"},{"@type":"ListItem","position":3,"name":"Mad og drikke","item":"https:\/\/grontkontor.dk\/produkt-kategori\/mad-og-drikke\/"},{"@type":"ListItem","position":4,"name":"Krus, kopper mm.","item":"https:\/\/grontkontor.dk\/produkt-kategori\/mad-og-drikke\/to-go-krus-og-kopper\/"},{"@type":"ListItem","position":5,"name":"To-go cup in glass and bamboo with mobile holder"}]},{"@type":"WebSite","@id":"https:\/\/grontkontor.dk\/#website","url":"https:\/\/grontkontor.dk\/","name":"Gr\u00f8nt Kontor","description":"Milj\u00f8venlige produkter til kontor og erhverv med fokus p\u00e5 b\u00e6redygtighed, design og fair trade.","publisher":{"@id":"https:\/\/grontkontor.dk\/#organization"},"potentialAction":[{"@type":"SearchAction","target":{"@type":"EntryPoint","urlTemplate":"https:\/\/grontkontor.dk\/?s={search_term_string}"},"query-input":"required name=search_term_string"}],"inLanguage":"en-US"},{"@type":"Organization","@id":"https:\/\/grontkontor.dk\/#organization","name":"Gr\u00f8nt Kontor","url":"https:\/\/grontkontor.dk\/","logo":{"@type":"ImageObject","inLanguage":"en-US","@id":"https:\/\/grontkontor.dk\/#\/schema\/logo\/image\/","url":"https:\/\/grontkontor.dk\/wp-content\/uploads\/2014\/02\/Logo_groent_kontor_300x80.png","contentUrl":"https:\/\/grontkontor.dk\/wp-content\/uploads\/2014\/02\/Logo_groent_kontor_300x80.png","width":300,"height":80,"caption":"Gr\u00f8nt Kontor"},"image":{"@id":"https:\/\/grontkontor.dk\/#\/schema\/logo\/image\/"},"sameAs":["https:\/\/www.facebook.com\/grontkontor.dk\/"]}]}},"_links":{"self":[{"href":"https:\/\/grontkontor.dk\/en\/wp-json\/wp\/v2\/product\/119301"}],"collection":[{"href":"https:\/\/grontkontor.dk\/en\/wp-json\/wp\/v2\/product"}],"about":[{"href":"https:\/\/grontkontor.dk\/en\/wp-json\/wp\/v2\/types\/product"}],"replies":[{"embeddable":true,"href":"https:\/\/grontkontor.dk\/en\/wp-json\/wp\/v2\/comments?post=119301"}],"wp:featuredmedia":[{"embeddable":true,"href":"https:\/\/grontkontor.dk\/en\/wp-json\/wp\/v2\/media\/119373"}],"wp:attachment":[{"href":"https:\/\/grontkontor.dk\/en\/wp-json\/wp\/v2\/media?parent=119301"}],"wp:term":[{"taxonomy":"product_cat","embeddable":true,"href":"https:\/\/grontkontor.dk\/en\/wp-json\/wp\/v2\/product_cat?post=119301"},{"taxonomy":"product_tag","embeddable":true,"href":"https:\/\/grontkontor.dk\/en\/wp-json\/wp\/v2\/product_tag?post=119301"}],"curies":[{"name":"wp","href":"https:\/\/api.w.org\/{rel}","templated":true}]}}