{"id":119405,"date":"2025-01-30T14:01:45","date_gmt":"2025-01-30T13:01:45","guid":{"rendered":"https:\/\/grontkontor.dk\/?post_type=product&#038;p=119405"},"modified":"2025-11-06T11:19:15","modified_gmt":"2025-11-06T10:19:15","slug":"svedbaand-i-rpet","status":"publish","type":"product","link":"https:\/\/grontkontor.dk\/en\/shop\/svedbaand-i-rpet\/","title":{"rendered":"Sweatband in rPET w\/o print"},"content":{"rendered":"<p data-start=\"102\" data-end=\"403\">A climate-friendly sweatband with a built-in zipper pocket is a smart and eco-friendly solution that combines functionality with comfort. Made from recycled plastic, this sweat bracelet gives the material a new life and thus becomes a climate-friendly choice that is both practical and signals consideration for the environment. <\/p>\n<p data-start=\"405\" data-end=\"761\">The sweatband is stretchy, soft and comfortable to wear during exercise, sports and outdoor activities. The small zippered pocket is perfect for storing a key, coins, or other small items, so you can move freely without having to worry about pockets or bags. This makes the sweatband more than just an accessory \u2013 it&#8217;s a practical tool in everyday life.  <\/p>\n<p data-start=\"763\" data-end=\"1040\">The eco-friendly sweatbands are available in the colors black, red, yellow, pink and blue, so you can choose exactly the variant that suits your brand or event. With the option of logo printing, they become an effective promotional product, where your logo is displayed every time the sweatband is used. <\/p>\n<p data-start=\"1042\" data-end=\"1282\">Climate-friendly sweatbands are obvious choices as giveaways for trade fairs, corporate events or sporting events. They combine high utility value with a clear green signal, making them a promotional item that is both remembered and used again and again. <\/p>\n<p data-start=\"1284\" data-end=\"1456\">When you choose an eco-friendly sweat bracelet with a practical zipper pocket, you get a functional product that supports climate-friendly values and at the same time provides maximum practical usefulness.<\/p>\nrPET (recycled polyethylene) is a food-grade recyclable plastic that is typically made from recycled water bottles. rPET is \u2013 despite its fossil origin \u2013 a sustainable material. rPET has an extremely high carbon content, and therefore functions as an effective carbon depot throughout the lifespan of the product and recycled products. If plastic is not recycled, it will either break down into CO2 and contribute to the greenhouse effect, or end up as polluting waste. For every tonne of recycled plastic, 3.8 barrels of oil are saved. \nThe Global Recycled Standard certification ensures that at least 50% of material is recycled in a final product. GRS also guarantees good working conditions and minimal content of harmful chemicals. \n<p>&nbsp;<\/p>\n<p><img loading=\"lazy\" decoding=\"async\" src=\"https:\/\/grontkontor.dk\/wp-content\/uploads\/2021\/02\/genbrug.jpg\" alt=\"Fremstillet af genbrugsmaterialer\" width=\"50\" height=\"50\" class=\"size-full wp-image-23031\" srcset=\"https:\/\/grontkontor.dk\/wp-content\/uploads\/2021\/02\/genbrug.jpg 199w, https:\/\/grontkontor.dk\/wp-content\/uploads\/2021\/02\/genbrug-100x100.jpg 100w\" sizes=\"(max-width: 50px) 100vw, 50px\" \/><a href=\"https:\/\/textileexchange.org\/standards\/recycled-claim-standard-global-recycled-standard\/\"><img loading=\"lazy\" decoding=\"async\" src=\"https:\/\/grontkontor.dk\/wp-content\/uploads\/2021\/06\/global-recycled-standard-1.jpg\" alt=\"Global recycled standard\" width=\"50\" height=\"50\" class=\"size-full wp-image-25504\" \/> <\/a><\/p>\n<p>&nbsp;<\/p>\n<p>&nbsp;<\/p>\n","protected":false},"excerpt":{"rendered":"<p>A climate-friendly sweatband with a built-in zipper pocket is a smart and eco-friendly solution that combines functionality with comfort. Made from recycled plastic, this sweat bracelet gives the material a new life and thus becomes a climate-friendly choice that is both practical and signals consideration for the environment. The sweatband is stretchy, soft and comfortable [&hellip;]<\/p>\n","protected":false},"featured_media":119460,"comment_status":"closed","ping_status":"closed","template":"","meta":{"_acf_changed":false},"product_cat":[2431,2106,2390],"product_tag":[2951],"class_list":{"0":"post-119405","1":"product","2":"type-product","3":"status-publish","4":"has-post-thumbnail","6":"product_cat-beklaedning-en","7":"product_cat-dummy-moq-1-en","8":"product_cat-news","9":"product_tag-apparel","10":"pa_farve-black","11":"pa_farve-blue","12":"pa_farve-pink","13":"pa_farve-red-en","14":"pa_farve-yellow-en","15":"tm-has-options","17":"first","18":"instock","19":"taxable","20":"shipping-taxable","21":"purchasable","22":"product-type-variable","23":"has-default-attributes"},"acf":[],"yoast_head":"<!-- This site is optimized with the Yoast SEO Premium plugin v21.2 (Yoast SEO v21.2) - https:\/\/yoast.com\/wordpress\/plugins\/seo\/ -->\n<title>Sweatband in rPET w\/o print - Gr\u00f8nt Kontor<\/title>\n<meta name=\"description\" content=\"Climate-friendly sweatband in recycled plastic with built-in zipper pocket. Eco-friendly solution for sports and events. Available in several colors with logo print.\" \/>\n<meta name=\"robots\" content=\"index, follow, max-snippet:-1, max-image-preview:large, max-video-preview:-1\" \/>\n<link rel=\"canonical\" href=\"https:\/\/grontkontor.dk\/en\/shop\/svedbaand-i-rpet\/\" \/>\n<meta property=\"og:locale\" content=\"en_US\" \/>\n<meta property=\"og:type\" content=\"article\" \/>\n<meta property=\"og:title\" content=\"Sweatband in rPET w\/o print\" \/>\n<meta property=\"og:description\" content=\"Climate-friendly sweatband in recycled plastic with built-in zipper pocket. Eco-friendly solution for sports and events. Available in several colors with logo print.\" \/>\n<meta property=\"og:url\" content=\"https:\/\/grontkontor.dk\/en\/shop\/svedbaand-i-rpet\/\" \/>\n<meta property=\"og:site_name\" content=\"Gr\u00f8nt Kontor\" \/>\n<meta property=\"article:publisher\" content=\"https:\/\/www.facebook.com\/grontkontor.dk\/\" \/>\n<meta property=\"article:modified_time\" content=\"2025-11-06T10:19:15+00:00\" \/>\n<meta property=\"og:image\" content=\"https:\/\/grontkontor.dk\/wp-content\/uploads\/2025\/01\/Klimavenlige-armbaand-rpet-collage.jpg\" \/>\n\t<meta property=\"og:image:width\" content=\"900\" \/>\n\t<meta property=\"og:image:height\" content=\"639\" \/>\n\t<meta property=\"og:image:type\" content=\"image\/jpeg\" \/>\n<meta name=\"twitter:card\" content=\"summary_large_image\" \/>\n<meta name=\"twitter:label1\" content=\"Est. reading time\" \/>\n\t<meta name=\"twitter:data1\" content=\"1 minute\" \/>\n<script type=\"application\/ld+json\" class=\"yoast-schema-graph\">{\"@context\":\"https:\/\/schema.org\",\"@graph\":[{\"@type\":\"WebPage\",\"@id\":\"https:\/\/grontkontor.dk\/en\/shop\/svedbaand-i-rpet\/\",\"url\":\"https:\/\/grontkontor.dk\/en\/shop\/svedbaand-i-rpet\/\",\"name\":\"Sweatband in rPET w\/o print - Gr\u00f8nt Kontor\",\"isPartOf\":{\"@id\":\"https:\/\/grontkontor.dk\/#website\"},\"datePublished\":\"2025-01-30T13:01:45+00:00\",\"dateModified\":\"2025-11-06T10:19:15+00:00\",\"description\":\"Climate-friendly sweatband in recycled plastic with built-in zipper pocket. Eco-friendly solution for sports and events. Available in several colors with logo print.\",\"breadcrumb\":{\"@id\":\"https:\/\/grontkontor.dk\/en\/shop\/svedbaand-i-rpet\/#breadcrumb\"},\"inLanguage\":\"en-US\",\"potentialAction\":[{\"@type\":\"ReadAction\",\"target\":[\"https:\/\/grontkontor.dk\/en\/shop\/svedbaand-i-rpet\/\"]}]},{\"@type\":\"BreadcrumbList\",\"@id\":\"https:\/\/grontkontor.dk\/en\/shop\/svedbaand-i-rpet\/#breadcrumb\",\"itemListElement\":[{\"@type\":\"ListItem\",\"position\":1,\"name\":\"Forside\",\"item\":\"https:\/\/grontkontor.dk\/\"},{\"@type\":\"ListItem\",\"position\":2,\"name\":\"Shop\",\"item\":\"https:\/\/grontkontor.dk\/en\/shop-2\/\"},{\"@type\":\"ListItem\",\"position\":3,\"name\":\"Apparel\",\"item\":\"https:\/\/grontkontor.dk\/en\/produkt-kategori\/beklaedning-en\/\"},{\"@type\":\"ListItem\",\"position\":4,\"name\":\"Sweatband in rPET w\/o print\"}]},{\"@type\":\"WebSite\",\"@id\":\"https:\/\/grontkontor.dk\/#website\",\"url\":\"https:\/\/grontkontor.dk\/\",\"name\":\"Gr\u00f8nt Kontor\",\"description\":\"Milj\u00f8venlige produkter til kontor og erhverv med fokus p\u00e5 b\u00e6redygtighed, design og fair trade.\",\"publisher\":{\"@id\":\"https:\/\/grontkontor.dk\/#organization\"},\"potentialAction\":[{\"@type\":\"SearchAction\",\"target\":{\"@type\":\"EntryPoint\",\"urlTemplate\":\"https:\/\/grontkontor.dk\/?s={search_term_string}\"},\"query-input\":\"required name=search_term_string\"}],\"inLanguage\":\"en-US\"},{\"@type\":\"Organization\",\"@id\":\"https:\/\/grontkontor.dk\/#organization\",\"name\":\"Gr\u00f8nt Kontor\",\"url\":\"https:\/\/grontkontor.dk\/\",\"logo\":{\"@type\":\"ImageObject\",\"inLanguage\":\"en-US\",\"@id\":\"https:\/\/grontkontor.dk\/#\/schema\/logo\/image\/\",\"url\":\"https:\/\/grontkontor.dk\/wp-content\/uploads\/2014\/02\/Logo_groent_kontor_300x80.png\",\"contentUrl\":\"https:\/\/grontkontor.dk\/wp-content\/uploads\/2014\/02\/Logo_groent_kontor_300x80.png\",\"width\":300,\"height\":80,\"caption\":\"Gr\u00f8nt Kontor\"},\"image\":{\"@id\":\"https:\/\/grontkontor.dk\/#\/schema\/logo\/image\/\"},\"sameAs\":[\"https:\/\/www.facebook.com\/grontkontor.dk\/\"]}]}<\/script>\n<!-- \/ Yoast SEO Premium plugin. -->","yoast_head_json":{"title":"Sweatband in rPET w\/o print - Gr\u00f8nt Kontor","description":"Climate-friendly sweatband in recycled plastic with built-in zipper pocket. Eco-friendly solution for sports and events. Available in several colors with logo print.","robots":{"index":"index","follow":"follow","max-snippet":"max-snippet:-1","max-image-preview":"max-image-preview:large","max-video-preview":"max-video-preview:-1"},"canonical":"https:\/\/grontkontor.dk\/en\/shop\/svedbaand-i-rpet\/","og_locale":"en_US","og_type":"article","og_title":"Sweatband in rPET w\/o print","og_description":"Climate-friendly sweatband in recycled plastic with built-in zipper pocket. Eco-friendly solution for sports and events. Available in several colors with logo print.","og_url":"https:\/\/grontkontor.dk\/en\/shop\/svedbaand-i-rpet\/","og_site_name":"Gr\u00f8nt Kontor","article_publisher":"https:\/\/www.facebook.com\/grontkontor.dk\/","article_modified_time":"2025-11-06T10:19:15+00:00","og_image":[{"width":900,"height":639,"url":"https:\/\/grontkontor.dk\/wp-content\/uploads\/2025\/01\/Klimavenlige-armbaand-rpet-collage.jpg","type":"image\/jpeg"}],"twitter_card":"summary_large_image","twitter_misc":{"Est. reading time":"1 minute"},"schema":{"@context":"https:\/\/schema.org","@graph":[{"@type":"WebPage","@id":"https:\/\/grontkontor.dk\/en\/shop\/svedbaand-i-rpet\/","url":"https:\/\/grontkontor.dk\/en\/shop\/svedbaand-i-rpet\/","name":"Sweatband in rPET w\/o print - Gr\u00f8nt Kontor","isPartOf":{"@id":"https:\/\/grontkontor.dk\/#website"},"datePublished":"2025-01-30T13:01:45+00:00","dateModified":"2025-11-06T10:19:15+00:00","description":"Climate-friendly sweatband in recycled plastic with built-in zipper pocket. Eco-friendly solution for sports and events. Available in several colors with logo print.","breadcrumb":{"@id":"https:\/\/grontkontor.dk\/en\/shop\/svedbaand-i-rpet\/#breadcrumb"},"inLanguage":"en-US","potentialAction":[{"@type":"ReadAction","target":["https:\/\/grontkontor.dk\/en\/shop\/svedbaand-i-rpet\/"]}]},{"@type":"BreadcrumbList","@id":"https:\/\/grontkontor.dk\/en\/shop\/svedbaand-i-rpet\/#breadcrumb","itemListElement":[{"@type":"ListItem","position":1,"name":"Forside","item":"https:\/\/grontkontor.dk\/"},{"@type":"ListItem","position":2,"name":"Shop","item":"https:\/\/grontkontor.dk\/en\/shop-2\/"},{"@type":"ListItem","position":3,"name":"Apparel","item":"https:\/\/grontkontor.dk\/en\/produkt-kategori\/beklaedning-en\/"},{"@type":"ListItem","position":4,"name":"Sweatband in rPET w\/o print"}]},{"@type":"WebSite","@id":"https:\/\/grontkontor.dk\/#website","url":"https:\/\/grontkontor.dk\/","name":"Gr\u00f8nt Kontor","description":"Milj\u00f8venlige produkter til kontor og erhverv med fokus p\u00e5 b\u00e6redygtighed, design og fair trade.","publisher":{"@id":"https:\/\/grontkontor.dk\/#organization"},"potentialAction":[{"@type":"SearchAction","target":{"@type":"EntryPoint","urlTemplate":"https:\/\/grontkontor.dk\/?s={search_term_string}"},"query-input":"required name=search_term_string"}],"inLanguage":"en-US"},{"@type":"Organization","@id":"https:\/\/grontkontor.dk\/#organization","name":"Gr\u00f8nt Kontor","url":"https:\/\/grontkontor.dk\/","logo":{"@type":"ImageObject","inLanguage":"en-US","@id":"https:\/\/grontkontor.dk\/#\/schema\/logo\/image\/","url":"https:\/\/grontkontor.dk\/wp-content\/uploads\/2014\/02\/Logo_groent_kontor_300x80.png","contentUrl":"https:\/\/grontkontor.dk\/wp-content\/uploads\/2014\/02\/Logo_groent_kontor_300x80.png","width":300,"height":80,"caption":"Gr\u00f8nt Kontor"},"image":{"@id":"https:\/\/grontkontor.dk\/#\/schema\/logo\/image\/"},"sameAs":["https:\/\/www.facebook.com\/grontkontor.dk\/"]}]}},"_links":{"self":[{"href":"https:\/\/grontkontor.dk\/en\/wp-json\/wp\/v2\/product\/119405"}],"collection":[{"href":"https:\/\/grontkontor.dk\/en\/wp-json\/wp\/v2\/product"}],"about":[{"href":"https:\/\/grontkontor.dk\/en\/wp-json\/wp\/v2\/types\/product"}],"replies":[{"embeddable":true,"href":"https:\/\/grontkontor.dk\/en\/wp-json\/wp\/v2\/comments?post=119405"}],"wp:featuredmedia":[{"embeddable":true,"href":"https:\/\/grontkontor.dk\/en\/wp-json\/wp\/v2\/media\/119460"}],"wp:attachment":[{"href":"https:\/\/grontkontor.dk\/en\/wp-json\/wp\/v2\/media?parent=119405"}],"wp:term":[{"taxonomy":"product_cat","embeddable":true,"href":"https:\/\/grontkontor.dk\/en\/wp-json\/wp\/v2\/product_cat?post=119405"},{"taxonomy":"product_tag","embeddable":true,"href":"https:\/\/grontkontor.dk\/en\/wp-json\/wp\/v2\/product_tag?post=119405"}],"curies":[{"name":"wp","href":"https:\/\/api.w.org\/{rel}","templated":true}]}}