{"id":120523,"date":"2025-02-17T11:02:14","date_gmt":"2025-02-17T10:02:14","guid":{"rendered":"https:\/\/grontkontor.dk\/?post_type=product&#038;p=120523"},"modified":"2025-03-04T14:49:58","modified_gmt":"2025-03-04T13:49:58","slug":"affaldssorteringssaet-i-genanvendt-plast","status":"publish","type":"product","link":"https:\/\/grontkontor.dk\/en\/shop\/affaldssorteringssaet-i-genanvendt-plast\/","title":{"rendered":"Waste sorting kit in recycled plastic"},"content":{"rendered":"<p>Set of 3 reusable bags. Made from strong RPET laminated polyester, made from recycled plastic, to promote the recycling of plastic waste and contribute to the sustainability of the planet. Includes 3 bags of 23 x 45 x 23 cm each, attached to each other with Velcro closures on the sides. With reinforced handles and labelled with waste types: plastic, glass and paper. Label with RPET logo at the bottom of each bag.<br data-start=\"409\" data-end=\"412\">3 bags of 23 x 45 x 23 cm.    <\/p>\nrPET (recycled polyethylene) is a food-grade recyclable plastic that is typically made from recycled water bottles. rPET is \u2013 despite its fossil origin \u2013 a sustainable material. rPET has an extremely high carbon content, and therefore functions as an effective carbon depot throughout the lifespan of the product and recycled products. If plastic is not recycled, it will either break down into CO2 and contribute to the greenhouse effect, or end up as polluting waste. For every tonne of recycled plastic, 3.8 barrels of oil are saved. \n<p>&nbsp;<\/p>\nThe Global Recycled Standard certification ensures that at least 50% of material is recycled in a final product. GRS also guarantees good working conditions and minimal content of harmful chemicals. \n<p>&nbsp;<\/p>\n<p><img loading=\"lazy\" decoding=\"async\" src=\"https:\/\/grontkontor.dk\/wp-content\/uploads\/2021\/02\/genbrug.jpg\" alt=\"Fremstillet af genbrugsmaterialer\" width=\"50\" height=\"50\" class=\"size-full wp-image-23031\" srcset=\"https:\/\/grontkontor.dk\/wp-content\/uploads\/2021\/02\/genbrug.jpg 199w, https:\/\/grontkontor.dk\/wp-content\/uploads\/2021\/02\/genbrug-100x100.jpg 100w\" sizes=\"(max-width: 50px) 100vw, 50px\" \/><a href=\"https:\/\/textileexchange.org\/standards\/recycled-claim-standard-global-recycled-standard\/\"><img loading=\"lazy\" decoding=\"async\" src=\"https:\/\/grontkontor.dk\/wp-content\/uploads\/2021\/06\/global-recycled-standard-1.jpg\" alt=\"Global recycled standard\" width=\"50\" height=\"50\" class=\"size-full wp-image-25504\" \/> <\/a><\/p>\n","protected":false},"excerpt":{"rendered":"<p>Set of 3 reusable bags. Made from strong RPET laminated polyester, made from recycled plastic, to promote the recycling of plastic waste and contribute to the sustainability of the planet. Includes 3 bags of 23 x 45 x 23 cm each, attached to each other with Velcro closures on the sides. With reinforced handles and [&hellip;]<\/p>\n","protected":false},"featured_media":120534,"comment_status":"closed","ping_status":"closed","template":"","meta":{"_acf_changed":false},"product_cat":[2106,2389,1830,2390,1318,1317,1853,2608],"product_tag":[2676,2893],"class_list":{"0":"post-120523","1":"product","2":"type-product","3":"status-publish","4":"has-post-thumbnail","6":"product_cat-dummy-moq-1-en","7":"product_cat-hotel-restauration-cafe-en","8":"product_cat-nature-recycled-paper","9":"product_cat-news","10":"product_cat-paper-bags","11":"product_cat-print","12":"product_cat-product-series","13":"product_cat-waste-sorting-systems","14":"product_tag-waste-management","15":"product_tag-waste-sorting","16":"tm-has-options","18":"first","19":"instock","20":"taxable","21":"shipping-taxable","22":"purchasable","23":"product-type-simple"},"acf":[],"yoast_head":"<!-- This site is optimized with the Yoast SEO Premium plugin v21.2 (Yoast SEO v21.2) - https:\/\/yoast.com\/wordpress\/plugins\/seo\/ -->\n<title>Waste sorting kit in recycled plastic - Gr\u00f8nt Kontor<\/title>\n<meta name=\"robots\" content=\"index, follow, max-snippet:-1, max-image-preview:large, max-video-preview:-1\" \/>\n<link rel=\"canonical\" href=\"https:\/\/grontkontor.dk\/en\/shop\/affaldssorteringssaet-i-genanvendt-plast\/\" \/>\n<meta property=\"og:locale\" content=\"en_US\" \/>\n<meta property=\"og:type\" content=\"article\" \/>\n<meta property=\"og:title\" content=\"Waste sorting kit in recycled plastic\" \/>\n<meta property=\"og:description\" content=\"Set of 3 reusable bags. Made from strong RPET laminated polyester, made from recycled plastic, to promote the recycling of plastic waste and contribute to the sustainability of the planet. Includes 3 bags of 23 x 45 x 23 cm each, attached to each other with Velcro closures on the sides. With reinforced handles and [&hellip;]\" \/>\n<meta property=\"og:url\" content=\"https:\/\/grontkontor.dk\/en\/shop\/affaldssorteringssaet-i-genanvendt-plast\/\" \/>\n<meta property=\"og:site_name\" content=\"Gr\u00f8nt Kontor\" \/>\n<meta property=\"article:publisher\" content=\"https:\/\/www.facebook.com\/grontkontor.dk\/\" \/>\n<meta property=\"article:modified_time\" content=\"2025-03-04T13:49:58+00:00\" \/>\n<meta property=\"og:image\" content=\"https:\/\/grontkontor.dk\/wp-content\/uploads\/2025\/02\/Klimavenlig-affaldssorteringssaet-i-genanvendt-plast.jpg\" \/>\n\t<meta property=\"og:image:width\" content=\"900\" \/>\n\t<meta property=\"og:image:height\" content=\"639\" \/>\n\t<meta property=\"og:image:type\" content=\"image\/jpeg\" \/>\n<meta name=\"twitter:card\" content=\"summary_large_image\" \/>\n<script type=\"application\/ld+json\" class=\"yoast-schema-graph\">{\"@context\":\"https:\/\/schema.org\",\"@graph\":[{\"@type\":\"WebPage\",\"@id\":\"https:\/\/grontkontor.dk\/en\/shop\/affaldssorteringssaet-i-genanvendt-plast\/\",\"url\":\"https:\/\/grontkontor.dk\/en\/shop\/affaldssorteringssaet-i-genanvendt-plast\/\",\"name\":\"Waste sorting kit in recycled plastic - Gr\u00f8nt Kontor\",\"isPartOf\":{\"@id\":\"https:\/\/grontkontor.dk\/#website\"},\"datePublished\":\"2025-02-17T10:02:14+00:00\",\"dateModified\":\"2025-03-04T13:49:58+00:00\",\"breadcrumb\":{\"@id\":\"https:\/\/grontkontor.dk\/en\/shop\/affaldssorteringssaet-i-genanvendt-plast\/#breadcrumb\"},\"inLanguage\":\"en-US\",\"potentialAction\":[{\"@type\":\"ReadAction\",\"target\":[\"https:\/\/grontkontor.dk\/en\/shop\/affaldssorteringssaet-i-genanvendt-plast\/\"]}]},{\"@type\":\"BreadcrumbList\",\"@id\":\"https:\/\/grontkontor.dk\/en\/shop\/affaldssorteringssaet-i-genanvendt-plast\/#breadcrumb\",\"itemListElement\":[{\"@type\":\"ListItem\",\"position\":1,\"name\":\"Forside\",\"item\":\"https:\/\/grontkontor.dk\/\"},{\"@type\":\"ListItem\",\"position\":2,\"name\":\"Shop\",\"item\":\"https:\/\/grontkontor.dk\/en\/shop-2\/\"},{\"@type\":\"ListItem\",\"position\":3,\"name\":\"Product series\",\"item\":\"https:\/\/grontkontor.dk\/en\/produkt-kategori\/product-series\/\"},{\"@type\":\"ListItem\",\"position\":4,\"name\":\"Nature recycled paper\",\"item\":\"https:\/\/grontkontor.dk\/en\/produkt-kategori\/product-series\/nature-recycled-paper\/\"},{\"@type\":\"ListItem\",\"position\":5,\"name\":\"Waste sorting kit in recycled plastic\"}]},{\"@type\":\"WebSite\",\"@id\":\"https:\/\/grontkontor.dk\/#website\",\"url\":\"https:\/\/grontkontor.dk\/\",\"name\":\"Gr\u00f8nt Kontor\",\"description\":\"Milj\u00f8venlige produkter til kontor og erhverv med fokus p\u00e5 b\u00e6redygtighed, design og fair trade.\",\"publisher\":{\"@id\":\"https:\/\/grontkontor.dk\/#organization\"},\"potentialAction\":[{\"@type\":\"SearchAction\",\"target\":{\"@type\":\"EntryPoint\",\"urlTemplate\":\"https:\/\/grontkontor.dk\/?s={search_term_string}\"},\"query-input\":\"required name=search_term_string\"}],\"inLanguage\":\"en-US\"},{\"@type\":\"Organization\",\"@id\":\"https:\/\/grontkontor.dk\/#organization\",\"name\":\"Gr\u00f8nt Kontor\",\"url\":\"https:\/\/grontkontor.dk\/\",\"logo\":{\"@type\":\"ImageObject\",\"inLanguage\":\"en-US\",\"@id\":\"https:\/\/grontkontor.dk\/#\/schema\/logo\/image\/\",\"url\":\"https:\/\/grontkontor.dk\/wp-content\/uploads\/2014\/02\/Logo_groent_kontor_300x80.png\",\"contentUrl\":\"https:\/\/grontkontor.dk\/wp-content\/uploads\/2014\/02\/Logo_groent_kontor_300x80.png\",\"width\":300,\"height\":80,\"caption\":\"Gr\u00f8nt Kontor\"},\"image\":{\"@id\":\"https:\/\/grontkontor.dk\/#\/schema\/logo\/image\/\"},\"sameAs\":[\"https:\/\/www.facebook.com\/grontkontor.dk\/\"]}]}<\/script>\n<!-- \/ Yoast SEO Premium plugin. -->","yoast_head_json":{"title":"Waste sorting kit in recycled plastic - Gr\u00f8nt Kontor","robots":{"index":"index","follow":"follow","max-snippet":"max-snippet:-1","max-image-preview":"max-image-preview:large","max-video-preview":"max-video-preview:-1"},"canonical":"https:\/\/grontkontor.dk\/en\/shop\/affaldssorteringssaet-i-genanvendt-plast\/","og_locale":"en_US","og_type":"article","og_title":"Waste sorting kit in recycled plastic","og_description":"Set of 3 reusable bags. Made from strong RPET laminated polyester, made from recycled plastic, to promote the recycling of plastic waste and contribute to the sustainability of the planet. Includes 3 bags of 23 x 45 x 23 cm each, attached to each other with Velcro closures on the sides. With reinforced handles and [&hellip;]","og_url":"https:\/\/grontkontor.dk\/en\/shop\/affaldssorteringssaet-i-genanvendt-plast\/","og_site_name":"Gr\u00f8nt Kontor","article_publisher":"https:\/\/www.facebook.com\/grontkontor.dk\/","article_modified_time":"2025-03-04T13:49:58+00:00","og_image":[{"width":900,"height":639,"url":"https:\/\/grontkontor.dk\/wp-content\/uploads\/2025\/02\/Klimavenlig-affaldssorteringssaet-i-genanvendt-plast.jpg","type":"image\/jpeg"}],"twitter_card":"summary_large_image","schema":{"@context":"https:\/\/schema.org","@graph":[{"@type":"WebPage","@id":"https:\/\/grontkontor.dk\/en\/shop\/affaldssorteringssaet-i-genanvendt-plast\/","url":"https:\/\/grontkontor.dk\/en\/shop\/affaldssorteringssaet-i-genanvendt-plast\/","name":"Waste sorting kit in recycled plastic - Gr\u00f8nt Kontor","isPartOf":{"@id":"https:\/\/grontkontor.dk\/#website"},"datePublished":"2025-02-17T10:02:14+00:00","dateModified":"2025-03-04T13:49:58+00:00","breadcrumb":{"@id":"https:\/\/grontkontor.dk\/en\/shop\/affaldssorteringssaet-i-genanvendt-plast\/#breadcrumb"},"inLanguage":"en-US","potentialAction":[{"@type":"ReadAction","target":["https:\/\/grontkontor.dk\/en\/shop\/affaldssorteringssaet-i-genanvendt-plast\/"]}]},{"@type":"BreadcrumbList","@id":"https:\/\/grontkontor.dk\/en\/shop\/affaldssorteringssaet-i-genanvendt-plast\/#breadcrumb","itemListElement":[{"@type":"ListItem","position":1,"name":"Forside","item":"https:\/\/grontkontor.dk\/"},{"@type":"ListItem","position":2,"name":"Shop","item":"https:\/\/grontkontor.dk\/en\/shop-2\/"},{"@type":"ListItem","position":3,"name":"Product series","item":"https:\/\/grontkontor.dk\/en\/produkt-kategori\/product-series\/"},{"@type":"ListItem","position":4,"name":"Nature recycled paper","item":"https:\/\/grontkontor.dk\/en\/produkt-kategori\/product-series\/nature-recycled-paper\/"},{"@type":"ListItem","position":5,"name":"Waste sorting kit in recycled plastic"}]},{"@type":"WebSite","@id":"https:\/\/grontkontor.dk\/#website","url":"https:\/\/grontkontor.dk\/","name":"Gr\u00f8nt Kontor","description":"Milj\u00f8venlige produkter til kontor og erhverv med fokus p\u00e5 b\u00e6redygtighed, design og fair trade.","publisher":{"@id":"https:\/\/grontkontor.dk\/#organization"},"potentialAction":[{"@type":"SearchAction","target":{"@type":"EntryPoint","urlTemplate":"https:\/\/grontkontor.dk\/?s={search_term_string}"},"query-input":"required name=search_term_string"}],"inLanguage":"en-US"},{"@type":"Organization","@id":"https:\/\/grontkontor.dk\/#organization","name":"Gr\u00f8nt Kontor","url":"https:\/\/grontkontor.dk\/","logo":{"@type":"ImageObject","inLanguage":"en-US","@id":"https:\/\/grontkontor.dk\/#\/schema\/logo\/image\/","url":"https:\/\/grontkontor.dk\/wp-content\/uploads\/2014\/02\/Logo_groent_kontor_300x80.png","contentUrl":"https:\/\/grontkontor.dk\/wp-content\/uploads\/2014\/02\/Logo_groent_kontor_300x80.png","width":300,"height":80,"caption":"Gr\u00f8nt Kontor"},"image":{"@id":"https:\/\/grontkontor.dk\/#\/schema\/logo\/image\/"},"sameAs":["https:\/\/www.facebook.com\/grontkontor.dk\/"]}]}},"_links":{"self":[{"href":"https:\/\/grontkontor.dk\/en\/wp-json\/wp\/v2\/product\/120523"}],"collection":[{"href":"https:\/\/grontkontor.dk\/en\/wp-json\/wp\/v2\/product"}],"about":[{"href":"https:\/\/grontkontor.dk\/en\/wp-json\/wp\/v2\/types\/product"}],"replies":[{"embeddable":true,"href":"https:\/\/grontkontor.dk\/en\/wp-json\/wp\/v2\/comments?post=120523"}],"wp:featuredmedia":[{"embeddable":true,"href":"https:\/\/grontkontor.dk\/en\/wp-json\/wp\/v2\/media\/120534"}],"wp:attachment":[{"href":"https:\/\/grontkontor.dk\/en\/wp-json\/wp\/v2\/media?parent=120523"}],"wp:term":[{"taxonomy":"product_cat","embeddable":true,"href":"https:\/\/grontkontor.dk\/en\/wp-json\/wp\/v2\/product_cat?post=120523"},{"taxonomy":"product_tag","embeddable":true,"href":"https:\/\/grontkontor.dk\/en\/wp-json\/wp\/v2\/product_tag?post=120523"}],"curies":[{"name":"wp","href":"https:\/\/api.w.org\/{rel}","templated":true}]}}