{"id":120611,"date":"2025-02-18T15:18:54","date_gmt":"2025-02-18T14:18:55","guid":{"rendered":"https:\/\/grontkontor.dk\/?post_type=product&#038;p=120611"},"modified":"2025-03-04T14:49:50","modified_gmt":"2025-03-04T13:49:50","slug":"lommelaerke-i-kork-og-staal","status":"publish","type":"product","link":"https:\/\/grontkontor.dk\/en\/shop\/lommelaerke-i-kork-og-staal\/","title":{"rendered":"Pocket flask in cork and steel"},"content":{"rendered":"<p>170 ml flask with stainless steel body, cork exterior and screw cap with safety closure. Ergonomically designed to fit comfortably in your pocket. Presented in an individual box of kraft cardboard with good signals of sustainability.  <\/p>\nCork is a highly sustainable, biodegradable and compostable natural material that originates from the cork oak that grows throughout the Mediterranean region. Cork is a rapidly regenerating resource that can be harvested every year from the same tree. Additionally, cork forests support one of the highest levels of biodiversity compared to other forest types. \nSteel\/iron is a recyclable and practically unlimited resource that does not pollute when disposed of. Steel offers the possibility of repeated recycling ad infinitum, which means that the vast majority of steel on the market consists predominantly of recycled steel. \n<p>&nbsp;<\/p>\n<p>&nbsp;<\/p>\n","protected":false},"excerpt":{"rendered":"<p>170 ml flask with stainless steel body, cork exterior and screw cap with safety closure. Ergonomically designed to fit comfortably in your pocket. Presented in an individual box of kraft cardboard with good signals of sustainability. &nbsp; &nbsp;<\/p>\n","protected":false},"featured_media":120650,"comment_status":"closed","ping_status":"closed","template":"","meta":{"_acf_changed":false},"product_cat":[4404,2106,2232,2390,1999],"product_tag":[1894],"class_list":{"0":"post-120611","1":"product","2":"type-product","3":"status-publish","4":"has-post-thumbnail","6":"product_cat-thermos-and-water-bottles","7":"product_cat-dummy-moq-1-en","8":"product_cat-food-and-drinkware","9":"product_cat-news","10":"product_cat-drikkedunke-og-termoflasker-en","11":"product_tag-vandflaske-en","12":"pa_farve-black","13":"pa_farve-blue","14":"pa_farve-grey-en-2","15":"pa_farve-white-en","16":"tm-has-options","18":"first","19":"instock","20":"taxable","21":"shipping-taxable","22":"purchasable","23":"product-type-simple"},"acf":[],"yoast_head":"<!-- This site is optimized with the Yoast SEO Premium plugin v21.2 (Yoast SEO v21.2) - https:\/\/yoast.com\/wordpress\/plugins\/seo\/ -->\n<title>Pocket flask in cork and steel - Gr\u00f8nt Kontor<\/title>\n<meta name=\"robots\" content=\"index, follow, max-snippet:-1, max-image-preview:large, max-video-preview:-1\" \/>\n<link rel=\"canonical\" href=\"https:\/\/grontkontor.dk\/en\/shop\/lommelaerke-i-kork-og-staal\/\" \/>\n<meta property=\"og:locale\" content=\"en_US\" \/>\n<meta property=\"og:type\" content=\"article\" \/>\n<meta property=\"og:title\" content=\"Pocket flask in cork and steel\" \/>\n<meta property=\"og:description\" content=\"170 ml flask with stainless steel body, cork exterior and screw cap with safety closure. Ergonomically designed to fit comfortably in your pocket. Presented in an individual box of kraft cardboard with good signals of sustainability. &nbsp; &nbsp;\" \/>\n<meta property=\"og:url\" content=\"https:\/\/grontkontor.dk\/en\/shop\/lommelaerke-i-kork-og-staal\/\" \/>\n<meta property=\"og:site_name\" content=\"Gr\u00f8nt Kontor\" \/>\n<meta property=\"article:publisher\" content=\"https:\/\/www.facebook.com\/grontkontor.dk\/\" \/>\n<meta property=\"article:modified_time\" content=\"2025-03-04T13:49:50+00:00\" \/>\n<meta property=\"og:image\" content=\"https:\/\/grontkontor.dk\/wp-content\/uploads\/2025\/02\/Lommelaerke-i-klimavenligt-kork.jpg\" \/>\n\t<meta property=\"og:image:width\" content=\"900\" \/>\n\t<meta property=\"og:image:height\" content=\"639\" \/>\n\t<meta property=\"og:image:type\" content=\"image\/jpeg\" \/>\n<meta name=\"twitter:card\" content=\"summary_large_image\" \/>\n<meta name=\"twitter:label1\" content=\"Est. reading time\" \/>\n\t<meta name=\"twitter:data1\" content=\"1 minute\" \/>\n<script type=\"application\/ld+json\" class=\"yoast-schema-graph\">{\"@context\":\"https:\/\/schema.org\",\"@graph\":[{\"@type\":\"WebPage\",\"@id\":\"https:\/\/grontkontor.dk\/en\/shop\/lommelaerke-i-kork-og-staal\/\",\"url\":\"https:\/\/grontkontor.dk\/en\/shop\/lommelaerke-i-kork-og-staal\/\",\"name\":\"Pocket flask in cork and steel - Gr\u00f8nt Kontor\",\"isPartOf\":{\"@id\":\"https:\/\/grontkontor.dk\/#website\"},\"datePublished\":\"2025-02-18T14:18:55+00:00\",\"dateModified\":\"2025-03-04T13:49:50+00:00\",\"breadcrumb\":{\"@id\":\"https:\/\/grontkontor.dk\/en\/shop\/lommelaerke-i-kork-og-staal\/#breadcrumb\"},\"inLanguage\":\"en-US\",\"potentialAction\":[{\"@type\":\"ReadAction\",\"target\":[\"https:\/\/grontkontor.dk\/en\/shop\/lommelaerke-i-kork-og-staal\/\"]}]},{\"@type\":\"BreadcrumbList\",\"@id\":\"https:\/\/grontkontor.dk\/en\/shop\/lommelaerke-i-kork-og-staal\/#breadcrumb\",\"itemListElement\":[{\"@type\":\"ListItem\",\"position\":1,\"name\":\"Forside\",\"item\":\"https:\/\/grontkontor.dk\/\"},{\"@type\":\"ListItem\",\"position\":2,\"name\":\"Shop\",\"item\":\"https:\/\/grontkontor.dk\/en\/shop-2\/\"},{\"@type\":\"ListItem\",\"position\":3,\"name\":\"Mad og drikke\",\"item\":\"https:\/\/grontkontor.dk\/produkt-kategori\/mad-og-drikke\/\"},{\"@type\":\"ListItem\",\"position\":4,\"name\":\"Drikkedunke og termoflasker\",\"item\":\"https:\/\/grontkontor.dk\/produkt-kategori\/mad-og-drikke\/drikkedunke-og-termoflasker\/\"},{\"@type\":\"ListItem\",\"position\":5,\"name\":\"Pocket flask in cork and steel\"}]},{\"@type\":\"WebSite\",\"@id\":\"https:\/\/grontkontor.dk\/#website\",\"url\":\"https:\/\/grontkontor.dk\/\",\"name\":\"Gr\u00f8nt Kontor\",\"description\":\"Milj\u00f8venlige produkter til kontor og erhverv med fokus p\u00e5 b\u00e6redygtighed, design og fair trade.\",\"publisher\":{\"@id\":\"https:\/\/grontkontor.dk\/#organization\"},\"potentialAction\":[{\"@type\":\"SearchAction\",\"target\":{\"@type\":\"EntryPoint\",\"urlTemplate\":\"https:\/\/grontkontor.dk\/?s={search_term_string}\"},\"query-input\":\"required name=search_term_string\"}],\"inLanguage\":\"en-US\"},{\"@type\":\"Organization\",\"@id\":\"https:\/\/grontkontor.dk\/#organization\",\"name\":\"Gr\u00f8nt Kontor\",\"url\":\"https:\/\/grontkontor.dk\/\",\"logo\":{\"@type\":\"ImageObject\",\"inLanguage\":\"en-US\",\"@id\":\"https:\/\/grontkontor.dk\/#\/schema\/logo\/image\/\",\"url\":\"https:\/\/grontkontor.dk\/wp-content\/uploads\/2014\/02\/Logo_groent_kontor_300x80.png\",\"contentUrl\":\"https:\/\/grontkontor.dk\/wp-content\/uploads\/2014\/02\/Logo_groent_kontor_300x80.png\",\"width\":300,\"height\":80,\"caption\":\"Gr\u00f8nt Kontor\"},\"image\":{\"@id\":\"https:\/\/grontkontor.dk\/#\/schema\/logo\/image\/\"},\"sameAs\":[\"https:\/\/www.facebook.com\/grontkontor.dk\/\"]}]}<\/script>\n<!-- \/ Yoast SEO Premium plugin. -->","yoast_head_json":{"title":"Pocket flask in cork and steel - Gr\u00f8nt Kontor","robots":{"index":"index","follow":"follow","max-snippet":"max-snippet:-1","max-image-preview":"max-image-preview:large","max-video-preview":"max-video-preview:-1"},"canonical":"https:\/\/grontkontor.dk\/en\/shop\/lommelaerke-i-kork-og-staal\/","og_locale":"en_US","og_type":"article","og_title":"Pocket flask in cork and steel","og_description":"170 ml flask with stainless steel body, cork exterior and screw cap with safety closure. Ergonomically designed to fit comfortably in your pocket. Presented in an individual box of kraft cardboard with good signals of sustainability. &nbsp; &nbsp;","og_url":"https:\/\/grontkontor.dk\/en\/shop\/lommelaerke-i-kork-og-staal\/","og_site_name":"Gr\u00f8nt Kontor","article_publisher":"https:\/\/www.facebook.com\/grontkontor.dk\/","article_modified_time":"2025-03-04T13:49:50+00:00","og_image":[{"width":900,"height":639,"url":"https:\/\/grontkontor.dk\/wp-content\/uploads\/2025\/02\/Lommelaerke-i-klimavenligt-kork.jpg","type":"image\/jpeg"}],"twitter_card":"summary_large_image","twitter_misc":{"Est. reading time":"1 minute"},"schema":{"@context":"https:\/\/schema.org","@graph":[{"@type":"WebPage","@id":"https:\/\/grontkontor.dk\/en\/shop\/lommelaerke-i-kork-og-staal\/","url":"https:\/\/grontkontor.dk\/en\/shop\/lommelaerke-i-kork-og-staal\/","name":"Pocket flask in cork and steel - Gr\u00f8nt Kontor","isPartOf":{"@id":"https:\/\/grontkontor.dk\/#website"},"datePublished":"2025-02-18T14:18:55+00:00","dateModified":"2025-03-04T13:49:50+00:00","breadcrumb":{"@id":"https:\/\/grontkontor.dk\/en\/shop\/lommelaerke-i-kork-og-staal\/#breadcrumb"},"inLanguage":"en-US","potentialAction":[{"@type":"ReadAction","target":["https:\/\/grontkontor.dk\/en\/shop\/lommelaerke-i-kork-og-staal\/"]}]},{"@type":"BreadcrumbList","@id":"https:\/\/grontkontor.dk\/en\/shop\/lommelaerke-i-kork-og-staal\/#breadcrumb","itemListElement":[{"@type":"ListItem","position":1,"name":"Forside","item":"https:\/\/grontkontor.dk\/"},{"@type":"ListItem","position":2,"name":"Shop","item":"https:\/\/grontkontor.dk\/en\/shop-2\/"},{"@type":"ListItem","position":3,"name":"Mad og drikke","item":"https:\/\/grontkontor.dk\/produkt-kategori\/mad-og-drikke\/"},{"@type":"ListItem","position":4,"name":"Drikkedunke og termoflasker","item":"https:\/\/grontkontor.dk\/produkt-kategori\/mad-og-drikke\/drikkedunke-og-termoflasker\/"},{"@type":"ListItem","position":5,"name":"Pocket flask in cork and steel"}]},{"@type":"WebSite","@id":"https:\/\/grontkontor.dk\/#website","url":"https:\/\/grontkontor.dk\/","name":"Gr\u00f8nt Kontor","description":"Milj\u00f8venlige produkter til kontor og erhverv med fokus p\u00e5 b\u00e6redygtighed, design og fair trade.","publisher":{"@id":"https:\/\/grontkontor.dk\/#organization"},"potentialAction":[{"@type":"SearchAction","target":{"@type":"EntryPoint","urlTemplate":"https:\/\/grontkontor.dk\/?s={search_term_string}"},"query-input":"required name=search_term_string"}],"inLanguage":"en-US"},{"@type":"Organization","@id":"https:\/\/grontkontor.dk\/#organization","name":"Gr\u00f8nt Kontor","url":"https:\/\/grontkontor.dk\/","logo":{"@type":"ImageObject","inLanguage":"en-US","@id":"https:\/\/grontkontor.dk\/#\/schema\/logo\/image\/","url":"https:\/\/grontkontor.dk\/wp-content\/uploads\/2014\/02\/Logo_groent_kontor_300x80.png","contentUrl":"https:\/\/grontkontor.dk\/wp-content\/uploads\/2014\/02\/Logo_groent_kontor_300x80.png","width":300,"height":80,"caption":"Gr\u00f8nt Kontor"},"image":{"@id":"https:\/\/grontkontor.dk\/#\/schema\/logo\/image\/"},"sameAs":["https:\/\/www.facebook.com\/grontkontor.dk\/"]}]}},"_links":{"self":[{"href":"https:\/\/grontkontor.dk\/en\/wp-json\/wp\/v2\/product\/120611"}],"collection":[{"href":"https:\/\/grontkontor.dk\/en\/wp-json\/wp\/v2\/product"}],"about":[{"href":"https:\/\/grontkontor.dk\/en\/wp-json\/wp\/v2\/types\/product"}],"replies":[{"embeddable":true,"href":"https:\/\/grontkontor.dk\/en\/wp-json\/wp\/v2\/comments?post=120611"}],"wp:featuredmedia":[{"embeddable":true,"href":"https:\/\/grontkontor.dk\/en\/wp-json\/wp\/v2\/media\/120650"}],"wp:attachment":[{"href":"https:\/\/grontkontor.dk\/en\/wp-json\/wp\/v2\/media?parent=120611"}],"wp:term":[{"taxonomy":"product_cat","embeddable":true,"href":"https:\/\/grontkontor.dk\/en\/wp-json\/wp\/v2\/product_cat?post=120611"},{"taxonomy":"product_tag","embeddable":true,"href":"https:\/\/grontkontor.dk\/en\/wp-json\/wp\/v2\/product_tag?post=120611"}],"curies":[{"name":"wp","href":"https:\/\/api.w.org\/{rel}","templated":true}]}}