{"id":120983,"date":"2025-03-10T10:53:10","date_gmt":"2025-03-10T09:53:11","guid":{"rendered":"https:\/\/grontkontor.dk\/?post_type=product&#038;p=120983"},"modified":"2025-05-07T15:57:42","modified_gmt":"2025-05-07T13:57:42","slug":"vandflaske-glas-300-ml","status":"publish","type":"product","link":"https:\/\/grontkontor.dk\/en\/shop\/vandflaske-glas-300-ml\/","title":{"rendered":"Water bottle glass 300 ml"},"content":{"rendered":"<p>Danish-made water bottle made of borosilicate glass with silicone lid. Volume: 300 ml.  Perfect for the eco-friendly corporate gift or handout for trade fair and events. Sold in a bag of 40 pieces.  Glass is a sustainable recyclable material that is made from true recycled glass waste. Large amounts of energy are consumed for both manufacturing and recycling, so the degree of sustainability depends on the energy source in the manufacturing process. Glass does not pollute when disposed.  &nbsp; <img loading=\"lazy\" decoding=\"async\" src=\"https:\/\/grontkontor.dk\/wp-content\/uploads\/2022\/04\/fremstillet-i-danmark.jpg\" alt=\"Fremstillet i dk danmark\" width=\"66\" height=\"50\" class=\"size-full wp-image-35747\" \/><\/p>\n","protected":false},"excerpt":{"rendered":"<p>Danish-made water bottle made of borosilicate glass with silicone lid. Volume: 300 ml. Perfect for the eco-friendly corporate gift or handout for trade fair and events. Sold in a bag of 40 pieces. &nbsp;<\/p>\n","protected":false},"featured_media":121250,"comment_status":"closed","ping_status":"closed","template":"","meta":{"_acf_changed":false},"product_cat":[4404,2122,2232,2390,1999],"product_tag":[1894],"class_list":{"0":"post-120983","1":"product","2":"type-product","3":"status-publish","4":"has-post-thumbnail","6":"product_cat-thermos-and-water-bottles","7":"product_cat-dummy-moq-50-100-en","8":"product_cat-food-and-drinkware","9":"product_cat-news","10":"product_cat-drikkedunke-og-termoflasker-en","11":"product_tag-vandflaske-en","12":"pa_farve-army-green","13":"pa_farve-dark-grey","14":"pa_farve-dark-red","15":"pa_farve-kerosene-green","16":"pa_farve-light-gray","17":"pa_farve-lime-green","18":"pa_farve-magenta-en","19":"pa_farve-mint","20":"pa_farve-mustard-yellow","21":"pa_farve-oak","22":"pa_farve-peach","23":"pa_farve-raspberry-red","24":"pa_farve-walnut","25":"pa_farve-black","26":"pa_farve-blue","27":"pa_farve-green-en","28":"pa_farve-lyseblaa-en","29":"pa_farve-lysegroen-en","30":"pa_farve-marineblaa-en","31":"pa_farve-orange","32":"pa_farve-pink","33":"pa_farve-lilla-en","34":"pa_farve-red-en","35":"pa_farve-white-en","36":"pa_farve-yellow-en","37":"tm-has-options","39":"first","40":"instock","41":"taxable","42":"shipping-taxable","43":"purchasable","44":"product-type-variable","45":"has-default-attributes"},"acf":[],"yoast_head":"<!-- This site is optimized with the Yoast SEO Premium plugin v21.2 (Yoast SEO v21.2) - https:\/\/yoast.com\/wordpress\/plugins\/seo\/ -->\n<title>Water bottle glass 300 ml - Gr\u00f8nt Kontor<\/title>\n<meta name=\"robots\" content=\"index, follow, max-snippet:-1, max-image-preview:large, max-video-preview:-1\" \/>\n<link rel=\"canonical\" href=\"https:\/\/grontkontor.dk\/en\/shop\/vandflaske-glas-300-ml\/\" \/>\n<meta property=\"og:locale\" content=\"en_US\" \/>\n<meta property=\"og:type\" content=\"article\" \/>\n<meta property=\"og:title\" content=\"Water bottle glass 300 ml\" \/>\n<meta property=\"og:description\" content=\"Danish-made water bottle made of borosilicate glass with silicone lid. Volume: 300 ml. Perfect for the eco-friendly corporate gift or handout for trade fair and events. Sold in a bag of 40 pieces. &nbsp;\" \/>\n<meta property=\"og:url\" content=\"https:\/\/grontkontor.dk\/en\/shop\/vandflaske-glas-300-ml\/\" \/>\n<meta property=\"og:site_name\" content=\"Gr\u00f8nt Kontor\" \/>\n<meta property=\"article:publisher\" content=\"https:\/\/www.facebook.com\/grontkontor.dk\/\" \/>\n<meta property=\"article:modified_time\" content=\"2025-05-07T13:57:42+00:00\" \/>\n<meta property=\"og:image\" content=\"https:\/\/grontkontor.dk\/wp-content\/uploads\/2025\/03\/Klimavenlig-drikkeflaske-i-glas-sort.jpg\" \/>\n\t<meta property=\"og:image:width\" content=\"900\" \/>\n\t<meta property=\"og:image:height\" content=\"639\" \/>\n\t<meta property=\"og:image:type\" content=\"image\/jpeg\" \/>\n<meta name=\"twitter:card\" content=\"summary_large_image\" \/>\n<meta name=\"twitter:label1\" content=\"Est. reading time\" \/>\n\t<meta name=\"twitter:data1\" content=\"1 minute\" \/>\n<script type=\"application\/ld+json\" class=\"yoast-schema-graph\">{\"@context\":\"https:\/\/schema.org\",\"@graph\":[{\"@type\":\"WebPage\",\"@id\":\"https:\/\/grontkontor.dk\/en\/shop\/vandflaske-glas-300-ml\/\",\"url\":\"https:\/\/grontkontor.dk\/en\/shop\/vandflaske-glas-300-ml\/\",\"name\":\"Water bottle glass 300 ml - Gr\u00f8nt Kontor\",\"isPartOf\":{\"@id\":\"https:\/\/grontkontor.dk\/#website\"},\"datePublished\":\"2025-03-10T09:53:11+00:00\",\"dateModified\":\"2025-05-07T13:57:42+00:00\",\"breadcrumb\":{\"@id\":\"https:\/\/grontkontor.dk\/en\/shop\/vandflaske-glas-300-ml\/#breadcrumb\"},\"inLanguage\":\"en-US\",\"potentialAction\":[{\"@type\":\"ReadAction\",\"target\":[\"https:\/\/grontkontor.dk\/en\/shop\/vandflaske-glas-300-ml\/\"]}]},{\"@type\":\"BreadcrumbList\",\"@id\":\"https:\/\/grontkontor.dk\/en\/shop\/vandflaske-glas-300-ml\/#breadcrumb\",\"itemListElement\":[{\"@type\":\"ListItem\",\"position\":1,\"name\":\"Forside\",\"item\":\"https:\/\/grontkontor.dk\/\"},{\"@type\":\"ListItem\",\"position\":2,\"name\":\"Shop\",\"item\":\"https:\/\/grontkontor.dk\/en\/shop-2\/\"},{\"@type\":\"ListItem\",\"position\":3,\"name\":\"Mad og drikke\",\"item\":\"https:\/\/grontkontor.dk\/produkt-kategori\/mad-og-drikke\/\"},{\"@type\":\"ListItem\",\"position\":4,\"name\":\"Drikkedunke og termoflasker\",\"item\":\"https:\/\/grontkontor.dk\/produkt-kategori\/mad-og-drikke\/drikkedunke-og-termoflasker\/\"},{\"@type\":\"ListItem\",\"position\":5,\"name\":\"Water bottle glass 300 ml\"}]},{\"@type\":\"WebSite\",\"@id\":\"https:\/\/grontkontor.dk\/#website\",\"url\":\"https:\/\/grontkontor.dk\/\",\"name\":\"Gr\u00f8nt Kontor\",\"description\":\"Milj\u00f8venlige produkter til kontor og erhverv med fokus p\u00e5 b\u00e6redygtighed, design og fair trade.\",\"publisher\":{\"@id\":\"https:\/\/grontkontor.dk\/#organization\"},\"potentialAction\":[{\"@type\":\"SearchAction\",\"target\":{\"@type\":\"EntryPoint\",\"urlTemplate\":\"https:\/\/grontkontor.dk\/?s={search_term_string}\"},\"query-input\":\"required name=search_term_string\"}],\"inLanguage\":\"en-US\"},{\"@type\":\"Organization\",\"@id\":\"https:\/\/grontkontor.dk\/#organization\",\"name\":\"Gr\u00f8nt Kontor\",\"url\":\"https:\/\/grontkontor.dk\/\",\"logo\":{\"@type\":\"ImageObject\",\"inLanguage\":\"en-US\",\"@id\":\"https:\/\/grontkontor.dk\/#\/schema\/logo\/image\/\",\"url\":\"https:\/\/grontkontor.dk\/wp-content\/uploads\/2014\/02\/Logo_groent_kontor_300x80.png\",\"contentUrl\":\"https:\/\/grontkontor.dk\/wp-content\/uploads\/2014\/02\/Logo_groent_kontor_300x80.png\",\"width\":300,\"height\":80,\"caption\":\"Gr\u00f8nt Kontor\"},\"image\":{\"@id\":\"https:\/\/grontkontor.dk\/#\/schema\/logo\/image\/\"},\"sameAs\":[\"https:\/\/www.facebook.com\/grontkontor.dk\/\"]}]}<\/script>\n<!-- \/ Yoast SEO Premium plugin. -->","yoast_head_json":{"title":"Water bottle glass 300 ml - Gr\u00f8nt Kontor","robots":{"index":"index","follow":"follow","max-snippet":"max-snippet:-1","max-image-preview":"max-image-preview:large","max-video-preview":"max-video-preview:-1"},"canonical":"https:\/\/grontkontor.dk\/en\/shop\/vandflaske-glas-300-ml\/","og_locale":"en_US","og_type":"article","og_title":"Water bottle glass 300 ml","og_description":"Danish-made water bottle made of borosilicate glass with silicone lid. Volume: 300 ml. Perfect for the eco-friendly corporate gift or handout for trade fair and events. Sold in a bag of 40 pieces. &nbsp;","og_url":"https:\/\/grontkontor.dk\/en\/shop\/vandflaske-glas-300-ml\/","og_site_name":"Gr\u00f8nt Kontor","article_publisher":"https:\/\/www.facebook.com\/grontkontor.dk\/","article_modified_time":"2025-05-07T13:57:42+00:00","og_image":[{"width":900,"height":639,"url":"https:\/\/grontkontor.dk\/wp-content\/uploads\/2025\/03\/Klimavenlig-drikkeflaske-i-glas-sort.jpg","type":"image\/jpeg"}],"twitter_card":"summary_large_image","twitter_misc":{"Est. reading time":"1 minute"},"schema":{"@context":"https:\/\/schema.org","@graph":[{"@type":"WebPage","@id":"https:\/\/grontkontor.dk\/en\/shop\/vandflaske-glas-300-ml\/","url":"https:\/\/grontkontor.dk\/en\/shop\/vandflaske-glas-300-ml\/","name":"Water bottle glass 300 ml - Gr\u00f8nt Kontor","isPartOf":{"@id":"https:\/\/grontkontor.dk\/#website"},"datePublished":"2025-03-10T09:53:11+00:00","dateModified":"2025-05-07T13:57:42+00:00","breadcrumb":{"@id":"https:\/\/grontkontor.dk\/en\/shop\/vandflaske-glas-300-ml\/#breadcrumb"},"inLanguage":"en-US","potentialAction":[{"@type":"ReadAction","target":["https:\/\/grontkontor.dk\/en\/shop\/vandflaske-glas-300-ml\/"]}]},{"@type":"BreadcrumbList","@id":"https:\/\/grontkontor.dk\/en\/shop\/vandflaske-glas-300-ml\/#breadcrumb","itemListElement":[{"@type":"ListItem","position":1,"name":"Forside","item":"https:\/\/grontkontor.dk\/"},{"@type":"ListItem","position":2,"name":"Shop","item":"https:\/\/grontkontor.dk\/en\/shop-2\/"},{"@type":"ListItem","position":3,"name":"Mad og drikke","item":"https:\/\/grontkontor.dk\/produkt-kategori\/mad-og-drikke\/"},{"@type":"ListItem","position":4,"name":"Drikkedunke og termoflasker","item":"https:\/\/grontkontor.dk\/produkt-kategori\/mad-og-drikke\/drikkedunke-og-termoflasker\/"},{"@type":"ListItem","position":5,"name":"Water bottle glass 300 ml"}]},{"@type":"WebSite","@id":"https:\/\/grontkontor.dk\/#website","url":"https:\/\/grontkontor.dk\/","name":"Gr\u00f8nt Kontor","description":"Milj\u00f8venlige produkter til kontor og erhverv med fokus p\u00e5 b\u00e6redygtighed, design og fair trade.","publisher":{"@id":"https:\/\/grontkontor.dk\/#organization"},"potentialAction":[{"@type":"SearchAction","target":{"@type":"EntryPoint","urlTemplate":"https:\/\/grontkontor.dk\/?s={search_term_string}"},"query-input":"required name=search_term_string"}],"inLanguage":"en-US"},{"@type":"Organization","@id":"https:\/\/grontkontor.dk\/#organization","name":"Gr\u00f8nt Kontor","url":"https:\/\/grontkontor.dk\/","logo":{"@type":"ImageObject","inLanguage":"en-US","@id":"https:\/\/grontkontor.dk\/#\/schema\/logo\/image\/","url":"https:\/\/grontkontor.dk\/wp-content\/uploads\/2014\/02\/Logo_groent_kontor_300x80.png","contentUrl":"https:\/\/grontkontor.dk\/wp-content\/uploads\/2014\/02\/Logo_groent_kontor_300x80.png","width":300,"height":80,"caption":"Gr\u00f8nt Kontor"},"image":{"@id":"https:\/\/grontkontor.dk\/#\/schema\/logo\/image\/"},"sameAs":["https:\/\/www.facebook.com\/grontkontor.dk\/"]}]}},"_links":{"self":[{"href":"https:\/\/grontkontor.dk\/en\/wp-json\/wp\/v2\/product\/120983"}],"collection":[{"href":"https:\/\/grontkontor.dk\/en\/wp-json\/wp\/v2\/product"}],"about":[{"href":"https:\/\/grontkontor.dk\/en\/wp-json\/wp\/v2\/types\/product"}],"replies":[{"embeddable":true,"href":"https:\/\/grontkontor.dk\/en\/wp-json\/wp\/v2\/comments?post=120983"}],"wp:featuredmedia":[{"embeddable":true,"href":"https:\/\/grontkontor.dk\/en\/wp-json\/wp\/v2\/media\/121250"}],"wp:attachment":[{"href":"https:\/\/grontkontor.dk\/en\/wp-json\/wp\/v2\/media?parent=120983"}],"wp:term":[{"taxonomy":"product_cat","embeddable":true,"href":"https:\/\/grontkontor.dk\/en\/wp-json\/wp\/v2\/product_cat?post=120983"},{"taxonomy":"product_tag","embeddable":true,"href":"https:\/\/grontkontor.dk\/en\/wp-json\/wp\/v2\/product_tag?post=120983"}],"curies":[{"name":"wp","href":"https:\/\/api.w.org\/{rel}","templated":true}]}}