{"id":122677,"date":"2025-04-07T15:15:18","date_gmt":"2025-04-07T13:15:22","guid":{"rendered":"https:\/\/grontkontor.dk\/?post_type=product&#038;p=122677"},"modified":"2025-05-07T15:58:27","modified_gmt":"2025-05-07T13:58:27","slug":"mulepose-genanvendt-bomuld-180-gsm","status":"publish","type":"product","link":"https:\/\/grontkontor.dk\/en\/shop\/mulepose-genanvendt-bomuld-180-gsm\/","title":{"rendered":"Tote bag recycled cotton 180 GSM"},"content":{"rendered":"<p>Climate-friendly tote bag made of 100% recycled GRS-certified cotton. Quality: 180 gsm. The tote bag has a load capacity of up to 7 kg. Equipped with extra-long handles. A nice eco-friendly corporate gift, suitable for handling your handouts at a trade fair or event. Possibility of printing on one or both sides.<\/p>\n<p>Cotton is a biodegradable, compostable natural product and one of the worlds oldest commercial and agricultural commodities. Recycled cotton is less harmful to the climate than conventional \/ organic cotton, and excels in particular by extending the life of cotton products and thereby acts as an extended CO2 storage.  The Global Recycled Standard certification ensures that at least 50% of material is recycled in a final product. GRS also guarantees good working conditions and minimal content of harmful chemicals. <\/p>\n<p>&nbsp;<\/p>\n<p><a href=\"https:\/\/textileexchange.org\/standards\/recycled-claim-standard-global-recycled-standard\/\"><img loading=\"lazy\" decoding=\"async\" src=\"https:\/\/grontkontor.dk\/wp-content\/uploads\/2021\/06\/global-recycled-standard-1.jpg\" alt=\"Global recycled standard\" width=\"50\" height=\"50\" class=\"size-full wp-image-25504\" \/> <\/a> <img loading=\"lazy\" decoding=\"async\" src=\"https:\/\/grontkontor.dk\/wp-content\/uploads\/2021\/02\/genbrug.jpg\" alt=\"Fremstillet af genbrugsmaterialer\" width=\"50\" height=\"50\" class=\"size-full wp-image-23031\" srcset=\"https:\/\/grontkontor.dk\/wp-content\/uploads\/2021\/02\/genbrug.jpg 199w, https:\/\/grontkontor.dk\/wp-content\/uploads\/2021\/02\/genbrug-100x100.jpg 100w\" sizes=\"(max-width: 50px) 100vw, 50px\" \/><\/p>\n","protected":false},"excerpt":{"rendered":"<p>Climate-friendly tote bag made of 100% recycled GRS-certified cotton. Quality: 180 gsm. The tote bag has a load capacity of up to 7 kg. Equipped with extra-long handles. A nice eco-friendly corporate gift, suitable for handling your handouts at a trade fair or event. Possibility of printing on one or both sides. &nbsp;<\/p>\n","protected":false},"featured_media":122721,"comment_status":"closed","ping_status":"closed","template":"","meta":{"_acf_changed":false},"product_cat":[4445,1310,1311,1262,2106,2390],"product_tag":[1367,4690,1372,4689,4693,4692,4633,1397,1370,4691],"class_list":{"0":"post-122677","1":"product","2":"type-product","3":"status-publish","4":"has-post-thumbnail","6":"product_cat-gift-bags-and-gift-boxes","7":"product_cat-bags-and-covers","8":"product_cat-carrier-bag","9":"product_cat-sustainable-presents","10":"product_cat-dummy-moq-1-en","11":"product_cat-news","12":"product_tag-baerepose-en","13":"product_tag-carrier-bags","14":"product_tag-bomuldspose-en","15":"product_tag-cotton-bags","16":"product_tag-recycled-tote-bag-en","17":"product_tag-recycled-tote-bag","18":"product_tag-shopping-bag-en","19":"product_tag-shopping-bag","20":"product_tag-mulepose-en","21":"product_tag-tote-bags","22":"tm-has-options","24":"first","25":"instock","26":"sale","27":"taxable","28":"shipping-taxable","29":"purchasable","30":"product-type-simple"},"acf":[],"yoast_head":"<!-- This site is optimized with the Yoast SEO Premium plugin v21.2 (Yoast SEO v21.2) - https:\/\/yoast.com\/wordpress\/plugins\/seo\/ -->\n<title>Tote bag recycled cotton 180 GSM - Gr\u00f8nt Kontor<\/title>\n<meta name=\"robots\" content=\"index, follow, max-snippet:-1, max-image-preview:large, max-video-preview:-1\" \/>\n<link rel=\"canonical\" href=\"https:\/\/grontkontor.dk\/shop\/mulepose-genanvendt-bomuld-180-gsm\/\" \/>\n<meta property=\"og:locale\" content=\"en_US\" \/>\n<meta property=\"og:type\" content=\"article\" \/>\n<meta property=\"og:title\" content=\"Tote bag recycled cotton 180 GSM\" \/>\n<meta property=\"og:description\" content=\"Climate-friendly tote bag made of 100% recycled GRS-certified cotton. Quality: 180 gsm. The tote bag has a load capacity of up to 7 kg. Equipped with extra-long handles. A nice eco-friendly corporate gift, suitable for handling your handouts at a trade fair or event. Possibility of printing on one or both sides. &nbsp;\" \/>\n<meta property=\"og:url\" content=\"https:\/\/grontkontor.dk\/shop\/mulepose-genanvendt-bomuld-180-gsm\/\" \/>\n<meta property=\"og:site_name\" content=\"Gr\u00f8nt Kontor\" \/>\n<meta property=\"article:publisher\" content=\"https:\/\/www.facebook.com\/grontkontor.dk\/\" \/>\n<meta property=\"article:modified_time\" content=\"2025-05-07T13:58:27+00:00\" \/>\n<meta property=\"og:image\" content=\"https:\/\/grontkontor.dk\/wp-content\/uploads\/2025\/04\/Klimavenlig-mulepose-genanvendt-bomuld-180-gsm.jpg\" \/>\n\t<meta property=\"og:image:width\" content=\"900\" \/>\n\t<meta property=\"og:image:height\" content=\"639\" \/>\n\t<meta property=\"og:image:type\" content=\"image\/jpeg\" \/>\n<meta name=\"twitter:card\" content=\"summary_large_image\" \/>\n<script type=\"application\/ld+json\" class=\"yoast-schema-graph\">{\"@context\":\"https:\/\/schema.org\",\"@graph\":[{\"@type\":\"WebPage\",\"@id\":\"https:\/\/grontkontor.dk\/shop\/mulepose-genanvendt-bomuld-180-gsm\/\",\"url\":\"https:\/\/grontkontor.dk\/shop\/mulepose-genanvendt-bomuld-180-gsm\/\",\"name\":\"Tote bag recycled cotton 180 GSM - Gr\u00f8nt Kontor\",\"isPartOf\":{\"@id\":\"https:\/\/grontkontor.dk\/#website\"},\"datePublished\":\"2025-04-07T13:15:22+00:00\",\"dateModified\":\"2025-05-07T13:58:27+00:00\",\"breadcrumb\":{\"@id\":\"https:\/\/grontkontor.dk\/shop\/mulepose-genanvendt-bomuld-180-gsm\/#breadcrumb\"},\"inLanguage\":\"en-US\",\"potentialAction\":[{\"@type\":\"ReadAction\",\"target\":[\"https:\/\/grontkontor.dk\/shop\/mulepose-genanvendt-bomuld-180-gsm\/\"]}]},{\"@type\":\"BreadcrumbList\",\"@id\":\"https:\/\/grontkontor.dk\/shop\/mulepose-genanvendt-bomuld-180-gsm\/#breadcrumb\",\"itemListElement\":[{\"@type\":\"ListItem\",\"position\":1,\"name\":\"Forside\",\"item\":\"https:\/\/grontkontor.dk\/\"},{\"@type\":\"ListItem\",\"position\":2,\"name\":\"Shop\",\"item\":\"https:\/\/grontkontor.dk\/en\/shop-2\/\"},{\"@type\":\"ListItem\",\"position\":3,\"name\":\"Climate-friendly corporate gifts\",\"item\":\"https:\/\/grontkontor.dk\/en\/produkt-kategori\/sustainable-presents\/\"},{\"@type\":\"ListItem\",\"position\":4,\"name\":\"Gift bags and gift boxes\",\"item\":\"https:\/\/grontkontor.dk\/en\/produkt-kategori\/sustainable-presents\/gift-bags-and-gift-boxes\/\"},{\"@type\":\"ListItem\",\"position\":5,\"name\":\"Tote bag recycled cotton 180 GSM\"}]},{\"@type\":\"WebSite\",\"@id\":\"https:\/\/grontkontor.dk\/#website\",\"url\":\"https:\/\/grontkontor.dk\/\",\"name\":\"Gr\u00f8nt Kontor\",\"description\":\"Milj\u00f8venlige produkter til kontor og erhverv med fokus p\u00e5 b\u00e6redygtighed, design og fair trade.\",\"publisher\":{\"@id\":\"https:\/\/grontkontor.dk\/#organization\"},\"potentialAction\":[{\"@type\":\"SearchAction\",\"target\":{\"@type\":\"EntryPoint\",\"urlTemplate\":\"https:\/\/grontkontor.dk\/?s={search_term_string}\"},\"query-input\":\"required name=search_term_string\"}],\"inLanguage\":\"en-US\"},{\"@type\":\"Organization\",\"@id\":\"https:\/\/grontkontor.dk\/#organization\",\"name\":\"Gr\u00f8nt Kontor\",\"url\":\"https:\/\/grontkontor.dk\/\",\"logo\":{\"@type\":\"ImageObject\",\"inLanguage\":\"en-US\",\"@id\":\"https:\/\/grontkontor.dk\/#\/schema\/logo\/image\/\",\"url\":\"https:\/\/grontkontor.dk\/wp-content\/uploads\/2014\/02\/Logo_groent_kontor_300x80.png\",\"contentUrl\":\"https:\/\/grontkontor.dk\/wp-content\/uploads\/2014\/02\/Logo_groent_kontor_300x80.png\",\"width\":300,\"height\":80,\"caption\":\"Gr\u00f8nt Kontor\"},\"image\":{\"@id\":\"https:\/\/grontkontor.dk\/#\/schema\/logo\/image\/\"},\"sameAs\":[\"https:\/\/www.facebook.com\/grontkontor.dk\/\"]}]}<\/script>\n<!-- \/ Yoast SEO Premium plugin. -->","yoast_head_json":{"title":"Tote bag recycled cotton 180 GSM - Gr\u00f8nt Kontor","robots":{"index":"index","follow":"follow","max-snippet":"max-snippet:-1","max-image-preview":"max-image-preview:large","max-video-preview":"max-video-preview:-1"},"canonical":"https:\/\/grontkontor.dk\/shop\/mulepose-genanvendt-bomuld-180-gsm\/","og_locale":"en_US","og_type":"article","og_title":"Tote bag recycled cotton 180 GSM","og_description":"Climate-friendly tote bag made of 100% recycled GRS-certified cotton. Quality: 180 gsm. The tote bag has a load capacity of up to 7 kg. Equipped with extra-long handles. A nice eco-friendly corporate gift, suitable for handling your handouts at a trade fair or event. Possibility of printing on one or both sides. &nbsp;","og_url":"https:\/\/grontkontor.dk\/shop\/mulepose-genanvendt-bomuld-180-gsm\/","og_site_name":"Gr\u00f8nt Kontor","article_publisher":"https:\/\/www.facebook.com\/grontkontor.dk\/","article_modified_time":"2025-05-07T13:58:27+00:00","og_image":[{"width":900,"height":639,"url":"https:\/\/grontkontor.dk\/wp-content\/uploads\/2025\/04\/Klimavenlig-mulepose-genanvendt-bomuld-180-gsm.jpg","type":"image\/jpeg"}],"twitter_card":"summary_large_image","schema":{"@context":"https:\/\/schema.org","@graph":[{"@type":"WebPage","@id":"https:\/\/grontkontor.dk\/shop\/mulepose-genanvendt-bomuld-180-gsm\/","url":"https:\/\/grontkontor.dk\/shop\/mulepose-genanvendt-bomuld-180-gsm\/","name":"Tote bag recycled cotton 180 GSM - Gr\u00f8nt Kontor","isPartOf":{"@id":"https:\/\/grontkontor.dk\/#website"},"datePublished":"2025-04-07T13:15:22+00:00","dateModified":"2025-05-07T13:58:27+00:00","breadcrumb":{"@id":"https:\/\/grontkontor.dk\/shop\/mulepose-genanvendt-bomuld-180-gsm\/#breadcrumb"},"inLanguage":"en-US","potentialAction":[{"@type":"ReadAction","target":["https:\/\/grontkontor.dk\/shop\/mulepose-genanvendt-bomuld-180-gsm\/"]}]},{"@type":"BreadcrumbList","@id":"https:\/\/grontkontor.dk\/shop\/mulepose-genanvendt-bomuld-180-gsm\/#breadcrumb","itemListElement":[{"@type":"ListItem","position":1,"name":"Forside","item":"https:\/\/grontkontor.dk\/"},{"@type":"ListItem","position":2,"name":"Shop","item":"https:\/\/grontkontor.dk\/en\/shop-2\/"},{"@type":"ListItem","position":3,"name":"Climate-friendly corporate gifts","item":"https:\/\/grontkontor.dk\/en\/produkt-kategori\/sustainable-presents\/"},{"@type":"ListItem","position":4,"name":"Gift bags and gift boxes","item":"https:\/\/grontkontor.dk\/en\/produkt-kategori\/sustainable-presents\/gift-bags-and-gift-boxes\/"},{"@type":"ListItem","position":5,"name":"Tote bag recycled cotton 180 GSM"}]},{"@type":"WebSite","@id":"https:\/\/grontkontor.dk\/#website","url":"https:\/\/grontkontor.dk\/","name":"Gr\u00f8nt Kontor","description":"Milj\u00f8venlige produkter til kontor og erhverv med fokus p\u00e5 b\u00e6redygtighed, design og fair trade.","publisher":{"@id":"https:\/\/grontkontor.dk\/#organization"},"potentialAction":[{"@type":"SearchAction","target":{"@type":"EntryPoint","urlTemplate":"https:\/\/grontkontor.dk\/?s={search_term_string}"},"query-input":"required name=search_term_string"}],"inLanguage":"en-US"},{"@type":"Organization","@id":"https:\/\/grontkontor.dk\/#organization","name":"Gr\u00f8nt Kontor","url":"https:\/\/grontkontor.dk\/","logo":{"@type":"ImageObject","inLanguage":"en-US","@id":"https:\/\/grontkontor.dk\/#\/schema\/logo\/image\/","url":"https:\/\/grontkontor.dk\/wp-content\/uploads\/2014\/02\/Logo_groent_kontor_300x80.png","contentUrl":"https:\/\/grontkontor.dk\/wp-content\/uploads\/2014\/02\/Logo_groent_kontor_300x80.png","width":300,"height":80,"caption":"Gr\u00f8nt Kontor"},"image":{"@id":"https:\/\/grontkontor.dk\/#\/schema\/logo\/image\/"},"sameAs":["https:\/\/www.facebook.com\/grontkontor.dk\/"]}]}},"_links":{"self":[{"href":"https:\/\/grontkontor.dk\/en\/wp-json\/wp\/v2\/product\/122677"}],"collection":[{"href":"https:\/\/grontkontor.dk\/en\/wp-json\/wp\/v2\/product"}],"about":[{"href":"https:\/\/grontkontor.dk\/en\/wp-json\/wp\/v2\/types\/product"}],"replies":[{"embeddable":true,"href":"https:\/\/grontkontor.dk\/en\/wp-json\/wp\/v2\/comments?post=122677"}],"wp:featuredmedia":[{"embeddable":true,"href":"https:\/\/grontkontor.dk\/en\/wp-json\/wp\/v2\/media\/122721"}],"wp:attachment":[{"href":"https:\/\/grontkontor.dk\/en\/wp-json\/wp\/v2\/media?parent=122677"}],"wp:term":[{"taxonomy":"product_cat","embeddable":true,"href":"https:\/\/grontkontor.dk\/en\/wp-json\/wp\/v2\/product_cat?post=122677"},{"taxonomy":"product_tag","embeddable":true,"href":"https:\/\/grontkontor.dk\/en\/wp-json\/wp\/v2\/product_tag?post=122677"}],"curies":[{"name":"wp","href":"https:\/\/api.w.org\/{rel}","templated":true}]}}