{"id":122742,"date":"2025-04-08T09:47:45","date_gmt":"2025-04-08T07:47:45","guid":{"rendered":"https:\/\/grontkontor.dk\/?post_type=product&#038;p=122742"},"modified":"2025-05-07T15:58:36","modified_gmt":"2025-05-07T13:58:36","slug":"rygsaek-genanvendt-plast","status":"publish","type":"product","link":"https:\/\/grontkontor.dk\/en\/shop\/rygsaek-genanvendt-plast\/","title":{"rendered":"Backpack recycled plastic"},"content":{"rendered":"<p class=\"\" data-start=\"94\" data-end=\"301\">Eco-friendly backpack in strong and water-repellent polyester made of recycled plastic. It has a padded back and straps for good comfort and breathability, and wide shoulder straps that relieve pressure during extended use. <\/p>\n<p class=\"\" data-start=\"303\" data-end=\"361\">Perfect for both everyday life and travel with many practical compartments:<\/p>\n<ul data-start=\"363\" data-end=\"582\">\n<li class=\"\" data-start=\"363\" data-end=\"380\">\n<p class=\"\" data-start=\"365\" data-end=\"380\">2 front pockets<\/p>\n<\/li>\n<li class=\"\" data-start=\"381\" data-end=\"484\">\n<p class=\"\" data-start=\"383\" data-end=\"484\">3 main compartments: one with organizer, one spacious for clothing\/accessories, and one padded for laptops up to 17.3&#8243;<\/p>\n<\/li>\n<li class=\"\" data-start=\"485\" data-end=\"582\">\n<p class=\"\" data-start=\"487\" data-end=\"582\">3 extra compartments: quick-access side pocket, ventilated shoe compartment at the bottom, and anti-theft back pocket<\/p>\n<\/li>\n<\/ul>\n<p class=\"\" data-start=\"584\" data-end=\"696\">Comes with USB cable, adjustable straps and RPET brand. Available in black, navy and grey. <\/p>\n<p>Source: Delivery time 1-2 weeks  rPET (recycled polyethylene) is a food-grade recyclable plastic that is typically made from recycled water bottles. rPET is \u2013 despite its fossil origin \u2013 a sustainable material. rPET has an extremely high carbon content, and therefore functions as an effective carbon depot throughout the lifespan of the product and recycled products. If plastic is not recycled, it will either break down into CO2 and contribute to the greenhouse effect, or end up as polluting waste. For every tonne of recycled plastic, 3.8 barrels of oil are saved.  The Global Recycled Standard certification ensures that at least 50% of material is recycled in a final product. GRS also guarantees good working conditions and minimal content of harmful chemicals.    <img loading=\"lazy\" decoding=\"async\" src=\"https:\/\/grontkontor.dk\/wp-content\/uploads\/2021\/02\/genbrug.jpg\" alt=\"Fremstillet af genbrugsmaterialer\" width=\"50\" height=\"50\" class=\"size-full wp-image-23031\" srcset=\"https:\/\/grontkontor.dk\/wp-content\/uploads\/2021\/02\/genbrug.jpg 199w, https:\/\/grontkontor.dk\/wp-content\/uploads\/2021\/02\/genbrug-100x100.jpg 100w\" sizes=\"(max-width: 50px) 100vw, 50px\" \/><a href=\"https:\/\/textileexchange.org\/standards\/recycled-claim-standard-global-recycled-standard\/\"><img loading=\"lazy\" decoding=\"async\" src=\"https:\/\/grontkontor.dk\/wp-content\/uploads\/2021\/06\/global-recycled-standard-1.jpg\" alt=\"Global recycled standard\" width=\"50\" height=\"50\" class=\"size-full wp-image-25504\" \/> <\/a><\/p>\n","protected":false},"excerpt":{"rendered":"<p>Eco-friendly backpack in strong and water-repellent polyester made of recycled plastic. It has a padded back and straps for good comfort and breathability, and wide shoulder straps that relieve pressure during extended use. Perfect for both everyday life and travel with many practical compartments: 2 front pockets 3 main compartments: one with organizer, one spacious [&hellip;]<\/p>\n","protected":false},"featured_media":122767,"comment_status":"closed","ping_status":"closed","template":"","meta":{"_acf_changed":false},"product_cat":[1310,1262,2106,1314,2390],"product_tag":[1883,2990],"class_list":{"0":"post-122742","1":"product","2":"type-product","3":"status-publish","4":"has-post-thumbnail","6":"product_cat-bags-and-covers","7":"product_cat-sustainable-presents","8":"product_cat-dummy-moq-1-en","9":"product_cat-laptop-bags-and-covers","10":"product_cat-news","11":"product_tag-rygsaek-en","12":"product_tag-bag-en","13":"tm-has-options","15":"first","16":"instock","17":"taxable","18":"shipping-taxable","19":"purchasable","20":"product-type-variable","21":"has-default-attributes"},"acf":[],"yoast_head":"<!-- This site is optimized with the Yoast SEO Premium plugin v21.2 (Yoast SEO v21.2) - https:\/\/yoast.com\/wordpress\/plugins\/seo\/ -->\n<title>Backpack recycled plastic - Gr\u00f8nt Kontor<\/title>\n<meta name=\"robots\" content=\"index, follow, max-snippet:-1, max-image-preview:large, max-video-preview:-1\" \/>\n<link rel=\"canonical\" href=\"https:\/\/grontkontor.dk\/en\/shop\/rygsaek-genanvendt-plast\/\" \/>\n<meta property=\"og:locale\" content=\"en_US\" \/>\n<meta property=\"og:type\" content=\"article\" \/>\n<meta property=\"og:title\" content=\"Backpack recycled plastic\" \/>\n<meta property=\"og:description\" content=\"Eco-friendly backpack in strong and water-repellent polyester made of recycled plastic. It has a padded back and straps for good comfort and breathability, and wide shoulder straps that relieve pressure during extended use. Perfect for both everyday life and travel with many practical compartments: 2 front pockets 3 main compartments: one with organizer, one spacious [&hellip;]\" \/>\n<meta property=\"og:url\" content=\"https:\/\/grontkontor.dk\/en\/shop\/rygsaek-genanvendt-plast\/\" \/>\n<meta property=\"og:site_name\" content=\"Gr\u00f8nt Kontor\" \/>\n<meta property=\"article:publisher\" content=\"https:\/\/www.facebook.com\/grontkontor.dk\/\" \/>\n<meta property=\"article:modified_time\" content=\"2025-05-07T13:58:36+00:00\" \/>\n<meta property=\"og:image\" content=\"https:\/\/grontkontor.dk\/wp-content\/uploads\/2025\/04\/Klimavenlige-rygsaekke-rpet-collage.jpg\" \/>\n\t<meta property=\"og:image:width\" content=\"900\" \/>\n\t<meta property=\"og:image:height\" content=\"639\" \/>\n\t<meta property=\"og:image:type\" content=\"image\/jpeg\" \/>\n<meta name=\"twitter:card\" content=\"summary_large_image\" \/>\n<meta name=\"twitter:label1\" content=\"Est. reading time\" \/>\n\t<meta name=\"twitter:data1\" content=\"1 minute\" \/>\n<script type=\"application\/ld+json\" class=\"yoast-schema-graph\">{\"@context\":\"https:\/\/schema.org\",\"@graph\":[{\"@type\":\"WebPage\",\"@id\":\"https:\/\/grontkontor.dk\/en\/shop\/rygsaek-genanvendt-plast\/\",\"url\":\"https:\/\/grontkontor.dk\/en\/shop\/rygsaek-genanvendt-plast\/\",\"name\":\"Backpack recycled plastic - Gr\u00f8nt Kontor\",\"isPartOf\":{\"@id\":\"https:\/\/grontkontor.dk\/#website\"},\"datePublished\":\"2025-04-08T07:47:45+00:00\",\"dateModified\":\"2025-05-07T13:58:36+00:00\",\"breadcrumb\":{\"@id\":\"https:\/\/grontkontor.dk\/en\/shop\/rygsaek-genanvendt-plast\/#breadcrumb\"},\"inLanguage\":\"en-US\",\"potentialAction\":[{\"@type\":\"ReadAction\",\"target\":[\"https:\/\/grontkontor.dk\/en\/shop\/rygsaek-genanvendt-plast\/\"]}]},{\"@type\":\"BreadcrumbList\",\"@id\":\"https:\/\/grontkontor.dk\/en\/shop\/rygsaek-genanvendt-plast\/#breadcrumb\",\"itemListElement\":[{\"@type\":\"ListItem\",\"position\":1,\"name\":\"Forside\",\"item\":\"https:\/\/grontkontor.dk\/\"},{\"@type\":\"ListItem\",\"position\":2,\"name\":\"Shop\",\"item\":\"https:\/\/grontkontor.dk\/en\/shop-2\/\"},{\"@type\":\"ListItem\",\"position\":3,\"name\":\"Bags, bags and covers\",\"item\":\"https:\/\/grontkontor.dk\/en\/produkt-kategori\/bags-and-covers\/\"},{\"@type\":\"ListItem\",\"position\":4,\"name\":\"Laptop bags and covers\",\"item\":\"https:\/\/grontkontor.dk\/en\/produkt-kategori\/bags-and-covers\/laptop-bags-and-covers\/\"},{\"@type\":\"ListItem\",\"position\":5,\"name\":\"Backpack recycled plastic\"}]},{\"@type\":\"WebSite\",\"@id\":\"https:\/\/grontkontor.dk\/#website\",\"url\":\"https:\/\/grontkontor.dk\/\",\"name\":\"Gr\u00f8nt Kontor\",\"description\":\"Milj\u00f8venlige produkter til kontor og erhverv med fokus p\u00e5 b\u00e6redygtighed, design og fair trade.\",\"publisher\":{\"@id\":\"https:\/\/grontkontor.dk\/#organization\"},\"potentialAction\":[{\"@type\":\"SearchAction\",\"target\":{\"@type\":\"EntryPoint\",\"urlTemplate\":\"https:\/\/grontkontor.dk\/?s={search_term_string}\"},\"query-input\":\"required name=search_term_string\"}],\"inLanguage\":\"en-US\"},{\"@type\":\"Organization\",\"@id\":\"https:\/\/grontkontor.dk\/#organization\",\"name\":\"Gr\u00f8nt Kontor\",\"url\":\"https:\/\/grontkontor.dk\/\",\"logo\":{\"@type\":\"ImageObject\",\"inLanguage\":\"en-US\",\"@id\":\"https:\/\/grontkontor.dk\/#\/schema\/logo\/image\/\",\"url\":\"https:\/\/grontkontor.dk\/wp-content\/uploads\/2014\/02\/Logo_groent_kontor_300x80.png\",\"contentUrl\":\"https:\/\/grontkontor.dk\/wp-content\/uploads\/2014\/02\/Logo_groent_kontor_300x80.png\",\"width\":300,\"height\":80,\"caption\":\"Gr\u00f8nt Kontor\"},\"image\":{\"@id\":\"https:\/\/grontkontor.dk\/#\/schema\/logo\/image\/\"},\"sameAs\":[\"https:\/\/www.facebook.com\/grontkontor.dk\/\"]}]}<\/script>\n<!-- \/ Yoast SEO Premium plugin. -->","yoast_head_json":{"title":"Backpack recycled plastic - Gr\u00f8nt Kontor","robots":{"index":"index","follow":"follow","max-snippet":"max-snippet:-1","max-image-preview":"max-image-preview:large","max-video-preview":"max-video-preview:-1"},"canonical":"https:\/\/grontkontor.dk\/en\/shop\/rygsaek-genanvendt-plast\/","og_locale":"en_US","og_type":"article","og_title":"Backpack recycled plastic","og_description":"Eco-friendly backpack in strong and water-repellent polyester made of recycled plastic. It has a padded back and straps for good comfort and breathability, and wide shoulder straps that relieve pressure during extended use. Perfect for both everyday life and travel with many practical compartments: 2 front pockets 3 main compartments: one with organizer, one spacious [&hellip;]","og_url":"https:\/\/grontkontor.dk\/en\/shop\/rygsaek-genanvendt-plast\/","og_site_name":"Gr\u00f8nt Kontor","article_publisher":"https:\/\/www.facebook.com\/grontkontor.dk\/","article_modified_time":"2025-05-07T13:58:36+00:00","og_image":[{"width":900,"height":639,"url":"https:\/\/grontkontor.dk\/wp-content\/uploads\/2025\/04\/Klimavenlige-rygsaekke-rpet-collage.jpg","type":"image\/jpeg"}],"twitter_card":"summary_large_image","twitter_misc":{"Est. reading time":"1 minute"},"schema":{"@context":"https:\/\/schema.org","@graph":[{"@type":"WebPage","@id":"https:\/\/grontkontor.dk\/en\/shop\/rygsaek-genanvendt-plast\/","url":"https:\/\/grontkontor.dk\/en\/shop\/rygsaek-genanvendt-plast\/","name":"Backpack recycled plastic - Gr\u00f8nt Kontor","isPartOf":{"@id":"https:\/\/grontkontor.dk\/#website"},"datePublished":"2025-04-08T07:47:45+00:00","dateModified":"2025-05-07T13:58:36+00:00","breadcrumb":{"@id":"https:\/\/grontkontor.dk\/en\/shop\/rygsaek-genanvendt-plast\/#breadcrumb"},"inLanguage":"en-US","potentialAction":[{"@type":"ReadAction","target":["https:\/\/grontkontor.dk\/en\/shop\/rygsaek-genanvendt-plast\/"]}]},{"@type":"BreadcrumbList","@id":"https:\/\/grontkontor.dk\/en\/shop\/rygsaek-genanvendt-plast\/#breadcrumb","itemListElement":[{"@type":"ListItem","position":1,"name":"Forside","item":"https:\/\/grontkontor.dk\/"},{"@type":"ListItem","position":2,"name":"Shop","item":"https:\/\/grontkontor.dk\/en\/shop-2\/"},{"@type":"ListItem","position":3,"name":"Bags, bags and covers","item":"https:\/\/grontkontor.dk\/en\/produkt-kategori\/bags-and-covers\/"},{"@type":"ListItem","position":4,"name":"Laptop bags and covers","item":"https:\/\/grontkontor.dk\/en\/produkt-kategori\/bags-and-covers\/laptop-bags-and-covers\/"},{"@type":"ListItem","position":5,"name":"Backpack recycled plastic"}]},{"@type":"WebSite","@id":"https:\/\/grontkontor.dk\/#website","url":"https:\/\/grontkontor.dk\/","name":"Gr\u00f8nt Kontor","description":"Milj\u00f8venlige produkter til kontor og erhverv med fokus p\u00e5 b\u00e6redygtighed, design og fair trade.","publisher":{"@id":"https:\/\/grontkontor.dk\/#organization"},"potentialAction":[{"@type":"SearchAction","target":{"@type":"EntryPoint","urlTemplate":"https:\/\/grontkontor.dk\/?s={search_term_string}"},"query-input":"required name=search_term_string"}],"inLanguage":"en-US"},{"@type":"Organization","@id":"https:\/\/grontkontor.dk\/#organization","name":"Gr\u00f8nt Kontor","url":"https:\/\/grontkontor.dk\/","logo":{"@type":"ImageObject","inLanguage":"en-US","@id":"https:\/\/grontkontor.dk\/#\/schema\/logo\/image\/","url":"https:\/\/grontkontor.dk\/wp-content\/uploads\/2014\/02\/Logo_groent_kontor_300x80.png","contentUrl":"https:\/\/grontkontor.dk\/wp-content\/uploads\/2014\/02\/Logo_groent_kontor_300x80.png","width":300,"height":80,"caption":"Gr\u00f8nt Kontor"},"image":{"@id":"https:\/\/grontkontor.dk\/#\/schema\/logo\/image\/"},"sameAs":["https:\/\/www.facebook.com\/grontkontor.dk\/"]}]}},"_links":{"self":[{"href":"https:\/\/grontkontor.dk\/en\/wp-json\/wp\/v2\/product\/122742"}],"collection":[{"href":"https:\/\/grontkontor.dk\/en\/wp-json\/wp\/v2\/product"}],"about":[{"href":"https:\/\/grontkontor.dk\/en\/wp-json\/wp\/v2\/types\/product"}],"replies":[{"embeddable":true,"href":"https:\/\/grontkontor.dk\/en\/wp-json\/wp\/v2\/comments?post=122742"}],"wp:featuredmedia":[{"embeddable":true,"href":"https:\/\/grontkontor.dk\/en\/wp-json\/wp\/v2\/media\/122767"}],"wp:attachment":[{"href":"https:\/\/grontkontor.dk\/en\/wp-json\/wp\/v2\/media?parent=122742"}],"wp:term":[{"taxonomy":"product_cat","embeddable":true,"href":"https:\/\/grontkontor.dk\/en\/wp-json\/wp\/v2\/product_cat?post=122742"},{"taxonomy":"product_tag","embeddable":true,"href":"https:\/\/grontkontor.dk\/en\/wp-json\/wp\/v2\/product_tag?post=122742"}],"curies":[{"name":"wp","href":"https:\/\/api.w.org\/{rel}","templated":true}]}}