{"id":126874,"date":"2025-07-07T08:51:46","date_gmt":"2025-07-07T06:51:48","guid":{"rendered":"https:\/\/grontkontor.dk\/?post_type=product&#038;p=126874"},"modified":"2025-11-06T10:45:23","modified_gmt":"2025-11-06T09:45:23","slug":"boellehat-oekologisk-bomuld-m-u-tryk","status":"publish","type":"product","link":"https:\/\/grontkontor.dk\/en\/shop\/boellehat-oekologisk-bomuld-m-u-tryk\/","title":{"rendered":"Bucket hat organic cotton w\/o print"},"content":{"rendered":"<p>Protect yourself from the sun in style and with a clear conscience with our eco-friendly bucket hat made from recycled cotton. This hat is a statement in both fashion and responsibility. It is made of robust and durable recycled cotton, a material that helps to save the earth&#8217;s resources. The durable construction ensures that the hat can last a long time, whether you use it for a festival, a walk in the park or for everyday life. With our eco-friendly bucket hat in recycled cotton, you get a product that combines quality with consideration for the environment.    <\/p>\n<p>The hat is equipped with embroidered ventilation holes that ensure increased breathability and comfort, even on the hottest days. It&#8217;s a practical detail that makes it an indispensable part of your summer wardrobe. The outer label with the &#8220;Recycled Cotton&#8221; logo discreetly highlights that you have chosen a climate-friendly product. The hat is a smart choice for those who want to show that style and responsibility can easily go hand in hand.   <\/p>\n<p>Our bucket hat is available in several colors, so you can choose the one that best suits your personal style. It can be ordered with or without logo printing, making it a perfect product for corporate gifts, merchandise, or to highlight your brand in a meaningful way. Ideal for both men and women, its timeless design ensures that it never goes out of style. Make a difference with your style and choose a bucket hat that is created with the future in mind.   <\/p>\nThe Global Recycled Standard certification ensures that at least 50% of material is recycled in a final product. GRS also guarantees good working conditions and minimal content of harmful chemicals. \n<p><img loading=\"lazy\" decoding=\"async\" src=\"https:\/\/grontkontor.dk\/wp-content\/uploads\/2021\/02\/genbrug.jpg\" alt=\"Fremstillet af genbrugsmaterialer\" width=\"50\" height=\"50\" class=\"size-full wp-image-23031\" srcset=\"https:\/\/grontkontor.dk\/wp-content\/uploads\/2021\/02\/genbrug.jpg 199w, https:\/\/grontkontor.dk\/wp-content\/uploads\/2021\/02\/genbrug-100x100.jpg 100w\" sizes=\"(max-width: 50px) 100vw, 50px\" \/> <a href=\"https:\/\/textileexchange.org\/standards\/recycled-claim-standard-global-recycled-standard\/\"><img loading=\"lazy\" decoding=\"async\" src=\"https:\/\/grontkontor.dk\/wp-content\/uploads\/2021\/06\/global-recycled-standard-1.jpg\" alt=\"Global recycled standard\" width=\"50\" height=\"50\" class=\"size-full wp-image-25504\" \/> <\/a><\/p>\n","protected":false},"excerpt":{"rendered":"<p><br data-mce-bogus=\"1\"><\/p>\n","protected":false},"featured_media":126944,"comment_status":"closed","ping_status":"closed","template":"","meta":{"_acf_changed":false},"product_cat":[4837,2106,2390,3144],"product_tag":[4748,1749],"class_list":{"0":"post-126874","1":"product","2":"type-product","3":"status-publish","4":"has-post-thumbnail","6":"product_cat-headdress","7":"product_cat-dummy-moq-1-en","8":"product_cat-news","9":"product_cat-sports-and-leisure","10":"product_tag-hat-en","11":"product_tag-hovedbeklaedning-en","12":"tm-has-options","14":"first","15":"instock","16":"taxable","17":"shipping-taxable","18":"purchasable","19":"product-type-simple"},"acf":[],"yoast_head":"<!-- This site is optimized with the Yoast SEO Premium plugin v21.2 (Yoast SEO v21.2) - https:\/\/yoast.com\/wordpress\/plugins\/seo\/ -->\n<title>Eco-friendly bucket hat in organic cotton<\/title>\n<meta name=\"description\" content=\"Eco-friendly bucket hat in 100% organic cotton. Climate-friendly and breathable hat, ideal for sunny days. Perfect for events or as an employee gift.\" \/>\n<meta name=\"robots\" content=\"index, follow, max-snippet:-1, max-image-preview:large, max-video-preview:-1\" \/>\n<link rel=\"canonical\" href=\"https:\/\/grontkontor.dk\/en\/shop\/boellehat-oekologisk-bomuld-m-u-tryk\/\" \/>\n<meta property=\"og:locale\" content=\"en_US\" \/>\n<meta property=\"og:type\" content=\"article\" \/>\n<meta property=\"og:title\" content=\"Bucket hat organic cotton w\/o print\" \/>\n<meta property=\"og:description\" content=\"Eco-friendly bucket hat in 100% organic cotton. Climate-friendly and breathable hat, ideal for sunny days. Perfect for events or as an employee gift.\" \/>\n<meta property=\"og:url\" content=\"https:\/\/grontkontor.dk\/en\/shop\/boellehat-oekologisk-bomuld-m-u-tryk\/\" \/>\n<meta property=\"og:site_name\" content=\"Gr\u00f8nt Kontor\" \/>\n<meta property=\"article:publisher\" content=\"https:\/\/www.facebook.com\/grontkontor.dk\/\" \/>\n<meta property=\"article:modified_time\" content=\"2025-11-06T09:45:23+00:00\" \/>\n<meta property=\"og:image\" content=\"https:\/\/grontkontor.dk\/wp-content\/uploads\/2025\/07\/Miljoevenlig-boellehat-oekologisk-bomuld.jpg\" \/>\n\t<meta property=\"og:image:width\" content=\"1080\" \/>\n\t<meta property=\"og:image:height\" content=\"766\" \/>\n\t<meta property=\"og:image:type\" content=\"image\/jpeg\" \/>\n<meta name=\"twitter:card\" content=\"summary_large_image\" \/>\n<meta name=\"twitter:label1\" content=\"Est. reading time\" \/>\n\t<meta name=\"twitter:data1\" content=\"1 minute\" \/>\n<script type=\"application\/ld+json\" class=\"yoast-schema-graph\">{\"@context\":\"https:\/\/schema.org\",\"@graph\":[{\"@type\":\"WebPage\",\"@id\":\"https:\/\/grontkontor.dk\/en\/shop\/boellehat-oekologisk-bomuld-m-u-tryk\/\",\"url\":\"https:\/\/grontkontor.dk\/en\/shop\/boellehat-oekologisk-bomuld-m-u-tryk\/\",\"name\":\"Eco-friendly bucket hat in organic cotton\",\"isPartOf\":{\"@id\":\"https:\/\/grontkontor.dk\/#website\"},\"datePublished\":\"2025-07-07T06:51:48+00:00\",\"dateModified\":\"2025-11-06T09:45:23+00:00\",\"description\":\"Eco-friendly bucket hat in 100% organic cotton. Climate-friendly and breathable hat, ideal for sunny days. Perfect for events or as an employee gift.\",\"breadcrumb\":{\"@id\":\"https:\/\/grontkontor.dk\/en\/shop\/boellehat-oekologisk-bomuld-m-u-tryk\/#breadcrumb\"},\"inLanguage\":\"en-US\",\"potentialAction\":[{\"@type\":\"ReadAction\",\"target\":[\"https:\/\/grontkontor.dk\/en\/shop\/boellehat-oekologisk-bomuld-m-u-tryk\/\"]}]},{\"@type\":\"BreadcrumbList\",\"@id\":\"https:\/\/grontkontor.dk\/en\/shop\/boellehat-oekologisk-bomuld-m-u-tryk\/#breadcrumb\",\"itemListElement\":[{\"@type\":\"ListItem\",\"position\":1,\"name\":\"Forside\",\"item\":\"https:\/\/grontkontor.dk\/\"},{\"@type\":\"ListItem\",\"position\":2,\"name\":\"Shop\",\"item\":\"https:\/\/grontkontor.dk\/en\/shop-2\/\"},{\"@type\":\"ListItem\",\"position\":3,\"name\":\"Apparel\",\"item\":\"https:\/\/grontkontor.dk\/en\/produkt-kategori\/beklaedning-en\/\"},{\"@type\":\"ListItem\",\"position\":4,\"name\":\"Headdress\",\"item\":\"https:\/\/grontkontor.dk\/en\/produkt-kategori\/beklaedning-en\/headdress\/\"},{\"@type\":\"ListItem\",\"position\":5,\"name\":\"Bucket hat organic cotton w\/o print\"}]},{\"@type\":\"WebSite\",\"@id\":\"https:\/\/grontkontor.dk\/#website\",\"url\":\"https:\/\/grontkontor.dk\/\",\"name\":\"Gr\u00f8nt Kontor\",\"description\":\"Milj\u00f8venlige produkter til kontor og erhverv med fokus p\u00e5 b\u00e6redygtighed, design og fair trade.\",\"publisher\":{\"@id\":\"https:\/\/grontkontor.dk\/#organization\"},\"potentialAction\":[{\"@type\":\"SearchAction\",\"target\":{\"@type\":\"EntryPoint\",\"urlTemplate\":\"https:\/\/grontkontor.dk\/?s={search_term_string}\"},\"query-input\":\"required name=search_term_string\"}],\"inLanguage\":\"en-US\"},{\"@type\":\"Organization\",\"@id\":\"https:\/\/grontkontor.dk\/#organization\",\"name\":\"Gr\u00f8nt Kontor\",\"url\":\"https:\/\/grontkontor.dk\/\",\"logo\":{\"@type\":\"ImageObject\",\"inLanguage\":\"en-US\",\"@id\":\"https:\/\/grontkontor.dk\/#\/schema\/logo\/image\/\",\"url\":\"https:\/\/grontkontor.dk\/wp-content\/uploads\/2014\/02\/Logo_groent_kontor_300x80.png\",\"contentUrl\":\"https:\/\/grontkontor.dk\/wp-content\/uploads\/2014\/02\/Logo_groent_kontor_300x80.png\",\"width\":300,\"height\":80,\"caption\":\"Gr\u00f8nt Kontor\"},\"image\":{\"@id\":\"https:\/\/grontkontor.dk\/#\/schema\/logo\/image\/\"},\"sameAs\":[\"https:\/\/www.facebook.com\/grontkontor.dk\/\"]}]}<\/script>\n<!-- \/ Yoast SEO Premium plugin. -->","yoast_head_json":{"title":"Eco-friendly bucket hat in organic cotton","description":"Eco-friendly bucket hat in 100% organic cotton. Climate-friendly and breathable hat, ideal for sunny days. Perfect for events or as an employee gift.","robots":{"index":"index","follow":"follow","max-snippet":"max-snippet:-1","max-image-preview":"max-image-preview:large","max-video-preview":"max-video-preview:-1"},"canonical":"https:\/\/grontkontor.dk\/en\/shop\/boellehat-oekologisk-bomuld-m-u-tryk\/","og_locale":"en_US","og_type":"article","og_title":"Bucket hat organic cotton w\/o print","og_description":"Eco-friendly bucket hat in 100% organic cotton. Climate-friendly and breathable hat, ideal for sunny days. Perfect for events or as an employee gift.","og_url":"https:\/\/grontkontor.dk\/en\/shop\/boellehat-oekologisk-bomuld-m-u-tryk\/","og_site_name":"Gr\u00f8nt Kontor","article_publisher":"https:\/\/www.facebook.com\/grontkontor.dk\/","article_modified_time":"2025-11-06T09:45:23+00:00","og_image":[{"width":1080,"height":766,"url":"https:\/\/grontkontor.dk\/wp-content\/uploads\/2025\/07\/Miljoevenlig-boellehat-oekologisk-bomuld.jpg","type":"image\/jpeg"}],"twitter_card":"summary_large_image","twitter_misc":{"Est. reading time":"1 minute"},"schema":{"@context":"https:\/\/schema.org","@graph":[{"@type":"WebPage","@id":"https:\/\/grontkontor.dk\/en\/shop\/boellehat-oekologisk-bomuld-m-u-tryk\/","url":"https:\/\/grontkontor.dk\/en\/shop\/boellehat-oekologisk-bomuld-m-u-tryk\/","name":"Eco-friendly bucket hat in organic cotton","isPartOf":{"@id":"https:\/\/grontkontor.dk\/#website"},"datePublished":"2025-07-07T06:51:48+00:00","dateModified":"2025-11-06T09:45:23+00:00","description":"Eco-friendly bucket hat in 100% organic cotton. Climate-friendly and breathable hat, ideal for sunny days. Perfect for events or as an employee gift.","breadcrumb":{"@id":"https:\/\/grontkontor.dk\/en\/shop\/boellehat-oekologisk-bomuld-m-u-tryk\/#breadcrumb"},"inLanguage":"en-US","potentialAction":[{"@type":"ReadAction","target":["https:\/\/grontkontor.dk\/en\/shop\/boellehat-oekologisk-bomuld-m-u-tryk\/"]}]},{"@type":"BreadcrumbList","@id":"https:\/\/grontkontor.dk\/en\/shop\/boellehat-oekologisk-bomuld-m-u-tryk\/#breadcrumb","itemListElement":[{"@type":"ListItem","position":1,"name":"Forside","item":"https:\/\/grontkontor.dk\/"},{"@type":"ListItem","position":2,"name":"Shop","item":"https:\/\/grontkontor.dk\/en\/shop-2\/"},{"@type":"ListItem","position":3,"name":"Apparel","item":"https:\/\/grontkontor.dk\/en\/produkt-kategori\/beklaedning-en\/"},{"@type":"ListItem","position":4,"name":"Headdress","item":"https:\/\/grontkontor.dk\/en\/produkt-kategori\/beklaedning-en\/headdress\/"},{"@type":"ListItem","position":5,"name":"Bucket hat organic cotton w\/o print"}]},{"@type":"WebSite","@id":"https:\/\/grontkontor.dk\/#website","url":"https:\/\/grontkontor.dk\/","name":"Gr\u00f8nt Kontor","description":"Milj\u00f8venlige produkter til kontor og erhverv med fokus p\u00e5 b\u00e6redygtighed, design og fair trade.","publisher":{"@id":"https:\/\/grontkontor.dk\/#organization"},"potentialAction":[{"@type":"SearchAction","target":{"@type":"EntryPoint","urlTemplate":"https:\/\/grontkontor.dk\/?s={search_term_string}"},"query-input":"required name=search_term_string"}],"inLanguage":"en-US"},{"@type":"Organization","@id":"https:\/\/grontkontor.dk\/#organization","name":"Gr\u00f8nt Kontor","url":"https:\/\/grontkontor.dk\/","logo":{"@type":"ImageObject","inLanguage":"en-US","@id":"https:\/\/grontkontor.dk\/#\/schema\/logo\/image\/","url":"https:\/\/grontkontor.dk\/wp-content\/uploads\/2014\/02\/Logo_groent_kontor_300x80.png","contentUrl":"https:\/\/grontkontor.dk\/wp-content\/uploads\/2014\/02\/Logo_groent_kontor_300x80.png","width":300,"height":80,"caption":"Gr\u00f8nt Kontor"},"image":{"@id":"https:\/\/grontkontor.dk\/#\/schema\/logo\/image\/"},"sameAs":["https:\/\/www.facebook.com\/grontkontor.dk\/"]}]}},"_links":{"self":[{"href":"https:\/\/grontkontor.dk\/en\/wp-json\/wp\/v2\/product\/126874"}],"collection":[{"href":"https:\/\/grontkontor.dk\/en\/wp-json\/wp\/v2\/product"}],"about":[{"href":"https:\/\/grontkontor.dk\/en\/wp-json\/wp\/v2\/types\/product"}],"replies":[{"embeddable":true,"href":"https:\/\/grontkontor.dk\/en\/wp-json\/wp\/v2\/comments?post=126874"}],"wp:featuredmedia":[{"embeddable":true,"href":"https:\/\/grontkontor.dk\/en\/wp-json\/wp\/v2\/media\/126944"}],"wp:attachment":[{"href":"https:\/\/grontkontor.dk\/en\/wp-json\/wp\/v2\/media?parent=126874"}],"wp:term":[{"taxonomy":"product_cat","embeddable":true,"href":"https:\/\/grontkontor.dk\/en\/wp-json\/wp\/v2\/product_cat?post=126874"},{"taxonomy":"product_tag","embeddable":true,"href":"https:\/\/grontkontor.dk\/en\/wp-json\/wp\/v2\/product_tag?post=126874"}],"curies":[{"name":"wp","href":"https:\/\/api.w.org\/{rel}","templated":true}]}}