{"id":127119,"date":"2025-07-10T08:46:13","date_gmt":"2025-07-10T06:46:14","guid":{"rendered":"https:\/\/grontkontor.dk\/?post_type=product&#038;p=127119"},"modified":"2025-07-10T15:53:32","modified_gmt":"2025-07-10T13:53:32","slug":"kuglepen-genanvendt-plast-og-bambus","status":"publish","type":"product","link":"https:\/\/grontkontor.dk\/en\/shop\/kuglepen-genanvendt-plast-og-bambus\/","title":{"rendered":"Ballpoint pen recycled plastic and bamboo"},"content":{"rendered":"<p data-start=\"125\" data-end=\"166\">Eco-friendly ballpoint pen in bamboo and RABS. Ballpoint pen with push button, made of bamboo and RABS \u2013 a durable and recyclable type of plastic with RCS certification. The pen has blue ink, chrome-plated push button, clip and tip. Delivered individually in a reusable bag. Available in blue, black, white, red and green.    <\/p>\n<p>Bamboo is an extremely sustainable material, and one of the fastest growing plants in the world, which means rapid regeneration when harvested. Bamboo is grown without pesticides or artificial fertilizers and, like other natural products, functions as a CO2 depot throughout the products lifetime.  Recycled claim standard ensures content of recycled material. <\/p>\n<p><img loading=\"lazy\" decoding=\"async\" src=\"https:\/\/grontkontor.dk\/wp-content\/uploads\/2021\/02\/genbrug.jpg\" alt=\"Fremstillet af genbrugsmaterialer\" width=\"50\" height=\"50\" class=\"size-full wp-image-23031\" srcset=\"https:\/\/grontkontor.dk\/wp-content\/uploads\/2021\/02\/genbrug.jpg 199w, https:\/\/grontkontor.dk\/wp-content\/uploads\/2021\/02\/genbrug-100x100.jpg 100w\" sizes=\"(max-width: 50px) 100vw, 50px\" \/> <a href=\"https:\/\/www.google.com\/url?sa=t&rct=j&q=&esrc=s&source=web&cd=&cad=rja&uact=8&ved=2ahUKEwjv06L8rZ7xAhXFjqQKHSDxAMoQFjACegQIExAD&url=https%3A%2F%2Fcertifications.controlunion.com%2Fen%2Fcertification-programs%2Fcertification-programs%2Frcs-blended-recycled-claim-standard&usg=AOvVaw3EUq5Cz3W8o2_9SLL-aQ3V\"><img loading=\"lazy\" decoding=\"async\" src=\"https:\/\/grontkontor.dk\/wp-content\/uploads\/2021\/06\/recycled-blended-claim-standard.jpg\" alt=\"\" width=\"50\" height=\"50\" class=\"alignnone size-full wp-image-24839\" \/><\/a> <\/p>\n","protected":false},"excerpt":{"rendered":"<p>Eco-friendly ballpoint pen in bamboo and RABS. Ballpoint pen with push button, made of bamboo and RABS \u2013 a durable and recyclable type of plastic with RCS certification. The pen has blue ink, chrome-plated push button, clip and tip. Delivered individually in a reusable bag. Available in blue, black, white, red and green.<\/p>\n","protected":false},"featured_media":125937,"comment_status":"closed","ping_status":"closed","template":"","meta":{"_acf_changed":false},"product_cat":[4398,2106,1252,1286],"product_tag":[1253,1256,1255],"class_list":{"0":"post-127119","1":"product","2":"type-product","3":"status-publish","4":"has-post-thumbnail","6":"product_cat-pens-and-pencils","7":"product_cat-dummy-moq-1-en","8":"product_cat-ballpens","9":"product_cat-writing-utensils","10":"product_tag-kuglepen-en","11":"product_tag-pen-en","12":"product_tag-kuglepenne-en","13":"pa_farve-black","14":"pa_farve-blue","15":"pa_farve-green-en","16":"pa_farve-red-en","17":"pa_farve-white-en","18":"tm-has-options","20":"first","21":"instock","22":"taxable","23":"shipping-taxable","24":"purchasable","25":"product-type-variable","26":"has-default-attributes"},"acf":[],"yoast_head":"<!-- This site is optimized with the Yoast SEO Premium plugin v21.2 (Yoast SEO v21.2) - https:\/\/yoast.com\/wordpress\/plugins\/seo\/ -->\n<title>Ballpoint pen recycled plastic and bamboo - Gr\u00f8nt Kontor<\/title>\n<meta name=\"robots\" content=\"index, follow, max-snippet:-1, max-image-preview:large, max-video-preview:-1\" \/>\n<link rel=\"canonical\" href=\"https:\/\/grontkontor.dk\/shop\/kuglepen-genanvendt-plast-og-bambus\/\" \/>\n<meta property=\"og:locale\" content=\"en_US\" \/>\n<meta property=\"og:type\" content=\"article\" \/>\n<meta property=\"og:title\" content=\"Ballpoint pen recycled plastic and bamboo\" \/>\n<meta property=\"og:description\" content=\"Eco-friendly ballpoint pen in bamboo and RABS. Ballpoint pen with push button, made of bamboo and RABS \u2013 a durable and recyclable type of plastic with RCS certification. The pen has blue ink, chrome-plated push button, clip and tip. Delivered individually in a reusable bag. Available in blue, black, white, red and green.\" \/>\n<meta property=\"og:url\" content=\"https:\/\/grontkontor.dk\/shop\/kuglepen-genanvendt-plast-og-bambus\/\" \/>\n<meta property=\"og:site_name\" content=\"Gr\u00f8nt Kontor\" \/>\n<meta property=\"article:publisher\" content=\"https:\/\/www.facebook.com\/grontkontor.dk\/\" \/>\n<meta property=\"article:modified_time\" content=\"2025-07-10T13:53:32+00:00\" \/>\n<meta property=\"og:image\" content=\"https:\/\/grontkontor.dk\/wp-content\/uploads\/2025\/06\/Klimavenlig-kuglepen-4-farver-blaek.jpg\" \/>\n\t<meta property=\"og:image:width\" content=\"900\" \/>\n\t<meta property=\"og:image:height\" content=\"639\" \/>\n\t<meta property=\"og:image:type\" content=\"image\/jpeg\" \/>\n<meta name=\"twitter:card\" content=\"summary_large_image\" \/>\n<script type=\"application\/ld+json\" class=\"yoast-schema-graph\">{\"@context\":\"https:\/\/schema.org\",\"@graph\":[{\"@type\":\"WebPage\",\"@id\":\"https:\/\/grontkontor.dk\/shop\/kuglepen-genanvendt-plast-og-bambus\/\",\"url\":\"https:\/\/grontkontor.dk\/shop\/kuglepen-genanvendt-plast-og-bambus\/\",\"name\":\"Ballpoint pen recycled plastic and bamboo - Gr\u00f8nt Kontor\",\"isPartOf\":{\"@id\":\"https:\/\/grontkontor.dk\/#website\"},\"datePublished\":\"2025-07-10T06:46:14+00:00\",\"dateModified\":\"2025-07-10T13:53:32+00:00\",\"breadcrumb\":{\"@id\":\"https:\/\/grontkontor.dk\/shop\/kuglepen-genanvendt-plast-og-bambus\/#breadcrumb\"},\"inLanguage\":\"en-US\",\"potentialAction\":[{\"@type\":\"ReadAction\",\"target\":[\"https:\/\/grontkontor.dk\/shop\/kuglepen-genanvendt-plast-og-bambus\/\"]}]},{\"@type\":\"BreadcrumbList\",\"@id\":\"https:\/\/grontkontor.dk\/shop\/kuglepen-genanvendt-plast-og-bambus\/#breadcrumb\",\"itemListElement\":[{\"@type\":\"ListItem\",\"position\":1,\"name\":\"Forside\",\"item\":\"https:\/\/grontkontor.dk\/\"},{\"@type\":\"ListItem\",\"position\":2,\"name\":\"Shop\",\"item\":\"https:\/\/grontkontor.dk\/en\/shop-2\/\"},{\"@type\":\"ListItem\",\"position\":3,\"name\":\"Climate-friendly corporate gifts\",\"item\":\"https:\/\/grontkontor.dk\/en\/produkt-kategori\/sustainable-presents\/\"},{\"@type\":\"ListItem\",\"position\":4,\"name\":\"Pens and pencils\",\"item\":\"https:\/\/grontkontor.dk\/en\/produkt-kategori\/sustainable-presents\/pens-and-pencils\/\"},{\"@type\":\"ListItem\",\"position\":5,\"name\":\"Ballpoint pen recycled plastic and bamboo\"}]},{\"@type\":\"WebSite\",\"@id\":\"https:\/\/grontkontor.dk\/#website\",\"url\":\"https:\/\/grontkontor.dk\/\",\"name\":\"Gr\u00f8nt Kontor\",\"description\":\"Milj\u00f8venlige produkter til kontor og erhverv med fokus p\u00e5 b\u00e6redygtighed, design og fair trade.\",\"publisher\":{\"@id\":\"https:\/\/grontkontor.dk\/#organization\"},\"potentialAction\":[{\"@type\":\"SearchAction\",\"target\":{\"@type\":\"EntryPoint\",\"urlTemplate\":\"https:\/\/grontkontor.dk\/?s={search_term_string}\"},\"query-input\":\"required name=search_term_string\"}],\"inLanguage\":\"en-US\"},{\"@type\":\"Organization\",\"@id\":\"https:\/\/grontkontor.dk\/#organization\",\"name\":\"Gr\u00f8nt Kontor\",\"url\":\"https:\/\/grontkontor.dk\/\",\"logo\":{\"@type\":\"ImageObject\",\"inLanguage\":\"en-US\",\"@id\":\"https:\/\/grontkontor.dk\/#\/schema\/logo\/image\/\",\"url\":\"https:\/\/grontkontor.dk\/wp-content\/uploads\/2014\/02\/Logo_groent_kontor_300x80.png\",\"contentUrl\":\"https:\/\/grontkontor.dk\/wp-content\/uploads\/2014\/02\/Logo_groent_kontor_300x80.png\",\"width\":300,\"height\":80,\"caption\":\"Gr\u00f8nt Kontor\"},\"image\":{\"@id\":\"https:\/\/grontkontor.dk\/#\/schema\/logo\/image\/\"},\"sameAs\":[\"https:\/\/www.facebook.com\/grontkontor.dk\/\"]}]}<\/script>\n<!-- \/ Yoast SEO Premium plugin. -->","yoast_head_json":{"title":"Ballpoint pen recycled plastic and bamboo - Gr\u00f8nt Kontor","robots":{"index":"index","follow":"follow","max-snippet":"max-snippet:-1","max-image-preview":"max-image-preview:large","max-video-preview":"max-video-preview:-1"},"canonical":"https:\/\/grontkontor.dk\/shop\/kuglepen-genanvendt-plast-og-bambus\/","og_locale":"en_US","og_type":"article","og_title":"Ballpoint pen recycled plastic and bamboo","og_description":"Eco-friendly ballpoint pen in bamboo and RABS. Ballpoint pen with push button, made of bamboo and RABS \u2013 a durable and recyclable type of plastic with RCS certification. The pen has blue ink, chrome-plated push button, clip and tip. Delivered individually in a reusable bag. Available in blue, black, white, red and green.","og_url":"https:\/\/grontkontor.dk\/shop\/kuglepen-genanvendt-plast-og-bambus\/","og_site_name":"Gr\u00f8nt Kontor","article_publisher":"https:\/\/www.facebook.com\/grontkontor.dk\/","article_modified_time":"2025-07-10T13:53:32+00:00","og_image":[{"width":900,"height":639,"url":"https:\/\/grontkontor.dk\/wp-content\/uploads\/2025\/06\/Klimavenlig-kuglepen-4-farver-blaek.jpg","type":"image\/jpeg"}],"twitter_card":"summary_large_image","schema":{"@context":"https:\/\/schema.org","@graph":[{"@type":"WebPage","@id":"https:\/\/grontkontor.dk\/shop\/kuglepen-genanvendt-plast-og-bambus\/","url":"https:\/\/grontkontor.dk\/shop\/kuglepen-genanvendt-plast-og-bambus\/","name":"Ballpoint pen recycled plastic and bamboo - Gr\u00f8nt Kontor","isPartOf":{"@id":"https:\/\/grontkontor.dk\/#website"},"datePublished":"2025-07-10T06:46:14+00:00","dateModified":"2025-07-10T13:53:32+00:00","breadcrumb":{"@id":"https:\/\/grontkontor.dk\/shop\/kuglepen-genanvendt-plast-og-bambus\/#breadcrumb"},"inLanguage":"en-US","potentialAction":[{"@type":"ReadAction","target":["https:\/\/grontkontor.dk\/shop\/kuglepen-genanvendt-plast-og-bambus\/"]}]},{"@type":"BreadcrumbList","@id":"https:\/\/grontkontor.dk\/shop\/kuglepen-genanvendt-plast-og-bambus\/#breadcrumb","itemListElement":[{"@type":"ListItem","position":1,"name":"Forside","item":"https:\/\/grontkontor.dk\/"},{"@type":"ListItem","position":2,"name":"Shop","item":"https:\/\/grontkontor.dk\/en\/shop-2\/"},{"@type":"ListItem","position":3,"name":"Climate-friendly corporate gifts","item":"https:\/\/grontkontor.dk\/en\/produkt-kategori\/sustainable-presents\/"},{"@type":"ListItem","position":4,"name":"Pens and pencils","item":"https:\/\/grontkontor.dk\/en\/produkt-kategori\/sustainable-presents\/pens-and-pencils\/"},{"@type":"ListItem","position":5,"name":"Ballpoint pen recycled plastic and bamboo"}]},{"@type":"WebSite","@id":"https:\/\/grontkontor.dk\/#website","url":"https:\/\/grontkontor.dk\/","name":"Gr\u00f8nt Kontor","description":"Milj\u00f8venlige produkter til kontor og erhverv med fokus p\u00e5 b\u00e6redygtighed, design og fair trade.","publisher":{"@id":"https:\/\/grontkontor.dk\/#organization"},"potentialAction":[{"@type":"SearchAction","target":{"@type":"EntryPoint","urlTemplate":"https:\/\/grontkontor.dk\/?s={search_term_string}"},"query-input":"required name=search_term_string"}],"inLanguage":"en-US"},{"@type":"Organization","@id":"https:\/\/grontkontor.dk\/#organization","name":"Gr\u00f8nt Kontor","url":"https:\/\/grontkontor.dk\/","logo":{"@type":"ImageObject","inLanguage":"en-US","@id":"https:\/\/grontkontor.dk\/#\/schema\/logo\/image\/","url":"https:\/\/grontkontor.dk\/wp-content\/uploads\/2014\/02\/Logo_groent_kontor_300x80.png","contentUrl":"https:\/\/grontkontor.dk\/wp-content\/uploads\/2014\/02\/Logo_groent_kontor_300x80.png","width":300,"height":80,"caption":"Gr\u00f8nt Kontor"},"image":{"@id":"https:\/\/grontkontor.dk\/#\/schema\/logo\/image\/"},"sameAs":["https:\/\/www.facebook.com\/grontkontor.dk\/"]}]}},"_links":{"self":[{"href":"https:\/\/grontkontor.dk\/en\/wp-json\/wp\/v2\/product\/127119"}],"collection":[{"href":"https:\/\/grontkontor.dk\/en\/wp-json\/wp\/v2\/product"}],"about":[{"href":"https:\/\/grontkontor.dk\/en\/wp-json\/wp\/v2\/types\/product"}],"replies":[{"embeddable":true,"href":"https:\/\/grontkontor.dk\/en\/wp-json\/wp\/v2\/comments?post=127119"}],"wp:featuredmedia":[{"embeddable":true,"href":"https:\/\/grontkontor.dk\/en\/wp-json\/wp\/v2\/media\/125937"}],"wp:attachment":[{"href":"https:\/\/grontkontor.dk\/en\/wp-json\/wp\/v2\/media?parent=127119"}],"wp:term":[{"taxonomy":"product_cat","embeddable":true,"href":"https:\/\/grontkontor.dk\/en\/wp-json\/wp\/v2\/product_cat?post=127119"},{"taxonomy":"product_tag","embeddable":true,"href":"https:\/\/grontkontor.dk\/en\/wp-json\/wp\/v2\/product_tag?post=127119"}],"curies":[{"name":"wp","href":"https:\/\/api.w.org\/{rel}","templated":true}]}}