{"id":127200,"date":"2025-07-10T12:10:48","date_gmt":"2025-07-10T10:10:49","guid":{"rendered":"https:\/\/grontkontor.dk\/?post_type=product&#038;p=127200"},"modified":"2025-08-14T14:49:56","modified_gmt":"2025-08-14T12:49:56","slug":"beach-bag-genanvendt-bomuld-220-gsm-2","status":"publish","type":"product","link":"https:\/\/grontkontor.dk\/en\/shop\/beach-bag-genanvendt-bomuld-220-gsm-2\/","title":{"rendered":"Beach bag recycled cotton 220 GSM"},"content":{"rendered":"<p data-start=\"62\" data-end=\"104\">Climate-friendly tote bag in heavily recycled cotton \u2013 220g\/m\u00b2 Bag made mainly of recycled cotton (220 g\/m\u00b2). With a bottom block and long, braided handles in natural-coloured cotton. Comes with a label that indicates recycled cotton content. Available in blue, natural, black, red and green   <\/p>\n<p>Cotton is a biodegradable, compostable natural product and one of the worlds oldest commercial and agricultural commodities. Recycled cotton is less harmful to the climate than conventional \/ organic cotton, and excels in particular by extending the life of cotton products and thereby acts as an extended CO2 storage.  The Global Recycled Standard certification ensures that at least 50% of material is recycled in a final product. GRS also guarantees good working conditions and minimal content of harmful chemicals.  &nbsp; <a href=\"https:\/\/textileexchange.org\/standards\/recycled-claim-standard-global-recycled-standard\/\"><img loading=\"lazy\" decoding=\"async\" src=\"https:\/\/grontkontor.dk\/wp-content\/uploads\/2021\/06\/global-recycled-standard-1.jpg\" alt=\"Global recycled standard\" width=\"50\" height=\"50\" class=\"size-full wp-image-25504\" \/> <\/a> <img loading=\"lazy\" decoding=\"async\" src=\"https:\/\/grontkontor.dk\/wp-content\/uploads\/2021\/02\/genbrug.jpg\" alt=\"Fremstillet af genbrugsmaterialer\" width=\"50\" height=\"50\" class=\"size-full wp-image-23031\" srcset=\"https:\/\/grontkontor.dk\/wp-content\/uploads\/2021\/02\/genbrug.jpg 199w, https:\/\/grontkontor.dk\/wp-content\/uploads\/2021\/02\/genbrug-100x100.jpg 100w\" sizes=\"(max-width: 50px) 100vw, 50px\" \/><\/p>\n","protected":false},"excerpt":{"rendered":"<p>Climate-friendly tote bag in heavily recycled cotton \u2013 220g\/m\u00b2 Bag made mainly of recycled cotton (220 g\/m\u00b2). With a bottom block and long, braided handles in natural-coloured cotton. Comes with a label that indicates recycled cotton content. Available in blue, natural, black, red and green &nbsp;<\/p>\n","protected":false},"featured_media":127237,"comment_status":"closed","ping_status":"closed","template":"","meta":{"_acf_changed":false},"product_cat":[4445,1310,1311,1262,2106,2390],"product_tag":[4504],"class_list":{"0":"post-127200","1":"product","2":"type-product","3":"status-publish","4":"has-post-thumbnail","6":"product_cat-gift-bags-and-gift-boxes","7":"product_cat-bags-and-covers","8":"product_cat-carrier-bag","9":"product_cat-sustainable-presents","10":"product_cat-dummy-moq-1-en","11":"product_cat-news","12":"product_tag-beach-bag-en","13":"tm-has-options","15":"first","16":"instock","17":"taxable","18":"shipping-taxable","19":"purchasable","20":"product-type-variable","21":"has-default-attributes"},"acf":[],"yoast_head":"<!-- This site is optimized with the Yoast SEO Premium plugin v21.2 (Yoast SEO v21.2) - https:\/\/yoast.com\/wordpress\/plugins\/seo\/ -->\n<title>Beach bag recycled cotton 220 GSM - Gr\u00f8nt Kontor<\/title>\n<meta name=\"robots\" content=\"index, follow, max-snippet:-1, max-image-preview:large, max-video-preview:-1\" \/>\n<link rel=\"canonical\" href=\"https:\/\/grontkontor.dk\/shop\/beach-bag-genanvendt-bomuld-220-gsm-2\/\" \/>\n<meta property=\"og:locale\" content=\"en_US\" \/>\n<meta property=\"og:type\" content=\"article\" \/>\n<meta property=\"og:title\" content=\"Beach bag recycled cotton 220 GSM\" \/>\n<meta property=\"og:description\" content=\"Climate-friendly tote bag in heavily recycled cotton \u2013 220g\/m\u00b2 Bag made mainly of recycled cotton (220 g\/m\u00b2). With a bottom block and long, braided handles in natural-coloured cotton. Comes with a label that indicates recycled cotton content. Available in blue, natural, black, red and green &nbsp;\" \/>\n<meta property=\"og:url\" content=\"https:\/\/grontkontor.dk\/shop\/beach-bag-genanvendt-bomuld-220-gsm-2\/\" \/>\n<meta property=\"og:site_name\" content=\"Gr\u00f8nt Kontor\" \/>\n<meta property=\"article:publisher\" content=\"https:\/\/www.facebook.com\/grontkontor.dk\/\" \/>\n<meta property=\"article:modified_time\" content=\"2025-08-14T12:49:56+00:00\" \/>\n<meta property=\"og:image\" content=\"https:\/\/grontkontor.dk\/wp-content\/uploads\/2025\/07\/Klimavenlig-beach-bag-i-genanvendt-bomuld-collage-scaled.jpg\" \/>\n\t<meta property=\"og:image:width\" content=\"2560\" \/>\n\t<meta property=\"og:image:height\" content=\"1817\" \/>\n\t<meta property=\"og:image:type\" content=\"image\/jpeg\" \/>\n<meta name=\"twitter:card\" content=\"summary_large_image\" \/>\n<script type=\"application\/ld+json\" class=\"yoast-schema-graph\">{\"@context\":\"https:\/\/schema.org\",\"@graph\":[{\"@type\":\"WebPage\",\"@id\":\"https:\/\/grontkontor.dk\/shop\/beach-bag-genanvendt-bomuld-220-gsm-2\/\",\"url\":\"https:\/\/grontkontor.dk\/shop\/beach-bag-genanvendt-bomuld-220-gsm-2\/\",\"name\":\"Beach bag recycled cotton 220 GSM - Gr\u00f8nt Kontor\",\"isPartOf\":{\"@id\":\"https:\/\/grontkontor.dk\/#website\"},\"datePublished\":\"2025-07-10T10:10:49+00:00\",\"dateModified\":\"2025-08-14T12:49:56+00:00\",\"breadcrumb\":{\"@id\":\"https:\/\/grontkontor.dk\/shop\/beach-bag-genanvendt-bomuld-220-gsm-2\/#breadcrumb\"},\"inLanguage\":\"en-US\",\"potentialAction\":[{\"@type\":\"ReadAction\",\"target\":[\"https:\/\/grontkontor.dk\/shop\/beach-bag-genanvendt-bomuld-220-gsm-2\/\"]}]},{\"@type\":\"BreadcrumbList\",\"@id\":\"https:\/\/grontkontor.dk\/shop\/beach-bag-genanvendt-bomuld-220-gsm-2\/#breadcrumb\",\"itemListElement\":[{\"@type\":\"ListItem\",\"position\":1,\"name\":\"Forside\",\"item\":\"https:\/\/grontkontor.dk\/\"},{\"@type\":\"ListItem\",\"position\":2,\"name\":\"Shop\",\"item\":\"https:\/\/grontkontor.dk\/en\/shop-2\/\"},{\"@type\":\"ListItem\",\"position\":3,\"name\":\"Climate-friendly corporate gifts\",\"item\":\"https:\/\/grontkontor.dk\/en\/produkt-kategori\/sustainable-presents\/\"},{\"@type\":\"ListItem\",\"position\":4,\"name\":\"Gift bags and gift boxes\",\"item\":\"https:\/\/grontkontor.dk\/en\/produkt-kategori\/sustainable-presents\/gift-bags-and-gift-boxes\/\"},{\"@type\":\"ListItem\",\"position\":5,\"name\":\"Beach bag recycled cotton 220 GSM\"}]},{\"@type\":\"WebSite\",\"@id\":\"https:\/\/grontkontor.dk\/#website\",\"url\":\"https:\/\/grontkontor.dk\/\",\"name\":\"Gr\u00f8nt Kontor\",\"description\":\"Milj\u00f8venlige produkter til kontor og erhverv med fokus p\u00e5 b\u00e6redygtighed, design og fair trade.\",\"publisher\":{\"@id\":\"https:\/\/grontkontor.dk\/#organization\"},\"potentialAction\":[{\"@type\":\"SearchAction\",\"target\":{\"@type\":\"EntryPoint\",\"urlTemplate\":\"https:\/\/grontkontor.dk\/?s={search_term_string}\"},\"query-input\":\"required name=search_term_string\"}],\"inLanguage\":\"en-US\"},{\"@type\":\"Organization\",\"@id\":\"https:\/\/grontkontor.dk\/#organization\",\"name\":\"Gr\u00f8nt Kontor\",\"url\":\"https:\/\/grontkontor.dk\/\",\"logo\":{\"@type\":\"ImageObject\",\"inLanguage\":\"en-US\",\"@id\":\"https:\/\/grontkontor.dk\/#\/schema\/logo\/image\/\",\"url\":\"https:\/\/grontkontor.dk\/wp-content\/uploads\/2014\/02\/Logo_groent_kontor_300x80.png\",\"contentUrl\":\"https:\/\/grontkontor.dk\/wp-content\/uploads\/2014\/02\/Logo_groent_kontor_300x80.png\",\"width\":300,\"height\":80,\"caption\":\"Gr\u00f8nt Kontor\"},\"image\":{\"@id\":\"https:\/\/grontkontor.dk\/#\/schema\/logo\/image\/\"},\"sameAs\":[\"https:\/\/www.facebook.com\/grontkontor.dk\/\"]}]}<\/script>\n<!-- \/ Yoast SEO Premium plugin. -->","yoast_head_json":{"title":"Beach bag recycled cotton 220 GSM - Gr\u00f8nt Kontor","robots":{"index":"index","follow":"follow","max-snippet":"max-snippet:-1","max-image-preview":"max-image-preview:large","max-video-preview":"max-video-preview:-1"},"canonical":"https:\/\/grontkontor.dk\/shop\/beach-bag-genanvendt-bomuld-220-gsm-2\/","og_locale":"en_US","og_type":"article","og_title":"Beach bag recycled cotton 220 GSM","og_description":"Climate-friendly tote bag in heavily recycled cotton \u2013 220g\/m\u00b2 Bag made mainly of recycled cotton (220 g\/m\u00b2). With a bottom block and long, braided handles in natural-coloured cotton. Comes with a label that indicates recycled cotton content. Available in blue, natural, black, red and green &nbsp;","og_url":"https:\/\/grontkontor.dk\/shop\/beach-bag-genanvendt-bomuld-220-gsm-2\/","og_site_name":"Gr\u00f8nt Kontor","article_publisher":"https:\/\/www.facebook.com\/grontkontor.dk\/","article_modified_time":"2025-08-14T12:49:56+00:00","og_image":[{"width":2560,"height":1817,"url":"https:\/\/grontkontor.dk\/wp-content\/uploads\/2025\/07\/Klimavenlig-beach-bag-i-genanvendt-bomuld-collage-scaled.jpg","type":"image\/jpeg"}],"twitter_card":"summary_large_image","schema":{"@context":"https:\/\/schema.org","@graph":[{"@type":"WebPage","@id":"https:\/\/grontkontor.dk\/shop\/beach-bag-genanvendt-bomuld-220-gsm-2\/","url":"https:\/\/grontkontor.dk\/shop\/beach-bag-genanvendt-bomuld-220-gsm-2\/","name":"Beach bag recycled cotton 220 GSM - Gr\u00f8nt Kontor","isPartOf":{"@id":"https:\/\/grontkontor.dk\/#website"},"datePublished":"2025-07-10T10:10:49+00:00","dateModified":"2025-08-14T12:49:56+00:00","breadcrumb":{"@id":"https:\/\/grontkontor.dk\/shop\/beach-bag-genanvendt-bomuld-220-gsm-2\/#breadcrumb"},"inLanguage":"en-US","potentialAction":[{"@type":"ReadAction","target":["https:\/\/grontkontor.dk\/shop\/beach-bag-genanvendt-bomuld-220-gsm-2\/"]}]},{"@type":"BreadcrumbList","@id":"https:\/\/grontkontor.dk\/shop\/beach-bag-genanvendt-bomuld-220-gsm-2\/#breadcrumb","itemListElement":[{"@type":"ListItem","position":1,"name":"Forside","item":"https:\/\/grontkontor.dk\/"},{"@type":"ListItem","position":2,"name":"Shop","item":"https:\/\/grontkontor.dk\/en\/shop-2\/"},{"@type":"ListItem","position":3,"name":"Climate-friendly corporate gifts","item":"https:\/\/grontkontor.dk\/en\/produkt-kategori\/sustainable-presents\/"},{"@type":"ListItem","position":4,"name":"Gift bags and gift boxes","item":"https:\/\/grontkontor.dk\/en\/produkt-kategori\/sustainable-presents\/gift-bags-and-gift-boxes\/"},{"@type":"ListItem","position":5,"name":"Beach bag recycled cotton 220 GSM"}]},{"@type":"WebSite","@id":"https:\/\/grontkontor.dk\/#website","url":"https:\/\/grontkontor.dk\/","name":"Gr\u00f8nt Kontor","description":"Milj\u00f8venlige produkter til kontor og erhverv med fokus p\u00e5 b\u00e6redygtighed, design og fair trade.","publisher":{"@id":"https:\/\/grontkontor.dk\/#organization"},"potentialAction":[{"@type":"SearchAction","target":{"@type":"EntryPoint","urlTemplate":"https:\/\/grontkontor.dk\/?s={search_term_string}"},"query-input":"required name=search_term_string"}],"inLanguage":"en-US"},{"@type":"Organization","@id":"https:\/\/grontkontor.dk\/#organization","name":"Gr\u00f8nt Kontor","url":"https:\/\/grontkontor.dk\/","logo":{"@type":"ImageObject","inLanguage":"en-US","@id":"https:\/\/grontkontor.dk\/#\/schema\/logo\/image\/","url":"https:\/\/grontkontor.dk\/wp-content\/uploads\/2014\/02\/Logo_groent_kontor_300x80.png","contentUrl":"https:\/\/grontkontor.dk\/wp-content\/uploads\/2014\/02\/Logo_groent_kontor_300x80.png","width":300,"height":80,"caption":"Gr\u00f8nt Kontor"},"image":{"@id":"https:\/\/grontkontor.dk\/#\/schema\/logo\/image\/"},"sameAs":["https:\/\/www.facebook.com\/grontkontor.dk\/"]}]}},"_links":{"self":[{"href":"https:\/\/grontkontor.dk\/en\/wp-json\/wp\/v2\/product\/127200"}],"collection":[{"href":"https:\/\/grontkontor.dk\/en\/wp-json\/wp\/v2\/product"}],"about":[{"href":"https:\/\/grontkontor.dk\/en\/wp-json\/wp\/v2\/types\/product"}],"replies":[{"embeddable":true,"href":"https:\/\/grontkontor.dk\/en\/wp-json\/wp\/v2\/comments?post=127200"}],"wp:featuredmedia":[{"embeddable":true,"href":"https:\/\/grontkontor.dk\/en\/wp-json\/wp\/v2\/media\/127237"}],"wp:attachment":[{"href":"https:\/\/grontkontor.dk\/en\/wp-json\/wp\/v2\/media?parent=127200"}],"wp:term":[{"taxonomy":"product_cat","embeddable":true,"href":"https:\/\/grontkontor.dk\/en\/wp-json\/wp\/v2\/product_cat?post=127200"},{"taxonomy":"product_tag","embeddable":true,"href":"https:\/\/grontkontor.dk\/en\/wp-json\/wp\/v2\/product_tag?post=127200"}],"curies":[{"name":"wp","href":"https:\/\/api.w.org\/{rel}","templated":true}]}}