{"id":127470,"date":"2025-08-12T10:34:11","date_gmt":"2025-08-12T08:34:11","guid":{"rendered":"https:\/\/grontkontor.dk\/?post_type=product&#038;p=127470"},"modified":"2025-09-10T09:57:34","modified_gmt":"2025-09-10T07:57:34","slug":"miljoevenlige-keyhangere-i-kork","status":"publish","type":"product","link":"https:\/\/grontkontor.dk\/en\/shop\/miljoevenlige-keyhangere-i-kork\/","title":{"rendered":"Cork keychain with ID card holder"},"content":{"rendered":"<p>With our eco-friendly cork lanyards and ID holders, you get a practical and stylish solution for keeping track of your cards and keys. This ID holder is made of natural cork, a material that is not only lightweight and durable, but also an environmentally friendly alternative to traditional materials. It&#8217;s designed with a swivel metal hook for easy access and a transparent PVC window that elegantly displays your map.  <\/p>\n<p>The uniqueness of this lanyard is its focus on using plant-based materials, which helps to reduce the environmental impact. It is a conscious choice for those who want a functional product with a smaller footprint. Our eco-friendly natural cork lanyard lanyards come with a matching lanyard that completes the sophisticated look and makes it easy to carry around.  <\/p>\n<p>Whether you use it in a professional context, for conferences or for everyday life, this is the perfect combination of functionality and design. The product can be ordered both with and without print, so you have the opportunity to personalize it with your logo or a special message. With this ID holder, you get a beautiful and climate-friendly addition to your everyday life that combines aesthetics with consideration for the planet.  <\/p>\nCork is a highly sustainable, biodegradable and compostable natural material that originates from the cork oak that grows throughout the Mediterranean region. Cork is a rapidly regenerating resource that can be harvested every year from the same tree. Additionally, cork forests support one of the highest levels of biodiversity compared to other forest types. \n","protected":false},"excerpt":{"rendered":"<p>With our eco-friendly cork lanyards and ID holders, you get a practical and stylish solution for keeping track of your cards and keys. This ID holder is made of natural cork, a material that is not only lightweight and durable, but also an environmentally friendly alternative to traditional materials. It&#8217;s designed with a swivel metal [&hellip;]<\/p>\n","protected":false},"featured_media":127486,"comment_status":"closed","ping_status":"closed","template":"","meta":{"_acf_changed":false},"product_cat":[2734,2106,2390],"product_tag":[1920,1923],"class_list":{"0":"post-127470","1":"product","2":"type-product","3":"status-publish","4":"has-post-thumbnail","6":"product_cat-keyhangers-and-name-badges","7":"product_cat-dummy-moq-1-en","8":"product_cat-news","9":"product_tag-keyhanger-en","10":"product_tag-noeglesnor-en","11":"tm-has-options","13":"first","14":"instock","15":"taxable","16":"shipping-taxable","17":"purchasable","18":"product-type-simple"},"acf":[],"yoast_head":"<!-- This site is optimized with the Yoast SEO Premium plugin v21.2 (Yoast SEO v21.2) - https:\/\/yoast.com\/wordpress\/plugins\/seo\/ -->\n<title>Eco-friendly cork lanyards<\/title>\n<meta name=\"description\" content=\"Buy an ID holder in natural cork with a lanyard that is both practical and elegant. These eco-friendly lanyards are made of plant-based materials.\" \/>\n<meta name=\"robots\" content=\"index, follow, max-snippet:-1, max-image-preview:large, max-video-preview:-1\" \/>\n<link rel=\"canonical\" href=\"https:\/\/grontkontor.dk\/shop\/miljoevenlige-keyhangere-i-kork\/\" \/>\n<meta property=\"og:locale\" content=\"en_US\" \/>\n<meta property=\"og:type\" content=\"article\" \/>\n<meta property=\"og:title\" content=\"Cork keychain with ID card holder\" \/>\n<meta property=\"og:description\" content=\"Buy an ID holder in natural cork with a lanyard that is both practical and elegant. These eco-friendly lanyards are made of plant-based materials.\" \/>\n<meta property=\"og:url\" content=\"https:\/\/grontkontor.dk\/shop\/miljoevenlige-keyhangere-i-kork\/\" \/>\n<meta property=\"og:site_name\" content=\"Gr\u00f8nt Kontor\" \/>\n<meta property=\"article:publisher\" content=\"https:\/\/www.facebook.com\/grontkontor.dk\/\" \/>\n<meta property=\"article:modified_time\" content=\"2025-09-10T07:57:34+00:00\" \/>\n<meta property=\"og:image\" content=\"https:\/\/grontkontor.dk\/wp-content\/uploads\/2025\/08\/Klimavenlig-keyhanger-i-kork.jpg\" \/>\n\t<meta property=\"og:image:width\" content=\"1522\" \/>\n\t<meta property=\"og:image:height\" content=\"1080\" \/>\n\t<meta property=\"og:image:type\" content=\"image\/jpeg\" \/>\n<meta name=\"twitter:card\" content=\"summary_large_image\" \/>\n<meta name=\"twitter:label1\" content=\"Est. reading time\" \/>\n\t<meta name=\"twitter:data1\" content=\"1 minute\" \/>\n<script type=\"application\/ld+json\" class=\"yoast-schema-graph\">{\"@context\":\"https:\/\/schema.org\",\"@graph\":[{\"@type\":\"WebPage\",\"@id\":\"https:\/\/grontkontor.dk\/shop\/miljoevenlige-keyhangere-i-kork\/\",\"url\":\"https:\/\/grontkontor.dk\/shop\/miljoevenlige-keyhangere-i-kork\/\",\"name\":\"Eco-friendly cork lanyards\",\"isPartOf\":{\"@id\":\"https:\/\/grontkontor.dk\/#website\"},\"datePublished\":\"2025-08-12T08:34:11+00:00\",\"dateModified\":\"2025-09-10T07:57:34+00:00\",\"description\":\"Buy an ID holder in natural cork with a lanyard that is both practical and elegant. These eco-friendly lanyards are made of plant-based materials.\",\"breadcrumb\":{\"@id\":\"https:\/\/grontkontor.dk\/shop\/miljoevenlige-keyhangere-i-kork\/#breadcrumb\"},\"inLanguage\":\"en-US\",\"potentialAction\":[{\"@type\":\"ReadAction\",\"target\":[\"https:\/\/grontkontor.dk\/shop\/miljoevenlige-keyhangere-i-kork\/\"]}]},{\"@type\":\"BreadcrumbList\",\"@id\":\"https:\/\/grontkontor.dk\/shop\/miljoevenlige-keyhangere-i-kork\/#breadcrumb\",\"itemListElement\":[{\"@type\":\"ListItem\",\"position\":1,\"name\":\"Forside\",\"item\":\"https:\/\/grontkontor.dk\/\"},{\"@type\":\"ListItem\",\"position\":2,\"name\":\"Shop\",\"item\":\"https:\/\/grontkontor.dk\/en\/shop-2\/\"},{\"@type\":\"ListItem\",\"position\":3,\"name\":\"Trade fair equipment\",\"item\":\"https:\/\/grontkontor.dk\/en\/produkt-kategori\/trade-fair-equipment\/\"},{\"@type\":\"ListItem\",\"position\":4,\"name\":\"Keyhangers and name badges\",\"item\":\"https:\/\/grontkontor.dk\/en\/produkt-kategori\/trade-fair-equipment\/keyhangers-and-name-badges\/\"},{\"@type\":\"ListItem\",\"position\":5,\"name\":\"Cork keychain with ID card holder\"}]},{\"@type\":\"WebSite\",\"@id\":\"https:\/\/grontkontor.dk\/#website\",\"url\":\"https:\/\/grontkontor.dk\/\",\"name\":\"Gr\u00f8nt Kontor\",\"description\":\"Milj\u00f8venlige produkter til kontor og erhverv med fokus p\u00e5 b\u00e6redygtighed, design og fair trade.\",\"publisher\":{\"@id\":\"https:\/\/grontkontor.dk\/#organization\"},\"potentialAction\":[{\"@type\":\"SearchAction\",\"target\":{\"@type\":\"EntryPoint\",\"urlTemplate\":\"https:\/\/grontkontor.dk\/?s={search_term_string}\"},\"query-input\":\"required name=search_term_string\"}],\"inLanguage\":\"en-US\"},{\"@type\":\"Organization\",\"@id\":\"https:\/\/grontkontor.dk\/#organization\",\"name\":\"Gr\u00f8nt Kontor\",\"url\":\"https:\/\/grontkontor.dk\/\",\"logo\":{\"@type\":\"ImageObject\",\"inLanguage\":\"en-US\",\"@id\":\"https:\/\/grontkontor.dk\/#\/schema\/logo\/image\/\",\"url\":\"https:\/\/grontkontor.dk\/wp-content\/uploads\/2014\/02\/Logo_groent_kontor_300x80.png\",\"contentUrl\":\"https:\/\/grontkontor.dk\/wp-content\/uploads\/2014\/02\/Logo_groent_kontor_300x80.png\",\"width\":300,\"height\":80,\"caption\":\"Gr\u00f8nt Kontor\"},\"image\":{\"@id\":\"https:\/\/grontkontor.dk\/#\/schema\/logo\/image\/\"},\"sameAs\":[\"https:\/\/www.facebook.com\/grontkontor.dk\/\"]}]}<\/script>\n<!-- \/ Yoast SEO Premium plugin. -->","yoast_head_json":{"title":"Eco-friendly cork lanyards","description":"Buy an ID holder in natural cork with a lanyard that is both practical and elegant. These eco-friendly lanyards are made of plant-based materials.","robots":{"index":"index","follow":"follow","max-snippet":"max-snippet:-1","max-image-preview":"max-image-preview:large","max-video-preview":"max-video-preview:-1"},"canonical":"https:\/\/grontkontor.dk\/shop\/miljoevenlige-keyhangere-i-kork\/","og_locale":"en_US","og_type":"article","og_title":"Cork keychain with ID card holder","og_description":"Buy an ID holder in natural cork with a lanyard that is both practical and elegant. These eco-friendly lanyards are made of plant-based materials.","og_url":"https:\/\/grontkontor.dk\/shop\/miljoevenlige-keyhangere-i-kork\/","og_site_name":"Gr\u00f8nt Kontor","article_publisher":"https:\/\/www.facebook.com\/grontkontor.dk\/","article_modified_time":"2025-09-10T07:57:34+00:00","og_image":[{"width":1522,"height":1080,"url":"https:\/\/grontkontor.dk\/wp-content\/uploads\/2025\/08\/Klimavenlig-keyhanger-i-kork.jpg","type":"image\/jpeg"}],"twitter_card":"summary_large_image","twitter_misc":{"Est. reading time":"1 minute"},"schema":{"@context":"https:\/\/schema.org","@graph":[{"@type":"WebPage","@id":"https:\/\/grontkontor.dk\/shop\/miljoevenlige-keyhangere-i-kork\/","url":"https:\/\/grontkontor.dk\/shop\/miljoevenlige-keyhangere-i-kork\/","name":"Eco-friendly cork lanyards","isPartOf":{"@id":"https:\/\/grontkontor.dk\/#website"},"datePublished":"2025-08-12T08:34:11+00:00","dateModified":"2025-09-10T07:57:34+00:00","description":"Buy an ID holder in natural cork with a lanyard that is both practical and elegant. These eco-friendly lanyards are made of plant-based materials.","breadcrumb":{"@id":"https:\/\/grontkontor.dk\/shop\/miljoevenlige-keyhangere-i-kork\/#breadcrumb"},"inLanguage":"en-US","potentialAction":[{"@type":"ReadAction","target":["https:\/\/grontkontor.dk\/shop\/miljoevenlige-keyhangere-i-kork\/"]}]},{"@type":"BreadcrumbList","@id":"https:\/\/grontkontor.dk\/shop\/miljoevenlige-keyhangere-i-kork\/#breadcrumb","itemListElement":[{"@type":"ListItem","position":1,"name":"Forside","item":"https:\/\/grontkontor.dk\/"},{"@type":"ListItem","position":2,"name":"Shop","item":"https:\/\/grontkontor.dk\/en\/shop-2\/"},{"@type":"ListItem","position":3,"name":"Trade fair equipment","item":"https:\/\/grontkontor.dk\/en\/produkt-kategori\/trade-fair-equipment\/"},{"@type":"ListItem","position":4,"name":"Keyhangers and name badges","item":"https:\/\/grontkontor.dk\/en\/produkt-kategori\/trade-fair-equipment\/keyhangers-and-name-badges\/"},{"@type":"ListItem","position":5,"name":"Cork keychain with ID card holder"}]},{"@type":"WebSite","@id":"https:\/\/grontkontor.dk\/#website","url":"https:\/\/grontkontor.dk\/","name":"Gr\u00f8nt Kontor","description":"Milj\u00f8venlige produkter til kontor og erhverv med fokus p\u00e5 b\u00e6redygtighed, design og fair trade.","publisher":{"@id":"https:\/\/grontkontor.dk\/#organization"},"potentialAction":[{"@type":"SearchAction","target":{"@type":"EntryPoint","urlTemplate":"https:\/\/grontkontor.dk\/?s={search_term_string}"},"query-input":"required name=search_term_string"}],"inLanguage":"en-US"},{"@type":"Organization","@id":"https:\/\/grontkontor.dk\/#organization","name":"Gr\u00f8nt Kontor","url":"https:\/\/grontkontor.dk\/","logo":{"@type":"ImageObject","inLanguage":"en-US","@id":"https:\/\/grontkontor.dk\/#\/schema\/logo\/image\/","url":"https:\/\/grontkontor.dk\/wp-content\/uploads\/2014\/02\/Logo_groent_kontor_300x80.png","contentUrl":"https:\/\/grontkontor.dk\/wp-content\/uploads\/2014\/02\/Logo_groent_kontor_300x80.png","width":300,"height":80,"caption":"Gr\u00f8nt Kontor"},"image":{"@id":"https:\/\/grontkontor.dk\/#\/schema\/logo\/image\/"},"sameAs":["https:\/\/www.facebook.com\/grontkontor.dk\/"]}]}},"_links":{"self":[{"href":"https:\/\/grontkontor.dk\/en\/wp-json\/wp\/v2\/product\/127470"}],"collection":[{"href":"https:\/\/grontkontor.dk\/en\/wp-json\/wp\/v2\/product"}],"about":[{"href":"https:\/\/grontkontor.dk\/en\/wp-json\/wp\/v2\/types\/product"}],"replies":[{"embeddable":true,"href":"https:\/\/grontkontor.dk\/en\/wp-json\/wp\/v2\/comments?post=127470"}],"wp:featuredmedia":[{"embeddable":true,"href":"https:\/\/grontkontor.dk\/en\/wp-json\/wp\/v2\/media\/127486"}],"wp:attachment":[{"href":"https:\/\/grontkontor.dk\/en\/wp-json\/wp\/v2\/media?parent=127470"}],"wp:term":[{"taxonomy":"product_cat","embeddable":true,"href":"https:\/\/grontkontor.dk\/en\/wp-json\/wp\/v2\/product_cat?post=127470"},{"taxonomy":"product_tag","embeddable":true,"href":"https:\/\/grontkontor.dk\/en\/wp-json\/wp\/v2\/product_tag?post=127470"}],"curies":[{"name":"wp","href":"https:\/\/api.w.org\/{rel}","templated":true}]}}