{"id":128000,"date":"2025-09-03T14:22:17","date_gmt":"2025-09-03T12:22:17","guid":{"rendered":"https:\/\/grontkontor.dk\/?post_type=product&#038;p=128000"},"modified":"2025-09-10T09:57:10","modified_gmt":"2025-09-10T07:57:10","slug":"klimavenlig-notesbog-produceret-eu","status":"publish","type":"product","link":"https:\/\/grontkontor.dk\/en\/shop\/klimavenlig-notesbog-produceret-eu\/","title":{"rendered":"Notebook A4 nature EU unlined"},"content":{"rendered":"<p>Boost your productivity with our A4 notebook made in the EU \u2013 the perfect combination of elegance and functionality for your everyday life. With its minimalist, Nordic design and stylish natural-colored cover, this notebook is made to inspire both in the office and on the go. The size of the A4 gives you plenty of writing space without compromising on mobility. In addition, you can order in a wide selection of colors, as well as with or without logo printing   <\/p>\n<p>Each notebook is a testament to high-quality craftsmanship. It features a soft softcover with a sturdy staple that ensures longevity and a comfortable user experience. You&#8217;ll find 80 unlined pages inside, giving you complete freedom to take notes, sketch, or plan your projects exactly as you wish. The thick paper resists ink breakthrough, so you can use all pages efficiently.   <\/p>\n<p>We are proud to offer an A4 notebook produced in the EU. This local production not only ensures the highest standards of quality, but also contributes to a reduction in CO2 emissions from transport. The cover is made from recycled and recyclable FSC-certified paper and assembled with water-based glue, making it an eco-friendly choice that also has a significant climate-friendly footprint.  <\/p>\n<p>Choose a notebook that reflects your values and improves your workday. With our EU-made A4 notebook, you get a quality product that is designed to last. It&#8217;s ideal for businesses, students, and anyone who values both style and substance. Make a wise choice for your work and for the planet \u2013 buy it today and experience the difference.   <\/p>\n<p data-start=\"2355\" data-end=\"2441\"><a href=\"https:\/\/ic.fsc.org\/en\/\" target=\"window\"><img loading=\"lazy\" decoding=\"async\" class=\"size-full wp-image-12735\" src=\"https:\/\/grontkontor.dk\/wp-content\/uploads\/2019\/04\/fsc-certificeret.png\" \n\t\t alt=\"FSC-certificeret\" title=\"FSC-certificeret\" width=\"44\" height=\"51\" border=0\/><\/a> <img loading=\"lazy\" decoding=\"async\" src=\"https:\/\/grontkontor.dk\/wp-content\/uploads\/2021\/02\/genbrug.jpg\" alt=\"made from recycled materials\" width=\"46\" height=\"45\" class=\"size-full wp-image-23031\" srcset=\"https:\/\/grontkontor.dk\/wp-content\/uploads\/2021\/02\/genbrug.jpg 199w, https:\/\/grontkontor.dk\/wp-content\/uploads\/2021\/02\/genbrug-100x100.jpg 100w\" sizes=\"(max-width: 46px) 100vw, 46px\" \/>  <img loading=\"lazy\" decoding=\"async\" class=\"size-medium wp-image-21008\" src=\"https:\/\/grontkontor.dk\/wp-content\/uploads\/2020\/11\/eu-flag_1-300x199.jpg\" alt=\"Made in the EU\" width=\"68\" height=\"45\" srcset=\"https:\/\/grontkontor.dk\/wp-content\/uploads\/2020\/11\/eu-flag_1-300x199.jpg 300w, https:\/\/grontkontor.dk\/wp-content\/uploads\/2020\/11\/eu-flag_1.jpg 530w\" sizes=\"(max-width: 68px) 100vw, 68px\" \/>\n    <br><strong>Options:<\/strong> (min. 200 stk.)<\/br>\n\t\tCustom size, \n\t\t\n\t\t<a href=\"javascript:;\" style=\"color:#c8eade\" onClick=\"open_colour_dk()\" >\n\t\tcustom colour <img loading=\"lazy\" decoding=\"async\" class=\"alignnone size-full wp-image-7159\" src=\"https:\/\/grontkontor.dk\/wp-content\/uploads\/2016\/09\/paper-laminate-canvas-1.png\" \n\t\talt=\"B&aelig;redygtige kontorprodukter - farver - overflader papirlaminat\" width=\"75\" height=\"26\" border=0 \/>\n\t\t\n\t\t<\/a> \n\t\t\n\t\tlogo print <img loading=\"lazy\" decoding=\"async\" class=\"alignnone size-full wp-image-7148\" src=\"https:\/\/grontkontor.dk\/wp-content\/uploads\/2016\/09\/tryk_paper-laminate_smll2_blue.jpg\" alt=\"B&aelig;redygtige kontorprodukter med logotryk pr&aelig;gning\" width=\"43\" height=\"29\" \/> \n\t\t embossing <img loading=\"lazy\" decoding=\"async\" class=\"alignnone size-full wp-image-7151\" src=\"https:\/\/grontkontor.dk\/wp-content\/uploads\/2016\/09\/tryk_paper-laminate_relief3_smll2_contrast_groen-2.jpg\" \n\t\talt=\"B&aelig;redygtige kontorprodukter med pr&aelig;gning\" width=\"43\" height=\"29\" \/><br>\n\t\n\t\tQuotation and info: <a class=\"light\" href=\"mailto:info@grontkontor.dk\">info@grontkontor.dk<\/a> eller 6062 1818<br><br><\/p>\n","protected":false},"excerpt":{"rendered":"<p>Boost your productivity with our A4 notebook made in the EU \u2013 the perfect combination of elegance and functionality for your everyday life. With its minimalist, Nordic design and stylish natural-colored cover, this notebook is made to inspire both in the office and on the go. The size of the A4 gives you plenty of [&hellip;]<\/p>\n","protected":false},"featured_media":128016,"comment_status":"closed","ping_status":"closed","template":"","meta":{"_acf_changed":false},"product_cat":[2106,1830,1356,1299,1853],"product_tag":[1359,1357,1360,1358,4774],"class_list":{"0":"post-128000","1":"product","2":"type-product","3":"status-publish","4":"has-post-thumbnail","6":"product_cat-dummy-moq-1-en","7":"product_cat-nature-recycled-paper","8":"product_cat-note-books","9":"product_cat-paper-and-blocks","10":"product_cat-product-series","11":"product_tag-notesbog-en","12":"product_tag-notesboeger-en","13":"product_tag-noteshaefte-en","14":"product_tag-notesblok-en","15":"product_tag-notepads","16":"tm-has-options","18":"first","19":"instock","20":"taxable","21":"shipping-taxable","22":"purchasable","23":"product-type-simple"},"acf":[],"yoast_head":"<!-- This site is optimized with the Yoast SEO Premium plugin v21.2 (Yoast SEO v21.2) - https:\/\/yoast.com\/wordpress\/plugins\/seo\/ -->\n<title>A4 notebook produced in EU recycled paper<\/title>\n<meta name=\"description\" content=\"High-quality, eco-friendly A4 notebook, produced in the EU with an eco-friendly and climate-friendly focus. Made of recycled FSC-certified paper.\" \/>\n<meta name=\"robots\" content=\"index, follow, max-snippet:-1, max-image-preview:large, max-video-preview:-1\" \/>\n<link rel=\"canonical\" href=\"https:\/\/grontkontor.dk\/shop\/klimavenlig-notesbog-produceret-eu\/\" \/>\n<meta property=\"og:locale\" content=\"en_US\" \/>\n<meta property=\"og:type\" content=\"article\" \/>\n<meta property=\"og:title\" content=\"Notebook A4 nature EU unlined\" \/>\n<meta property=\"og:description\" content=\"High-quality, eco-friendly A4 notebook, produced in the EU with an eco-friendly and climate-friendly focus. Made of recycled FSC-certified paper.\" \/>\n<meta property=\"og:url\" content=\"https:\/\/grontkontor.dk\/shop\/klimavenlig-notesbog-produceret-eu\/\" \/>\n<meta property=\"og:site_name\" content=\"Gr\u00f8nt Kontor\" \/>\n<meta property=\"article:publisher\" content=\"https:\/\/www.facebook.com\/grontkontor.dk\/\" \/>\n<meta property=\"article:modified_time\" content=\"2025-09-10T07:57:10+00:00\" \/>\n<meta property=\"og:image\" content=\"https:\/\/grontkontor.dk\/wp-content\/uploads\/2025\/09\/A4-notesbog-produceret-i-EU.jpg\" \/>\n\t<meta property=\"og:image:width\" content=\"900\" \/>\n\t<meta property=\"og:image:height\" content=\"639\" \/>\n\t<meta property=\"og:image:type\" content=\"image\/jpeg\" \/>\n<meta name=\"twitter:card\" content=\"summary_large_image\" \/>\n<meta name=\"twitter:label1\" content=\"Est. reading time\" \/>\n\t<meta name=\"twitter:data1\" content=\"1 minute\" \/>\n<script type=\"application\/ld+json\" class=\"yoast-schema-graph\">{\"@context\":\"https:\/\/schema.org\",\"@graph\":[{\"@type\":\"WebPage\",\"@id\":\"https:\/\/grontkontor.dk\/shop\/klimavenlig-notesbog-produceret-eu\/\",\"url\":\"https:\/\/grontkontor.dk\/shop\/klimavenlig-notesbog-produceret-eu\/\",\"name\":\"A4 notebook produced in EU recycled paper\",\"isPartOf\":{\"@id\":\"https:\/\/grontkontor.dk\/#website\"},\"datePublished\":\"2025-09-03T12:22:17+00:00\",\"dateModified\":\"2025-09-10T07:57:10+00:00\",\"description\":\"High-quality, eco-friendly A4 notebook, produced in the EU with an eco-friendly and climate-friendly focus. Made of recycled FSC-certified paper.\",\"breadcrumb\":{\"@id\":\"https:\/\/grontkontor.dk\/shop\/klimavenlig-notesbog-produceret-eu\/#breadcrumb\"},\"inLanguage\":\"en-US\",\"potentialAction\":[{\"@type\":\"ReadAction\",\"target\":[\"https:\/\/grontkontor.dk\/shop\/klimavenlig-notesbog-produceret-eu\/\"]}]},{\"@type\":\"BreadcrumbList\",\"@id\":\"https:\/\/grontkontor.dk\/shop\/klimavenlig-notesbog-produceret-eu\/#breadcrumb\",\"itemListElement\":[{\"@type\":\"ListItem\",\"position\":1,\"name\":\"Forside\",\"item\":\"https:\/\/grontkontor.dk\/\"},{\"@type\":\"ListItem\",\"position\":2,\"name\":\"Shop\",\"item\":\"https:\/\/grontkontor.dk\/en\/shop-2\/\"},{\"@type\":\"ListItem\",\"position\":3,\"name\":\"Product series\",\"item\":\"https:\/\/grontkontor.dk\/en\/produkt-kategori\/product-series\/\"},{\"@type\":\"ListItem\",\"position\":4,\"name\":\"Nature recycled paper\",\"item\":\"https:\/\/grontkontor.dk\/en\/produkt-kategori\/product-series\/nature-recycled-paper\/\"},{\"@type\":\"ListItem\",\"position\":5,\"name\":\"Notebook A4 nature EU unlined\"}]},{\"@type\":\"WebSite\",\"@id\":\"https:\/\/grontkontor.dk\/#website\",\"url\":\"https:\/\/grontkontor.dk\/\",\"name\":\"Gr\u00f8nt Kontor\",\"description\":\"Milj\u00f8venlige produkter til kontor og erhverv med fokus p\u00e5 b\u00e6redygtighed, design og fair trade.\",\"publisher\":{\"@id\":\"https:\/\/grontkontor.dk\/#organization\"},\"potentialAction\":[{\"@type\":\"SearchAction\",\"target\":{\"@type\":\"EntryPoint\",\"urlTemplate\":\"https:\/\/grontkontor.dk\/?s={search_term_string}\"},\"query-input\":\"required name=search_term_string\"}],\"inLanguage\":\"en-US\"},{\"@type\":\"Organization\",\"@id\":\"https:\/\/grontkontor.dk\/#organization\",\"name\":\"Gr\u00f8nt Kontor\",\"url\":\"https:\/\/grontkontor.dk\/\",\"logo\":{\"@type\":\"ImageObject\",\"inLanguage\":\"en-US\",\"@id\":\"https:\/\/grontkontor.dk\/#\/schema\/logo\/image\/\",\"url\":\"https:\/\/grontkontor.dk\/wp-content\/uploads\/2014\/02\/Logo_groent_kontor_300x80.png\",\"contentUrl\":\"https:\/\/grontkontor.dk\/wp-content\/uploads\/2014\/02\/Logo_groent_kontor_300x80.png\",\"width\":300,\"height\":80,\"caption\":\"Gr\u00f8nt Kontor\"},\"image\":{\"@id\":\"https:\/\/grontkontor.dk\/#\/schema\/logo\/image\/\"},\"sameAs\":[\"https:\/\/www.facebook.com\/grontkontor.dk\/\"]}]}<\/script>\n<!-- \/ Yoast SEO Premium plugin. -->","yoast_head_json":{"title":"A4 notebook produced in EU recycled paper","description":"High-quality, eco-friendly A4 notebook, produced in the EU with an eco-friendly and climate-friendly focus. Made of recycled FSC-certified paper.","robots":{"index":"index","follow":"follow","max-snippet":"max-snippet:-1","max-image-preview":"max-image-preview:large","max-video-preview":"max-video-preview:-1"},"canonical":"https:\/\/grontkontor.dk\/shop\/klimavenlig-notesbog-produceret-eu\/","og_locale":"en_US","og_type":"article","og_title":"Notebook A4 nature EU unlined","og_description":"High-quality, eco-friendly A4 notebook, produced in the EU with an eco-friendly and climate-friendly focus. Made of recycled FSC-certified paper.","og_url":"https:\/\/grontkontor.dk\/shop\/klimavenlig-notesbog-produceret-eu\/","og_site_name":"Gr\u00f8nt Kontor","article_publisher":"https:\/\/www.facebook.com\/grontkontor.dk\/","article_modified_time":"2025-09-10T07:57:10+00:00","og_image":[{"width":900,"height":639,"url":"https:\/\/grontkontor.dk\/wp-content\/uploads\/2025\/09\/A4-notesbog-produceret-i-EU.jpg","type":"image\/jpeg"}],"twitter_card":"summary_large_image","twitter_misc":{"Est. reading time":"1 minute"},"schema":{"@context":"https:\/\/schema.org","@graph":[{"@type":"WebPage","@id":"https:\/\/grontkontor.dk\/shop\/klimavenlig-notesbog-produceret-eu\/","url":"https:\/\/grontkontor.dk\/shop\/klimavenlig-notesbog-produceret-eu\/","name":"A4 notebook produced in EU recycled paper","isPartOf":{"@id":"https:\/\/grontkontor.dk\/#website"},"datePublished":"2025-09-03T12:22:17+00:00","dateModified":"2025-09-10T07:57:10+00:00","description":"High-quality, eco-friendly A4 notebook, produced in the EU with an eco-friendly and climate-friendly focus. Made of recycled FSC-certified paper.","breadcrumb":{"@id":"https:\/\/grontkontor.dk\/shop\/klimavenlig-notesbog-produceret-eu\/#breadcrumb"},"inLanguage":"en-US","potentialAction":[{"@type":"ReadAction","target":["https:\/\/grontkontor.dk\/shop\/klimavenlig-notesbog-produceret-eu\/"]}]},{"@type":"BreadcrumbList","@id":"https:\/\/grontkontor.dk\/shop\/klimavenlig-notesbog-produceret-eu\/#breadcrumb","itemListElement":[{"@type":"ListItem","position":1,"name":"Forside","item":"https:\/\/grontkontor.dk\/"},{"@type":"ListItem","position":2,"name":"Shop","item":"https:\/\/grontkontor.dk\/en\/shop-2\/"},{"@type":"ListItem","position":3,"name":"Product series","item":"https:\/\/grontkontor.dk\/en\/produkt-kategori\/product-series\/"},{"@type":"ListItem","position":4,"name":"Nature recycled paper","item":"https:\/\/grontkontor.dk\/en\/produkt-kategori\/product-series\/nature-recycled-paper\/"},{"@type":"ListItem","position":5,"name":"Notebook A4 nature EU unlined"}]},{"@type":"WebSite","@id":"https:\/\/grontkontor.dk\/#website","url":"https:\/\/grontkontor.dk\/","name":"Gr\u00f8nt Kontor","description":"Milj\u00f8venlige produkter til kontor og erhverv med fokus p\u00e5 b\u00e6redygtighed, design og fair trade.","publisher":{"@id":"https:\/\/grontkontor.dk\/#organization"},"potentialAction":[{"@type":"SearchAction","target":{"@type":"EntryPoint","urlTemplate":"https:\/\/grontkontor.dk\/?s={search_term_string}"},"query-input":"required name=search_term_string"}],"inLanguage":"en-US"},{"@type":"Organization","@id":"https:\/\/grontkontor.dk\/#organization","name":"Gr\u00f8nt Kontor","url":"https:\/\/grontkontor.dk\/","logo":{"@type":"ImageObject","inLanguage":"en-US","@id":"https:\/\/grontkontor.dk\/#\/schema\/logo\/image\/","url":"https:\/\/grontkontor.dk\/wp-content\/uploads\/2014\/02\/Logo_groent_kontor_300x80.png","contentUrl":"https:\/\/grontkontor.dk\/wp-content\/uploads\/2014\/02\/Logo_groent_kontor_300x80.png","width":300,"height":80,"caption":"Gr\u00f8nt Kontor"},"image":{"@id":"https:\/\/grontkontor.dk\/#\/schema\/logo\/image\/"},"sameAs":["https:\/\/www.facebook.com\/grontkontor.dk\/"]}]}},"_links":{"self":[{"href":"https:\/\/grontkontor.dk\/en\/wp-json\/wp\/v2\/product\/128000"}],"collection":[{"href":"https:\/\/grontkontor.dk\/en\/wp-json\/wp\/v2\/product"}],"about":[{"href":"https:\/\/grontkontor.dk\/en\/wp-json\/wp\/v2\/types\/product"}],"replies":[{"embeddable":true,"href":"https:\/\/grontkontor.dk\/en\/wp-json\/wp\/v2\/comments?post=128000"}],"wp:featuredmedia":[{"embeddable":true,"href":"https:\/\/grontkontor.dk\/en\/wp-json\/wp\/v2\/media\/128016"}],"wp:attachment":[{"href":"https:\/\/grontkontor.dk\/en\/wp-json\/wp\/v2\/media?parent=128000"}],"wp:term":[{"taxonomy":"product_cat","embeddable":true,"href":"https:\/\/grontkontor.dk\/en\/wp-json\/wp\/v2\/product_cat?post=128000"},{"taxonomy":"product_tag","embeddable":true,"href":"https:\/\/grontkontor.dk\/en\/wp-json\/wp\/v2\/product_tag?post=128000"}],"curies":[{"name":"wp","href":"https:\/\/api.w.org\/{rel}","templated":true}]}}