{"id":128094,"date":"2025-09-04T13:28:02","date_gmt":"2025-09-04T11:28:05","guid":{"rendered":"https:\/\/grontkontor.dk\/?post_type=product&#038;p=128094"},"modified":"2025-09-10T09:57:54","modified_gmt":"2025-09-10T07:57:54","slug":"notesbog-a4-natur-eu-linjeret","status":"publish","type":"product","link":"https:\/\/grontkontor.dk\/en\/shop\/notesbog-a4-natur-eu-linjeret\/","title":{"rendered":"Notebook A4 nature EU lined"},"content":{"rendered":"<p>Take control of your notes and ideas with our EU-produced A4 notebook with lined pages. This is the ideal tool for those who value order and structure. Whether you&#8217;re writing meeting notes, creating to-do lists, or organizing your studies, the lined pages ensure that your writing stays neat and easy to read. The classic A4 size provides the perfect balance between ample writing space and easy handling, so you can use it anywhere. Good as an exclusive handout for fairs and events, where there must be a focus on quality and responsibility.<br \/>\nAvailable in a range of colours, as well as with logo print.    <\/p>\n<p>Built to last with quality in mind<br \/>\nOur EU-made A4 notebook is more than just paper and cover; it&#8217;s a symbol of quality and durable design. With a sturdy soft cover and a solid staple in the back, the notebook is designed to last for everyday use, both in the office and on the go. The 80 pages of paper with lines ensure your notes look professional. We combine a clean and minimalist design with a product that is both reliable and comfortable to use.   <\/p>\n<p>Choose an environmentally friendly and locally produced product<br \/>\nWhen you choose our notebook, you support a more responsible production. It is proudly produced in the EU, which not only guarantees the highest standard of quality, but also reduces transport distances and CO2 emissions. The wrapper is made from FSC-certified recycled paper, and the glue is water-based, underlining our commitment to creating an eco-friendly and climate-friendly product.  <\/p>\n<p>Make your next purchase an investment in both your productivity and the environment. Our EU-produced notebook with lined pages is the perfect choice for the discerning consumer. Order it today and feel the difference in your daily routines.  <\/p>\n<p data-start=\"2355\" data-end=\"2441\"><a href=\"https:\/\/ic.fsc.org\/en\/\" target=\"window\"><img loading=\"lazy\" decoding=\"async\" class=\"size-full wp-image-12735\" src=\"https:\/\/grontkontor.dk\/wp-content\/uploads\/2019\/04\/fsc-certificeret.png\" \n\t\t alt=\"FSC-certificeret\" title=\"FSC-certificeret\" width=\"44\" height=\"51\" border=0\/><\/a> <img loading=\"lazy\" decoding=\"async\" src=\"https:\/\/grontkontor.dk\/wp-content\/uploads\/2021\/02\/genbrug.jpg\" alt=\"made from recycled materials\" width=\"46\" height=\"45\" class=\"size-full wp-image-23031\" srcset=\"https:\/\/grontkontor.dk\/wp-content\/uploads\/2021\/02\/genbrug.jpg 199w, https:\/\/grontkontor.dk\/wp-content\/uploads\/2021\/02\/genbrug-100x100.jpg 100w\" sizes=\"(max-width: 46px) 100vw, 46px\" \/>  <img loading=\"lazy\" decoding=\"async\" class=\"size-medium wp-image-21008\" src=\"https:\/\/grontkontor.dk\/wp-content\/uploads\/2020\/11\/eu-flag_1-300x199.jpg\" alt=\"Made in the EU\" width=\"68\" height=\"45\" srcset=\"https:\/\/grontkontor.dk\/wp-content\/uploads\/2020\/11\/eu-flag_1-300x199.jpg 300w, https:\/\/grontkontor.dk\/wp-content\/uploads\/2020\/11\/eu-flag_1.jpg 530w\" sizes=\"(max-width: 68px) 100vw, 68px\" \/>\n    <br><strong>Options:<\/strong> (min. 200 stk.)<\/br>\n\t\tCustom size, \n\t\t\n\t\t<a href=\"javascript:;\" style=\"color:#c8eade\" onClick=\"open_colour_dk()\" >\n\t\tcustom colour <img loading=\"lazy\" decoding=\"async\" class=\"alignnone size-full wp-image-7159\" src=\"https:\/\/grontkontor.dk\/wp-content\/uploads\/2016\/09\/paper-laminate-canvas-1.png\" \n\t\talt=\"B&aelig;redygtige kontorprodukter - farver - overflader papirlaminat\" width=\"75\" height=\"26\" border=0 \/>\n\t\t\n\t\t<\/a> \n\t\t\n\t\tlogo print <img loading=\"lazy\" decoding=\"async\" class=\"alignnone size-full wp-image-7148\" src=\"https:\/\/grontkontor.dk\/wp-content\/uploads\/2016\/09\/tryk_paper-laminate_smll2_blue.jpg\" alt=\"B&aelig;redygtige kontorprodukter med logotryk pr&aelig;gning\" width=\"43\" height=\"29\" \/> \n\t\t embossing <img loading=\"lazy\" decoding=\"async\" class=\"alignnone size-full wp-image-7151\" src=\"https:\/\/grontkontor.dk\/wp-content\/uploads\/2016\/09\/tryk_paper-laminate_relief3_smll2_contrast_groen-2.jpg\" \n\t\talt=\"B&aelig;redygtige kontorprodukter med pr&aelig;gning\" width=\"43\" height=\"29\" \/><br>\n\t\n\t\tQuotation and info: <a class=\"light\" href=\"mailto:info@grontkontor.dk\">info@grontkontor.dk<\/a> eller 6062 1818<br><br><\/p>\n","protected":false},"excerpt":{"rendered":"<p>Take control of your notes and ideas with our EU-produced A4 notebook with lined pages. This is the ideal tool for those who value order and structure. Whether you&#8217;re writing meeting notes, creating to-do lists, or organizing your studies, the lined pages ensure that your writing stays neat and easy to read. The classic A4 [&hellip;]<\/p>\n","protected":false},"featured_media":128016,"comment_status":"closed","ping_status":"closed","template":"","meta":{"_acf_changed":false},"product_cat":[2106,1830,1356,1299,1853],"product_tag":[1359,1357,1360,1358,4774],"class_list":{"0":"post-128094","1":"product","2":"type-product","3":"status-publish","4":"has-post-thumbnail","6":"product_cat-dummy-moq-1-en","7":"product_cat-nature-recycled-paper","8":"product_cat-note-books","9":"product_cat-paper-and-blocks","10":"product_cat-product-series","11":"product_tag-notesbog-en","12":"product_tag-notesboeger-en","13":"product_tag-noteshaefte-en","14":"product_tag-notesblok-en","15":"product_tag-notepads","16":"tm-has-options","18":"first","19":"instock","20":"taxable","21":"shipping-taxable","22":"purchasable","23":"product-type-simple"},"acf":[],"yoast_head":"<!-- This site is optimized with the Yoast SEO Premium plugin v21.2 (Yoast SEO v21.2) - https:\/\/yoast.com\/wordpress\/plugins\/seo\/ -->\n<title>EU-produced A4 notebook in recycled paper<\/title>\n<meta name=\"description\" content=\"Buy an EU-made A4 notebook with lined pages, perfect for organisation. Available in different colours and with logo print.\" \/>\n<meta name=\"robots\" content=\"index, follow, max-snippet:-1, max-image-preview:large, max-video-preview:-1\" \/>\n<link rel=\"canonical\" href=\"https:\/\/grontkontor.dk\/shop\/notesbog-a4-natur-eu-linjeret\/\" \/>\n<meta property=\"og:locale\" content=\"en_US\" \/>\n<meta property=\"og:type\" content=\"article\" \/>\n<meta property=\"og:title\" content=\"Notebook A4 nature EU lined\" \/>\n<meta property=\"og:description\" content=\"Buy an EU-made A4 notebook with lined pages, perfect for organisation. Available in different colours and with logo print.\" \/>\n<meta property=\"og:url\" content=\"https:\/\/grontkontor.dk\/shop\/notesbog-a4-natur-eu-linjeret\/\" \/>\n<meta property=\"og:site_name\" content=\"Gr\u00f8nt Kontor\" \/>\n<meta property=\"article:publisher\" content=\"https:\/\/www.facebook.com\/grontkontor.dk\/\" \/>\n<meta property=\"article:modified_time\" content=\"2025-09-10T07:57:54+00:00\" \/>\n<meta property=\"og:image\" content=\"https:\/\/grontkontor.dk\/wp-content\/uploads\/2025\/09\/A4-notesbog-produceret-i-EU.jpg\" \/>\n\t<meta property=\"og:image:width\" content=\"900\" \/>\n\t<meta property=\"og:image:height\" content=\"639\" \/>\n\t<meta property=\"og:image:type\" content=\"image\/jpeg\" \/>\n<meta name=\"twitter:card\" content=\"summary_large_image\" \/>\n<meta name=\"twitter:label1\" content=\"Est. reading time\" \/>\n\t<meta name=\"twitter:data1\" content=\"1 minute\" \/>\n<script type=\"application\/ld+json\" class=\"yoast-schema-graph\">{\"@context\":\"https:\/\/schema.org\",\"@graph\":[{\"@type\":\"WebPage\",\"@id\":\"https:\/\/grontkontor.dk\/shop\/notesbog-a4-natur-eu-linjeret\/\",\"url\":\"https:\/\/grontkontor.dk\/shop\/notesbog-a4-natur-eu-linjeret\/\",\"name\":\"EU-produced A4 notebook in recycled paper\",\"isPartOf\":{\"@id\":\"https:\/\/grontkontor.dk\/#website\"},\"datePublished\":\"2025-09-04T11:28:05+00:00\",\"dateModified\":\"2025-09-10T07:57:54+00:00\",\"description\":\"Buy an EU-made A4 notebook with lined pages, perfect for organisation. Available in different colours and with logo print.\",\"breadcrumb\":{\"@id\":\"https:\/\/grontkontor.dk\/shop\/notesbog-a4-natur-eu-linjeret\/#breadcrumb\"},\"inLanguage\":\"en-US\",\"potentialAction\":[{\"@type\":\"ReadAction\",\"target\":[\"https:\/\/grontkontor.dk\/shop\/notesbog-a4-natur-eu-linjeret\/\"]}]},{\"@type\":\"BreadcrumbList\",\"@id\":\"https:\/\/grontkontor.dk\/shop\/notesbog-a4-natur-eu-linjeret\/#breadcrumb\",\"itemListElement\":[{\"@type\":\"ListItem\",\"position\":1,\"name\":\"Forside\",\"item\":\"https:\/\/grontkontor.dk\/\"},{\"@type\":\"ListItem\",\"position\":2,\"name\":\"Shop\",\"item\":\"https:\/\/grontkontor.dk\/en\/shop-2\/\"},{\"@type\":\"ListItem\",\"position\":3,\"name\":\"Product series\",\"item\":\"https:\/\/grontkontor.dk\/en\/produkt-kategori\/product-series\/\"},{\"@type\":\"ListItem\",\"position\":4,\"name\":\"Nature recycled paper\",\"item\":\"https:\/\/grontkontor.dk\/en\/produkt-kategori\/product-series\/nature-recycled-paper\/\"},{\"@type\":\"ListItem\",\"position\":5,\"name\":\"Notebook A4 nature EU lined\"}]},{\"@type\":\"WebSite\",\"@id\":\"https:\/\/grontkontor.dk\/#website\",\"url\":\"https:\/\/grontkontor.dk\/\",\"name\":\"Gr\u00f8nt Kontor\",\"description\":\"Milj\u00f8venlige produkter til kontor og erhverv med fokus p\u00e5 b\u00e6redygtighed, design og fair trade.\",\"publisher\":{\"@id\":\"https:\/\/grontkontor.dk\/#organization\"},\"potentialAction\":[{\"@type\":\"SearchAction\",\"target\":{\"@type\":\"EntryPoint\",\"urlTemplate\":\"https:\/\/grontkontor.dk\/?s={search_term_string}\"},\"query-input\":\"required name=search_term_string\"}],\"inLanguage\":\"en-US\"},{\"@type\":\"Organization\",\"@id\":\"https:\/\/grontkontor.dk\/#organization\",\"name\":\"Gr\u00f8nt Kontor\",\"url\":\"https:\/\/grontkontor.dk\/\",\"logo\":{\"@type\":\"ImageObject\",\"inLanguage\":\"en-US\",\"@id\":\"https:\/\/grontkontor.dk\/#\/schema\/logo\/image\/\",\"url\":\"https:\/\/grontkontor.dk\/wp-content\/uploads\/2014\/02\/Logo_groent_kontor_300x80.png\",\"contentUrl\":\"https:\/\/grontkontor.dk\/wp-content\/uploads\/2014\/02\/Logo_groent_kontor_300x80.png\",\"width\":300,\"height\":80,\"caption\":\"Gr\u00f8nt Kontor\"},\"image\":{\"@id\":\"https:\/\/grontkontor.dk\/#\/schema\/logo\/image\/\"},\"sameAs\":[\"https:\/\/www.facebook.com\/grontkontor.dk\/\"]}]}<\/script>\n<!-- \/ Yoast SEO Premium plugin. -->","yoast_head_json":{"title":"EU-produced A4 notebook in recycled paper","description":"Buy an EU-made A4 notebook with lined pages, perfect for organisation. Available in different colours and with logo print.","robots":{"index":"index","follow":"follow","max-snippet":"max-snippet:-1","max-image-preview":"max-image-preview:large","max-video-preview":"max-video-preview:-1"},"canonical":"https:\/\/grontkontor.dk\/shop\/notesbog-a4-natur-eu-linjeret\/","og_locale":"en_US","og_type":"article","og_title":"Notebook A4 nature EU lined","og_description":"Buy an EU-made A4 notebook with lined pages, perfect for organisation. Available in different colours and with logo print.","og_url":"https:\/\/grontkontor.dk\/shop\/notesbog-a4-natur-eu-linjeret\/","og_site_name":"Gr\u00f8nt Kontor","article_publisher":"https:\/\/www.facebook.com\/grontkontor.dk\/","article_modified_time":"2025-09-10T07:57:54+00:00","og_image":[{"width":900,"height":639,"url":"https:\/\/grontkontor.dk\/wp-content\/uploads\/2025\/09\/A4-notesbog-produceret-i-EU.jpg","type":"image\/jpeg"}],"twitter_card":"summary_large_image","twitter_misc":{"Est. reading time":"1 minute"},"schema":{"@context":"https:\/\/schema.org","@graph":[{"@type":"WebPage","@id":"https:\/\/grontkontor.dk\/shop\/notesbog-a4-natur-eu-linjeret\/","url":"https:\/\/grontkontor.dk\/shop\/notesbog-a4-natur-eu-linjeret\/","name":"EU-produced A4 notebook in recycled paper","isPartOf":{"@id":"https:\/\/grontkontor.dk\/#website"},"datePublished":"2025-09-04T11:28:05+00:00","dateModified":"2025-09-10T07:57:54+00:00","description":"Buy an EU-made A4 notebook with lined pages, perfect for organisation. Available in different colours and with logo print.","breadcrumb":{"@id":"https:\/\/grontkontor.dk\/shop\/notesbog-a4-natur-eu-linjeret\/#breadcrumb"},"inLanguage":"en-US","potentialAction":[{"@type":"ReadAction","target":["https:\/\/grontkontor.dk\/shop\/notesbog-a4-natur-eu-linjeret\/"]}]},{"@type":"BreadcrumbList","@id":"https:\/\/grontkontor.dk\/shop\/notesbog-a4-natur-eu-linjeret\/#breadcrumb","itemListElement":[{"@type":"ListItem","position":1,"name":"Forside","item":"https:\/\/grontkontor.dk\/"},{"@type":"ListItem","position":2,"name":"Shop","item":"https:\/\/grontkontor.dk\/en\/shop-2\/"},{"@type":"ListItem","position":3,"name":"Product series","item":"https:\/\/grontkontor.dk\/en\/produkt-kategori\/product-series\/"},{"@type":"ListItem","position":4,"name":"Nature recycled paper","item":"https:\/\/grontkontor.dk\/en\/produkt-kategori\/product-series\/nature-recycled-paper\/"},{"@type":"ListItem","position":5,"name":"Notebook A4 nature EU lined"}]},{"@type":"WebSite","@id":"https:\/\/grontkontor.dk\/#website","url":"https:\/\/grontkontor.dk\/","name":"Gr\u00f8nt Kontor","description":"Milj\u00f8venlige produkter til kontor og erhverv med fokus p\u00e5 b\u00e6redygtighed, design og fair trade.","publisher":{"@id":"https:\/\/grontkontor.dk\/#organization"},"potentialAction":[{"@type":"SearchAction","target":{"@type":"EntryPoint","urlTemplate":"https:\/\/grontkontor.dk\/?s={search_term_string}"},"query-input":"required name=search_term_string"}],"inLanguage":"en-US"},{"@type":"Organization","@id":"https:\/\/grontkontor.dk\/#organization","name":"Gr\u00f8nt Kontor","url":"https:\/\/grontkontor.dk\/","logo":{"@type":"ImageObject","inLanguage":"en-US","@id":"https:\/\/grontkontor.dk\/#\/schema\/logo\/image\/","url":"https:\/\/grontkontor.dk\/wp-content\/uploads\/2014\/02\/Logo_groent_kontor_300x80.png","contentUrl":"https:\/\/grontkontor.dk\/wp-content\/uploads\/2014\/02\/Logo_groent_kontor_300x80.png","width":300,"height":80,"caption":"Gr\u00f8nt Kontor"},"image":{"@id":"https:\/\/grontkontor.dk\/#\/schema\/logo\/image\/"},"sameAs":["https:\/\/www.facebook.com\/grontkontor.dk\/"]}]}},"_links":{"self":[{"href":"https:\/\/grontkontor.dk\/en\/wp-json\/wp\/v2\/product\/128094"}],"collection":[{"href":"https:\/\/grontkontor.dk\/en\/wp-json\/wp\/v2\/product"}],"about":[{"href":"https:\/\/grontkontor.dk\/en\/wp-json\/wp\/v2\/types\/product"}],"replies":[{"embeddable":true,"href":"https:\/\/grontkontor.dk\/en\/wp-json\/wp\/v2\/comments?post=128094"}],"wp:featuredmedia":[{"embeddable":true,"href":"https:\/\/grontkontor.dk\/en\/wp-json\/wp\/v2\/media\/128016"}],"wp:attachment":[{"href":"https:\/\/grontkontor.dk\/en\/wp-json\/wp\/v2\/media?parent=128094"}],"wp:term":[{"taxonomy":"product_cat","embeddable":true,"href":"https:\/\/grontkontor.dk\/en\/wp-json\/wp\/v2\/product_cat?post=128094"},{"taxonomy":"product_tag","embeddable":true,"href":"https:\/\/grontkontor.dk\/en\/wp-json\/wp\/v2\/product_tag?post=128094"}],"curies":[{"name":"wp","href":"https:\/\/api.w.org\/{rel}","templated":true}]}}