{"id":128103,"date":"2025-09-04T14:33:00","date_gmt":"2025-09-04T12:33:00","guid":{"rendered":"https:\/\/grontkontor.dk\/?post_type=product&#038;p=128103"},"modified":"2025-11-06T10:45:27","modified_gmt":"2025-11-06T09:45:27","slug":"regn-poncho-genanvendt-plast-pose","status":"publish","type":"product","link":"https:\/\/grontkontor.dk\/en\/shop\/regn-poncho-genanvendt-plast-pose\/","title":{"rendered":"Rain cover with bag in rPET"},"content":{"rendered":"<p>A stylish protection against rain<br \/>\nDo your guests and participants a great service, even when the weather is teasing. Our rain cover in recycled plastic bag is the ideal and responsible solution for hotels, events and festivals. With a size of 102 x 127 cm, this adult rain cover is made of lightweight and waterproof LDPE material that provides effective protection against rain and wind. It is a simple but powerful sales product that creates joy in the recipient.   <\/p>\n<p>Our rain cover is made of durable LDPE material, a reliable choice for protection from rain.<br \/>\nFor companies that prioritize an uncompromising green profile, we also offer rain covers in bioplastic. However, it is important to note that bioplastics have a shorter shelf life and lifespan compared to LDPE, and we therefore do not recommend that the bioplastic models are stored for long periods of time. This solution is optimal when you want to signal a strong environmental profile with a product for immediate use. We hope to soon be able to offer rain covers made of environmentally friendly materials, but until then, this is our best bet for a long-lasting, relatively environmentally friendly rain cover.   <\/p>\n<p>Can be delivered with or without logo print on the bag, as well as bag in the colors: blue, white, red, green and black.<\/p>\n<p>What really sets this product apart is its packaging. Each rain cover is packed in a matching bag of recycled RPET polyester, a material made from recycled plastic bottles. This solution not only emphasizes an eco-friendly message, but also promotes the recycling of plastic waste. The bag&#8217;s adjustable closure and included carabiner make it easy for your guests to take it with you on the go, whether it&#8217;s to hang on a bag or on a belt. Here you get a rain cover in a recycled plastic bag that is clear proof of your brand&#8217;s concern for the environment.    <\/p>\n<div id=\"model-response-message-contentr_fa49cde90495a534\" class=\"markdown markdown-main-panel enable-updated-hr-color\" dir=\"ltr\">\n<p>Perfect for your brand<br \/>\nOur rain poncho is not only a practical item, but also a powerful branding tool. You can offer them for sale at your reception, at the ticket office or as part of a welcome package. With a wide range of colors, you can choose the one that best suits your brand or theme. The visible RPET mark on the bag is a symbol of quality and proof of your positive contribution. Choose a product that combines functionality with a positive environmental footprint. With our rain poncho, you strengthen your reputation and create goodwill with your customers, who will appreciate your efforts. Order today and let your business shine \u2013 whatever the weather.      <\/p>\n<\/div>\nrPET (recycled polyethylene) is a food-grade recyclable plastic that is typically made from recycled water bottles. rPET is \u2013 despite its fossil origin \u2013 a sustainable material. rPET has an extremely high carbon content, and therefore functions as an effective carbon depot throughout the lifespan of the product and recycled products. If plastic is not recycled, it will either break down into CO2 and contribute to the greenhouse effect, or end up as polluting waste. For every tonne of recycled plastic, 3.8 barrels of oil are saved. \n","protected":false},"excerpt":{"rendered":"<p>A stylish protection against rain Do your guests and participants a great service, even when the weather is teasing. Our rain cover in recycled plastic bag is the ideal and responsible solution for hotels, events and festivals. With a size of 102 x 127 cm, this adult rain cover is made of lightweight and waterproof [&hellip;]<\/p>\n","protected":false},"featured_media":128118,"comment_status":"closed","ping_status":"closed","template":"","meta":{"_acf_changed":false},"product_cat":[2431,1262,2106,2389,3144,1285],"product_tag":[2951,3044],"class_list":{"0":"post-128103","1":"product","2":"type-product","3":"status-publish","4":"has-post-thumbnail","6":"product_cat-beklaedning-en","7":"product_cat-sustainable-presents","8":"product_cat-dummy-moq-1-en","9":"product_cat-hotel-restauration-cafe-en","10":"product_cat-sports-and-leisure","11":"product_cat-trade-fair-equipment","12":"product_tag-apparel","13":"product_tag-rain-cover","14":"pa_farve-black","15":"pa_farve-blue","16":"pa_farve-green-en","17":"pa_farve-red-en","18":"pa_farve-white-en","19":"tm-has-options","21":"first","22":"instock","23":"taxable","24":"shipping-taxable","25":"purchasable","26":"product-type-variable","27":"has-default-attributes"},"acf":[],"yoast_head":"<!-- This site is optimized with the Yoast SEO Premium plugin v21.2 (Yoast SEO v21.2) - https:\/\/yoast.com\/wordpress\/plugins\/seo\/ -->\n<title>Rain cover in recycled plastic bag<\/title>\n<meta name=\"description\" content=\"Rain covers in recycled plastic bags are the perfect solution for hotels and festivals. Sell or hand out the poncho and offer guests a convenient service.\" \/>\n<meta name=\"robots\" content=\"index, follow, max-snippet:-1, max-image-preview:large, max-video-preview:-1\" \/>\n<link rel=\"canonical\" href=\"https:\/\/grontkontor.dk\/en\/shop\/regn-poncho-genanvendt-plast-pose\/\" \/>\n<meta property=\"og:locale\" content=\"en_US\" \/>\n<meta property=\"og:type\" content=\"article\" \/>\n<meta property=\"og:title\" content=\"Rain cover with bag in rPET\" \/>\n<meta property=\"og:description\" content=\"Rain covers in recycled plastic bags are the perfect solution for hotels and festivals. Sell or hand out the poncho and offer guests a convenient service.\" \/>\n<meta property=\"og:url\" content=\"https:\/\/grontkontor.dk\/en\/shop\/regn-poncho-genanvendt-plast-pose\/\" \/>\n<meta property=\"og:site_name\" content=\"Gr\u00f8nt Kontor\" \/>\n<meta property=\"article:publisher\" content=\"https:\/\/www.facebook.com\/grontkontor.dk\/\" \/>\n<meta property=\"article:modified_time\" content=\"2025-11-06T09:45:27+00:00\" \/>\n<meta property=\"og:image\" content=\"https:\/\/grontkontor.dk\/wp-content\/uploads\/2025\/09\/Regnslag-i-genavendt-plast-collage.jpg\" \/>\n\t<meta property=\"og:image:width\" content=\"900\" \/>\n\t<meta property=\"og:image:height\" content=\"639\" \/>\n\t<meta property=\"og:image:type\" content=\"image\/jpeg\" \/>\n<meta name=\"twitter:card\" content=\"summary_large_image\" \/>\n<meta name=\"twitter:label1\" content=\"Est. reading time\" \/>\n\t<meta name=\"twitter:data1\" content=\"2 minutes\" \/>\n<script type=\"application\/ld+json\" class=\"yoast-schema-graph\">{\"@context\":\"https:\/\/schema.org\",\"@graph\":[{\"@type\":\"WebPage\",\"@id\":\"https:\/\/grontkontor.dk\/en\/shop\/regn-poncho-genanvendt-plast-pose\/\",\"url\":\"https:\/\/grontkontor.dk\/en\/shop\/regn-poncho-genanvendt-plast-pose\/\",\"name\":\"Rain cover in recycled plastic bag\",\"isPartOf\":{\"@id\":\"https:\/\/grontkontor.dk\/#website\"},\"datePublished\":\"2025-09-04T12:33:00+00:00\",\"dateModified\":\"2025-11-06T09:45:27+00:00\",\"description\":\"Rain covers in recycled plastic bags are the perfect solution for hotels and festivals. Sell or hand out the poncho and offer guests a convenient service.\",\"breadcrumb\":{\"@id\":\"https:\/\/grontkontor.dk\/en\/shop\/regn-poncho-genanvendt-plast-pose\/#breadcrumb\"},\"inLanguage\":\"en-US\",\"potentialAction\":[{\"@type\":\"ReadAction\",\"target\":[\"https:\/\/grontkontor.dk\/en\/shop\/regn-poncho-genanvendt-plast-pose\/\"]}]},{\"@type\":\"BreadcrumbList\",\"@id\":\"https:\/\/grontkontor.dk\/en\/shop\/regn-poncho-genanvendt-plast-pose\/#breadcrumb\",\"itemListElement\":[{\"@type\":\"ListItem\",\"position\":1,\"name\":\"Forside\",\"item\":\"https:\/\/grontkontor.dk\/\"},{\"@type\":\"ListItem\",\"position\":2,\"name\":\"Shop\",\"item\":\"https:\/\/grontkontor.dk\/en\/shop-2\/\"},{\"@type\":\"ListItem\",\"position\":3,\"name\":\"Sport og fritid\",\"item\":\"https:\/\/grontkontor.dk\/produkt-kategori\/sport-og-fritid\/\"},{\"@type\":\"ListItem\",\"position\":4,\"name\":\"Rain cover with bag in rPET\"}]},{\"@type\":\"WebSite\",\"@id\":\"https:\/\/grontkontor.dk\/#website\",\"url\":\"https:\/\/grontkontor.dk\/\",\"name\":\"Gr\u00f8nt Kontor\",\"description\":\"Milj\u00f8venlige produkter til kontor og erhverv med fokus p\u00e5 b\u00e6redygtighed, design og fair trade.\",\"publisher\":{\"@id\":\"https:\/\/grontkontor.dk\/#organization\"},\"potentialAction\":[{\"@type\":\"SearchAction\",\"target\":{\"@type\":\"EntryPoint\",\"urlTemplate\":\"https:\/\/grontkontor.dk\/?s={search_term_string}\"},\"query-input\":\"required name=search_term_string\"}],\"inLanguage\":\"en-US\"},{\"@type\":\"Organization\",\"@id\":\"https:\/\/grontkontor.dk\/#organization\",\"name\":\"Gr\u00f8nt Kontor\",\"url\":\"https:\/\/grontkontor.dk\/\",\"logo\":{\"@type\":\"ImageObject\",\"inLanguage\":\"en-US\",\"@id\":\"https:\/\/grontkontor.dk\/#\/schema\/logo\/image\/\",\"url\":\"https:\/\/grontkontor.dk\/wp-content\/uploads\/2014\/02\/Logo_groent_kontor_300x80.png\",\"contentUrl\":\"https:\/\/grontkontor.dk\/wp-content\/uploads\/2014\/02\/Logo_groent_kontor_300x80.png\",\"width\":300,\"height\":80,\"caption\":\"Gr\u00f8nt Kontor\"},\"image\":{\"@id\":\"https:\/\/grontkontor.dk\/#\/schema\/logo\/image\/\"},\"sameAs\":[\"https:\/\/www.facebook.com\/grontkontor.dk\/\"]}]}<\/script>\n<!-- \/ Yoast SEO Premium plugin. -->","yoast_head_json":{"title":"Rain cover in recycled plastic bag","description":"Rain covers in recycled plastic bags are the perfect solution for hotels and festivals. Sell or hand out the poncho and offer guests a convenient service.","robots":{"index":"index","follow":"follow","max-snippet":"max-snippet:-1","max-image-preview":"max-image-preview:large","max-video-preview":"max-video-preview:-1"},"canonical":"https:\/\/grontkontor.dk\/en\/shop\/regn-poncho-genanvendt-plast-pose\/","og_locale":"en_US","og_type":"article","og_title":"Rain cover with bag in rPET","og_description":"Rain covers in recycled plastic bags are the perfect solution for hotels and festivals. Sell or hand out the poncho and offer guests a convenient service.","og_url":"https:\/\/grontkontor.dk\/en\/shop\/regn-poncho-genanvendt-plast-pose\/","og_site_name":"Gr\u00f8nt Kontor","article_publisher":"https:\/\/www.facebook.com\/grontkontor.dk\/","article_modified_time":"2025-11-06T09:45:27+00:00","og_image":[{"width":900,"height":639,"url":"https:\/\/grontkontor.dk\/wp-content\/uploads\/2025\/09\/Regnslag-i-genavendt-plast-collage.jpg","type":"image\/jpeg"}],"twitter_card":"summary_large_image","twitter_misc":{"Est. reading time":"2 minutes"},"schema":{"@context":"https:\/\/schema.org","@graph":[{"@type":"WebPage","@id":"https:\/\/grontkontor.dk\/en\/shop\/regn-poncho-genanvendt-plast-pose\/","url":"https:\/\/grontkontor.dk\/en\/shop\/regn-poncho-genanvendt-plast-pose\/","name":"Rain cover in recycled plastic bag","isPartOf":{"@id":"https:\/\/grontkontor.dk\/#website"},"datePublished":"2025-09-04T12:33:00+00:00","dateModified":"2025-11-06T09:45:27+00:00","description":"Rain covers in recycled plastic bags are the perfect solution for hotels and festivals. Sell or hand out the poncho and offer guests a convenient service.","breadcrumb":{"@id":"https:\/\/grontkontor.dk\/en\/shop\/regn-poncho-genanvendt-plast-pose\/#breadcrumb"},"inLanguage":"en-US","potentialAction":[{"@type":"ReadAction","target":["https:\/\/grontkontor.dk\/en\/shop\/regn-poncho-genanvendt-plast-pose\/"]}]},{"@type":"BreadcrumbList","@id":"https:\/\/grontkontor.dk\/en\/shop\/regn-poncho-genanvendt-plast-pose\/#breadcrumb","itemListElement":[{"@type":"ListItem","position":1,"name":"Forside","item":"https:\/\/grontkontor.dk\/"},{"@type":"ListItem","position":2,"name":"Shop","item":"https:\/\/grontkontor.dk\/en\/shop-2\/"},{"@type":"ListItem","position":3,"name":"Sport og fritid","item":"https:\/\/grontkontor.dk\/produkt-kategori\/sport-og-fritid\/"},{"@type":"ListItem","position":4,"name":"Rain cover with bag in rPET"}]},{"@type":"WebSite","@id":"https:\/\/grontkontor.dk\/#website","url":"https:\/\/grontkontor.dk\/","name":"Gr\u00f8nt Kontor","description":"Milj\u00f8venlige produkter til kontor og erhverv med fokus p\u00e5 b\u00e6redygtighed, design og fair trade.","publisher":{"@id":"https:\/\/grontkontor.dk\/#organization"},"potentialAction":[{"@type":"SearchAction","target":{"@type":"EntryPoint","urlTemplate":"https:\/\/grontkontor.dk\/?s={search_term_string}"},"query-input":"required name=search_term_string"}],"inLanguage":"en-US"},{"@type":"Organization","@id":"https:\/\/grontkontor.dk\/#organization","name":"Gr\u00f8nt Kontor","url":"https:\/\/grontkontor.dk\/","logo":{"@type":"ImageObject","inLanguage":"en-US","@id":"https:\/\/grontkontor.dk\/#\/schema\/logo\/image\/","url":"https:\/\/grontkontor.dk\/wp-content\/uploads\/2014\/02\/Logo_groent_kontor_300x80.png","contentUrl":"https:\/\/grontkontor.dk\/wp-content\/uploads\/2014\/02\/Logo_groent_kontor_300x80.png","width":300,"height":80,"caption":"Gr\u00f8nt Kontor"},"image":{"@id":"https:\/\/grontkontor.dk\/#\/schema\/logo\/image\/"},"sameAs":["https:\/\/www.facebook.com\/grontkontor.dk\/"]}]}},"_links":{"self":[{"href":"https:\/\/grontkontor.dk\/en\/wp-json\/wp\/v2\/product\/128103"}],"collection":[{"href":"https:\/\/grontkontor.dk\/en\/wp-json\/wp\/v2\/product"}],"about":[{"href":"https:\/\/grontkontor.dk\/en\/wp-json\/wp\/v2\/types\/product"}],"replies":[{"embeddable":true,"href":"https:\/\/grontkontor.dk\/en\/wp-json\/wp\/v2\/comments?post=128103"}],"wp:featuredmedia":[{"embeddable":true,"href":"https:\/\/grontkontor.dk\/en\/wp-json\/wp\/v2\/media\/128118"}],"wp:attachment":[{"href":"https:\/\/grontkontor.dk\/en\/wp-json\/wp\/v2\/media?parent=128103"}],"wp:term":[{"taxonomy":"product_cat","embeddable":true,"href":"https:\/\/grontkontor.dk\/en\/wp-json\/wp\/v2\/product_cat?post=128103"},{"taxonomy":"product_tag","embeddable":true,"href":"https:\/\/grontkontor.dk\/en\/wp-json\/wp\/v2\/product_tag?post=128103"}],"curies":[{"name":"wp","href":"https:\/\/api.w.org\/{rel}","templated":true}]}}