{"id":128291,"date":"2025-09-10T11:19:00","date_gmt":"2025-09-10T09:19:00","guid":{"rendered":"https:\/\/grontkontor.dk\/?post_type=product&#038;p=128291"},"modified":"2025-09-19T20:22:57","modified_gmt":"2025-09-19T18:22:57","slug":"klimavenlig-magasinholder-til-vaeg-i-boeg-og-ask","status":"publish","type":"product","link":"https:\/\/grontkontor.dk\/en\/shop\/klimavenlig-magasinholder-til-vaeg-i-boeg-og-ask\/","title":{"rendered":"Magazine holder for wall in beech and ash"},"content":{"rendered":"<p>Create an organised and stylish home with a climate-friendly magazine holder that is the perfect combination of functionality and design. This magazine holder is made of FSC-certified beech and ash veneer, which guarantees that the wood comes from responsible forestry. It is an eco-friendly piece of furniture that brings the beauty of nature into your home with a minimal footprint. Each holder is carefully selected and processed to highlight the wood&#8217;s natural grains and warm colors, giving your home a calm and inviting look. The fine surface and clean design underline the quality and timelessness of the product.    <\/p>\n<p>The wall-mounted magazine holder is easy to integrate into any d\u00e9cor and harmonizes beautifully with both modern and classic furniture. It&#8217;s a piece of furniture that not only keeps track of your magazines, but also adds a warm and elegant touch to your living room, office, or bedroom. You can use it to collect your favorite books, magazines, or even as a minimalist storage solution for other small items that are usually lying around. Its versatility makes it an indispensable element in any room that needs a stylish and orderly look.   <\/p>\n<p>The magazine holder has a sturdy and stable construction that ensures a long service life and makes it suitable for a wide range of storage purposes. It is also incredibly easy to clean, which makes it a practical solution in a busy everyday life. Choose this climate-friendly piece of furniture to give your home a stylish and conscious lift. The magazine holder is a timeless piece of furniture that you can enjoy for many years to come, and it is a good example of how beautiful design and consideration for the environment can go hand in hand. By choosing products like this, you contribute to a more responsible consumption culture without compromising on quality or style.    <\/p>\nAsk for a quotation for printing or laser engraving at <a class=\"light\" href=\"mailto:jens@grontkontor.dk\">jens@grontkontor.dk<\/a>  \nThe FSC certification ensures replanting of forests, protection of animal and plant life and ensuring good pay and working conditions. \n<p>&nbsp;<\/p>\n<a href=\"https:\/\/ic.fsc.org\/en\/\" target=\"window\"><img loading=\"lazy\" decoding=\"async\" class=\"size-full wp-image-12735\" src=\"https:\/\/grontkontor.dk\/wp-content\/uploads\/2019\/04\/fsc-certificeret.png\" \n\t\t alt=\"FSC-certificeret\" title=\"FSC-certificeret\" width=\"44\" height=\"51\" border=0\/><\/a>\n","protected":false},"excerpt":{"rendered":"<p>Create an organised and stylish home with a climate-friendly magazine holder that is the perfect combination of functionality and design. This magazine holder is made of FSC-certified beech and ash veneer, which guarantees that the wood comes from responsible forestry. It is an eco-friendly piece of furniture that brings the beauty of nature into your [&hellip;]<\/p>\n","protected":false},"featured_media":128297,"comment_status":"closed","ping_status":"closed","template":"","meta":{"_acf_changed":false},"product_cat":[1276,2106,1283,1289,2171,1853],"product_tag":[1446,1414],"class_list":{"0":"post-128291","1":"product","2":"type-product","3":"status-publish","4":"has-post-thumbnail","6":"product_cat-storage","7":"product_cat-dummy-moq-1-en","8":"product_cat-furniture-and-inventory","9":"product_cat-magazine-files","10":"product_cat-oak-tree","11":"product_cat-product-series","12":"product_tag-tidskriftholder-en","13":"product_tag-magazin-holder","14":"tm-has-options","16":"first","17":"instock","18":"taxable","19":"shipping-taxable","20":"purchasable","21":"product-type-simple"},"acf":[],"yoast_head":"<!-- This site is optimized with the Yoast SEO Premium plugin v21.2 (Yoast SEO v21.2) - https:\/\/yoast.com\/wordpress\/plugins\/seo\/ -->\n<title>Climate-friendly FSC beech and ash storage holder<\/title>\n<meta name=\"description\" content=\"Buy climate-friendly magazine holder and give your home a stylish look. The magazine holder is made of FSC-certified beech and ash veneer.\" \/>\n<meta name=\"robots\" content=\"index, follow, max-snippet:-1, max-image-preview:large, max-video-preview:-1\" \/>\n<link rel=\"canonical\" href=\"https:\/\/grontkontor.dk\/en\/shop\/klimavenlig-magasinholder-til-vaeg-i-boeg-og-ask\/\" \/>\n<meta property=\"og:locale\" content=\"en_US\" \/>\n<meta property=\"og:type\" content=\"article\" \/>\n<meta property=\"og:title\" content=\"Magazine holder for wall in beech and ash\" \/>\n<meta property=\"og:description\" content=\"Buy climate-friendly magazine holder and give your home a stylish look. The magazine holder is made of FSC-certified beech and ash veneer.\" \/>\n<meta property=\"og:url\" content=\"https:\/\/grontkontor.dk\/en\/shop\/klimavenlig-magasinholder-til-vaeg-i-boeg-og-ask\/\" \/>\n<meta property=\"og:site_name\" content=\"Gr\u00f8nt Kontor\" \/>\n<meta property=\"article:publisher\" content=\"https:\/\/www.facebook.com\/grontkontor.dk\/\" \/>\n<meta property=\"article:modified_time\" content=\"2025-09-19T18:22:57+00:00\" \/>\n<meta property=\"og:image\" content=\"https:\/\/grontkontor.dk\/wp-content\/uploads\/2025\/09\/Miljoevenlig-magasinholder-vaeghaengt-fsc-boeg-og-ask.jpg\" \/>\n\t<meta property=\"og:image:width\" content=\"900\" \/>\n\t<meta property=\"og:image:height\" content=\"639\" \/>\n\t<meta property=\"og:image:type\" content=\"image\/jpeg\" \/>\n<meta name=\"twitter:card\" content=\"summary_large_image\" \/>\n<meta name=\"twitter:label1\" content=\"Est. reading time\" \/>\n\t<meta name=\"twitter:data1\" content=\"2 minutes\" \/>\n<script type=\"application\/ld+json\" class=\"yoast-schema-graph\">{\"@context\":\"https:\/\/schema.org\",\"@graph\":[{\"@type\":\"WebPage\",\"@id\":\"https:\/\/grontkontor.dk\/en\/shop\/klimavenlig-magasinholder-til-vaeg-i-boeg-og-ask\/\",\"url\":\"https:\/\/grontkontor.dk\/en\/shop\/klimavenlig-magasinholder-til-vaeg-i-boeg-og-ask\/\",\"name\":\"Climate-friendly FSC beech and ash storage holder\",\"isPartOf\":{\"@id\":\"https:\/\/grontkontor.dk\/#website\"},\"datePublished\":\"2025-09-10T09:19:00+00:00\",\"dateModified\":\"2025-09-19T18:22:57+00:00\",\"description\":\"Buy climate-friendly magazine holder and give your home a stylish look. The magazine holder is made of FSC-certified beech and ash veneer.\",\"breadcrumb\":{\"@id\":\"https:\/\/grontkontor.dk\/en\/shop\/klimavenlig-magasinholder-til-vaeg-i-boeg-og-ask\/#breadcrumb\"},\"inLanguage\":\"en-US\",\"potentialAction\":[{\"@type\":\"ReadAction\",\"target\":[\"https:\/\/grontkontor.dk\/en\/shop\/klimavenlig-magasinholder-til-vaeg-i-boeg-og-ask\/\"]}]},{\"@type\":\"BreadcrumbList\",\"@id\":\"https:\/\/grontkontor.dk\/en\/shop\/klimavenlig-magasinholder-til-vaeg-i-boeg-og-ask\/#breadcrumb\",\"itemListElement\":[{\"@type\":\"ListItem\",\"position\":1,\"name\":\"Forside\",\"item\":\"https:\/\/grontkontor.dk\/\"},{\"@type\":\"ListItem\",\"position\":2,\"name\":\"Shop\",\"item\":\"https:\/\/grontkontor.dk\/en\/shop-2\/\"},{\"@type\":\"ListItem\",\"position\":3,\"name\":\"Arkivering\",\"item\":\"https:\/\/grontkontor.dk\/produkt-kategori\/arkivering\/\"},{\"@type\":\"ListItem\",\"position\":4,\"name\":\"Tidsskriftholdere\",\"item\":\"https:\/\/grontkontor.dk\/produkt-kategori\/arkivering\/tidsskriftholdere\/\"},{\"@type\":\"ListItem\",\"position\":5,\"name\":\"Magazine holder for wall in beech and ash\"}]},{\"@type\":\"WebSite\",\"@id\":\"https:\/\/grontkontor.dk\/#website\",\"url\":\"https:\/\/grontkontor.dk\/\",\"name\":\"Gr\u00f8nt Kontor\",\"description\":\"Milj\u00f8venlige produkter til kontor og erhverv med fokus p\u00e5 b\u00e6redygtighed, design og fair trade.\",\"publisher\":{\"@id\":\"https:\/\/grontkontor.dk\/#organization\"},\"potentialAction\":[{\"@type\":\"SearchAction\",\"target\":{\"@type\":\"EntryPoint\",\"urlTemplate\":\"https:\/\/grontkontor.dk\/?s={search_term_string}\"},\"query-input\":\"required name=search_term_string\"}],\"inLanguage\":\"en-US\"},{\"@type\":\"Organization\",\"@id\":\"https:\/\/grontkontor.dk\/#organization\",\"name\":\"Gr\u00f8nt Kontor\",\"url\":\"https:\/\/grontkontor.dk\/\",\"logo\":{\"@type\":\"ImageObject\",\"inLanguage\":\"en-US\",\"@id\":\"https:\/\/grontkontor.dk\/#\/schema\/logo\/image\/\",\"url\":\"https:\/\/grontkontor.dk\/wp-content\/uploads\/2014\/02\/Logo_groent_kontor_300x80.png\",\"contentUrl\":\"https:\/\/grontkontor.dk\/wp-content\/uploads\/2014\/02\/Logo_groent_kontor_300x80.png\",\"width\":300,\"height\":80,\"caption\":\"Gr\u00f8nt Kontor\"},\"image\":{\"@id\":\"https:\/\/grontkontor.dk\/#\/schema\/logo\/image\/\"},\"sameAs\":[\"https:\/\/www.facebook.com\/grontkontor.dk\/\"]}]}<\/script>\n<!-- \/ Yoast SEO Premium plugin. -->","yoast_head_json":{"title":"Climate-friendly FSC beech and ash storage holder","description":"Buy climate-friendly magazine holder and give your home a stylish look. The magazine holder is made of FSC-certified beech and ash veneer.","robots":{"index":"index","follow":"follow","max-snippet":"max-snippet:-1","max-image-preview":"max-image-preview:large","max-video-preview":"max-video-preview:-1"},"canonical":"https:\/\/grontkontor.dk\/en\/shop\/klimavenlig-magasinholder-til-vaeg-i-boeg-og-ask\/","og_locale":"en_US","og_type":"article","og_title":"Magazine holder for wall in beech and ash","og_description":"Buy climate-friendly magazine holder and give your home a stylish look. The magazine holder is made of FSC-certified beech and ash veneer.","og_url":"https:\/\/grontkontor.dk\/en\/shop\/klimavenlig-magasinholder-til-vaeg-i-boeg-og-ask\/","og_site_name":"Gr\u00f8nt Kontor","article_publisher":"https:\/\/www.facebook.com\/grontkontor.dk\/","article_modified_time":"2025-09-19T18:22:57+00:00","og_image":[{"width":900,"height":639,"url":"https:\/\/grontkontor.dk\/wp-content\/uploads\/2025\/09\/Miljoevenlig-magasinholder-vaeghaengt-fsc-boeg-og-ask.jpg","type":"image\/jpeg"}],"twitter_card":"summary_large_image","twitter_misc":{"Est. reading time":"2 minutes"},"schema":{"@context":"https:\/\/schema.org","@graph":[{"@type":"WebPage","@id":"https:\/\/grontkontor.dk\/en\/shop\/klimavenlig-magasinholder-til-vaeg-i-boeg-og-ask\/","url":"https:\/\/grontkontor.dk\/en\/shop\/klimavenlig-magasinholder-til-vaeg-i-boeg-og-ask\/","name":"Climate-friendly FSC beech and ash storage holder","isPartOf":{"@id":"https:\/\/grontkontor.dk\/#website"},"datePublished":"2025-09-10T09:19:00+00:00","dateModified":"2025-09-19T18:22:57+00:00","description":"Buy climate-friendly magazine holder and give your home a stylish look. The magazine holder is made of FSC-certified beech and ash veneer.","breadcrumb":{"@id":"https:\/\/grontkontor.dk\/en\/shop\/klimavenlig-magasinholder-til-vaeg-i-boeg-og-ask\/#breadcrumb"},"inLanguage":"en-US","potentialAction":[{"@type":"ReadAction","target":["https:\/\/grontkontor.dk\/en\/shop\/klimavenlig-magasinholder-til-vaeg-i-boeg-og-ask\/"]}]},{"@type":"BreadcrumbList","@id":"https:\/\/grontkontor.dk\/en\/shop\/klimavenlig-magasinholder-til-vaeg-i-boeg-og-ask\/#breadcrumb","itemListElement":[{"@type":"ListItem","position":1,"name":"Forside","item":"https:\/\/grontkontor.dk\/"},{"@type":"ListItem","position":2,"name":"Shop","item":"https:\/\/grontkontor.dk\/en\/shop-2\/"},{"@type":"ListItem","position":3,"name":"Arkivering","item":"https:\/\/grontkontor.dk\/produkt-kategori\/arkivering\/"},{"@type":"ListItem","position":4,"name":"Tidsskriftholdere","item":"https:\/\/grontkontor.dk\/produkt-kategori\/arkivering\/tidsskriftholdere\/"},{"@type":"ListItem","position":5,"name":"Magazine holder for wall in beech and ash"}]},{"@type":"WebSite","@id":"https:\/\/grontkontor.dk\/#website","url":"https:\/\/grontkontor.dk\/","name":"Gr\u00f8nt Kontor","description":"Milj\u00f8venlige produkter til kontor og erhverv med fokus p\u00e5 b\u00e6redygtighed, design og fair trade.","publisher":{"@id":"https:\/\/grontkontor.dk\/#organization"},"potentialAction":[{"@type":"SearchAction","target":{"@type":"EntryPoint","urlTemplate":"https:\/\/grontkontor.dk\/?s={search_term_string}"},"query-input":"required name=search_term_string"}],"inLanguage":"en-US"},{"@type":"Organization","@id":"https:\/\/grontkontor.dk\/#organization","name":"Gr\u00f8nt Kontor","url":"https:\/\/grontkontor.dk\/","logo":{"@type":"ImageObject","inLanguage":"en-US","@id":"https:\/\/grontkontor.dk\/#\/schema\/logo\/image\/","url":"https:\/\/grontkontor.dk\/wp-content\/uploads\/2014\/02\/Logo_groent_kontor_300x80.png","contentUrl":"https:\/\/grontkontor.dk\/wp-content\/uploads\/2014\/02\/Logo_groent_kontor_300x80.png","width":300,"height":80,"caption":"Gr\u00f8nt Kontor"},"image":{"@id":"https:\/\/grontkontor.dk\/#\/schema\/logo\/image\/"},"sameAs":["https:\/\/www.facebook.com\/grontkontor.dk\/"]}]}},"_links":{"self":[{"href":"https:\/\/grontkontor.dk\/en\/wp-json\/wp\/v2\/product\/128291"}],"collection":[{"href":"https:\/\/grontkontor.dk\/en\/wp-json\/wp\/v2\/product"}],"about":[{"href":"https:\/\/grontkontor.dk\/en\/wp-json\/wp\/v2\/types\/product"}],"replies":[{"embeddable":true,"href":"https:\/\/grontkontor.dk\/en\/wp-json\/wp\/v2\/comments?post=128291"}],"wp:featuredmedia":[{"embeddable":true,"href":"https:\/\/grontkontor.dk\/en\/wp-json\/wp\/v2\/media\/128297"}],"wp:attachment":[{"href":"https:\/\/grontkontor.dk\/en\/wp-json\/wp\/v2\/media?parent=128291"}],"wp:term":[{"taxonomy":"product_cat","embeddable":true,"href":"https:\/\/grontkontor.dk\/en\/wp-json\/wp\/v2\/product_cat?post=128291"},{"taxonomy":"product_tag","embeddable":true,"href":"https:\/\/grontkontor.dk\/en\/wp-json\/wp\/v2\/product_tag?post=128291"}],"curies":[{"name":"wp","href":"https:\/\/api.w.org\/{rel}","templated":true}]}}