{"id":128433,"date":"2025-09-11T09:55:00","date_gmt":"2025-09-11T07:55:03","guid":{"rendered":"https:\/\/grontkontor.dk\/?post_type=product&#038;p=128433"},"modified":"2025-09-19T20:22:20","modified_gmt":"2025-09-19T18:22:20","slug":"staal-krus-med-karabinhage","status":"publish","type":"product","link":"https:\/\/grontkontor.dk\/en\/shop\/staal-krus-med-karabinhage\/","title":{"rendered":"To-go mug steel 220 ml carabiner"},"content":{"rendered":"<p>Prepare for your next adventure with our compact and durable steel mug with carabiner. Designed for the modern traveler and outdoor enthusiast. This mug is the perfect companion on the go. With a capacity of 220 ml, it is ideal for a hot cup of coffee on a chilly morning, a refreshing drink on the hike or for your favourite meal by the campfire. The body of the mug is made of shiny stainless steel, which ensures a long life and easy cleaning.    <\/p>\n<p>We recommend our <a href=\"https:\/\/grontkontor.dk\/shop\/miljoevenlig-to-go-krus-i-genanvendt-staal\/\">to-go mugs in recycled steel<\/a> for a more sustainable alternative.<\/p>\n<p>What really sets this mug apart is the functional carabiner, which makes up the handle. This clever detail makes it incredibly easy to attach the mug to your backpack, belt or equipment, so you always have it close at hand without it taking up space in your pack. Its compact design makes it a practical and indispensable item for anyone who loves to be outdoors.  <\/p>\n<p>Our steel mug with carabiner is available in a wide range of colors, so you can choose the one that best suits your personal style or brand. Each mug comes in an individual box of kraft cardboard, making it a beautiful and pre-packaged gift or an attractive product for resale. With this mug, you get a sturdy and stylish product that is built to last and to accompany you on all your adventures.  <\/p>\nSteel\/iron is a reusable and practically unlimited resource that does not pollute when disposed of. The production of steel in itself is not sustainable, as large amounts of CO2 are produced from fossil materials in the process. On the other hand, steel products have an extremely long lifespan and offer the possibility of endless repeated reuse, which means that the vast majority of steel on the market consists predominantly of recycled steel. \n<p>&nbsp;<\/p>\n","protected":false},"excerpt":{"rendered":"<p>Prepare for your next adventure with our compact and durable steel mug with carabiner. Designed for the modern traveler and outdoor enthusiast. This mug is the perfect companion on the go. With a capacity of 220 ml, it is ideal for a hot cup of coffee on a chilly morning, a refreshing drink on the [&hellip;]<\/p>\n","protected":false},"featured_media":128535,"comment_status":"closed","ping_status":"closed","template":"","meta":{"_acf_changed":false},"product_cat":[2106,2232,2390,1953],"product_tag":[1906,1908],"class_list":{"0":"post-128433","1":"product","2":"type-product","3":"status-publish","4":"has-post-thumbnail","6":"product_cat-dummy-moq-1-en","7":"product_cat-food-and-drinkware","8":"product_cat-news","9":"product_cat-to-go-cups-and-mugs","10":"product_tag-krus-en","11":"product_tag-termokrus-en","12":"pa_farve-black","13":"pa_farve-blue","14":"pa_farve-green-en","15":"pa_farve-red-en","16":"pa_farve-soelv-en","17":"pa_farve-yellow-en","18":"tm-has-options","20":"first","21":"instock","22":"featured","23":"taxable","24":"shipping-taxable","25":"purchasable","26":"product-type-variable","27":"has-default-attributes"},"acf":[],"yoast_head":"<!-- This site is optimized with the Yoast SEO Premium plugin v21.2 (Yoast SEO v21.2) - https:\/\/yoast.com\/wordpress\/plugins\/seo\/ -->\n<title>Steel mug with carabiner<\/title>\n<meta name=\"description\" content=\"Buy steel mugs with carabiner for your adventures. This compact and durable stainless steel mug is easy to take anywhere.\" \/>\n<meta name=\"robots\" content=\"index, follow, max-snippet:-1, max-image-preview:large, max-video-preview:-1\" \/>\n<link rel=\"canonical\" href=\"https:\/\/grontkontor.dk\/shop\/staal-krus-med-karabinhage\/\" \/>\n<meta property=\"og:locale\" content=\"en_US\" \/>\n<meta property=\"og:type\" content=\"article\" \/>\n<meta property=\"og:title\" content=\"To-go mug steel 220 ml carabiner\" \/>\n<meta property=\"og:description\" content=\"Buy steel mugs with carabiner for your adventures. This compact and durable stainless steel mug is easy to take anywhere.\" \/>\n<meta property=\"og:url\" content=\"https:\/\/grontkontor.dk\/shop\/staal-krus-med-karabinhage\/\" \/>\n<meta property=\"og:site_name\" content=\"Gr\u00f8nt Kontor\" \/>\n<meta property=\"article:publisher\" content=\"https:\/\/www.facebook.com\/grontkontor.dk\/\" \/>\n<meta property=\"article:modified_time\" content=\"2025-09-19T18:22:20+00:00\" \/>\n<meta property=\"og:image\" content=\"https:\/\/grontkontor.dk\/wp-content\/uploads\/2025\/09\/Staal-krus-med-karabinhage-collage.jpg\" \/>\n\t<meta property=\"og:image:width\" content=\"900\" \/>\n\t<meta property=\"og:image:height\" content=\"639\" \/>\n\t<meta property=\"og:image:type\" content=\"image\/jpeg\" \/>\n<meta name=\"twitter:card\" content=\"summary_large_image\" \/>\n<meta name=\"twitter:label1\" content=\"Est. reading time\" \/>\n\t<meta name=\"twitter:data1\" content=\"1 minute\" \/>\n<script type=\"application\/ld+json\" class=\"yoast-schema-graph\">{\"@context\":\"https:\/\/schema.org\",\"@graph\":[{\"@type\":\"WebPage\",\"@id\":\"https:\/\/grontkontor.dk\/shop\/staal-krus-med-karabinhage\/\",\"url\":\"https:\/\/grontkontor.dk\/shop\/staal-krus-med-karabinhage\/\",\"name\":\"Steel mug with carabiner\",\"isPartOf\":{\"@id\":\"https:\/\/grontkontor.dk\/#website\"},\"datePublished\":\"2025-09-11T07:55:03+00:00\",\"dateModified\":\"2025-09-19T18:22:20+00:00\",\"description\":\"Buy steel mugs with carabiner for your adventures. This compact and durable stainless steel mug is easy to take anywhere.\",\"breadcrumb\":{\"@id\":\"https:\/\/grontkontor.dk\/shop\/staal-krus-med-karabinhage\/#breadcrumb\"},\"inLanguage\":\"en-US\",\"potentialAction\":[{\"@type\":\"ReadAction\",\"target\":[\"https:\/\/grontkontor.dk\/shop\/staal-krus-med-karabinhage\/\"]}]},{\"@type\":\"BreadcrumbList\",\"@id\":\"https:\/\/grontkontor.dk\/shop\/staal-krus-med-karabinhage\/#breadcrumb\",\"itemListElement\":[{\"@type\":\"ListItem\",\"position\":1,\"name\":\"Forside\",\"item\":\"https:\/\/grontkontor.dk\/\"},{\"@type\":\"ListItem\",\"position\":2,\"name\":\"Shop\",\"item\":\"https:\/\/grontkontor.dk\/en\/shop-2\/\"},{\"@type\":\"ListItem\",\"position\":3,\"name\":\"Mad og drikke\",\"item\":\"https:\/\/grontkontor.dk\/produkt-kategori\/mad-og-drikke\/\"},{\"@type\":\"ListItem\",\"position\":4,\"name\":\"Food and drinkware\",\"item\":\"https:\/\/grontkontor.dk\/en\/produkt-kategori\/food-and-drinkware\/\"},{\"@type\":\"ListItem\",\"position\":5,\"name\":\"To go cups and mugs\",\"item\":\"https:\/\/grontkontor.dk\/en\/produkt-kategori\/food-and-drinkware\/to-go-cups-and-mugs\/\"},{\"@type\":\"ListItem\",\"position\":6,\"name\":\"Krus, kopper mm.\",\"item\":\"https:\/\/grontkontor.dk\/produkt-kategori\/mad-og-drikke\/to-go-krus-og-kopper\/\"},{\"@type\":\"ListItem\",\"position\":7,\"name\":\"To-go mug steel 220 ml carabiner\"}]},{\"@type\":\"WebSite\",\"@id\":\"https:\/\/grontkontor.dk\/#website\",\"url\":\"https:\/\/grontkontor.dk\/\",\"name\":\"Gr\u00f8nt Kontor\",\"description\":\"Milj\u00f8venlige produkter til kontor og erhverv med fokus p\u00e5 b\u00e6redygtighed, design og fair trade.\",\"publisher\":{\"@id\":\"https:\/\/grontkontor.dk\/#organization\"},\"potentialAction\":[{\"@type\":\"SearchAction\",\"target\":{\"@type\":\"EntryPoint\",\"urlTemplate\":\"https:\/\/grontkontor.dk\/?s={search_term_string}\"},\"query-input\":\"required name=search_term_string\"}],\"inLanguage\":\"en-US\"},{\"@type\":\"Organization\",\"@id\":\"https:\/\/grontkontor.dk\/#organization\",\"name\":\"Gr\u00f8nt Kontor\",\"url\":\"https:\/\/grontkontor.dk\/\",\"logo\":{\"@type\":\"ImageObject\",\"inLanguage\":\"en-US\",\"@id\":\"https:\/\/grontkontor.dk\/#\/schema\/logo\/image\/\",\"url\":\"https:\/\/grontkontor.dk\/wp-content\/uploads\/2014\/02\/Logo_groent_kontor_300x80.png\",\"contentUrl\":\"https:\/\/grontkontor.dk\/wp-content\/uploads\/2014\/02\/Logo_groent_kontor_300x80.png\",\"width\":300,\"height\":80,\"caption\":\"Gr\u00f8nt Kontor\"},\"image\":{\"@id\":\"https:\/\/grontkontor.dk\/#\/schema\/logo\/image\/\"},\"sameAs\":[\"https:\/\/www.facebook.com\/grontkontor.dk\/\"]}]}<\/script>\n<!-- \/ Yoast SEO Premium plugin. -->","yoast_head_json":{"title":"Steel mug with carabiner","description":"Buy steel mugs with carabiner for your adventures. This compact and durable stainless steel mug is easy to take anywhere.","robots":{"index":"index","follow":"follow","max-snippet":"max-snippet:-1","max-image-preview":"max-image-preview:large","max-video-preview":"max-video-preview:-1"},"canonical":"https:\/\/grontkontor.dk\/shop\/staal-krus-med-karabinhage\/","og_locale":"en_US","og_type":"article","og_title":"To-go mug steel 220 ml carabiner","og_description":"Buy steel mugs with carabiner for your adventures. This compact and durable stainless steel mug is easy to take anywhere.","og_url":"https:\/\/grontkontor.dk\/shop\/staal-krus-med-karabinhage\/","og_site_name":"Gr\u00f8nt Kontor","article_publisher":"https:\/\/www.facebook.com\/grontkontor.dk\/","article_modified_time":"2025-09-19T18:22:20+00:00","og_image":[{"width":900,"height":639,"url":"https:\/\/grontkontor.dk\/wp-content\/uploads\/2025\/09\/Staal-krus-med-karabinhage-collage.jpg","type":"image\/jpeg"}],"twitter_card":"summary_large_image","twitter_misc":{"Est. reading time":"1 minute"},"schema":{"@context":"https:\/\/schema.org","@graph":[{"@type":"WebPage","@id":"https:\/\/grontkontor.dk\/shop\/staal-krus-med-karabinhage\/","url":"https:\/\/grontkontor.dk\/shop\/staal-krus-med-karabinhage\/","name":"Steel mug with carabiner","isPartOf":{"@id":"https:\/\/grontkontor.dk\/#website"},"datePublished":"2025-09-11T07:55:03+00:00","dateModified":"2025-09-19T18:22:20+00:00","description":"Buy steel mugs with carabiner for your adventures. This compact and durable stainless steel mug is easy to take anywhere.","breadcrumb":{"@id":"https:\/\/grontkontor.dk\/shop\/staal-krus-med-karabinhage\/#breadcrumb"},"inLanguage":"en-US","potentialAction":[{"@type":"ReadAction","target":["https:\/\/grontkontor.dk\/shop\/staal-krus-med-karabinhage\/"]}]},{"@type":"BreadcrumbList","@id":"https:\/\/grontkontor.dk\/shop\/staal-krus-med-karabinhage\/#breadcrumb","itemListElement":[{"@type":"ListItem","position":1,"name":"Forside","item":"https:\/\/grontkontor.dk\/"},{"@type":"ListItem","position":2,"name":"Shop","item":"https:\/\/grontkontor.dk\/en\/shop-2\/"},{"@type":"ListItem","position":3,"name":"Mad og drikke","item":"https:\/\/grontkontor.dk\/produkt-kategori\/mad-og-drikke\/"},{"@type":"ListItem","position":4,"name":"Food and drinkware","item":"https:\/\/grontkontor.dk\/en\/produkt-kategori\/food-and-drinkware\/"},{"@type":"ListItem","position":5,"name":"To go cups and mugs","item":"https:\/\/grontkontor.dk\/en\/produkt-kategori\/food-and-drinkware\/to-go-cups-and-mugs\/"},{"@type":"ListItem","position":6,"name":"Krus, kopper mm.","item":"https:\/\/grontkontor.dk\/produkt-kategori\/mad-og-drikke\/to-go-krus-og-kopper\/"},{"@type":"ListItem","position":7,"name":"To-go mug steel 220 ml carabiner"}]},{"@type":"WebSite","@id":"https:\/\/grontkontor.dk\/#website","url":"https:\/\/grontkontor.dk\/","name":"Gr\u00f8nt Kontor","description":"Milj\u00f8venlige produkter til kontor og erhverv med fokus p\u00e5 b\u00e6redygtighed, design og fair trade.","publisher":{"@id":"https:\/\/grontkontor.dk\/#organization"},"potentialAction":[{"@type":"SearchAction","target":{"@type":"EntryPoint","urlTemplate":"https:\/\/grontkontor.dk\/?s={search_term_string}"},"query-input":"required name=search_term_string"}],"inLanguage":"en-US"},{"@type":"Organization","@id":"https:\/\/grontkontor.dk\/#organization","name":"Gr\u00f8nt Kontor","url":"https:\/\/grontkontor.dk\/","logo":{"@type":"ImageObject","inLanguage":"en-US","@id":"https:\/\/grontkontor.dk\/#\/schema\/logo\/image\/","url":"https:\/\/grontkontor.dk\/wp-content\/uploads\/2014\/02\/Logo_groent_kontor_300x80.png","contentUrl":"https:\/\/grontkontor.dk\/wp-content\/uploads\/2014\/02\/Logo_groent_kontor_300x80.png","width":300,"height":80,"caption":"Gr\u00f8nt Kontor"},"image":{"@id":"https:\/\/grontkontor.dk\/#\/schema\/logo\/image\/"},"sameAs":["https:\/\/www.facebook.com\/grontkontor.dk\/"]}]}},"_links":{"self":[{"href":"https:\/\/grontkontor.dk\/en\/wp-json\/wp\/v2\/product\/128433"}],"collection":[{"href":"https:\/\/grontkontor.dk\/en\/wp-json\/wp\/v2\/product"}],"about":[{"href":"https:\/\/grontkontor.dk\/en\/wp-json\/wp\/v2\/types\/product"}],"replies":[{"embeddable":true,"href":"https:\/\/grontkontor.dk\/en\/wp-json\/wp\/v2\/comments?post=128433"}],"wp:featuredmedia":[{"embeddable":true,"href":"https:\/\/grontkontor.dk\/en\/wp-json\/wp\/v2\/media\/128535"}],"wp:attachment":[{"href":"https:\/\/grontkontor.dk\/en\/wp-json\/wp\/v2\/media?parent=128433"}],"wp:term":[{"taxonomy":"product_cat","embeddable":true,"href":"https:\/\/grontkontor.dk\/en\/wp-json\/wp\/v2\/product_cat?post=128433"},{"taxonomy":"product_tag","embeddable":true,"href":"https:\/\/grontkontor.dk\/en\/wp-json\/wp\/v2\/product_tag?post=128433"}],"curies":[{"name":"wp","href":"https:\/\/api.w.org\/{rel}","templated":true}]}}