{"id":129793,"date":"2025-10-06T12:51:34","date_gmt":"2025-10-06T10:51:34","guid":{"rendered":"https:\/\/grontkontor.dk\/?post_type=product&#038;p=129793"},"modified":"2025-11-03T09:58:54","modified_gmt":"2025-11-03T08:58:54","slug":"brevbakke-fsc-eg","status":"publish","type":"product","link":"https:\/\/grontkontor.dk\/en\/shop\/brevbakke-fsc-eg\/","title":{"rendered":"Letter tray FSC oak"},"content":{"rendered":"<p>Create order and style on your desk with a climate-friendly letter tray in FSC oak veneer on a core of FSC certified MDF board. This letter tray is the perfect storage solution for those who value a tidy office and an environmentally friendly choice. It is made from FSC-certified wood, which guarantees that the material comes from responsible forestry. By choosing this tray, you ensure a quality product that has minimal impact on the environment.   <\/p>\n<p>The natural finish and sturdy wood add a warm and professional look to any office. With this climate-friendly letter tray in FSC oak, you get a product that is designed to maximize your workplace efficiently. It is equipped with three separate trays, giving you ample space to organize documents, letters, folders, or even personal belongings. This three-part division helps you separate ongoing projects from finished tasks, so you can easily stay on top of things and focus on your most important tasks. With its stylish and practical design, this letter tray is more than just a storage unit, it&#8217;s an elegant addition to your d\u00e9cor. It combines functionality with a climate-friendly look, making it an ideal choice for the modern office. Invest in this durable letter tray and enjoy an organised and stylish desk for years to come.      <\/p>\n<p>The FSC certification ensures replanting of forests, protection of animal and plant life and ensuring good pay and working conditions.  Ask for a quotation for printing or laser engraving at <a class=\"light\" href=\"mailto:jens@grontkontor.dk\">jens@grontkontor.dk<\/a>  <\/p>\n<a href=\"https:\/\/ic.fsc.org\/en\/\" target=\"window\"><img loading=\"lazy\" decoding=\"async\" class=\"size-full wp-image-12735\" src=\"https:\/\/grontkontor.dk\/wp-content\/uploads\/2019\/04\/fsc-certificeret.png\" \n\t\t alt=\"FSC-certificeret\" title=\"FSC-certificeret\" width=\"44\" height=\"51\" border=0\/><\/a>\n","protected":false},"excerpt":{"rendered":"<p>Create order and style on your desk with a climate-friendly letter tray in FSC oak veneer on a core of FSC certified MDF board. This letter tray is the perfect storage solution for those who value a tidy office and an environmentally friendly choice. It is made from FSC-certified wood, which guarantees that the material [&hellip;]<\/p>\n","protected":false},"featured_media":129798,"comment_status":"closed","ping_status":"closed","template":"","meta":{"_acf_changed":false},"product_cat":[1277,2106,1306,2390,2171,1853,2645],"product_tag":[2698,1527],"class_list":{"0":"post-129793","1":"product","2":"type-product","3":"status-publish","4":"has-post-thumbnail","6":"product_cat-document-storage","7":"product_cat-dummy-moq-1-en","8":"product_cat-letter-trays","9":"product_cat-news","10":"product_cat-oak-tree","11":"product_cat-product-series","12":"product_cat-urniture-and-inventory","13":"product_tag-furniture","14":"product_tag-brevbakke-en","15":"tm-has-options","17":"first","18":"instock","19":"taxable","20":"shipping-taxable","21":"purchasable","22":"product-type-simple"},"acf":[],"yoast_head":"<!-- This site is optimized with the Yoast SEO Premium plugin v21.2 (Yoast SEO v21.2) - https:\/\/yoast.com\/wordpress\/plugins\/seo\/ -->\n<title>Climate-friendly letter tray FSC<\/title>\n<meta name=\"description\" content=\"Buy a Climate-friendly FSC letter tray for your office. It is made of FSC-certified wood and has three trays for smart storage. Create a tidy and eco-friendly desk in style.\" \/>\n<meta name=\"robots\" content=\"index, follow, max-snippet:-1, max-image-preview:large, max-video-preview:-1\" \/>\n<link rel=\"canonical\" href=\"https:\/\/grontkontor.dk\/en\/shop\/brevbakke-fsc-eg\/\" \/>\n<meta property=\"og:locale\" content=\"en_US\" \/>\n<meta property=\"og:type\" content=\"article\" \/>\n<meta property=\"og:title\" content=\"Letter tray FSC oak\" \/>\n<meta property=\"og:description\" content=\"Buy a Climate-friendly FSC letter tray for your office. It is made of FSC-certified wood and has three trays for smart storage. Create a tidy and eco-friendly desk in style.\" \/>\n<meta property=\"og:url\" content=\"https:\/\/grontkontor.dk\/en\/shop\/brevbakke-fsc-eg\/\" \/>\n<meta property=\"og:site_name\" content=\"Gr\u00f8nt Kontor\" \/>\n<meta property=\"article:publisher\" content=\"https:\/\/www.facebook.com\/grontkontor.dk\/\" \/>\n<meta property=\"article:modified_time\" content=\"2025-11-03T08:58:54+00:00\" \/>\n<meta property=\"og:image\" content=\"https:\/\/grontkontor.dk\/wp-content\/uploads\/2025\/10\/Klimavenlig-brevbakke-FSC-boeg.jpg\" \/>\n\t<meta property=\"og:image:width\" content=\"900\" \/>\n\t<meta property=\"og:image:height\" content=\"639\" \/>\n\t<meta property=\"og:image:type\" content=\"image\/jpeg\" \/>\n<meta name=\"twitter:card\" content=\"summary_large_image\" \/>\n<meta name=\"twitter:label1\" content=\"Est. reading time\" \/>\n\t<meta name=\"twitter:data1\" content=\"1 minute\" \/>\n<script type=\"application\/ld+json\" class=\"yoast-schema-graph\">{\"@context\":\"https:\/\/schema.org\",\"@graph\":[{\"@type\":\"WebPage\",\"@id\":\"https:\/\/grontkontor.dk\/en\/shop\/brevbakke-fsc-eg\/\",\"url\":\"https:\/\/grontkontor.dk\/en\/shop\/brevbakke-fsc-eg\/\",\"name\":\"Climate-friendly letter tray FSC\",\"isPartOf\":{\"@id\":\"https:\/\/grontkontor.dk\/#website\"},\"datePublished\":\"2025-10-06T10:51:34+00:00\",\"dateModified\":\"2025-11-03T08:58:54+00:00\",\"description\":\"Buy a Climate-friendly FSC letter tray for your office. It is made of FSC-certified wood and has three trays for smart storage. Create a tidy and eco-friendly desk in style.\",\"breadcrumb\":{\"@id\":\"https:\/\/grontkontor.dk\/en\/shop\/brevbakke-fsc-eg\/#breadcrumb\"},\"inLanguage\":\"en-US\",\"potentialAction\":[{\"@type\":\"ReadAction\",\"target\":[\"https:\/\/grontkontor.dk\/en\/shop\/brevbakke-fsc-eg\/\"]}]},{\"@type\":\"BreadcrumbList\",\"@id\":\"https:\/\/grontkontor.dk\/en\/shop\/brevbakke-fsc-eg\/#breadcrumb\",\"itemListElement\":[{\"@type\":\"ListItem\",\"position\":1,\"name\":\"Forside\",\"item\":\"https:\/\/grontkontor.dk\/\"},{\"@type\":\"ListItem\",\"position\":2,\"name\":\"Shop\",\"item\":\"https:\/\/grontkontor.dk\/en\/shop-2\/\"},{\"@type\":\"ListItem\",\"position\":3,\"name\":\"M\u00f8bler og inventar\",\"item\":\"https:\/\/grontkontor.dk\/produkt-kategori\/mobler-og-inventar\/\"},{\"@type\":\"ListItem\",\"position\":4,\"name\":\"Diverse inventar\",\"item\":\"https:\/\/grontkontor.dk\/produkt-kategori\/mobler-og-inventar\/diverse-inventar\/\"},{\"@type\":\"ListItem\",\"position\":5,\"name\":\"Letter tray FSC oak\"}]},{\"@type\":\"WebSite\",\"@id\":\"https:\/\/grontkontor.dk\/#website\",\"url\":\"https:\/\/grontkontor.dk\/\",\"name\":\"Gr\u00f8nt Kontor\",\"description\":\"Milj\u00f8venlige produkter til kontor og erhverv med fokus p\u00e5 b\u00e6redygtighed, design og fair trade.\",\"publisher\":{\"@id\":\"https:\/\/grontkontor.dk\/#organization\"},\"potentialAction\":[{\"@type\":\"SearchAction\",\"target\":{\"@type\":\"EntryPoint\",\"urlTemplate\":\"https:\/\/grontkontor.dk\/?s={search_term_string}\"},\"query-input\":\"required name=search_term_string\"}],\"inLanguage\":\"en-US\"},{\"@type\":\"Organization\",\"@id\":\"https:\/\/grontkontor.dk\/#organization\",\"name\":\"Gr\u00f8nt Kontor\",\"url\":\"https:\/\/grontkontor.dk\/\",\"logo\":{\"@type\":\"ImageObject\",\"inLanguage\":\"en-US\",\"@id\":\"https:\/\/grontkontor.dk\/#\/schema\/logo\/image\/\",\"url\":\"https:\/\/grontkontor.dk\/wp-content\/uploads\/2014\/02\/Logo_groent_kontor_300x80.png\",\"contentUrl\":\"https:\/\/grontkontor.dk\/wp-content\/uploads\/2014\/02\/Logo_groent_kontor_300x80.png\",\"width\":300,\"height\":80,\"caption\":\"Gr\u00f8nt Kontor\"},\"image\":{\"@id\":\"https:\/\/grontkontor.dk\/#\/schema\/logo\/image\/\"},\"sameAs\":[\"https:\/\/www.facebook.com\/grontkontor.dk\/\"]}]}<\/script>\n<!-- \/ Yoast SEO Premium plugin. -->","yoast_head_json":{"title":"Climate-friendly letter tray FSC","description":"Buy a Climate-friendly FSC letter tray for your office. It is made of FSC-certified wood and has three trays for smart storage. Create a tidy and eco-friendly desk in style.","robots":{"index":"index","follow":"follow","max-snippet":"max-snippet:-1","max-image-preview":"max-image-preview:large","max-video-preview":"max-video-preview:-1"},"canonical":"https:\/\/grontkontor.dk\/en\/shop\/brevbakke-fsc-eg\/","og_locale":"en_US","og_type":"article","og_title":"Letter tray FSC oak","og_description":"Buy a Climate-friendly FSC letter tray for your office. It is made of FSC-certified wood and has three trays for smart storage. Create a tidy and eco-friendly desk in style.","og_url":"https:\/\/grontkontor.dk\/en\/shop\/brevbakke-fsc-eg\/","og_site_name":"Gr\u00f8nt Kontor","article_publisher":"https:\/\/www.facebook.com\/grontkontor.dk\/","article_modified_time":"2025-11-03T08:58:54+00:00","og_image":[{"width":900,"height":639,"url":"https:\/\/grontkontor.dk\/wp-content\/uploads\/2025\/10\/Klimavenlig-brevbakke-FSC-boeg.jpg","type":"image\/jpeg"}],"twitter_card":"summary_large_image","twitter_misc":{"Est. reading time":"1 minute"},"schema":{"@context":"https:\/\/schema.org","@graph":[{"@type":"WebPage","@id":"https:\/\/grontkontor.dk\/en\/shop\/brevbakke-fsc-eg\/","url":"https:\/\/grontkontor.dk\/en\/shop\/brevbakke-fsc-eg\/","name":"Climate-friendly letter tray FSC","isPartOf":{"@id":"https:\/\/grontkontor.dk\/#website"},"datePublished":"2025-10-06T10:51:34+00:00","dateModified":"2025-11-03T08:58:54+00:00","description":"Buy a Climate-friendly FSC letter tray for your office. It is made of FSC-certified wood and has three trays for smart storage. Create a tidy and eco-friendly desk in style.","breadcrumb":{"@id":"https:\/\/grontkontor.dk\/en\/shop\/brevbakke-fsc-eg\/#breadcrumb"},"inLanguage":"en-US","potentialAction":[{"@type":"ReadAction","target":["https:\/\/grontkontor.dk\/en\/shop\/brevbakke-fsc-eg\/"]}]},{"@type":"BreadcrumbList","@id":"https:\/\/grontkontor.dk\/en\/shop\/brevbakke-fsc-eg\/#breadcrumb","itemListElement":[{"@type":"ListItem","position":1,"name":"Forside","item":"https:\/\/grontkontor.dk\/"},{"@type":"ListItem","position":2,"name":"Shop","item":"https:\/\/grontkontor.dk\/en\/shop-2\/"},{"@type":"ListItem","position":3,"name":"M\u00f8bler og inventar","item":"https:\/\/grontkontor.dk\/produkt-kategori\/mobler-og-inventar\/"},{"@type":"ListItem","position":4,"name":"Diverse inventar","item":"https:\/\/grontkontor.dk\/produkt-kategori\/mobler-og-inventar\/diverse-inventar\/"},{"@type":"ListItem","position":5,"name":"Letter tray FSC oak"}]},{"@type":"WebSite","@id":"https:\/\/grontkontor.dk\/#website","url":"https:\/\/grontkontor.dk\/","name":"Gr\u00f8nt Kontor","description":"Milj\u00f8venlige produkter til kontor og erhverv med fokus p\u00e5 b\u00e6redygtighed, design og fair trade.","publisher":{"@id":"https:\/\/grontkontor.dk\/#organization"},"potentialAction":[{"@type":"SearchAction","target":{"@type":"EntryPoint","urlTemplate":"https:\/\/grontkontor.dk\/?s={search_term_string}"},"query-input":"required name=search_term_string"}],"inLanguage":"en-US"},{"@type":"Organization","@id":"https:\/\/grontkontor.dk\/#organization","name":"Gr\u00f8nt Kontor","url":"https:\/\/grontkontor.dk\/","logo":{"@type":"ImageObject","inLanguage":"en-US","@id":"https:\/\/grontkontor.dk\/#\/schema\/logo\/image\/","url":"https:\/\/grontkontor.dk\/wp-content\/uploads\/2014\/02\/Logo_groent_kontor_300x80.png","contentUrl":"https:\/\/grontkontor.dk\/wp-content\/uploads\/2014\/02\/Logo_groent_kontor_300x80.png","width":300,"height":80,"caption":"Gr\u00f8nt Kontor"},"image":{"@id":"https:\/\/grontkontor.dk\/#\/schema\/logo\/image\/"},"sameAs":["https:\/\/www.facebook.com\/grontkontor.dk\/"]}]}},"_links":{"self":[{"href":"https:\/\/grontkontor.dk\/en\/wp-json\/wp\/v2\/product\/129793"}],"collection":[{"href":"https:\/\/grontkontor.dk\/en\/wp-json\/wp\/v2\/product"}],"about":[{"href":"https:\/\/grontkontor.dk\/en\/wp-json\/wp\/v2\/types\/product"}],"replies":[{"embeddable":true,"href":"https:\/\/grontkontor.dk\/en\/wp-json\/wp\/v2\/comments?post=129793"}],"wp:featuredmedia":[{"embeddable":true,"href":"https:\/\/grontkontor.dk\/en\/wp-json\/wp\/v2\/media\/129798"}],"wp:attachment":[{"href":"https:\/\/grontkontor.dk\/en\/wp-json\/wp\/v2\/media?parent=129793"}],"wp:term":[{"taxonomy":"product_cat","embeddable":true,"href":"https:\/\/grontkontor.dk\/en\/wp-json\/wp\/v2\/product_cat?post=129793"},{"taxonomy":"product_tag","embeddable":true,"href":"https:\/\/grontkontor.dk\/en\/wp-json\/wp\/v2\/product_tag?post=129793"}],"curies":[{"name":"wp","href":"https:\/\/api.w.org\/{rel}","templated":true}]}}