{"id":129846,"date":"2025-10-08T15:45:14","date_gmt":"2025-10-08T13:45:15","guid":{"rendered":"https:\/\/grontkontor.dk\/?post_type=product&#038;p=129846"},"modified":"2025-11-03T10:00:05","modified_gmt":"2025-11-03T09:00:05","slug":"vandflaske-recycled-rustfrit-staal-800-ml","status":"publish","type":"product","link":"https:\/\/grontkontor.dk\/en\/shop\/vandflaske-recycled-rustfrit-staal-800-ml\/","title":{"rendered":"Water Bottle Recycled Stainless Steel 800 ml"},"content":{"rendered":"<p>Make your water bottle an eco-friendly statement with an eco-friendly water bottle in recycled steel. Designed to follow you wherever you go, this bottle is proof that functionality and responsibility can go hand in hand. The bottle has a capacity of 800 ml and is made from recycled stainless steel with a stylish, metallic finish. Steel is one of the most sought-after materials and has a high degree of recyclability. When processed properly, it provides new resources for endless use, making the bottle part of the circular economy.    <\/p>\n<p>The bottle is equipped with a black screw cap that ensures an optimal seal, so you avoid unwanted leaks in the bag. For easy transportation, it includes a metal carabiner that can be easily attached to your backpack or gear. As a visible sign of its origins, the bottle features a discreet badge indicating that it is made from recycled stainless steel \u2013 a climate-friendly choice that sends a clear message.  <\/p>\n<p>Get an eco-friendly water bottle in recycled steel, which is a robust and durable alternative to disposable bottles. It combines a modern look with a long lifespan and is the perfect solution for those who want to reduce their plastic consumption. <\/p>\n<p>[staal_recycled]<\/p>\n<p>&nbsp;<\/p>\n<img loading=\"lazy\" decoding=\"async\" src=\"https:\/\/grontkontor.dk\/wp-content\/uploads\/2021\/02\/genbrug.jpg\" alt=\"Fremstillet af genbrugsmaterialer\" width=\"50\" height=\"50\" class=\"size-full wp-image-23031\" srcset=\"https:\/\/grontkontor.dk\/wp-content\/uploads\/2021\/02\/genbrug.jpg 199w, https:\/\/grontkontor.dk\/wp-content\/uploads\/2021\/02\/genbrug-100x100.jpg 100w\" sizes=\"(max-width: 50px) 100vw, 50px\" \/>\n","protected":false},"excerpt":{"rendered":"<p>Make your water bottle an eco-friendly statement with an eco-friendly water bottle in recycled steel. Designed to follow you wherever you go, this bottle is proof that functionality and responsibility can go hand in hand. The bottle has a capacity of 800 ml and is made from recycled stainless steel with a stylish, metallic finish. [&hellip;]<\/p>\n","protected":false},"featured_media":129925,"comment_status":"closed","ping_status":"closed","template":"","meta":{"_acf_changed":false},"product_cat":[4404,2106,2232,2390,1999],"product_tag":[4862,4860,2958,1896,1894,1893,4863,4861,2959,4859],"class_list":{"0":"post-129846","1":"product","2":"type-product","3":"status-publish","4":"has-post-thumbnail","6":"product_cat-thermos-and-water-bottles","7":"product_cat-dummy-moq-1-en","8":"product_cat-food-and-drinkware","9":"product_cat-news","10":"product_cat-drikkedunke-og-termoflasker-en","11":"product_tag-drinking-bottle-recycled","12":"product_tag-drinking-bottle-steel","13":"product_tag-drinking-bottles","14":"product_tag-vanddunk-en","15":"product_tag-vandflaske-en","16":"product_tag-drikkedunk-en","17":"product_tag-water-bottle-recycled","18":"product_tag-water-bottle-steel","19":"product_tag-water-bottles","20":"product_tag-water-cans","21":"pa_farve-black","22":"pa_farve-blue","23":"pa_farve-green-en","24":"pa_farve-lyseblaa-en","25":"pa_farve-marineblaa-en","26":"pa_farve-red-en","27":"pa_farve-soelv-en","28":"pa_farve-white-en","29":"tm-has-options","31":"first","32":"instock","33":"taxable","34":"shipping-taxable","35":"purchasable","36":"product-type-variable","37":"has-default-attributes"},"acf":[],"yoast_head":"<!-- This site is optimized with the Yoast SEO Premium plugin v21.2 (Yoast SEO v21.2) - https:\/\/yoast.com\/wordpress\/plugins\/seo\/ -->\n<title>Eco-friendly recycled steel water bottle<\/title>\n<meta name=\"description\" content=\"Buy an eco-friendly water bottle in recycled steel of 800 ml. The bottle has a screw cap, carabiner and is made of recycled steel. A durable and climate-friendly choice that reduces your plastic consumption.\" \/>\n<meta name=\"robots\" content=\"index, follow, max-snippet:-1, max-image-preview:large, max-video-preview:-1\" \/>\n<link rel=\"canonical\" href=\"https:\/\/grontkontor.dk\/en\/shop\/vandflaske-recycled-rustfrit-staal-800-ml\/\" \/>\n<meta property=\"og:locale\" content=\"en_US\" \/>\n<meta property=\"og:type\" content=\"article\" \/>\n<meta property=\"og:title\" content=\"Water Bottle Recycled Stainless Steel 800 ml\" \/>\n<meta property=\"og:description\" content=\"Buy an eco-friendly water bottle in recycled steel of 800 ml. The bottle has a screw cap, carabiner and is made of recycled steel. A durable and climate-friendly choice that reduces your plastic consumption.\" \/>\n<meta property=\"og:url\" content=\"https:\/\/grontkontor.dk\/en\/shop\/vandflaske-recycled-rustfrit-staal-800-ml\/\" \/>\n<meta property=\"og:site_name\" content=\"Gr\u00f8nt Kontor\" \/>\n<meta property=\"article:publisher\" content=\"https:\/\/www.facebook.com\/grontkontor.dk\/\" \/>\n<meta property=\"article:modified_time\" content=\"2025-11-03T09:00:05+00:00\" \/>\n<meta property=\"og:image\" content=\"https:\/\/grontkontor.dk\/wp-content\/uploads\/2025\/10\/Miljoevenlig-vandflaske-i-recycled-staal-collage.jpg\" \/>\n\t<meta property=\"og:image:width\" content=\"900\" \/>\n\t<meta property=\"og:image:height\" content=\"639\" \/>\n\t<meta property=\"og:image:type\" content=\"image\/jpeg\" \/>\n<meta name=\"twitter:card\" content=\"summary_large_image\" \/>\n<meta name=\"twitter:label1\" content=\"Est. reading time\" \/>\n\t<meta name=\"twitter:data1\" content=\"1 minute\" \/>\n<script type=\"application\/ld+json\" class=\"yoast-schema-graph\">{\"@context\":\"https:\/\/schema.org\",\"@graph\":[{\"@type\":\"WebPage\",\"@id\":\"https:\/\/grontkontor.dk\/en\/shop\/vandflaske-recycled-rustfrit-staal-800-ml\/\",\"url\":\"https:\/\/grontkontor.dk\/en\/shop\/vandflaske-recycled-rustfrit-staal-800-ml\/\",\"name\":\"Eco-friendly recycled steel water bottle\",\"isPartOf\":{\"@id\":\"https:\/\/grontkontor.dk\/#website\"},\"datePublished\":\"2025-10-08T13:45:15+00:00\",\"dateModified\":\"2025-11-03T09:00:05+00:00\",\"description\":\"Buy an eco-friendly water bottle in recycled steel of 800 ml. The bottle has a screw cap, carabiner and is made of recycled steel. A durable and climate-friendly choice that reduces your plastic consumption.\",\"breadcrumb\":{\"@id\":\"https:\/\/grontkontor.dk\/en\/shop\/vandflaske-recycled-rustfrit-staal-800-ml\/#breadcrumb\"},\"inLanguage\":\"en-US\",\"potentialAction\":[{\"@type\":\"ReadAction\",\"target\":[\"https:\/\/grontkontor.dk\/en\/shop\/vandflaske-recycled-rustfrit-staal-800-ml\/\"]}]},{\"@type\":\"BreadcrumbList\",\"@id\":\"https:\/\/grontkontor.dk\/en\/shop\/vandflaske-recycled-rustfrit-staal-800-ml\/#breadcrumb\",\"itemListElement\":[{\"@type\":\"ListItem\",\"position\":1,\"name\":\"Forside\",\"item\":\"https:\/\/grontkontor.dk\/\"},{\"@type\":\"ListItem\",\"position\":2,\"name\":\"Shop\",\"item\":\"https:\/\/grontkontor.dk\/en\/shop-2\/\"},{\"@type\":\"ListItem\",\"position\":3,\"name\":\"Mad og drikke\",\"item\":\"https:\/\/grontkontor.dk\/produkt-kategori\/mad-og-drikke\/\"},{\"@type\":\"ListItem\",\"position\":4,\"name\":\"Drikkedunke og termoflasker\",\"item\":\"https:\/\/grontkontor.dk\/produkt-kategori\/mad-og-drikke\/drikkedunke-og-termoflasker\/\"},{\"@type\":\"ListItem\",\"position\":5,\"name\":\"Water Bottle Recycled Stainless Steel 800 ml\"}]},{\"@type\":\"WebSite\",\"@id\":\"https:\/\/grontkontor.dk\/#website\",\"url\":\"https:\/\/grontkontor.dk\/\",\"name\":\"Gr\u00f8nt Kontor\",\"description\":\"Milj\u00f8venlige produkter til kontor og erhverv med fokus p\u00e5 b\u00e6redygtighed, design og fair trade.\",\"publisher\":{\"@id\":\"https:\/\/grontkontor.dk\/#organization\"},\"potentialAction\":[{\"@type\":\"SearchAction\",\"target\":{\"@type\":\"EntryPoint\",\"urlTemplate\":\"https:\/\/grontkontor.dk\/?s={search_term_string}\"},\"query-input\":\"required name=search_term_string\"}],\"inLanguage\":\"en-US\"},{\"@type\":\"Organization\",\"@id\":\"https:\/\/grontkontor.dk\/#organization\",\"name\":\"Gr\u00f8nt Kontor\",\"url\":\"https:\/\/grontkontor.dk\/\",\"logo\":{\"@type\":\"ImageObject\",\"inLanguage\":\"en-US\",\"@id\":\"https:\/\/grontkontor.dk\/#\/schema\/logo\/image\/\",\"url\":\"https:\/\/grontkontor.dk\/wp-content\/uploads\/2014\/02\/Logo_groent_kontor_300x80.png\",\"contentUrl\":\"https:\/\/grontkontor.dk\/wp-content\/uploads\/2014\/02\/Logo_groent_kontor_300x80.png\",\"width\":300,\"height\":80,\"caption\":\"Gr\u00f8nt Kontor\"},\"image\":{\"@id\":\"https:\/\/grontkontor.dk\/#\/schema\/logo\/image\/\"},\"sameAs\":[\"https:\/\/www.facebook.com\/grontkontor.dk\/\"]}]}<\/script>\n<!-- \/ Yoast SEO Premium plugin. -->","yoast_head_json":{"title":"Eco-friendly recycled steel water bottle","description":"Buy an eco-friendly water bottle in recycled steel of 800 ml. The bottle has a screw cap, carabiner and is made of recycled steel. A durable and climate-friendly choice that reduces your plastic consumption.","robots":{"index":"index","follow":"follow","max-snippet":"max-snippet:-1","max-image-preview":"max-image-preview:large","max-video-preview":"max-video-preview:-1"},"canonical":"https:\/\/grontkontor.dk\/en\/shop\/vandflaske-recycled-rustfrit-staal-800-ml\/","og_locale":"en_US","og_type":"article","og_title":"Water Bottle Recycled Stainless Steel 800 ml","og_description":"Buy an eco-friendly water bottle in recycled steel of 800 ml. The bottle has a screw cap, carabiner and is made of recycled steel. A durable and climate-friendly choice that reduces your plastic consumption.","og_url":"https:\/\/grontkontor.dk\/en\/shop\/vandflaske-recycled-rustfrit-staal-800-ml\/","og_site_name":"Gr\u00f8nt Kontor","article_publisher":"https:\/\/www.facebook.com\/grontkontor.dk\/","article_modified_time":"2025-11-03T09:00:05+00:00","og_image":[{"width":900,"height":639,"url":"https:\/\/grontkontor.dk\/wp-content\/uploads\/2025\/10\/Miljoevenlig-vandflaske-i-recycled-staal-collage.jpg","type":"image\/jpeg"}],"twitter_card":"summary_large_image","twitter_misc":{"Est. reading time":"1 minute"},"schema":{"@context":"https:\/\/schema.org","@graph":[{"@type":"WebPage","@id":"https:\/\/grontkontor.dk\/en\/shop\/vandflaske-recycled-rustfrit-staal-800-ml\/","url":"https:\/\/grontkontor.dk\/en\/shop\/vandflaske-recycled-rustfrit-staal-800-ml\/","name":"Eco-friendly recycled steel water bottle","isPartOf":{"@id":"https:\/\/grontkontor.dk\/#website"},"datePublished":"2025-10-08T13:45:15+00:00","dateModified":"2025-11-03T09:00:05+00:00","description":"Buy an eco-friendly water bottle in recycled steel of 800 ml. The bottle has a screw cap, carabiner and is made of recycled steel. A durable and climate-friendly choice that reduces your plastic consumption.","breadcrumb":{"@id":"https:\/\/grontkontor.dk\/en\/shop\/vandflaske-recycled-rustfrit-staal-800-ml\/#breadcrumb"},"inLanguage":"en-US","potentialAction":[{"@type":"ReadAction","target":["https:\/\/grontkontor.dk\/en\/shop\/vandflaske-recycled-rustfrit-staal-800-ml\/"]}]},{"@type":"BreadcrumbList","@id":"https:\/\/grontkontor.dk\/en\/shop\/vandflaske-recycled-rustfrit-staal-800-ml\/#breadcrumb","itemListElement":[{"@type":"ListItem","position":1,"name":"Forside","item":"https:\/\/grontkontor.dk\/"},{"@type":"ListItem","position":2,"name":"Shop","item":"https:\/\/grontkontor.dk\/en\/shop-2\/"},{"@type":"ListItem","position":3,"name":"Mad og drikke","item":"https:\/\/grontkontor.dk\/produkt-kategori\/mad-og-drikke\/"},{"@type":"ListItem","position":4,"name":"Drikkedunke og termoflasker","item":"https:\/\/grontkontor.dk\/produkt-kategori\/mad-og-drikke\/drikkedunke-og-termoflasker\/"},{"@type":"ListItem","position":5,"name":"Water Bottle Recycled Stainless Steel 800 ml"}]},{"@type":"WebSite","@id":"https:\/\/grontkontor.dk\/#website","url":"https:\/\/grontkontor.dk\/","name":"Gr\u00f8nt Kontor","description":"Milj\u00f8venlige produkter til kontor og erhverv med fokus p\u00e5 b\u00e6redygtighed, design og fair trade.","publisher":{"@id":"https:\/\/grontkontor.dk\/#organization"},"potentialAction":[{"@type":"SearchAction","target":{"@type":"EntryPoint","urlTemplate":"https:\/\/grontkontor.dk\/?s={search_term_string}"},"query-input":"required name=search_term_string"}],"inLanguage":"en-US"},{"@type":"Organization","@id":"https:\/\/grontkontor.dk\/#organization","name":"Gr\u00f8nt Kontor","url":"https:\/\/grontkontor.dk\/","logo":{"@type":"ImageObject","inLanguage":"en-US","@id":"https:\/\/grontkontor.dk\/#\/schema\/logo\/image\/","url":"https:\/\/grontkontor.dk\/wp-content\/uploads\/2014\/02\/Logo_groent_kontor_300x80.png","contentUrl":"https:\/\/grontkontor.dk\/wp-content\/uploads\/2014\/02\/Logo_groent_kontor_300x80.png","width":300,"height":80,"caption":"Gr\u00f8nt Kontor"},"image":{"@id":"https:\/\/grontkontor.dk\/#\/schema\/logo\/image\/"},"sameAs":["https:\/\/www.facebook.com\/grontkontor.dk\/"]}]}},"_links":{"self":[{"href":"https:\/\/grontkontor.dk\/en\/wp-json\/wp\/v2\/product\/129846"}],"collection":[{"href":"https:\/\/grontkontor.dk\/en\/wp-json\/wp\/v2\/product"}],"about":[{"href":"https:\/\/grontkontor.dk\/en\/wp-json\/wp\/v2\/types\/product"}],"replies":[{"embeddable":true,"href":"https:\/\/grontkontor.dk\/en\/wp-json\/wp\/v2\/comments?post=129846"}],"wp:featuredmedia":[{"embeddable":true,"href":"https:\/\/grontkontor.dk\/en\/wp-json\/wp\/v2\/media\/129925"}],"wp:attachment":[{"href":"https:\/\/grontkontor.dk\/en\/wp-json\/wp\/v2\/media?parent=129846"}],"wp:term":[{"taxonomy":"product_cat","embeddable":true,"href":"https:\/\/grontkontor.dk\/en\/wp-json\/wp\/v2\/product_cat?post=129846"},{"taxonomy":"product_tag","embeddable":true,"href":"https:\/\/grontkontor.dk\/en\/wp-json\/wp\/v2\/product_tag?post=129846"}],"curies":[{"name":"wp","href":"https:\/\/api.w.org\/{rel}","templated":true}]}}